{"id":252407,"date":"2021-05-24T12:31:32","date_gmt":"2021-05-24T11:31:32","guid":{"rendered":"https:\/\/matting.se\/produkt\/neos-klamfaste\/"},"modified":"2025-02-14T14:05:11","modified_gmt":"2025-02-14T13:05:11","slug":"neos-clamp","status":"publish","type":"product","link":"https:\/\/matting.se\/en\/produkt\/neos-clamp\/","title":{"rendered":"NEOS clamp"},"content":{"rendered":"<p>NEOS is an innovative lighting concept that gives you the freedom to build your lamp with the features you want or need. The NEOS desk lamp combines longevity and durability with stylish design and modern technology. A lamp that is both classic and innovative, with a stylish design but still with its own expression. NEOS is buildable.<\/p>\n<p>You choose the options you want in your lamp and assemble your own version. It is available in two models in lamp arm and table base. The models are X and Z. There is also a clamp mount or grommet mount. NEOS is available in several colors.<\/p>\n<p>This product is the\u00a0<strong>NEOS clamp attachment<\/strong>. It is available in Black, White and Forest Green. The NEOS clamp is a high quality clamp that fits most table tops. Don\u2019t forget to choose a model X or Z lamp arm for a complete lamp.<\/p>\n<p>DO THIS:<br \/>\nSTEP 1 \u2013 SELECT THE LAMP ARM The X-arm gives you a lamp with asymmetrical light flowing over a large area. You get an adjustable color temperature so you can switch between warm and cold light and adjust it during the day (CCT). With the Z-arm you get a lamp with a COB LED module that provides a lot of high quality point light on a centered surface. Both models include a dimmer and timer.<\/p>\n<p>STEP 2 \u2013 SELECT TABLE FOOT OR BRACKET After selecting the table arm, select the table foot or bracket. You can choose between our two models of table base: \u2013 The NEOS X table base has QI charging and also an additional USB charging for mobile devices. \u2013 The NEOS Z table base is a simple, stylish table base. or choose a clamp bracket or a grommet (pin) bracket to save table space.<\/p>\n<p>Design: Peter Mattisson<\/p>\n","protected":false},"excerpt":{"rendered":"<p>NEOS is an innovative lighting concept that gives you the freedom to build your lamp with the features you want or need. The NEOS desk lamp combines longevity and durability with stylish design and modern technology. A lamp that is both classic and innovative, with a stylish design but still with its own expression. NEOS [&hellip;]<\/p>\n","protected":false},"featured_media":238919,"template":"","meta":{"_et_pb_use_builder":"off","_et_pb_old_content":"NEOS \u00e4r ett nyt\u00e4nkande lampkoncept som ger dig frihet att bygga din lampa med de funktioner du vill ha eller beh\u00f6ver.\r\nNEOS bordslampa kombinerar l\u00e5ng livsl\u00e4ngd och h\u00e5llbarhet med snygg design och modern teknik.\r\nEn lampa som \u00e4r b\u00e5de klassisk och innovativ, i stilren design men \u00e4nd\u00e5 med ett helt eget uttryck.\r\n\r\nNEOS \u00e4r byggbar. Du v\u00e4ljer de tillval du \u00f6nskar i din lampa och plockar ihop din egen version.\r\nDen finns i tv\u00e5 modeller i lamparm och bordsfot. Modellerna \u00e4r X och Z. Det finns ocks\u00e5 kl\u00e4mf\u00e4ste eller genomf\u00f6rningsf\u00e4ste.\r\nNEOS finns i flera f\u00e4rger.\r\n\r\nDenna produkt \u00e4r <strong>NEOS kl\u00e4mf\u00e4ste<\/strong>. Den finns i f\u00e4rgerna Black, White, Sandstone Grey, Sunset Gold och Forest Green.\r\nNEOS kl\u00e4mf\u00e4ste \u00e4r av h\u00f6g kvalitet som passar de flesta bordsskivor.\r\nGl\u00f6m inte att v\u00e4lja en lamparm av modell X eller Z f\u00f6r att f\u00e5 en komplett lampa.\r\n\r\nG\u00d6R S\u00c5 H\u00c4R:\r\nSTEG 1 - V\u00c4LJ LAMPARM\r\nMed X-armen f\u00e5r du en lampa med asymmetriskt ljus som fl\u00f6dar \u00f6ver stor yta. Du f\u00e5r st\u00e4llbar f\u00e4rgtemperatur s\u00e5 att du kan v\u00e4xla mellan varmt och kallt ljus och som du kan anpassa under dygnet (CCT).\r\nMed Z-armen f\u00e5r du en lampa med COB LED modul som ger mycket och h\u00f6gkvalitativt punktljus p\u00e5 en centrerad yta.\r\nI b\u00e5da modellerna ing\u00e5r dimmer och timer.\r\n\r\nSTEG 2 - V\u00c4LJ BORDSFOT ELLER F\u00c4STE\r\nEfter att du valt bordsarm v\u00e4ljer du bordsfot eller f\u00e4ste.\r\n\r\nDu kan v\u00e4lja mellan v\u00e5ra tv\u00e5 modeller av bordsfot:\r\n- NEOS X-bordsfot har QI-laddning och \u00e4ven en extra USB-laddning f\u00f6r mobila enheter.\r\n- NEOS Z-bordsfot \u00e4r en enkel, stilren bordsfot.\r\n\r\neller v\u00e4lj ett kl\u00e4mf\u00e4ste eller ett genomf\u00f6rningsf\u00e4ste (pin) f\u00f6r att spara bordsyta.\r\n\r\nDesign: Peter Mattisson","_et_gb_content_width":""},"product_brand":[],"product_cat":[254,190,257,258],"product_tag":[],"class_list":{"0":"post-252407","1":"product","2":"type-product","3":"status-publish","4":"has-post-thumbnail","6":"product_cat-desktop-lighting","7":"product_cat-matting-interior-en","8":"product_cat-lighting-mi","9":"product_cat-desktop-lighting-mi","11":"first","12":"instock","13":"taxable","14":"shipping-taxable","15":"purchasable","16":"product-type-variable","17":"has-default-attributes"},"yoast_head":"<!-- This site is optimized with the Yoast SEO plugin v25.6 - https:\/\/yoast.com\/wordpress\/plugins\/seo\/ -->\n<title>NEOS clamp - Matting<\/title>\n<meta name=\"description\" content=\"NEOS clamp - Se Mattings h\u00e5llbara koncept och produkter f\u00f6r publika milj\u00f6er, arbetsplatser och skolor.\" \/>\n<meta name=\"robots\" content=\"index, follow, max-snippet:-1, max-image-preview:large, max-video-preview:-1\" \/>\n<link rel=\"canonical\" href=\"https:\/\/matting.se\/en\/produkt\/neos-clamp\/\" \/>\n<meta property=\"og:locale\" content=\"en_US\" \/>\n<meta property=\"og:type\" content=\"article\" \/>\n<meta property=\"og:title\" content=\"NEOS clamp - Matting\" \/>\n<meta property=\"og:description\" content=\"NEOS clamp - Se Mattings h\u00e5llbara koncept och produkter f\u00f6r publika milj\u00f6er, arbetsplatser och skolor.\" \/>\n<meta property=\"og:url\" content=\"https:\/\/matting.se\/en\/produkt\/neos-clamp\/\" \/>\n<meta property=\"og:site_name\" content=\"Matting\" \/>\n<meta property=\"article:modified_time\" content=\"2025-02-14T13:05:11+00:00\" \/>\n<meta property=\"og:image\" content=\"https:\/\/matting.se\/wp-content\/uploads\/2021\/05\/775104_NEOS_clamp_black_single.jpg\" \/>\n\t<meta property=\"og:image:width\" content=\"800\" \/>\n\t<meta property=\"og:image:height\" content=\"800\" \/>\n\t<meta property=\"og:image:type\" content=\"image\/jpeg\" \/>\n<meta name=\"twitter:card\" content=\"summary_large_image\" \/>\n<meta name=\"twitter:label1\" content=\"Est. reading time\" \/>\n\t<meta name=\"twitter:data1\" content=\"2 minutes\" \/>\n<script type=\"application\/ld+json\" class=\"yoast-schema-graph\">{\"@context\":\"https:\/\/schema.org\",\"@graph\":[{\"@type\":[\"WebPage\",\"ItemPage\"],\"@id\":\"https:\/\/matting.se\/en\/produkt\/neos-clamp\/\",\"url\":\"https:\/\/matting.se\/en\/produkt\/neos-clamp\/\",\"name\":\"NEOS clamp - Matting\",\"isPartOf\":{\"@id\":\"https:\/\/matting.se\/en\/#website\"},\"primaryImageOfPage\":{\"@id\":\"https:\/\/matting.se\/en\/produkt\/neos-clamp\/#primaryimage\"},\"image\":{\"@id\":\"https:\/\/matting.se\/en\/produkt\/neos-clamp\/#primaryimage\"},\"thumbnailUrl\":\"https:\/\/matting.se\/wp-content\/uploads\/2021\/05\/775104_NEOS_clamp_black_single.jpg\",\"datePublished\":\"2021-05-24T11:31:32+00:00\",\"dateModified\":\"2025-02-14T13:05:11+00:00\",\"description\":\"NEOS clamp - Se Mattings h\u00e5llbara koncept och produkter f\u00f6r publika milj\u00f6er, arbetsplatser och skolor.\",\"breadcrumb\":{\"@id\":\"https:\/\/matting.se\/en\/produkt\/neos-clamp\/#breadcrumb\"},\"inLanguage\":\"en-US\",\"potentialAction\":[{\"@type\":\"ReadAction\",\"target\":[\"https:\/\/matting.se\/en\/produkt\/neos-clamp\/\"]}]},{\"@type\":\"ImageObject\",\"inLanguage\":\"en-US\",\"@id\":\"https:\/\/matting.se\/en\/produkt\/neos-clamp\/#primaryimage\",\"url\":\"https:\/\/matting.se\/wp-content\/uploads\/2021\/05\/775104_NEOS_clamp_black_single.jpg\",\"contentUrl\":\"https:\/\/matting.se\/wp-content\/uploads\/2021\/05\/775104_NEOS_clamp_black_single.jpg\",\"width\":800,\"height\":800},{\"@type\":\"BreadcrumbList\",\"@id\":\"https:\/\/matting.se\/en\/produkt\/neos-clamp\/#breadcrumb\",\"itemListElement\":[{\"@type\":\"ListItem\",\"position\":1,\"name\":\"Hem\",\"item\":\"https:\/\/matting.se\/en\/\"},{\"@type\":\"ListItem\",\"position\":2,\"name\":\"Shop\",\"item\":\"https:\/\/matting.se\/shop\/\"},{\"@type\":\"ListItem\",\"position\":3,\"name\":\"Matting Interior\",\"item\":\"https:\/\/matting.se\/en\/produkt-kategori\/matting-interior-en\/\"},{\"@type\":\"ListItem\",\"position\":4,\"name\":\"Lighting\",\"item\":\"https:\/\/matting.se\/en\/produkt-kategori\/matting-interior-en\/lighting-mi\/\"},{\"@type\":\"ListItem\",\"position\":5,\"name\":\"Desktop lighting MI\",\"item\":\"https:\/\/matting.se\/en\/produkt-kategori\/matting-interior-en\/lighting-mi\/desktop-lighting-mi\/\"},{\"@type\":\"ListItem\",\"position\":6,\"name\":\"NEOS clamp\"}]},{\"@type\":\"WebSite\",\"@id\":\"https:\/\/matting.se\/en\/#website\",\"url\":\"https:\/\/matting.se\/en\/\",\"name\":\"Matting\",\"description\":\"\",\"potentialAction\":[{\"@type\":\"SearchAction\",\"target\":{\"@type\":\"EntryPoint\",\"urlTemplate\":\"https:\/\/matting.se\/en\/?s={search_term_string}\"},\"query-input\":{\"@type\":\"PropertyValueSpecification\",\"valueRequired\":true,\"valueName\":\"search_term_string\"}}],\"inLanguage\":\"en-US\"}]}<\/script>\n<!-- \/ Yoast SEO plugin. -->","yoast_head_json":{"title":"NEOS clamp - Matting","description":"NEOS clamp - Se Mattings h\u00e5llbara koncept och produkter f\u00f6r publika milj\u00f6er, arbetsplatser och skolor.","robots":{"index":"index","follow":"follow","max-snippet":"max-snippet:-1","max-image-preview":"max-image-preview:large","max-video-preview":"max-video-preview:-1"},"canonical":"https:\/\/matting.se\/en\/produkt\/neos-clamp\/","og_locale":"en_US","og_type":"article","og_title":"NEOS clamp - Matting","og_description":"NEOS clamp - Se Mattings h\u00e5llbara koncept och produkter f\u00f6r publika milj\u00f6er, arbetsplatser och skolor.","og_url":"https:\/\/matting.se\/en\/produkt\/neos-clamp\/","og_site_name":"Matting","article_modified_time":"2025-02-14T13:05:11+00:00","og_image":[{"width":800,"height":800,"url":"https:\/\/matting.se\/wp-content\/uploads\/2021\/05\/775104_NEOS_clamp_black_single.jpg","type":"image\/jpeg"}],"twitter_card":"summary_large_image","twitter_misc":{"Est. reading time":"2 minutes"},"schema":{"@context":"https:\/\/schema.org","@graph":[{"@type":["WebPage","ItemPage"],"@id":"https:\/\/matting.se\/en\/produkt\/neos-clamp\/","url":"https:\/\/matting.se\/en\/produkt\/neos-clamp\/","name":"NEOS clamp - Matting","isPartOf":{"@id":"https:\/\/matting.se\/en\/#website"},"primaryImageOfPage":{"@id":"https:\/\/matting.se\/en\/produkt\/neos-clamp\/#primaryimage"},"image":{"@id":"https:\/\/matting.se\/en\/produkt\/neos-clamp\/#primaryimage"},"thumbnailUrl":"https:\/\/matting.se\/wp-content\/uploads\/2021\/05\/775104_NEOS_clamp_black_single.jpg","datePublished":"2021-05-24T11:31:32+00:00","dateModified":"2025-02-14T13:05:11+00:00","description":"NEOS clamp - Se Mattings h\u00e5llbara koncept och produkter f\u00f6r publika milj\u00f6er, arbetsplatser och skolor.","breadcrumb":{"@id":"https:\/\/matting.se\/en\/produkt\/neos-clamp\/#breadcrumb"},"inLanguage":"en-US","potentialAction":[{"@type":"ReadAction","target":["https:\/\/matting.se\/en\/produkt\/neos-clamp\/"]}]},{"@type":"ImageObject","inLanguage":"en-US","@id":"https:\/\/matting.se\/en\/produkt\/neos-clamp\/#primaryimage","url":"https:\/\/matting.se\/wp-content\/uploads\/2021\/05\/775104_NEOS_clamp_black_single.jpg","contentUrl":"https:\/\/matting.se\/wp-content\/uploads\/2021\/05\/775104_NEOS_clamp_black_single.jpg","width":800,"height":800},{"@type":"BreadcrumbList","@id":"https:\/\/matting.se\/en\/produkt\/neos-clamp\/#breadcrumb","itemListElement":[{"@type":"ListItem","position":1,"name":"Hem","item":"https:\/\/matting.se\/en\/"},{"@type":"ListItem","position":2,"name":"Shop","item":"https:\/\/matting.se\/shop\/"},{"@type":"ListItem","position":3,"name":"Matting Interior","item":"https:\/\/matting.se\/en\/produkt-kategori\/matting-interior-en\/"},{"@type":"ListItem","position":4,"name":"Lighting","item":"https:\/\/matting.se\/en\/produkt-kategori\/matting-interior-en\/lighting-mi\/"},{"@type":"ListItem","position":5,"name":"Desktop lighting MI","item":"https:\/\/matting.se\/en\/produkt-kategori\/matting-interior-en\/lighting-mi\/desktop-lighting-mi\/"},{"@type":"ListItem","position":6,"name":"NEOS clamp"}]},{"@type":"WebSite","@id":"https:\/\/matting.se\/en\/#website","url":"https:\/\/matting.se\/en\/","name":"Matting","description":"","potentialAction":[{"@type":"SearchAction","target":{"@type":"EntryPoint","urlTemplate":"https:\/\/matting.se\/en\/?s={search_term_string}"},"query-input":{"@type":"PropertyValueSpecification","valueRequired":true,"valueName":"search_term_string"}}],"inLanguage":"en-US"}]}},"_links":{"self":[{"href":"https:\/\/matting.se\/en\/wp-json\/wp\/v2\/product\/252407","targetHints":{"allow":["GET"]}}],"collection":[{"href":"https:\/\/matting.se\/en\/wp-json\/wp\/v2\/product"}],"about":[{"href":"https:\/\/matting.se\/en\/wp-json\/wp\/v2\/types\/product"}],"wp:featuredmedia":[{"embeddable":true,"href":"https:\/\/matting.se\/en\/wp-json\/wp\/v2\/media\/238919"}],"wp:attachment":[{"href":"https:\/\/matting.se\/en\/wp-json\/wp\/v2\/media?parent=252407"}],"wp:term":[{"taxonomy":"product_brand","embeddable":true,"href":"https:\/\/matting.se\/en\/wp-json\/wp\/v2\/product_brand?post=252407"},{"taxonomy":"product_cat","embeddable":true,"href":"https:\/\/matting.se\/en\/wp-json\/wp\/v2\/product_cat?post=252407"},{"taxonomy":"product_tag","embeddable":true,"href":"https:\/\/matting.se\/en\/wp-json\/wp\/v2\/product_tag?post=252407"}],"curies":[{"name":"wp","href":"https:\/\/api.w.org\/{rel}","templated":true}]}}