{"id":251871,"date":"2023-09-28T08:59:28","date_gmt":"2023-09-28T07:59:28","guid":{"rendered":"https:\/\/matting.se\/produkt\/earth-floor-protector\/"},"modified":"2023-09-28T08:59:28","modified_gmt":"2023-09-28T07:59:28","slug":"earth-floor-protector","status":"publish","type":"product","link":"https:\/\/matting.se\/en\/produkt\/earth-floor-protector\/","title":{"rendered":"EARTH floor protector"},"content":{"rendered":"<p class=\"p1\">EARTH floor protector<b> <\/b>is a high-quality textile chair cover with a matching thin edge band. A floor protector protects floors from wear and tear and dirt. Earth floor protection is suitable for both public and domestic environments.<\/p>\n<p class=\"p1\">Our textile floor protectors are easy to maintain as they are dense, durable and easy to vacuum. The 100% polyamide yarn makes it durable and suitable for office chair wheels. The cover is lightly striped and available in several colors.<\/p>\n<p class=\"p1\">Material: Pile 100% Polyamide, backside Actionback, edge band 100% polyester. Anti-static treated. <\/p>\n<p><em>For a image of the edging, see Mocca.<\/em><\/p>\n","protected":false},"excerpt":{"rendered":"<p>EARTH floor protector is a high-quality textile chair cover with a matching thin edge band. A floor protector protects floors from wear and tear and dirt. Earth floor protection is suitable for both public and domestic environments. Our textile floor protectors are easy to maintain as they are dense, durable and easy to vacuum. The [&hellip;]<\/p>\n","protected":false},"featured_media":245504,"template":"","meta":{"_et_pb_use_builder":"","_et_pb_old_content":"","_et_gb_content_width":""},"product_brand":[],"product_cat":[190,309,311],"product_tag":[],"class_list":{"0":"post-251871","1":"product","2":"type-product","3":"status-publish","4":"has-post-thumbnail","6":"product_cat-matting-interior-en","7":"product_cat-flooring-carpet-protection-mi","8":"product_cat-floor-protection-mi","10":"first","11":"instock","12":"taxable","13":"shipping-taxable","14":"purchasable","15":"product-type-variable","16":"has-default-attributes"},"yoast_head":"<!-- This site is optimized with the Yoast SEO plugin v25.6 - https:\/\/yoast.com\/wordpress\/plugins\/seo\/ -->\n<title>EARTH floor protection - textile<\/title>\n<meta name=\"description\" content=\"EARTH floor protector - Se Mattings h\u00e5llbara koncept och produkter f\u00f6r publika milj\u00f6er, arbetsplatser och skolor.\" \/>\n<meta name=\"robots\" content=\"index, follow, max-snippet:-1, max-image-preview:large, max-video-preview:-1\" \/>\n<link rel=\"canonical\" href=\"https:\/\/matting.se\/en\/produkt\/earth-floor-protector\/\" \/>\n<meta property=\"og:locale\" content=\"en_US\" \/>\n<meta property=\"og:type\" content=\"article\" \/>\n<meta property=\"og:title\" content=\"EARTH floor protection - textile\" \/>\n<meta property=\"og:description\" content=\"EARTH floor protector - Se Mattings h\u00e5llbara koncept och produkter f\u00f6r publika milj\u00f6er, arbetsplatser och skolor.\" \/>\n<meta property=\"og:url\" content=\"https:\/\/matting.se\/en\/produkt\/earth-floor-protector\/\" \/>\n<meta property=\"og:site_name\" content=\"Matting\" \/>\n<meta property=\"og:image\" content=\"https:\/\/matting.se\/wp-content\/uploads\/2023\/09\/521025_EARTH_golvskydd_133x150_all.jpg\" \/>\n\t<meta property=\"og:image:width\" content=\"800\" \/>\n\t<meta property=\"og:image:height\" content=\"800\" \/>\n\t<meta property=\"og:image:type\" content=\"image\/jpeg\" \/>\n<meta name=\"twitter:card\" content=\"summary_large_image\" \/>\n<script type=\"application\/ld+json\" class=\"yoast-schema-graph\">{\"@context\":\"https:\/\/schema.org\",\"@graph\":[{\"@type\":[\"WebPage\",\"ItemPage\"],\"@id\":\"https:\/\/matting.se\/en\/produkt\/earth-floor-protector\/\",\"url\":\"https:\/\/matting.se\/en\/produkt\/earth-floor-protector\/\",\"name\":\"EARTH floor protection - textile\",\"isPartOf\":{\"@id\":\"https:\/\/matting.se\/en\/#website\"},\"primaryImageOfPage\":{\"@id\":\"https:\/\/matting.se\/en\/produkt\/earth-floor-protector\/#primaryimage\"},\"image\":{\"@id\":\"https:\/\/matting.se\/en\/produkt\/earth-floor-protector\/#primaryimage\"},\"thumbnailUrl\":\"https:\/\/matting.se\/wp-content\/uploads\/2023\/09\/521025_EARTH_golvskydd_133x150_all.jpg\",\"datePublished\":\"2023-09-28T07:59:28+00:00\",\"description\":\"EARTH floor protector - Se Mattings h\u00e5llbara koncept och produkter f\u00f6r publika milj\u00f6er, arbetsplatser och skolor.\",\"breadcrumb\":{\"@id\":\"https:\/\/matting.se\/en\/produkt\/earth-floor-protector\/#breadcrumb\"},\"inLanguage\":\"en-US\",\"potentialAction\":[{\"@type\":\"ReadAction\",\"target\":[\"https:\/\/matting.se\/en\/produkt\/earth-floor-protector\/\"]}]},{\"@type\":\"ImageObject\",\"inLanguage\":\"en-US\",\"@id\":\"https:\/\/matting.se\/en\/produkt\/earth-floor-protector\/#primaryimage\",\"url\":\"https:\/\/matting.se\/wp-content\/uploads\/2023\/09\/521025_EARTH_golvskydd_133x150_all.jpg\",\"contentUrl\":\"https:\/\/matting.se\/wp-content\/uploads\/2023\/09\/521025_EARTH_golvskydd_133x150_all.jpg\",\"width\":800,\"height\":800,\"caption\":\"EARTH floor protectors are available in five color options\"},{\"@type\":\"BreadcrumbList\",\"@id\":\"https:\/\/matting.se\/en\/produkt\/earth-floor-protector\/#breadcrumb\",\"itemListElement\":[{\"@type\":\"ListItem\",\"position\":1,\"name\":\"Hem\",\"item\":\"https:\/\/matting.se\/en\/\"},{\"@type\":\"ListItem\",\"position\":2,\"name\":\"Shop\",\"item\":\"https:\/\/matting.se\/shop\/\"},{\"@type\":\"ListItem\",\"position\":3,\"name\":\"EARTH floor protector\"}]},{\"@type\":\"WebSite\",\"@id\":\"https:\/\/matting.se\/en\/#website\",\"url\":\"https:\/\/matting.se\/en\/\",\"name\":\"Matting\",\"description\":\"\",\"potentialAction\":[{\"@type\":\"SearchAction\",\"target\":{\"@type\":\"EntryPoint\",\"urlTemplate\":\"https:\/\/matting.se\/en\/?s={search_term_string}\"},\"query-input\":{\"@type\":\"PropertyValueSpecification\",\"valueRequired\":true,\"valueName\":\"search_term_string\"}}],\"inLanguage\":\"en-US\"}]}<\/script>\n<!-- \/ Yoast SEO plugin. -->","yoast_head_json":{"title":"EARTH floor protection - textile","description":"EARTH floor protector - Se Mattings h\u00e5llbara koncept och produkter f\u00f6r publika milj\u00f6er, arbetsplatser och skolor.","robots":{"index":"index","follow":"follow","max-snippet":"max-snippet:-1","max-image-preview":"max-image-preview:large","max-video-preview":"max-video-preview:-1"},"canonical":"https:\/\/matting.se\/en\/produkt\/earth-floor-protector\/","og_locale":"en_US","og_type":"article","og_title":"EARTH floor protection - textile","og_description":"EARTH floor protector - Se Mattings h\u00e5llbara koncept och produkter f\u00f6r publika milj\u00f6er, arbetsplatser och skolor.","og_url":"https:\/\/matting.se\/en\/produkt\/earth-floor-protector\/","og_site_name":"Matting","og_image":[{"width":800,"height":800,"url":"https:\/\/matting.se\/wp-content\/uploads\/2023\/09\/521025_EARTH_golvskydd_133x150_all.jpg","type":"image\/jpeg"}],"twitter_card":"summary_large_image","schema":{"@context":"https:\/\/schema.org","@graph":[{"@type":["WebPage","ItemPage"],"@id":"https:\/\/matting.se\/en\/produkt\/earth-floor-protector\/","url":"https:\/\/matting.se\/en\/produkt\/earth-floor-protector\/","name":"EARTH floor protection - textile","isPartOf":{"@id":"https:\/\/matting.se\/en\/#website"},"primaryImageOfPage":{"@id":"https:\/\/matting.se\/en\/produkt\/earth-floor-protector\/#primaryimage"},"image":{"@id":"https:\/\/matting.se\/en\/produkt\/earth-floor-protector\/#primaryimage"},"thumbnailUrl":"https:\/\/matting.se\/wp-content\/uploads\/2023\/09\/521025_EARTH_golvskydd_133x150_all.jpg","datePublished":"2023-09-28T07:59:28+00:00","description":"EARTH floor protector - Se Mattings h\u00e5llbara koncept och produkter f\u00f6r publika milj\u00f6er, arbetsplatser och skolor.","breadcrumb":{"@id":"https:\/\/matting.se\/en\/produkt\/earth-floor-protector\/#breadcrumb"},"inLanguage":"en-US","potentialAction":[{"@type":"ReadAction","target":["https:\/\/matting.se\/en\/produkt\/earth-floor-protector\/"]}]},{"@type":"ImageObject","inLanguage":"en-US","@id":"https:\/\/matting.se\/en\/produkt\/earth-floor-protector\/#primaryimage","url":"https:\/\/matting.se\/wp-content\/uploads\/2023\/09\/521025_EARTH_golvskydd_133x150_all.jpg","contentUrl":"https:\/\/matting.se\/wp-content\/uploads\/2023\/09\/521025_EARTH_golvskydd_133x150_all.jpg","width":800,"height":800,"caption":"EARTH floor protectors are available in five color options"},{"@type":"BreadcrumbList","@id":"https:\/\/matting.se\/en\/produkt\/earth-floor-protector\/#breadcrumb","itemListElement":[{"@type":"ListItem","position":1,"name":"Hem","item":"https:\/\/matting.se\/en\/"},{"@type":"ListItem","position":2,"name":"Shop","item":"https:\/\/matting.se\/shop\/"},{"@type":"ListItem","position":3,"name":"EARTH floor protector"}]},{"@type":"WebSite","@id":"https:\/\/matting.se\/en\/#website","url":"https:\/\/matting.se\/en\/","name":"Matting","description":"","potentialAction":[{"@type":"SearchAction","target":{"@type":"EntryPoint","urlTemplate":"https:\/\/matting.se\/en\/?s={search_term_string}"},"query-input":{"@type":"PropertyValueSpecification","valueRequired":true,"valueName":"search_term_string"}}],"inLanguage":"en-US"}]}},"_links":{"self":[{"href":"https:\/\/matting.se\/en\/wp-json\/wp\/v2\/product\/251871","targetHints":{"allow":["GET"]}}],"collection":[{"href":"https:\/\/matting.se\/en\/wp-json\/wp\/v2\/product"}],"about":[{"href":"https:\/\/matting.se\/en\/wp-json\/wp\/v2\/types\/product"}],"wp:featuredmedia":[{"embeddable":true,"href":"https:\/\/matting.se\/en\/wp-json\/wp\/v2\/media\/245504"}],"wp:attachment":[{"href":"https:\/\/matting.se\/en\/wp-json\/wp\/v2\/media?parent=251871"}],"wp:term":[{"taxonomy":"product_brand","embeddable":true,"href":"https:\/\/matting.se\/en\/wp-json\/wp\/v2\/product_brand?post=251871"},{"taxonomy":"product_cat","embeddable":true,"href":"https:\/\/matting.se\/en\/wp-json\/wp\/v2\/product_cat?post=251871"},{"taxonomy":"product_tag","embeddable":true,"href":"https:\/\/matting.se\/en\/wp-json\/wp\/v2\/product_tag?post=251871"}],"curies":[{"name":"wp","href":"https:\/\/api.w.org\/{rel}","templated":true}]}}