{"id":251757,"date":"2023-08-17T13:34:27","date_gmt":"2023-08-17T12:34:27","guid":{"rendered":"https:\/\/matting.se\/produkt\/original-standing-mat\/"},"modified":"2023-08-17T13:34:27","modified_gmt":"2023-08-17T12:34:27","slug":"original-standing-mat","status":"publish","type":"product","link":"https:\/\/matting.se\/en\/produkt\/original-standing-mat\/","title":{"rendered":"ORIGINAL standing mat"},"content":{"rendered":"<p class=\"p1\"><span class=\"s1\"><strong>StandUp ORIGINAL<\/strong> <em>(77 x 53 cm)<\/em> is an PVC-free ergonomic, high quality and relieving standing mat. A desk mat with a textile surface in recycled PET. The surface layer is durable and dirtresistant. Underside of polyurethane. <\/span>  <\/p>\n<ul>\n<li class=\"p1\">Bevelled edge<\/li>\n<li class=\"p1\">Eyelet for hanging<\/li>\n<li class=\"p1\">Ftalatfri<\/li>\n<\/ul>\n<p>&nbsp;<\/p>\n<p class=\"p1\"><span class=\"s1\"><strong>StandUp ORIGINAL \/ StandUp ROUND<\/strong> is an ergonomic, high-quality and durable standing mat. A bigger<em> (99 x 53 cm)<\/em> and a smaller round mat <em>(\u00d856 cm)<\/em> with a textile surface in recycled PET.  <\/span>Underside of nitrile rubber<span class=\"s1\">.<\/span><\/p>\n<ul>\n<li class=\"p1\">Bevelled edge<\/li>\n<li class=\"p1\">Eyelet for hanging<\/li>\n<li class=\"p1\">Ftalatfri<\/li>\n<\/ul>\n<p><strong>ORIGINAL<\/strong> is a small and neat standing mat designed to work especially well with height-adjustable standing desks. With an extra thick and soft core, for good load ergonomics during standing work, it makes the mat both cushioning and very relieving. With a stylish textile-like surface made from recycled PET. The carpet is ideal for standing tables in offices, receptions, shops and the home office.<\/p>\n","protected":false},"excerpt":{"rendered":"<p>StandUp ORIGINAL (77 x 53 cm) is an PVC-free ergonomic, high quality and relieving standing mat. A desk mat with a textile surface in recycled PET. The surface layer is durable and dirtresistant. Underside of polyurethane. Bevelled edge Eyelet for hanging Ftalatfri &nbsp; StandUp ORIGINAL \/ StandUp ROUND is an ergonomic, high-quality and durable standing [&hellip;]<\/p>\n","protected":false},"featured_media":248465,"template":"","meta":{"_et_pb_use_builder":"","_et_pb_old_content":"","_et_gb_content_width":""},"product_brand":[],"product_cat":[188,190,191,192],"product_tag":[],"class_list":{"0":"post-251757","1":"product","2":"type-product","3":"status-publish","4":"has-post-thumbnail","6":"product_cat-standing-mats","7":"product_cat-matting-interior-en","8":"product_cat-standing-mats-balance-boards-mi","9":"product_cat-standing-mats-mi","11":"first","12":"instock","13":"taxable","14":"shipping-taxable","15":"purchasable","16":"product-type-variable","17":"has-default-attributes"},"yoast_head":"<!-- This site is optimized with the Yoast SEO plugin v25.6 - https:\/\/yoast.com\/wordpress\/plugins\/seo\/ -->\n<title>ORIGINAL standing mat - Matting<\/title>\n<meta name=\"description\" content=\"ORIGINAL standing mat - Se Mattings h\u00e5llbara koncept och produkter f\u00f6r publika milj\u00f6er, arbetsplatser och skolor.\" \/>\n<meta name=\"robots\" content=\"index, follow, max-snippet:-1, max-image-preview:large, max-video-preview:-1\" \/>\n<link rel=\"canonical\" href=\"https:\/\/matting.se\/en\/produkt\/original-standing-mat\/\" \/>\n<meta property=\"og:locale\" content=\"en_US\" \/>\n<meta property=\"og:type\" content=\"article\" \/>\n<meta property=\"og:title\" content=\"ORIGINAL standing mat - Matting\" \/>\n<meta property=\"og:description\" content=\"ORIGINAL standing mat - Se Mattings h\u00e5llbara koncept och produkter f\u00f6r publika milj\u00f6er, arbetsplatser och skolor.\" \/>\n<meta property=\"og:url\" content=\"https:\/\/matting.se\/en\/produkt\/original-standing-mat\/\" \/>\n<meta property=\"og:site_name\" content=\"Matting\" \/>\n<meta property=\"og:image\" content=\"https:\/\/matting.se\/wp-content\/uploads\/2023\/12\/381990_ORIGINAL_mat_grey_top.jpg\" \/>\n\t<meta property=\"og:image:width\" content=\"800\" \/>\n\t<meta property=\"og:image:height\" content=\"800\" \/>\n\t<meta property=\"og:image:type\" content=\"image\/jpeg\" \/>\n<meta name=\"twitter:card\" content=\"summary_large_image\" \/>\n<meta name=\"twitter:label1\" content=\"Est. reading time\" \/>\n\t<meta name=\"twitter:data1\" content=\"1 minute\" \/>\n<script type=\"application\/ld+json\" class=\"yoast-schema-graph\">{\"@context\":\"https:\/\/schema.org\",\"@graph\":[{\"@type\":[\"WebPage\",\"ItemPage\"],\"@id\":\"https:\/\/matting.se\/en\/produkt\/original-standing-mat\/\",\"url\":\"https:\/\/matting.se\/en\/produkt\/original-standing-mat\/\",\"name\":\"ORIGINAL standing mat - Matting\",\"isPartOf\":{\"@id\":\"https:\/\/matting.se\/en\/#website\"},\"primaryImageOfPage\":{\"@id\":\"https:\/\/matting.se\/en\/produkt\/original-standing-mat\/#primaryimage\"},\"image\":{\"@id\":\"https:\/\/matting.se\/en\/produkt\/original-standing-mat\/#primaryimage\"},\"thumbnailUrl\":\"https:\/\/matting.se\/wp-content\/uploads\/2023\/12\/381990_ORIGINAL_mat_grey_top.jpg\",\"datePublished\":\"2023-08-17T12:34:27+00:00\",\"description\":\"ORIGINAL standing mat - Se Mattings h\u00e5llbara koncept och produkter f\u00f6r publika milj\u00f6er, arbetsplatser och skolor.\",\"breadcrumb\":{\"@id\":\"https:\/\/matting.se\/en\/produkt\/original-standing-mat\/#breadcrumb\"},\"inLanguage\":\"en-US\",\"potentialAction\":[{\"@type\":\"ReadAction\",\"target\":[\"https:\/\/matting.se\/en\/produkt\/original-standing-mat\/\"]}]},{\"@type\":\"ImageObject\",\"inLanguage\":\"en-US\",\"@id\":\"https:\/\/matting.se\/en\/produkt\/original-standing-mat\/#primaryimage\",\"url\":\"https:\/\/matting.se\/wp-content\/uploads\/2023\/12\/381990_ORIGINAL_mat_grey_top.jpg\",\"contentUrl\":\"https:\/\/matting.se\/wp-content\/uploads\/2023\/12\/381990_ORIGINAL_mat_grey_top.jpg\",\"width\":800,\"height\":800},{\"@type\":\"BreadcrumbList\",\"@id\":\"https:\/\/matting.se\/en\/produkt\/original-standing-mat\/#breadcrumb\",\"itemListElement\":[{\"@type\":\"ListItem\",\"position\":1,\"name\":\"Hem\",\"item\":\"https:\/\/matting.se\/en\/\"},{\"@type\":\"ListItem\",\"position\":2,\"name\":\"Shop\",\"item\":\"https:\/\/matting.se\/shop\/\"},{\"@type\":\"ListItem\",\"position\":3,\"name\":\"ORIGINAL standing mat\"}]},{\"@type\":\"WebSite\",\"@id\":\"https:\/\/matting.se\/en\/#website\",\"url\":\"https:\/\/matting.se\/en\/\",\"name\":\"Matting\",\"description\":\"\",\"potentialAction\":[{\"@type\":\"SearchAction\",\"target\":{\"@type\":\"EntryPoint\",\"urlTemplate\":\"https:\/\/matting.se\/en\/?s={search_term_string}\"},\"query-input\":{\"@type\":\"PropertyValueSpecification\",\"valueRequired\":true,\"valueName\":\"search_term_string\"}}],\"inLanguage\":\"en-US\"}]}<\/script>\n<!-- \/ Yoast SEO plugin. -->","yoast_head_json":{"title":"ORIGINAL standing mat - Matting","description":"ORIGINAL standing mat - Se Mattings h\u00e5llbara koncept och produkter f\u00f6r publika milj\u00f6er, arbetsplatser och skolor.","robots":{"index":"index","follow":"follow","max-snippet":"max-snippet:-1","max-image-preview":"max-image-preview:large","max-video-preview":"max-video-preview:-1"},"canonical":"https:\/\/matting.se\/en\/produkt\/original-standing-mat\/","og_locale":"en_US","og_type":"article","og_title":"ORIGINAL standing mat - Matting","og_description":"ORIGINAL standing mat - Se Mattings h\u00e5llbara koncept och produkter f\u00f6r publika milj\u00f6er, arbetsplatser och skolor.","og_url":"https:\/\/matting.se\/en\/produkt\/original-standing-mat\/","og_site_name":"Matting","og_image":[{"width":800,"height":800,"url":"https:\/\/matting.se\/wp-content\/uploads\/2023\/12\/381990_ORIGINAL_mat_grey_top.jpg","type":"image\/jpeg"}],"twitter_card":"summary_large_image","twitter_misc":{"Est. reading time":"1 minute"},"schema":{"@context":"https:\/\/schema.org","@graph":[{"@type":["WebPage","ItemPage"],"@id":"https:\/\/matting.se\/en\/produkt\/original-standing-mat\/","url":"https:\/\/matting.se\/en\/produkt\/original-standing-mat\/","name":"ORIGINAL standing mat - Matting","isPartOf":{"@id":"https:\/\/matting.se\/en\/#website"},"primaryImageOfPage":{"@id":"https:\/\/matting.se\/en\/produkt\/original-standing-mat\/#primaryimage"},"image":{"@id":"https:\/\/matting.se\/en\/produkt\/original-standing-mat\/#primaryimage"},"thumbnailUrl":"https:\/\/matting.se\/wp-content\/uploads\/2023\/12\/381990_ORIGINAL_mat_grey_top.jpg","datePublished":"2023-08-17T12:34:27+00:00","description":"ORIGINAL standing mat - Se Mattings h\u00e5llbara koncept och produkter f\u00f6r publika milj\u00f6er, arbetsplatser och skolor.","breadcrumb":{"@id":"https:\/\/matting.se\/en\/produkt\/original-standing-mat\/#breadcrumb"},"inLanguage":"en-US","potentialAction":[{"@type":"ReadAction","target":["https:\/\/matting.se\/en\/produkt\/original-standing-mat\/"]}]},{"@type":"ImageObject","inLanguage":"en-US","@id":"https:\/\/matting.se\/en\/produkt\/original-standing-mat\/#primaryimage","url":"https:\/\/matting.se\/wp-content\/uploads\/2023\/12\/381990_ORIGINAL_mat_grey_top.jpg","contentUrl":"https:\/\/matting.se\/wp-content\/uploads\/2023\/12\/381990_ORIGINAL_mat_grey_top.jpg","width":800,"height":800},{"@type":"BreadcrumbList","@id":"https:\/\/matting.se\/en\/produkt\/original-standing-mat\/#breadcrumb","itemListElement":[{"@type":"ListItem","position":1,"name":"Hem","item":"https:\/\/matting.se\/en\/"},{"@type":"ListItem","position":2,"name":"Shop","item":"https:\/\/matting.se\/shop\/"},{"@type":"ListItem","position":3,"name":"ORIGINAL standing mat"}]},{"@type":"WebSite","@id":"https:\/\/matting.se\/en\/#website","url":"https:\/\/matting.se\/en\/","name":"Matting","description":"","potentialAction":[{"@type":"SearchAction","target":{"@type":"EntryPoint","urlTemplate":"https:\/\/matting.se\/en\/?s={search_term_string}"},"query-input":{"@type":"PropertyValueSpecification","valueRequired":true,"valueName":"search_term_string"}}],"inLanguage":"en-US"}]}},"_links":{"self":[{"href":"https:\/\/matting.se\/en\/wp-json\/wp\/v2\/product\/251757","targetHints":{"allow":["GET"]}}],"collection":[{"href":"https:\/\/matting.se\/en\/wp-json\/wp\/v2\/product"}],"about":[{"href":"https:\/\/matting.se\/en\/wp-json\/wp\/v2\/types\/product"}],"wp:featuredmedia":[{"embeddable":true,"href":"https:\/\/matting.se\/en\/wp-json\/wp\/v2\/media\/248465"}],"wp:attachment":[{"href":"https:\/\/matting.se\/en\/wp-json\/wp\/v2\/media?parent=251757"}],"wp:term":[{"taxonomy":"product_brand","embeddable":true,"href":"https:\/\/matting.se\/en\/wp-json\/wp\/v2\/product_brand?post=251757"},{"taxonomy":"product_cat","embeddable":true,"href":"https:\/\/matting.se\/en\/wp-json\/wp\/v2\/product_cat?post=251757"},{"taxonomy":"product_tag","embeddable":true,"href":"https:\/\/matting.se\/en\/wp-json\/wp\/v2\/product_tag?post=251757"}],"curies":[{"name":"wp","href":"https:\/\/api.w.org\/{rel}","templated":true}]}}