{"id":251676,"date":"2024-08-13T08:12:37","date_gmt":"2024-08-13T07:12:37","guid":{"rendered":"https:\/\/matting.se\/produkt\/desk-fix-frame\/"},"modified":"2024-08-13T08:12:37","modified_gmt":"2024-08-13T07:12:37","slug":"desk-fix-frame","status":"publish","type":"product","link":"https:\/\/matting.se\/en\/produkt\/desk-fix-frame\/","title":{"rendered":"DESK FIX frame"},"content":{"rendered":"<p class=\"p1\">In order to create a complete interior with our StandUp DESK collection, we have, in addition to our height-adjustable stands, also bases with fixed height dimensions. DESK FIX is the newcomer in our extended range of fixed desk frames in three different widths and two heights. The desks are suitable for the workplace, home office or classroom as a bench, group or teacher\u2019s desk.  <\/p>\n<p class=\"p1\">DESK FIX frames are available in three models; 700, 900 and 1200 and in two fixed heights 680 mm and 880 mm.<\/p>\n<ul>\n<li class=\"p1\"><span class=\"s1\">Our smaller DESKTOP and BLOSSOM discs (L:700 mm) fit DESK FIX frame 700.<\/span><\/li>\n<li class=\"p1\"><span class=\"s2\">Our wider DESKTOP and TRAPETS discs (L:940-960 mm) fit DESK FIX frame 900.<\/span><\/li>\n<li class=\"p1\">Our largest DESKTOP discs (L:1200 mm) fit DESK FIX frame 1200.<\/li>\n<li class=\"p1\">Choose the color of the frame and then the material and color of the desktop.<\/li>\n<li class=\"p1\">Castors and folding top are available as options for our 700 and 900 frames.<\/li>\n<li>Powder-coated finish. Adjustable foot pads. With hook.  <\/li>\n<\/ul>\n<p class=\"p1\">The design is exactly the same as our height-adjustable tables, with the difference being that the table does not have the height-adjustable top, but otherwise with the same high quality. StandUp DESK FIX, just like regular DESKs, has a neat, handy size that makes them very easy to place and easy to furnish. The fixed frames are also available with castors in the front legs (applies to 700 and 900). The frame comes unassembled in a flat-pack and is easily assembled with only four screws.   <\/p>\n<p class=\"p1\">Our StandUp desk collections are designed to be sustainable for nature and man, with a low CO<sub>2<\/sub> footprint and circular design for a long life. The desks are lightweight and all parts are replaceable components to make the desk last for generations. <span class=\"Apple-converted-space\">StandUp<\/span> DESK FIX frames are M\u00f6belfakta-labelled* and Swedish-made in sustainable materials.  Designed by Dan Ihreborn.<\/p>\n<p><em>*The M\u00f6belfakta marking only applies when the frame is mounted with a designated top from MATTING.<\/em><\/p>\n","protected":false},"excerpt":{"rendered":"<p>In order to create a complete interior with our StandUp DESK collection, we have, in addition to our height-adjustable stands, also bases with fixed height dimensions. DESK FIX is the newcomer in our extended range of fixed desk frames in three different widths and two heights. The desks are suitable for the workplace, home office [&hellip;]<\/p>\n","protected":false},"featured_media":251218,"template":"","meta":{"_et_pb_use_builder":"","_et_pb_old_content":"","_et_gb_content_width":""},"product_brand":[],"product_cat":[356,190,198],"product_tag":[],"class_list":{"0":"post-251676","1":"product","2":"type-product","3":"status-publish","4":"has-post-thumbnail","6":"product_cat-fixed-frames-mi","7":"product_cat-matting-interior-en","8":"product_cat-tables-accessories-mi","10":"first","11":"instock","12":"taxable","13":"shipping-taxable","14":"purchasable","15":"product-type-variable","16":"has-default-attributes"},"yoast_head":"<!-- This site is optimized with the Yoast SEO plugin v25.6 - https:\/\/yoast.com\/wordpress\/plugins\/seo\/ -->\n<title>DESK FIX frame - Matting<\/title>\n<meta name=\"description\" content=\"DESK FIX frame - Se Mattings h\u00e5llbara koncept och produkter f\u00f6r publika milj\u00f6er, arbetsplatser och skolor.\" \/>\n<meta name=\"robots\" content=\"index, follow, max-snippet:-1, max-image-preview:large, max-video-preview:-1\" \/>\n<link rel=\"canonical\" href=\"https:\/\/matting.se\/en\/produkt\/desk-fix-frame\/\" \/>\n<meta property=\"og:locale\" content=\"en_US\" \/>\n<meta property=\"og:type\" content=\"article\" \/>\n<meta property=\"og:title\" content=\"DESK FIX frame - Matting\" \/>\n<meta property=\"og:description\" content=\"DESK FIX frame - Se Mattings h\u00e5llbara koncept och produkter f\u00f6r publika milj\u00f6er, arbetsplatser och skolor.\" \/>\n<meta property=\"og:url\" content=\"https:\/\/matting.se\/en\/produkt\/desk-fix-frame\/\" \/>\n<meta property=\"og:site_name\" content=\"Matting\" \/>\n<meta property=\"og:image\" content=\"https:\/\/matting.se\/wp-content\/uploads\/389585_FIX-frame_700_silver_RAL9006_H880_side.jpg\" \/>\n\t<meta property=\"og:image:width\" content=\"800\" \/>\n\t<meta property=\"og:image:height\" content=\"800\" \/>\n\t<meta property=\"og:image:type\" content=\"image\/jpeg\" \/>\n<meta name=\"twitter:card\" content=\"summary_large_image\" \/>\n<meta name=\"twitter:label1\" content=\"Est. reading time\" \/>\n\t<meta name=\"twitter:data1\" content=\"2 minutes\" \/>\n<script type=\"application\/ld+json\" class=\"yoast-schema-graph\">{\"@context\":\"https:\/\/schema.org\",\"@graph\":[{\"@type\":[\"WebPage\",\"ItemPage\"],\"@id\":\"https:\/\/matting.se\/en\/produkt\/desk-fix-frame\/\",\"url\":\"https:\/\/matting.se\/en\/produkt\/desk-fix-frame\/\",\"name\":\"DESK FIX frame - Matting\",\"isPartOf\":{\"@id\":\"https:\/\/matting.se\/en\/#website\"},\"primaryImageOfPage\":{\"@id\":\"https:\/\/matting.se\/en\/produkt\/desk-fix-frame\/#primaryimage\"},\"image\":{\"@id\":\"https:\/\/matting.se\/en\/produkt\/desk-fix-frame\/#primaryimage\"},\"thumbnailUrl\":\"https:\/\/matting.se\/wp-content\/uploads\/389585_FIX-frame_700_silver_RAL9006_H880_side.jpg\",\"datePublished\":\"2024-08-13T07:12:37+00:00\",\"description\":\"DESK FIX frame - Se Mattings h\u00e5llbara koncept och produkter f\u00f6r publika milj\u00f6er, arbetsplatser och skolor.\",\"breadcrumb\":{\"@id\":\"https:\/\/matting.se\/en\/produkt\/desk-fix-frame\/#breadcrumb\"},\"inLanguage\":\"en-US\",\"potentialAction\":[{\"@type\":\"ReadAction\",\"target\":[\"https:\/\/matting.se\/en\/produkt\/desk-fix-frame\/\"]}]},{\"@type\":\"ImageObject\",\"inLanguage\":\"en-US\",\"@id\":\"https:\/\/matting.se\/en\/produkt\/desk-fix-frame\/#primaryimage\",\"url\":\"https:\/\/matting.se\/wp-content\/uploads\/389585_FIX-frame_700_silver_RAL9006_H880_side.jpg\",\"contentUrl\":\"https:\/\/matting.se\/wp-content\/uploads\/389585_FIX-frame_700_silver_RAL9006_H880_side.jpg\",\"width\":800,\"height\":800,\"caption\":\"StandUp FIX stativ 700, silver RAL 9006. Ett fast stativ i tv\u00e5 olika h\u00f6jder.\"},{\"@type\":\"BreadcrumbList\",\"@id\":\"https:\/\/matting.se\/en\/produkt\/desk-fix-frame\/#breadcrumb\",\"itemListElement\":[{\"@type\":\"ListItem\",\"position\":1,\"name\":\"Hem\",\"item\":\"https:\/\/matting.se\/en\/\"},{\"@type\":\"ListItem\",\"position\":2,\"name\":\"Shop\",\"item\":\"https:\/\/matting.se\/shop\/\"},{\"@type\":\"ListItem\",\"position\":3,\"name\":\"Matting Interior\",\"item\":\"https:\/\/matting.se\/en\/produkt-kategori\/matting-interior-en\/\"},{\"@type\":\"ListItem\",\"position\":4,\"name\":\"DESK FIX frame\"}]},{\"@type\":\"WebSite\",\"@id\":\"https:\/\/matting.se\/en\/#website\",\"url\":\"https:\/\/matting.se\/en\/\",\"name\":\"Matting\",\"description\":\"\",\"potentialAction\":[{\"@type\":\"SearchAction\",\"target\":{\"@type\":\"EntryPoint\",\"urlTemplate\":\"https:\/\/matting.se\/en\/?s={search_term_string}\"},\"query-input\":{\"@type\":\"PropertyValueSpecification\",\"valueRequired\":true,\"valueName\":\"search_term_string\"}}],\"inLanguage\":\"en-US\"}]}<\/script>\n<!-- \/ Yoast SEO plugin. -->","yoast_head_json":{"title":"DESK FIX frame - Matting","description":"DESK FIX frame - Se Mattings h\u00e5llbara koncept och produkter f\u00f6r publika milj\u00f6er, arbetsplatser och skolor.","robots":{"index":"index","follow":"follow","max-snippet":"max-snippet:-1","max-image-preview":"max-image-preview:large","max-video-preview":"max-video-preview:-1"},"canonical":"https:\/\/matting.se\/en\/produkt\/desk-fix-frame\/","og_locale":"en_US","og_type":"article","og_title":"DESK FIX frame - Matting","og_description":"DESK FIX frame - Se Mattings h\u00e5llbara koncept och produkter f\u00f6r publika milj\u00f6er, arbetsplatser och skolor.","og_url":"https:\/\/matting.se\/en\/produkt\/desk-fix-frame\/","og_site_name":"Matting","og_image":[{"width":800,"height":800,"url":"https:\/\/matting.se\/wp-content\/uploads\/389585_FIX-frame_700_silver_RAL9006_H880_side.jpg","type":"image\/jpeg"}],"twitter_card":"summary_large_image","twitter_misc":{"Est. reading time":"2 minutes"},"schema":{"@context":"https:\/\/schema.org","@graph":[{"@type":["WebPage","ItemPage"],"@id":"https:\/\/matting.se\/en\/produkt\/desk-fix-frame\/","url":"https:\/\/matting.se\/en\/produkt\/desk-fix-frame\/","name":"DESK FIX frame - Matting","isPartOf":{"@id":"https:\/\/matting.se\/en\/#website"},"primaryImageOfPage":{"@id":"https:\/\/matting.se\/en\/produkt\/desk-fix-frame\/#primaryimage"},"image":{"@id":"https:\/\/matting.se\/en\/produkt\/desk-fix-frame\/#primaryimage"},"thumbnailUrl":"https:\/\/matting.se\/wp-content\/uploads\/389585_FIX-frame_700_silver_RAL9006_H880_side.jpg","datePublished":"2024-08-13T07:12:37+00:00","description":"DESK FIX frame - Se Mattings h\u00e5llbara koncept och produkter f\u00f6r publika milj\u00f6er, arbetsplatser och skolor.","breadcrumb":{"@id":"https:\/\/matting.se\/en\/produkt\/desk-fix-frame\/#breadcrumb"},"inLanguage":"en-US","potentialAction":[{"@type":"ReadAction","target":["https:\/\/matting.se\/en\/produkt\/desk-fix-frame\/"]}]},{"@type":"ImageObject","inLanguage":"en-US","@id":"https:\/\/matting.se\/en\/produkt\/desk-fix-frame\/#primaryimage","url":"https:\/\/matting.se\/wp-content\/uploads\/389585_FIX-frame_700_silver_RAL9006_H880_side.jpg","contentUrl":"https:\/\/matting.se\/wp-content\/uploads\/389585_FIX-frame_700_silver_RAL9006_H880_side.jpg","width":800,"height":800,"caption":"StandUp FIX stativ 700, silver RAL 9006. Ett fast stativ i tv\u00e5 olika h\u00f6jder."},{"@type":"BreadcrumbList","@id":"https:\/\/matting.se\/en\/produkt\/desk-fix-frame\/#breadcrumb","itemListElement":[{"@type":"ListItem","position":1,"name":"Hem","item":"https:\/\/matting.se\/en\/"},{"@type":"ListItem","position":2,"name":"Shop","item":"https:\/\/matting.se\/shop\/"},{"@type":"ListItem","position":3,"name":"Matting Interior","item":"https:\/\/matting.se\/en\/produkt-kategori\/matting-interior-en\/"},{"@type":"ListItem","position":4,"name":"DESK FIX frame"}]},{"@type":"WebSite","@id":"https:\/\/matting.se\/en\/#website","url":"https:\/\/matting.se\/en\/","name":"Matting","description":"","potentialAction":[{"@type":"SearchAction","target":{"@type":"EntryPoint","urlTemplate":"https:\/\/matting.se\/en\/?s={search_term_string}"},"query-input":{"@type":"PropertyValueSpecification","valueRequired":true,"valueName":"search_term_string"}}],"inLanguage":"en-US"}]}},"_links":{"self":[{"href":"https:\/\/matting.se\/en\/wp-json\/wp\/v2\/product\/251676","targetHints":{"allow":["GET"]}}],"collection":[{"href":"https:\/\/matting.se\/en\/wp-json\/wp\/v2\/product"}],"about":[{"href":"https:\/\/matting.se\/en\/wp-json\/wp\/v2\/types\/product"}],"wp:featuredmedia":[{"embeddable":true,"href":"https:\/\/matting.se\/en\/wp-json\/wp\/v2\/media\/251218"}],"wp:attachment":[{"href":"https:\/\/matting.se\/en\/wp-json\/wp\/v2\/media?parent=251676"}],"wp:term":[{"taxonomy":"product_brand","embeddable":true,"href":"https:\/\/matting.se\/en\/wp-json\/wp\/v2\/product_brand?post=251676"},{"taxonomy":"product_cat","embeddable":true,"href":"https:\/\/matting.se\/en\/wp-json\/wp\/v2\/product_cat?post=251676"},{"taxonomy":"product_tag","embeddable":true,"href":"https:\/\/matting.se\/en\/wp-json\/wp\/v2\/product_tag?post=251676"}],"curies":[{"name":"wp","href":"https:\/\/api.w.org\/{rel}","templated":true}]}}