{"id":251041,"date":"2023-08-17T13:34:23","date_gmt":"2023-08-17T12:34:23","guid":{"rendered":"https:\/\/matting.se\/produkt\/blossom-frame\/"},"modified":"2024-05-06T09:48:31","modified_gmt":"2024-05-06T08:48:31","slug":"blossom-frame","status":"publish","type":"product","link":"https:\/\/matting.se\/en\/produkt\/blossom-frame\/","title":{"rendered":"BLOSSOM frame"},"content":{"rendered":"<p>The StandUp BLOSSOM frame fits our BLOSSOM boards. The frame has a fixed side hook.<\/p>\n<p>BLOSSOM is part of our height-adjustable StandUp table series without electricity. The table is raised and lowered easily, quickly and silently with a gas spring via the lever on the side and is designed to blossom into different formations. The top can be turned in two different directions to create group tables, project areas and different formations that are adapted to the room and can be moved around as needed. BLOSSOM is a flexible desk, the same desk can be used both as a single desk or to form a group desk. The desk is suitable for the workplace, conference areas or the classroom.<\/p>\n<p>The desk is designed with sustainability in mind, with no cords or environmentally harmful batteries.<\/p>\n<p>Wheels in the front legs and a folding top are available as options for the frame. Choose the color of the frame and then the <a href=\"https:\/\/matting.se\/produkt\/blossom-skiva\/\" target=\"_blank\" rel=\"noopener\">material and color of the top<\/a> and the edge strip.<\/p>\n<p>Designed by Dan Ihreborn.<\/p>\n<p><i>*The furniture fact label only applies when the frame is installed with the specified MATTING board.<\/i><\/p>\n","protected":false},"excerpt":{"rendered":"<p>The StandUp BLOSSOM frame fits our BLOSSOM boards. The frame has a fixed side hook. BLOSSOM is part of our height-adjustable StandUp table series without electricity. The table is raised and lowered easily, quickly and silently with a gas spring via the lever on the side and is designed to blossom into different formations. The [&hellip;]<\/p>\n","protected":false},"featured_media":243014,"template":"","meta":{"_et_pb_use_builder":"","_et_pb_old_content":"","_et_gb_content_width":""},"product_brand":[],"product_cat":[190,198,301],"product_tag":[],"class_list":{"0":"post-251041","1":"product","2":"type-product","3":"status-publish","4":"has-post-thumbnail","6":"product_cat-matting-interior-en","7":"product_cat-tables-accessories-mi","8":"product_cat-height-adjustable-stands-mi","10":"first","11":"instock","12":"taxable","13":"shipping-taxable","14":"purchasable","15":"product-type-variable","16":"has-default-attributes"},"yoast_head":"<!-- This site is optimized with the Yoast SEO plugin v25.6 - https:\/\/yoast.com\/wordpress\/plugins\/seo\/ -->\n<title>BLOSSOM frame - Matting<\/title>\n<meta name=\"description\" content=\"BLOSSOM frame - Se Mattings h\u00e5llbara koncept och produkter f\u00f6r publika milj\u00f6er, arbetsplatser och skolor.\" \/>\n<meta name=\"robots\" content=\"index, follow, max-snippet:-1, max-image-preview:large, max-video-preview:-1\" \/>\n<link rel=\"canonical\" href=\"https:\/\/matting.se\/en\/produkt\/blossom-frame\/\" \/>\n<meta property=\"og:locale\" content=\"en_US\" \/>\n<meta property=\"og:type\" content=\"article\" \/>\n<meta property=\"og:title\" content=\"BLOSSOM frame - Matting\" \/>\n<meta property=\"og:description\" content=\"BLOSSOM frame - Se Mattings h\u00e5llbara koncept och produkter f\u00f6r publika milj\u00f6er, arbetsplatser och skolor.\" \/>\n<meta property=\"og:url\" content=\"https:\/\/matting.se\/en\/produkt\/blossom-frame\/\" \/>\n<meta property=\"og:site_name\" content=\"Matting\" \/>\n<meta property=\"article:modified_time\" content=\"2024-05-06T08:48:31+00:00\" \/>\n<meta property=\"og:image\" content=\"https:\/\/matting.se\/wp-content\/uploads\/2023\/08\/384047_DESK-FRAME_no_hook_700_white_side.jpg\" \/>\n\t<meta property=\"og:image:width\" content=\"800\" \/>\n\t<meta property=\"og:image:height\" content=\"800\" \/>\n\t<meta property=\"og:image:type\" content=\"image\/jpeg\" \/>\n<meta name=\"twitter:card\" content=\"summary_large_image\" \/>\n<meta name=\"twitter:label1\" content=\"Est. reading time\" \/>\n\t<meta name=\"twitter:data1\" content=\"1 minute\" \/>\n<script type=\"application\/ld+json\" class=\"yoast-schema-graph\">{\"@context\":\"https:\/\/schema.org\",\"@graph\":[{\"@type\":[\"WebPage\",\"ItemPage\"],\"@id\":\"https:\/\/matting.se\/en\/produkt\/blossom-frame\/\",\"url\":\"https:\/\/matting.se\/en\/produkt\/blossom-frame\/\",\"name\":\"BLOSSOM frame - Matting\",\"isPartOf\":{\"@id\":\"https:\/\/matting.se\/en\/#website\"},\"primaryImageOfPage\":{\"@id\":\"https:\/\/matting.se\/en\/produkt\/blossom-frame\/#primaryimage\"},\"image\":{\"@id\":\"https:\/\/matting.se\/en\/produkt\/blossom-frame\/#primaryimage\"},\"thumbnailUrl\":\"https:\/\/matting.se\/wp-content\/uploads\/2023\/08\/384047_DESK-FRAME_no_hook_700_white_side.jpg\",\"datePublished\":\"2023-08-17T12:34:23+00:00\",\"dateModified\":\"2024-05-06T08:48:31+00:00\",\"description\":\"BLOSSOM frame - Se Mattings h\u00e5llbara koncept och produkter f\u00f6r publika milj\u00f6er, arbetsplatser och skolor.\",\"breadcrumb\":{\"@id\":\"https:\/\/matting.se\/en\/produkt\/blossom-frame\/#breadcrumb\"},\"inLanguage\":\"en-US\",\"potentialAction\":[{\"@type\":\"ReadAction\",\"target\":[\"https:\/\/matting.se\/en\/produkt\/blossom-frame\/\"]}]},{\"@type\":\"ImageObject\",\"inLanguage\":\"en-US\",\"@id\":\"https:\/\/matting.se\/en\/produkt\/blossom-frame\/#primaryimage\",\"url\":\"https:\/\/matting.se\/wp-content\/uploads\/2023\/08\/384047_DESK-FRAME_no_hook_700_white_side.jpg\",\"contentUrl\":\"https:\/\/matting.se\/wp-content\/uploads\/2023\/08\/384047_DESK-FRAME_no_hook_700_white_side.jpg\",\"width\":800,\"height\":800,\"caption\":\"StandUp DESK stand 700. Frame 700 fits our smaller DESKTOP and BLOSSOM boards. Without a fixed side hook.\"},{\"@type\":\"BreadcrumbList\",\"@id\":\"https:\/\/matting.se\/en\/produkt\/blossom-frame\/#breadcrumb\",\"itemListElement\":[{\"@type\":\"ListItem\",\"position\":1,\"name\":\"Hem\",\"item\":\"https:\/\/matting.se\/en\/\"},{\"@type\":\"ListItem\",\"position\":2,\"name\":\"Shop\",\"item\":\"https:\/\/matting.se\/shop\/\"},{\"@type\":\"ListItem\",\"position\":3,\"name\":\"Matting Interior\",\"item\":\"https:\/\/matting.se\/en\/produkt-kategori\/matting-interior-en\/\"},{\"@type\":\"ListItem\",\"position\":4,\"name\":\"Tables &amp; accessories\",\"item\":\"https:\/\/matting.se\/en\/produkt-kategori\/matting-interior-en\/tables-accessories-mi\/\"},{\"@type\":\"ListItem\",\"position\":5,\"name\":\"Height-adjustable stands MI\",\"item\":\"https:\/\/matting.se\/en\/produkt-kategori\/matting-interior-en\/tables-accessories-mi\/height-adjustable-stands-mi\/\"},{\"@type\":\"ListItem\",\"position\":6,\"name\":\"BLOSSOM frame\"}]},{\"@type\":\"WebSite\",\"@id\":\"https:\/\/matting.se\/en\/#website\",\"url\":\"https:\/\/matting.se\/en\/\",\"name\":\"Matting\",\"description\":\"\",\"potentialAction\":[{\"@type\":\"SearchAction\",\"target\":{\"@type\":\"EntryPoint\",\"urlTemplate\":\"https:\/\/matting.se\/en\/?s={search_term_string}\"},\"query-input\":{\"@type\":\"PropertyValueSpecification\",\"valueRequired\":true,\"valueName\":\"search_term_string\"}}],\"inLanguage\":\"en-US\"}]}<\/script>\n<!-- \/ Yoast SEO plugin. -->","yoast_head_json":{"title":"BLOSSOM frame - Matting","description":"BLOSSOM frame - Se Mattings h\u00e5llbara koncept och produkter f\u00f6r publika milj\u00f6er, arbetsplatser och skolor.","robots":{"index":"index","follow":"follow","max-snippet":"max-snippet:-1","max-image-preview":"max-image-preview:large","max-video-preview":"max-video-preview:-1"},"canonical":"https:\/\/matting.se\/en\/produkt\/blossom-frame\/","og_locale":"en_US","og_type":"article","og_title":"BLOSSOM frame - Matting","og_description":"BLOSSOM frame - Se Mattings h\u00e5llbara koncept och produkter f\u00f6r publika milj\u00f6er, arbetsplatser och skolor.","og_url":"https:\/\/matting.se\/en\/produkt\/blossom-frame\/","og_site_name":"Matting","article_modified_time":"2024-05-06T08:48:31+00:00","og_image":[{"width":800,"height":800,"url":"https:\/\/matting.se\/wp-content\/uploads\/2023\/08\/384047_DESK-FRAME_no_hook_700_white_side.jpg","type":"image\/jpeg"}],"twitter_card":"summary_large_image","twitter_misc":{"Est. reading time":"1 minute"},"schema":{"@context":"https:\/\/schema.org","@graph":[{"@type":["WebPage","ItemPage"],"@id":"https:\/\/matting.se\/en\/produkt\/blossom-frame\/","url":"https:\/\/matting.se\/en\/produkt\/blossom-frame\/","name":"BLOSSOM frame - Matting","isPartOf":{"@id":"https:\/\/matting.se\/en\/#website"},"primaryImageOfPage":{"@id":"https:\/\/matting.se\/en\/produkt\/blossom-frame\/#primaryimage"},"image":{"@id":"https:\/\/matting.se\/en\/produkt\/blossom-frame\/#primaryimage"},"thumbnailUrl":"https:\/\/matting.se\/wp-content\/uploads\/2023\/08\/384047_DESK-FRAME_no_hook_700_white_side.jpg","datePublished":"2023-08-17T12:34:23+00:00","dateModified":"2024-05-06T08:48:31+00:00","description":"BLOSSOM frame - Se Mattings h\u00e5llbara koncept och produkter f\u00f6r publika milj\u00f6er, arbetsplatser och skolor.","breadcrumb":{"@id":"https:\/\/matting.se\/en\/produkt\/blossom-frame\/#breadcrumb"},"inLanguage":"en-US","potentialAction":[{"@type":"ReadAction","target":["https:\/\/matting.se\/en\/produkt\/blossom-frame\/"]}]},{"@type":"ImageObject","inLanguage":"en-US","@id":"https:\/\/matting.se\/en\/produkt\/blossom-frame\/#primaryimage","url":"https:\/\/matting.se\/wp-content\/uploads\/2023\/08\/384047_DESK-FRAME_no_hook_700_white_side.jpg","contentUrl":"https:\/\/matting.se\/wp-content\/uploads\/2023\/08\/384047_DESK-FRAME_no_hook_700_white_side.jpg","width":800,"height":800,"caption":"StandUp DESK stand 700. Frame 700 fits our smaller DESKTOP and BLOSSOM boards. Without a fixed side hook."},{"@type":"BreadcrumbList","@id":"https:\/\/matting.se\/en\/produkt\/blossom-frame\/#breadcrumb","itemListElement":[{"@type":"ListItem","position":1,"name":"Hem","item":"https:\/\/matting.se\/en\/"},{"@type":"ListItem","position":2,"name":"Shop","item":"https:\/\/matting.se\/shop\/"},{"@type":"ListItem","position":3,"name":"Matting Interior","item":"https:\/\/matting.se\/en\/produkt-kategori\/matting-interior-en\/"},{"@type":"ListItem","position":4,"name":"Tables &amp; accessories","item":"https:\/\/matting.se\/en\/produkt-kategori\/matting-interior-en\/tables-accessories-mi\/"},{"@type":"ListItem","position":5,"name":"Height-adjustable stands MI","item":"https:\/\/matting.se\/en\/produkt-kategori\/matting-interior-en\/tables-accessories-mi\/height-adjustable-stands-mi\/"},{"@type":"ListItem","position":6,"name":"BLOSSOM frame"}]},{"@type":"WebSite","@id":"https:\/\/matting.se\/en\/#website","url":"https:\/\/matting.se\/en\/","name":"Matting","description":"","potentialAction":[{"@type":"SearchAction","target":{"@type":"EntryPoint","urlTemplate":"https:\/\/matting.se\/en\/?s={search_term_string}"},"query-input":{"@type":"PropertyValueSpecification","valueRequired":true,"valueName":"search_term_string"}}],"inLanguage":"en-US"}]}},"_links":{"self":[{"href":"https:\/\/matting.se\/en\/wp-json\/wp\/v2\/product\/251041","targetHints":{"allow":["GET"]}}],"collection":[{"href":"https:\/\/matting.se\/en\/wp-json\/wp\/v2\/product"}],"about":[{"href":"https:\/\/matting.se\/en\/wp-json\/wp\/v2\/types\/product"}],"wp:featuredmedia":[{"embeddable":true,"href":"https:\/\/matting.se\/en\/wp-json\/wp\/v2\/media\/243014"}],"wp:attachment":[{"href":"https:\/\/matting.se\/en\/wp-json\/wp\/v2\/media?parent=251041"}],"wp:term":[{"taxonomy":"product_brand","embeddable":true,"href":"https:\/\/matting.se\/en\/wp-json\/wp\/v2\/product_brand?post=251041"},{"taxonomy":"product_cat","embeddable":true,"href":"https:\/\/matting.se\/en\/wp-json\/wp\/v2\/product_cat?post=251041"},{"taxonomy":"product_tag","embeddable":true,"href":"https:\/\/matting.se\/en\/wp-json\/wp\/v2\/product_tag?post=251041"}],"curies":[{"name":"wp","href":"https:\/\/api.w.org\/{rel}","templated":true}]}}