{"id":250302,"date":"2022-02-03T07:39:06","date_gmt":"2022-02-03T06:39:06","guid":{"rendered":"https:\/\/matting.se\/produkt\/choice-chair\/"},"modified":"2024-03-12T16:05:02","modified_gmt":"2024-03-12T15:05:02","slug":"choice-chair","status":"publish","type":"product","link":"https:\/\/matting.se\/en\/produkt\/choice-chair\/","title":{"rendered":"CHOICE chair"},"content":{"rendered":"<p>The StandUp CHOICE chair is designed with new generation design in function and aesthetics. The CHOICE chair makes it easy to switch between standing and resting for a healthy and active lifestyle. CHOICE has a movable seat and flexible seat height, specifically designed for height-adjustable tables. With its simple and Scandinavian design, the CHOICE chair fits in many different environments. CHOICE is stackable and easy to put away. Maximum weight 130 kg.<\/p>\n<p>&#8211; Optional flexible seat height<br \/>\n&#8211; Removable padded seat with Velcro fastener<br \/>\n&#8211; Mobility of the seat<br \/>\n&#8211; Prevents a static sitting position<br \/>\n&#8211; Convenient and easy to put away<br \/>\n&#8211; Stackable and easy to stow away<br \/>\n&#8211; Replaceable parts and reusable for long life<br \/>\n&#8211; 5-year warranty<\/p>\n<p>An optional upholstered seat cushion is available in several fabrics and colors.<\/p>\n<p>StandUp CHOICE is made in Sweden with sustainable materials.<br \/>\nDesign: Dan Ihreborn.<\/p>\n<p><a href=\"https:\/\/matting.se\/wp-content\/uploads\/2024\/02\/MATTING-INTERIOR_2024_SE.pdf\" target=\"_blank\" rel=\"noopener\">Brochure MATTING INTERIOR<\/a><br \/>\n<a href=\"https:\/\/matting.se\/wp-content\/uploads\/2022\/03\/StandUp-CHOICE-broschyr_SE.pdf\" target=\"_blank\" rel=\"noopener\">StandUp CHOICE brochure<\/a><\/p>\n","protected":false},"excerpt":{"rendered":"<p>The StandUp CHOICE chair is designed with new generation design in function and aesthetics. The CHOICE chair makes it easy to switch between standing and resting for a healthy and active lifestyle. CHOICE has a movable seat and flexible seat height, specifically designed for height-adjustable tables. With its simple and Scandinavian design, the CHOICE chair [&hellip;]<\/p>\n","protected":false},"featured_media":240908,"template":"","meta":{"_et_pb_use_builder":"","_et_pb_old_content":"","_et_gb_content_width":""},"product_brand":[],"product_cat":[232,190,233,288],"product_tag":[],"class_list":{"0":"post-250302","1":"product","2":"type-product","3":"status-publish","4":"has-post-thumbnail","6":"product_cat-furniture","7":"product_cat-matting-interior-en","8":"product_cat-seating-furniture-mi","9":"product_cat-chair-mi","11":"first","12":"instock","13":"taxable","14":"shipping-taxable","15":"purchasable","16":"product-type-variable","17":"has-default-attributes"},"yoast_head":"<!-- This site is optimized with the Yoast SEO plugin v25.6 - https:\/\/yoast.com\/wordpress\/plugins\/seo\/ -->\n<title>CHOICE chair - Matting<\/title>\n<meta name=\"description\" content=\"CHOICE chair - Se Mattings h\u00e5llbara koncept och produkter f\u00f6r publika milj\u00f6er, arbetsplatser och skolor.\" \/>\n<meta name=\"robots\" content=\"index, follow, max-snippet:-1, max-image-preview:large, max-video-preview:-1\" \/>\n<link rel=\"canonical\" href=\"https:\/\/matting.se\/en\/produkt\/choice-chair\/\" \/>\n<meta property=\"og:locale\" content=\"en_US\" \/>\n<meta property=\"og:type\" content=\"article\" \/>\n<meta property=\"og:title\" content=\"CHOICE chair - Matting\" \/>\n<meta property=\"og:description\" content=\"CHOICE chair - Se Mattings h\u00e5llbara koncept och produkter f\u00f6r publika milj\u00f6er, arbetsplatser och skolor.\" \/>\n<meta property=\"og:url\" content=\"https:\/\/matting.se\/en\/produkt\/choice-chair\/\" \/>\n<meta property=\"og:site_name\" content=\"Matting\" \/>\n<meta property=\"article:modified_time\" content=\"2024-03-12T15:05:02+00:00\" \/>\n<meta property=\"og:image\" content=\"https:\/\/matting.se\/wp-content\/uploads\/2022\/02\/CHOICES_chair_sandstone_front.gif\" \/>\n\t<meta property=\"og:image:width\" content=\"800\" \/>\n\t<meta property=\"og:image:height\" content=\"800\" \/>\n\t<meta property=\"og:image:type\" content=\"image\/gif\" \/>\n<meta name=\"twitter:card\" content=\"summary_large_image\" \/>\n<meta name=\"twitter:label1\" content=\"Est. reading time\" \/>\n\t<meta name=\"twitter:data1\" content=\"1 minute\" \/>\n<script type=\"application\/ld+json\" class=\"yoast-schema-graph\">{\"@context\":\"https:\/\/schema.org\",\"@graph\":[{\"@type\":[\"WebPage\",\"ItemPage\"],\"@id\":\"https:\/\/matting.se\/en\/produkt\/choice-chair\/\",\"url\":\"https:\/\/matting.se\/en\/produkt\/choice-chair\/\",\"name\":\"CHOICE chair - Matting\",\"isPartOf\":{\"@id\":\"https:\/\/matting.se\/en\/#website\"},\"primaryImageOfPage\":{\"@id\":\"https:\/\/matting.se\/en\/produkt\/choice-chair\/#primaryimage\"},\"image\":{\"@id\":\"https:\/\/matting.se\/en\/produkt\/choice-chair\/#primaryimage\"},\"thumbnailUrl\":\"https:\/\/matting.se\/wp-content\/uploads\/2022\/02\/CHOICES_chair_sandstone_front.gif\",\"datePublished\":\"2022-02-03T06:39:06+00:00\",\"dateModified\":\"2024-03-12T15:05:02+00:00\",\"description\":\"CHOICE chair - Se Mattings h\u00e5llbara koncept och produkter f\u00f6r publika milj\u00f6er, arbetsplatser och skolor.\",\"breadcrumb\":{\"@id\":\"https:\/\/matting.se\/en\/produkt\/choice-chair\/#breadcrumb\"},\"inLanguage\":\"en-US\",\"potentialAction\":[{\"@type\":\"ReadAction\",\"target\":[\"https:\/\/matting.se\/en\/produkt\/choice-chair\/\"]}]},{\"@type\":\"ImageObject\",\"inLanguage\":\"en-US\",\"@id\":\"https:\/\/matting.se\/en\/produkt\/choice-chair\/#primaryimage\",\"url\":\"https:\/\/matting.se\/wp-content\/uploads\/2022\/02\/CHOICES_chair_sandstone_front.gif\",\"contentUrl\":\"https:\/\/matting.se\/wp-content\/uploads\/2022\/02\/CHOICES_chair_sandstone_front.gif\",\"width\":800,\"height\":800},{\"@type\":\"BreadcrumbList\",\"@id\":\"https:\/\/matting.se\/en\/produkt\/choice-chair\/#breadcrumb\",\"itemListElement\":[{\"@type\":\"ListItem\",\"position\":1,\"name\":\"Hem\",\"item\":\"https:\/\/matting.se\/en\/\"},{\"@type\":\"ListItem\",\"position\":2,\"name\":\"Shop\",\"item\":\"https:\/\/matting.se\/shop\/\"},{\"@type\":\"ListItem\",\"position\":3,\"name\":\"Matting Interior\",\"item\":\"https:\/\/matting.se\/en\/produkt-kategori\/matting-interior-en\/\"},{\"@type\":\"ListItem\",\"position\":4,\"name\":\"Seating furniture\",\"item\":\"https:\/\/matting.se\/en\/produkt-kategori\/matting-interior-en\/seating-furniture-mi\/\"},{\"@type\":\"ListItem\",\"position\":5,\"name\":\"Chair Mi\",\"item\":\"https:\/\/matting.se\/en\/produkt-kategori\/matting-interior-en\/seating-furniture-mi\/chair-mi\/\"},{\"@type\":\"ListItem\",\"position\":6,\"name\":\"CHOICE chair\"}]},{\"@type\":\"WebSite\",\"@id\":\"https:\/\/matting.se\/en\/#website\",\"url\":\"https:\/\/matting.se\/en\/\",\"name\":\"Matting\",\"description\":\"\",\"potentialAction\":[{\"@type\":\"SearchAction\",\"target\":{\"@type\":\"EntryPoint\",\"urlTemplate\":\"https:\/\/matting.se\/en\/?s={search_term_string}\"},\"query-input\":{\"@type\":\"PropertyValueSpecification\",\"valueRequired\":true,\"valueName\":\"search_term_string\"}}],\"inLanguage\":\"en-US\"}]}<\/script>\n<!-- \/ Yoast SEO plugin. -->","yoast_head_json":{"title":"CHOICE chair - Matting","description":"CHOICE chair - Se Mattings h\u00e5llbara koncept och produkter f\u00f6r publika milj\u00f6er, arbetsplatser och skolor.","robots":{"index":"index","follow":"follow","max-snippet":"max-snippet:-1","max-image-preview":"max-image-preview:large","max-video-preview":"max-video-preview:-1"},"canonical":"https:\/\/matting.se\/en\/produkt\/choice-chair\/","og_locale":"en_US","og_type":"article","og_title":"CHOICE chair - Matting","og_description":"CHOICE chair - Se Mattings h\u00e5llbara koncept och produkter f\u00f6r publika milj\u00f6er, arbetsplatser och skolor.","og_url":"https:\/\/matting.se\/en\/produkt\/choice-chair\/","og_site_name":"Matting","article_modified_time":"2024-03-12T15:05:02+00:00","og_image":[{"width":800,"height":800,"url":"https:\/\/matting.se\/wp-content\/uploads\/2022\/02\/CHOICES_chair_sandstone_front.gif","type":"image\/gif"}],"twitter_card":"summary_large_image","twitter_misc":{"Est. reading time":"1 minute"},"schema":{"@context":"https:\/\/schema.org","@graph":[{"@type":["WebPage","ItemPage"],"@id":"https:\/\/matting.se\/en\/produkt\/choice-chair\/","url":"https:\/\/matting.se\/en\/produkt\/choice-chair\/","name":"CHOICE chair - Matting","isPartOf":{"@id":"https:\/\/matting.se\/en\/#website"},"primaryImageOfPage":{"@id":"https:\/\/matting.se\/en\/produkt\/choice-chair\/#primaryimage"},"image":{"@id":"https:\/\/matting.se\/en\/produkt\/choice-chair\/#primaryimage"},"thumbnailUrl":"https:\/\/matting.se\/wp-content\/uploads\/2022\/02\/CHOICES_chair_sandstone_front.gif","datePublished":"2022-02-03T06:39:06+00:00","dateModified":"2024-03-12T15:05:02+00:00","description":"CHOICE chair - Se Mattings h\u00e5llbara koncept och produkter f\u00f6r publika milj\u00f6er, arbetsplatser och skolor.","breadcrumb":{"@id":"https:\/\/matting.se\/en\/produkt\/choice-chair\/#breadcrumb"},"inLanguage":"en-US","potentialAction":[{"@type":"ReadAction","target":["https:\/\/matting.se\/en\/produkt\/choice-chair\/"]}]},{"@type":"ImageObject","inLanguage":"en-US","@id":"https:\/\/matting.se\/en\/produkt\/choice-chair\/#primaryimage","url":"https:\/\/matting.se\/wp-content\/uploads\/2022\/02\/CHOICES_chair_sandstone_front.gif","contentUrl":"https:\/\/matting.se\/wp-content\/uploads\/2022\/02\/CHOICES_chair_sandstone_front.gif","width":800,"height":800},{"@type":"BreadcrumbList","@id":"https:\/\/matting.se\/en\/produkt\/choice-chair\/#breadcrumb","itemListElement":[{"@type":"ListItem","position":1,"name":"Hem","item":"https:\/\/matting.se\/en\/"},{"@type":"ListItem","position":2,"name":"Shop","item":"https:\/\/matting.se\/shop\/"},{"@type":"ListItem","position":3,"name":"Matting Interior","item":"https:\/\/matting.se\/en\/produkt-kategori\/matting-interior-en\/"},{"@type":"ListItem","position":4,"name":"Seating furniture","item":"https:\/\/matting.se\/en\/produkt-kategori\/matting-interior-en\/seating-furniture-mi\/"},{"@type":"ListItem","position":5,"name":"Chair Mi","item":"https:\/\/matting.se\/en\/produkt-kategori\/matting-interior-en\/seating-furniture-mi\/chair-mi\/"},{"@type":"ListItem","position":6,"name":"CHOICE chair"}]},{"@type":"WebSite","@id":"https:\/\/matting.se\/en\/#website","url":"https:\/\/matting.se\/en\/","name":"Matting","description":"","potentialAction":[{"@type":"SearchAction","target":{"@type":"EntryPoint","urlTemplate":"https:\/\/matting.se\/en\/?s={search_term_string}"},"query-input":{"@type":"PropertyValueSpecification","valueRequired":true,"valueName":"search_term_string"}}],"inLanguage":"en-US"}]}},"_links":{"self":[{"href":"https:\/\/matting.se\/en\/wp-json\/wp\/v2\/product\/250302","targetHints":{"allow":["GET"]}}],"collection":[{"href":"https:\/\/matting.se\/en\/wp-json\/wp\/v2\/product"}],"about":[{"href":"https:\/\/matting.se\/en\/wp-json\/wp\/v2\/types\/product"}],"wp:featuredmedia":[{"embeddable":true,"href":"https:\/\/matting.se\/en\/wp-json\/wp\/v2\/media\/240908"}],"wp:attachment":[{"href":"https:\/\/matting.se\/en\/wp-json\/wp\/v2\/media?parent=250302"}],"wp:term":[{"taxonomy":"product_brand","embeddable":true,"href":"https:\/\/matting.se\/en\/wp-json\/wp\/v2\/product_brand?post=250302"},{"taxonomy":"product_cat","embeddable":true,"href":"https:\/\/matting.se\/en\/wp-json\/wp\/v2\/product_cat?post=250302"},{"taxonomy":"product_tag","embeddable":true,"href":"https:\/\/matting.se\/en\/wp-json\/wp\/v2\/product_tag?post=250302"}],"curies":[{"name":"wp","href":"https:\/\/api.w.org\/{rel}","templated":true}]}}