{"id":250199,"date":"2023-08-17T13:34:29","date_gmt":"2023-08-17T12:34:29","guid":{"rendered":"https:\/\/matting.se\/produkt\/lissabon-desk-lamp\/"},"modified":"2024-03-07T13:32:36","modified_gmt":"2024-03-07T12:32:36","slug":"lissabon-desk-lamp","status":"publish","type":"product","link":"https:\/\/matting.se\/en\/produkt\/lissabon-desk-lamp\/","title":{"rendered":"LISSABON desk lamp"},"content":{"rendered":"<p class=\"p1\">LISSABON is a functional, practical and stylish desk lamp. The lamp is flexible and can be turned in all directions. With a thin and sleek table base. A clamping bracket is available as an option.<\/p>\n","protected":false},"excerpt":{"rendered":"<p>LISSABON is a functional, practical and stylish desk lamp. The lamp is flexible and can be turned in all directions. With a thin and sleek table base. A clamping bracket is available as an option.<\/p>\n","protected":false},"featured_media":241745,"template":"","meta":{"_et_pb_use_builder":"","_et_pb_old_content":"","_et_gb_content_width":""},"product_brand":[],"product_cat":[254,190,257,258],"product_tag":[],"class_list":{"0":"post-250199","1":"product","2":"type-product","3":"status-publish","4":"has-post-thumbnail","6":"product_cat-desktop-lighting","7":"product_cat-matting-interior-en","8":"product_cat-lighting-mi","9":"product_cat-desktop-lighting-mi","11":"first","12":"instock","13":"taxable","14":"shipping-taxable","15":"purchasable","16":"product-type-variable","17":"has-default-attributes"},"yoast_head":"<!-- This site is optimized with the Yoast SEO plugin v25.6 - https:\/\/yoast.com\/wordpress\/plugins\/seo\/ -->\n<title>LISSABON desk lamp - Matting<\/title>\n<meta name=\"description\" content=\"LISSABON desk lamp - Se Mattings h\u00e5llbara koncept och produkter f\u00f6r publika milj\u00f6er, arbetsplatser och skolor.\" \/>\n<meta name=\"robots\" content=\"index, follow, max-snippet:-1, max-image-preview:large, max-video-preview:-1\" \/>\n<link rel=\"canonical\" href=\"https:\/\/matting.se\/en\/produkt\/lissabon-desk-lamp\/\" \/>\n<meta property=\"og:locale\" content=\"en_US\" \/>\n<meta property=\"og:type\" content=\"article\" \/>\n<meta property=\"og:title\" content=\"LISSABON desk lamp - Matting\" \/>\n<meta property=\"og:description\" content=\"LISSABON desk lamp - Se Mattings h\u00e5llbara koncept och produkter f\u00f6r publika milj\u00f6er, arbetsplatser och skolor.\" \/>\n<meta property=\"og:url\" content=\"https:\/\/matting.se\/en\/produkt\/lissabon-desk-lamp\/\" \/>\n<meta property=\"og:site_name\" content=\"Matting\" \/>\n<meta property=\"article:modified_time\" content=\"2024-03-07T12:32:36+00:00\" \/>\n<meta property=\"og:image\" content=\"https:\/\/matting.se\/wp-content\/uploads\/2023\/08\/775925_LISSABON_skrivbordslampa_black_side.jpg\" \/>\n\t<meta property=\"og:image:width\" content=\"800\" \/>\n\t<meta property=\"og:image:height\" content=\"800\" \/>\n\t<meta property=\"og:image:type\" content=\"image\/jpeg\" \/>\n<meta name=\"twitter:card\" content=\"summary_large_image\" \/>\n<script type=\"application\/ld+json\" class=\"yoast-schema-graph\">{\"@context\":\"https:\/\/schema.org\",\"@graph\":[{\"@type\":[\"WebPage\",\"ItemPage\"],\"@id\":\"https:\/\/matting.se\/en\/produkt\/lissabon-desk-lamp\/\",\"url\":\"https:\/\/matting.se\/en\/produkt\/lissabon-desk-lamp\/\",\"name\":\"LISSABON desk lamp - Matting\",\"isPartOf\":{\"@id\":\"https:\/\/matting.se\/en\/#website\"},\"primaryImageOfPage\":{\"@id\":\"https:\/\/matting.se\/en\/produkt\/lissabon-desk-lamp\/#primaryimage\"},\"image\":{\"@id\":\"https:\/\/matting.se\/en\/produkt\/lissabon-desk-lamp\/#primaryimage\"},\"thumbnailUrl\":\"https:\/\/matting.se\/wp-content\/uploads\/2023\/08\/775925_LISSABON_skrivbordslampa_black_side.jpg\",\"datePublished\":\"2023-08-17T12:34:29+00:00\",\"dateModified\":\"2024-03-07T12:32:36+00:00\",\"description\":\"LISSABON desk lamp - Se Mattings h\u00e5llbara koncept och produkter f\u00f6r publika milj\u00f6er, arbetsplatser och skolor.\",\"breadcrumb\":{\"@id\":\"https:\/\/matting.se\/en\/produkt\/lissabon-desk-lamp\/#breadcrumb\"},\"inLanguage\":\"en-US\",\"potentialAction\":[{\"@type\":\"ReadAction\",\"target\":[\"https:\/\/matting.se\/en\/produkt\/lissabon-desk-lamp\/\"]}]},{\"@type\":\"ImageObject\",\"inLanguage\":\"en-US\",\"@id\":\"https:\/\/matting.se\/en\/produkt\/lissabon-desk-lamp\/#primaryimage\",\"url\":\"https:\/\/matting.se\/wp-content\/uploads\/2023\/08\/775925_LISSABON_skrivbordslampa_black_side.jpg\",\"contentUrl\":\"https:\/\/matting.se\/wp-content\/uploads\/2023\/08\/775925_LISSABON_skrivbordslampa_black_side.jpg\",\"width\":800,\"height\":800,\"caption\":\"LISSABON desk lamp LISSABON is a functional, practical and stylish desk lamp.\"},{\"@type\":\"BreadcrumbList\",\"@id\":\"https:\/\/matting.se\/en\/produkt\/lissabon-desk-lamp\/#breadcrumb\",\"itemListElement\":[{\"@type\":\"ListItem\",\"position\":1,\"name\":\"Hem\",\"item\":\"https:\/\/matting.se\/en\/\"},{\"@type\":\"ListItem\",\"position\":2,\"name\":\"Shop\",\"item\":\"https:\/\/matting.se\/shop\/\"},{\"@type\":\"ListItem\",\"position\":3,\"name\":\"Belysning\",\"item\":\"https:\/\/matting.se\/produkt-kategori\/belysning\/\"},{\"@type\":\"ListItem\",\"position\":4,\"name\":\"Desktop lighting\",\"item\":\"https:\/\/matting.se\/en\/produkt-kategori\/desktop-lighting\/\"},{\"@type\":\"ListItem\",\"position\":5,\"name\":\"LISSABON desk lamp\"}]},{\"@type\":\"WebSite\",\"@id\":\"https:\/\/matting.se\/en\/#website\",\"url\":\"https:\/\/matting.se\/en\/\",\"name\":\"Matting\",\"description\":\"\",\"potentialAction\":[{\"@type\":\"SearchAction\",\"target\":{\"@type\":\"EntryPoint\",\"urlTemplate\":\"https:\/\/matting.se\/en\/?s={search_term_string}\"},\"query-input\":{\"@type\":\"PropertyValueSpecification\",\"valueRequired\":true,\"valueName\":\"search_term_string\"}}],\"inLanguage\":\"en-US\"}]}<\/script>\n<!-- \/ Yoast SEO plugin. -->","yoast_head_json":{"title":"LISSABON desk lamp - Matting","description":"LISSABON desk lamp - Se Mattings h\u00e5llbara koncept och produkter f\u00f6r publika milj\u00f6er, arbetsplatser och skolor.","robots":{"index":"index","follow":"follow","max-snippet":"max-snippet:-1","max-image-preview":"max-image-preview:large","max-video-preview":"max-video-preview:-1"},"canonical":"https:\/\/matting.se\/en\/produkt\/lissabon-desk-lamp\/","og_locale":"en_US","og_type":"article","og_title":"LISSABON desk lamp - Matting","og_description":"LISSABON desk lamp - Se Mattings h\u00e5llbara koncept och produkter f\u00f6r publika milj\u00f6er, arbetsplatser och skolor.","og_url":"https:\/\/matting.se\/en\/produkt\/lissabon-desk-lamp\/","og_site_name":"Matting","article_modified_time":"2024-03-07T12:32:36+00:00","og_image":[{"width":800,"height":800,"url":"https:\/\/matting.se\/wp-content\/uploads\/2023\/08\/775925_LISSABON_skrivbordslampa_black_side.jpg","type":"image\/jpeg"}],"twitter_card":"summary_large_image","schema":{"@context":"https:\/\/schema.org","@graph":[{"@type":["WebPage","ItemPage"],"@id":"https:\/\/matting.se\/en\/produkt\/lissabon-desk-lamp\/","url":"https:\/\/matting.se\/en\/produkt\/lissabon-desk-lamp\/","name":"LISSABON desk lamp - Matting","isPartOf":{"@id":"https:\/\/matting.se\/en\/#website"},"primaryImageOfPage":{"@id":"https:\/\/matting.se\/en\/produkt\/lissabon-desk-lamp\/#primaryimage"},"image":{"@id":"https:\/\/matting.se\/en\/produkt\/lissabon-desk-lamp\/#primaryimage"},"thumbnailUrl":"https:\/\/matting.se\/wp-content\/uploads\/2023\/08\/775925_LISSABON_skrivbordslampa_black_side.jpg","datePublished":"2023-08-17T12:34:29+00:00","dateModified":"2024-03-07T12:32:36+00:00","description":"LISSABON desk lamp - Se Mattings h\u00e5llbara koncept och produkter f\u00f6r publika milj\u00f6er, arbetsplatser och skolor.","breadcrumb":{"@id":"https:\/\/matting.se\/en\/produkt\/lissabon-desk-lamp\/#breadcrumb"},"inLanguage":"en-US","potentialAction":[{"@type":"ReadAction","target":["https:\/\/matting.se\/en\/produkt\/lissabon-desk-lamp\/"]}]},{"@type":"ImageObject","inLanguage":"en-US","@id":"https:\/\/matting.se\/en\/produkt\/lissabon-desk-lamp\/#primaryimage","url":"https:\/\/matting.se\/wp-content\/uploads\/2023\/08\/775925_LISSABON_skrivbordslampa_black_side.jpg","contentUrl":"https:\/\/matting.se\/wp-content\/uploads\/2023\/08\/775925_LISSABON_skrivbordslampa_black_side.jpg","width":800,"height":800,"caption":"LISSABON desk lamp LISSABON is a functional, practical and stylish desk lamp."},{"@type":"BreadcrumbList","@id":"https:\/\/matting.se\/en\/produkt\/lissabon-desk-lamp\/#breadcrumb","itemListElement":[{"@type":"ListItem","position":1,"name":"Hem","item":"https:\/\/matting.se\/en\/"},{"@type":"ListItem","position":2,"name":"Shop","item":"https:\/\/matting.se\/shop\/"},{"@type":"ListItem","position":3,"name":"Belysning","item":"https:\/\/matting.se\/produkt-kategori\/belysning\/"},{"@type":"ListItem","position":4,"name":"Desktop lighting","item":"https:\/\/matting.se\/en\/produkt-kategori\/desktop-lighting\/"},{"@type":"ListItem","position":5,"name":"LISSABON desk lamp"}]},{"@type":"WebSite","@id":"https:\/\/matting.se\/en\/#website","url":"https:\/\/matting.se\/en\/","name":"Matting","description":"","potentialAction":[{"@type":"SearchAction","target":{"@type":"EntryPoint","urlTemplate":"https:\/\/matting.se\/en\/?s={search_term_string}"},"query-input":{"@type":"PropertyValueSpecification","valueRequired":true,"valueName":"search_term_string"}}],"inLanguage":"en-US"}]}},"_links":{"self":[{"href":"https:\/\/matting.se\/en\/wp-json\/wp\/v2\/product\/250199","targetHints":{"allow":["GET"]}}],"collection":[{"href":"https:\/\/matting.se\/en\/wp-json\/wp\/v2\/product"}],"about":[{"href":"https:\/\/matting.se\/en\/wp-json\/wp\/v2\/types\/product"}],"wp:featuredmedia":[{"embeddable":true,"href":"https:\/\/matting.se\/en\/wp-json\/wp\/v2\/media\/241745"}],"wp:attachment":[{"href":"https:\/\/matting.se\/en\/wp-json\/wp\/v2\/media?parent=250199"}],"wp:term":[{"taxonomy":"product_brand","embeddable":true,"href":"https:\/\/matting.se\/en\/wp-json\/wp\/v2\/product_brand?post=250199"},{"taxonomy":"product_cat","embeddable":true,"href":"https:\/\/matting.se\/en\/wp-json\/wp\/v2\/product_cat?post=250199"},{"taxonomy":"product_tag","embeddable":true,"href":"https:\/\/matting.se\/en\/wp-json\/wp\/v2\/product_tag?post=250199"}],"curies":[{"name":"wp","href":"https:\/\/api.w.org\/{rel}","templated":true}]}}