{"id":247728,"date":"2023-09-08T11:00:50","date_gmt":"2023-09-08T10:00:50","guid":{"rendered":"https:\/\/matting.se\/produkt\/blossom-disk\/"},"modified":"2024-02-27T16:53:26","modified_gmt":"2024-02-27T15:53:26","slug":"blossom-disk","status":"publish","type":"product","link":"https:\/\/matting.se\/en\/produkt\/blossom-disk\/","title":{"rendered":"BLOSSOM disk"},"content":{"rendered":"<p class=\"p1\"><strong>BLOSSOM<\/strong> is part of our height-adjustable StandUp table series without electricity. The table is raised and lowered easily, quickly and silently with a gas spring via the lever on the side and is designed to blossom into different formations. The top can be turned in two different directions to create group tables, project areas and different formations that are adapted to the room and can be moved around as needed. BLOSSOM is a flexible desk, the same desk can be used both as a single desk or to form a group desk. The desk is suitable for the workplace, conference areas or the classroom.<\/p>\n<p class=\"p1\">The desk is designed with sustainability in mind, with no cords or environmentally harmful batteries.<\/p>\n<ul>\n<li class=\"p1\">BLOSSOM is available with a straight or chamfered edge and is available in several variants and materials. Choose the material, the color of the panel and the edging.<\/li>\n<li class=\"p1\">Wheels in the front legs and a folding top are available as options for the frame.<\/li>\n<li class=\"p1\">Choose the color of <a href=\"https:\/\/matting.se\/produkt\/blossom-stativ\/\" target=\"_blank\" rel=\"noopener\"><br \/>\n  <strong>BLOSSOM stand<\/strong><br \/>\n<\/a>.<\/li>\n<\/ul>\n<p class=\"p1\">Designed by Dan Ihreborn.<\/p>\n<p>Choose from our different materials and whether you want a straight (chipboard) or bevelled edge (mdf):<\/p>\n<ul>\n<li>DESKTOP LINOLEUM DT<\/li>\n<li>LAMINATE LM<\/li>\n<li>HIGH PRESSURE LAMINATE HPL<\/li>\n<li>MARMOLEUM DECIBEL MD (soundproofing)<\/li>\n<li>ACOUSTIC LAMINATE SLS (sound deadening)<\/li>\n<\/ul>\n","protected":false},"excerpt":{"rendered":"<p>BLOSSOM is part of our height-adjustable StandUp table series without electricity. The table is raised and lowered easily, quickly and silently with a gas spring via the lever on the side and is designed to blossom into different formations. The top can be turned in two different directions to create group tables, project areas and [&hellip;]<\/p>\n","protected":false},"featured_media":244451,"template":"","meta":{"_et_pb_use_builder":"","_et_pb_old_content":"","_et_gb_content_width":""},"product_brand":[],"product_cat":[190,198,304],"product_tag":[],"class_list":{"0":"post-247728","1":"product","2":"type-product","3":"status-publish","4":"has-post-thumbnail","6":"product_cat-matting-interior-en","7":"product_cat-tables-accessories-mi","8":"product_cat-table-tops-mi","10":"first","11":"instock","12":"taxable","13":"shipping-taxable","14":"purchasable","15":"product-type-variable","16":"has-default-attributes"},"yoast_head":"<!-- This site is optimized with the Yoast SEO plugin v25.6 - https:\/\/yoast.com\/wordpress\/plugins\/seo\/ -->\n<title>BLOSSOM disk - Matting<\/title>\n<meta name=\"description\" content=\"BLOSSOM disk - Se Mattings h\u00e5llbara koncept och produkter f\u00f6r publika milj\u00f6er, arbetsplatser och skolor.\" \/>\n<meta name=\"robots\" content=\"index, follow, max-snippet:-1, max-image-preview:large, max-video-preview:-1\" \/>\n<link rel=\"canonical\" href=\"https:\/\/matting.se\/en\/produkt\/blossom-disk\/\" \/>\n<meta property=\"og:locale\" content=\"en_US\" \/>\n<meta property=\"og:type\" content=\"article\" \/>\n<meta property=\"og:title\" content=\"BLOSSOM disk - Matting\" \/>\n<meta property=\"og:description\" content=\"BLOSSOM disk - Se Mattings h\u00e5llbara koncept och produkter f\u00f6r publika milj\u00f6er, arbetsplatser och skolor.\" \/>\n<meta property=\"og:url\" content=\"https:\/\/matting.se\/en\/produkt\/blossom-disk\/\" \/>\n<meta property=\"og:site_name\" content=\"Matting\" \/>\n<meta property=\"article:modified_time\" content=\"2024-02-27T15:53:26+00:00\" \/>\n<meta property=\"og:image\" content=\"https:\/\/matting.se\/wp-content\/uploads\/2023\/09\/385100_BLOSSOM_DESKTOP_linoleum_optional_side.jpg\" \/>\n\t<meta property=\"og:image:width\" content=\"800\" \/>\n\t<meta property=\"og:image:height\" content=\"800\" \/>\n\t<meta property=\"og:image:type\" content=\"image\/jpeg\" \/>\n<meta name=\"twitter:card\" content=\"summary_large_image\" \/>\n<meta name=\"twitter:label1\" content=\"Est. reading time\" \/>\n\t<meta name=\"twitter:data1\" content=\"2 minutes\" \/>\n<script type=\"application\/ld+json\" class=\"yoast-schema-graph\">{\"@context\":\"https:\/\/schema.org\",\"@graph\":[{\"@type\":[\"WebPage\",\"ItemPage\"],\"@id\":\"https:\/\/matting.se\/en\/produkt\/blossom-disk\/\",\"url\":\"https:\/\/matting.se\/en\/produkt\/blossom-disk\/\",\"name\":\"BLOSSOM disk - Matting\",\"isPartOf\":{\"@id\":\"https:\/\/matting.se\/en\/#website\"},\"primaryImageOfPage\":{\"@id\":\"https:\/\/matting.se\/en\/produkt\/blossom-disk\/#primaryimage\"},\"image\":{\"@id\":\"https:\/\/matting.se\/en\/produkt\/blossom-disk\/#primaryimage\"},\"thumbnailUrl\":\"https:\/\/matting.se\/wp-content\/uploads\/2023\/09\/385100_BLOSSOM_DESKTOP_linoleum_optional_side.jpg\",\"datePublished\":\"2023-09-08T10:00:50+00:00\",\"dateModified\":\"2024-02-27T15:53:26+00:00\",\"description\":\"BLOSSOM disk - Se Mattings h\u00e5llbara koncept och produkter f\u00f6r publika milj\u00f6er, arbetsplatser och skolor.\",\"breadcrumb\":{\"@id\":\"https:\/\/matting.se\/en\/produkt\/blossom-disk\/#breadcrumb\"},\"inLanguage\":\"en-US\",\"potentialAction\":[{\"@type\":\"ReadAction\",\"target\":[\"https:\/\/matting.se\/en\/produkt\/blossom-disk\/\"]}]},{\"@type\":\"ImageObject\",\"inLanguage\":\"en-US\",\"@id\":\"https:\/\/matting.se\/en\/produkt\/blossom-disk\/#primaryimage\",\"url\":\"https:\/\/matting.se\/wp-content\/uploads\/2023\/09\/385100_BLOSSOM_DESKTOP_linoleum_optional_side.jpg\",\"contentUrl\":\"https:\/\/matting.se\/wp-content\/uploads\/2023\/09\/385100_BLOSSOM_DESKTOP_linoleum_optional_side.jpg\",\"width\":800,\"height\":800,\"caption\":\"The BLOSSOM table top is designed to blossom in different formations. Part of the StandUp DESK series.\"},{\"@type\":\"BreadcrumbList\",\"@id\":\"https:\/\/matting.se\/en\/produkt\/blossom-disk\/#breadcrumb\",\"itemListElement\":[{\"@type\":\"ListItem\",\"position\":1,\"name\":\"Hem\",\"item\":\"https:\/\/matting.se\/en\/\"},{\"@type\":\"ListItem\",\"position\":2,\"name\":\"Shop\",\"item\":\"https:\/\/matting.se\/shop\/\"},{\"@type\":\"ListItem\",\"position\":3,\"name\":\"Matting Interior\",\"item\":\"https:\/\/matting.se\/en\/produkt-kategori\/matting-interior-en\/\"},{\"@type\":\"ListItem\",\"position\":4,\"name\":\"BLOSSOM disk\"}]},{\"@type\":\"WebSite\",\"@id\":\"https:\/\/matting.se\/en\/#website\",\"url\":\"https:\/\/matting.se\/en\/\",\"name\":\"Matting\",\"description\":\"\",\"potentialAction\":[{\"@type\":\"SearchAction\",\"target\":{\"@type\":\"EntryPoint\",\"urlTemplate\":\"https:\/\/matting.se\/en\/?s={search_term_string}\"},\"query-input\":{\"@type\":\"PropertyValueSpecification\",\"valueRequired\":true,\"valueName\":\"search_term_string\"}}],\"inLanguage\":\"en-US\"}]}<\/script>\n<!-- \/ Yoast SEO plugin. -->","yoast_head_json":{"title":"BLOSSOM disk - Matting","description":"BLOSSOM disk - Se Mattings h\u00e5llbara koncept och produkter f\u00f6r publika milj\u00f6er, arbetsplatser och skolor.","robots":{"index":"index","follow":"follow","max-snippet":"max-snippet:-1","max-image-preview":"max-image-preview:large","max-video-preview":"max-video-preview:-1"},"canonical":"https:\/\/matting.se\/en\/produkt\/blossom-disk\/","og_locale":"en_US","og_type":"article","og_title":"BLOSSOM disk - Matting","og_description":"BLOSSOM disk - Se Mattings h\u00e5llbara koncept och produkter f\u00f6r publika milj\u00f6er, arbetsplatser och skolor.","og_url":"https:\/\/matting.se\/en\/produkt\/blossom-disk\/","og_site_name":"Matting","article_modified_time":"2024-02-27T15:53:26+00:00","og_image":[{"width":800,"height":800,"url":"https:\/\/matting.se\/wp-content\/uploads\/2023\/09\/385100_BLOSSOM_DESKTOP_linoleum_optional_side.jpg","type":"image\/jpeg"}],"twitter_card":"summary_large_image","twitter_misc":{"Est. reading time":"2 minutes"},"schema":{"@context":"https:\/\/schema.org","@graph":[{"@type":["WebPage","ItemPage"],"@id":"https:\/\/matting.se\/en\/produkt\/blossom-disk\/","url":"https:\/\/matting.se\/en\/produkt\/blossom-disk\/","name":"BLOSSOM disk - Matting","isPartOf":{"@id":"https:\/\/matting.se\/en\/#website"},"primaryImageOfPage":{"@id":"https:\/\/matting.se\/en\/produkt\/blossom-disk\/#primaryimage"},"image":{"@id":"https:\/\/matting.se\/en\/produkt\/blossom-disk\/#primaryimage"},"thumbnailUrl":"https:\/\/matting.se\/wp-content\/uploads\/2023\/09\/385100_BLOSSOM_DESKTOP_linoleum_optional_side.jpg","datePublished":"2023-09-08T10:00:50+00:00","dateModified":"2024-02-27T15:53:26+00:00","description":"BLOSSOM disk - Se Mattings h\u00e5llbara koncept och produkter f\u00f6r publika milj\u00f6er, arbetsplatser och skolor.","breadcrumb":{"@id":"https:\/\/matting.se\/en\/produkt\/blossom-disk\/#breadcrumb"},"inLanguage":"en-US","potentialAction":[{"@type":"ReadAction","target":["https:\/\/matting.se\/en\/produkt\/blossom-disk\/"]}]},{"@type":"ImageObject","inLanguage":"en-US","@id":"https:\/\/matting.se\/en\/produkt\/blossom-disk\/#primaryimage","url":"https:\/\/matting.se\/wp-content\/uploads\/2023\/09\/385100_BLOSSOM_DESKTOP_linoleum_optional_side.jpg","contentUrl":"https:\/\/matting.se\/wp-content\/uploads\/2023\/09\/385100_BLOSSOM_DESKTOP_linoleum_optional_side.jpg","width":800,"height":800,"caption":"The BLOSSOM table top is designed to blossom in different formations. Part of the StandUp DESK series."},{"@type":"BreadcrumbList","@id":"https:\/\/matting.se\/en\/produkt\/blossom-disk\/#breadcrumb","itemListElement":[{"@type":"ListItem","position":1,"name":"Hem","item":"https:\/\/matting.se\/en\/"},{"@type":"ListItem","position":2,"name":"Shop","item":"https:\/\/matting.se\/shop\/"},{"@type":"ListItem","position":3,"name":"Matting Interior","item":"https:\/\/matting.se\/en\/produkt-kategori\/matting-interior-en\/"},{"@type":"ListItem","position":4,"name":"BLOSSOM disk"}]},{"@type":"WebSite","@id":"https:\/\/matting.se\/en\/#website","url":"https:\/\/matting.se\/en\/","name":"Matting","description":"","potentialAction":[{"@type":"SearchAction","target":{"@type":"EntryPoint","urlTemplate":"https:\/\/matting.se\/en\/?s={search_term_string}"},"query-input":{"@type":"PropertyValueSpecification","valueRequired":true,"valueName":"search_term_string"}}],"inLanguage":"en-US"}]}},"_links":{"self":[{"href":"https:\/\/matting.se\/en\/wp-json\/wp\/v2\/product\/247728","targetHints":{"allow":["GET"]}}],"collection":[{"href":"https:\/\/matting.se\/en\/wp-json\/wp\/v2\/product"}],"about":[{"href":"https:\/\/matting.se\/en\/wp-json\/wp\/v2\/types\/product"}],"wp:featuredmedia":[{"embeddable":true,"href":"https:\/\/matting.se\/en\/wp-json\/wp\/v2\/media\/244451"}],"wp:attachment":[{"href":"https:\/\/matting.se\/en\/wp-json\/wp\/v2\/media?parent=247728"}],"wp:term":[{"taxonomy":"product_brand","embeddable":true,"href":"https:\/\/matting.se\/en\/wp-json\/wp\/v2\/product_brand?post=247728"},{"taxonomy":"product_cat","embeddable":true,"href":"https:\/\/matting.se\/en\/wp-json\/wp\/v2\/product_cat?post=247728"},{"taxonomy":"product_tag","embeddable":true,"href":"https:\/\/matting.se\/en\/wp-json\/wp\/v2\/product_tag?post=247728"}],"curies":[{"name":"wp","href":"https:\/\/api.w.org\/{rel}","templated":true}]}}