{"id":247719,"date":"2023-09-08T08:42:15","date_gmt":"2023-09-08T08:42:15","guid":{"rendered":"https:\/\/matting.se\/produkt\/acoustic-laminate-sls\/"},"modified":"2023-12-19T16:13:37","modified_gmt":"2023-12-19T16:13:37","slug":"acoustic-laminate-sls","status":"publish","type":"product","link":"https:\/\/matting.se\/en\/produkt\/acoustic-laminate-sls\/","title":{"rendered":"ACOUSTIC LAMINATE SLS"},"content":{"rendered":"<p>AKUSTIKLAMINAT SLS is a <b>sound-absorbing table top<\/b> with a surface layer of laminate with sound absorption in cork.<\/p>\n<p>AKUSTIKLAMINAT SLS table top is adapted to fit our StandUp DESK stand 700. The surface of the board is laminate with a chipboard core and the board has straight edges and rounded corners.<\/p>\n<ul>\n<li>The size 700 x 600 mm fits the DESK stand 700<\/li>\n<\/ul>\n<p>Choose a top and a matching stand for a complete table.<\/p>\n<p>AKUSTIKLAMINAT SLS is very popular as a student desk. The table can be raised and lowered manually without an electrical connection, making it very easy to place. Raising and lowering with the side levers is quick and easy. The lowest seat height is 75 cm, the highest standing height is 119 cm. The inner dimension of the table stand is 56 cm. This school desk allows students to alternate between standing and sitting, creating a more active study environment.<\/p>\n<ul>\n<li>The stand can be ordered with a side hook for hanging a standing mat, table screen, school bag or similar.<\/li>\n<li>The rear footrests are adjustable.<\/li>\n<li>You can add wheels to the front paws to make moving the table even easier.<\/li>\n<li>Feel free to add a soft standing mat or balance board, a sitting ball and a table screen.<\/li>\n<\/ul>\n<p>All components of the table can be replaced over time to ensure longevity and the ability to customize the table over time.<\/p>\n<p>StandUp DESK is made in Sweden of high quality with sustainable materials and M\u00f6belfakta labeled, based on our desire to leave as little impact on the environment as possible.<\/p>\n<p>Scandinavian design by Dan Ihreborn.<\/p>\n","protected":false},"excerpt":{"rendered":"<p>AKUSTIKLAMINAT SLS is a sound-absorbing table top with a surface layer of laminate with sound absorption in cork. AKUSTIKLAMINAT SLS table top is adapted to fit our StandUp DESK stand 700. The surface of the board is laminate with a chipboard core and the board has straight edges and rounded corners. The size 700 x [&hellip;]<\/p>\n","protected":false},"featured_media":244403,"template":"","meta":{"_et_pb_use_builder":"","_et_pb_old_content":"","_et_gb_content_width":""},"product_brand":[],"product_cat":[190,198,304],"product_tag":[],"class_list":{"0":"post-247719","1":"product","2":"type-product","3":"status-publish","4":"has-post-thumbnail","6":"product_cat-matting-interior-en","7":"product_cat-tables-accessories-mi","8":"product_cat-table-tops-mi","10":"first","11":"instock","12":"taxable","13":"shipping-taxable","14":"purchasable","15":"product-type-variable","16":"has-default-attributes"},"yoast_head":"<!-- This site is optimized with the Yoast SEO plugin v25.6 - https:\/\/yoast.com\/wordpress\/plugins\/seo\/ -->\n<title>ACOUSTIC LAMINATE SLS - Matting<\/title>\n<meta name=\"description\" content=\"ACOUSTIC LAMINATE SLS - Se Mattings h\u00e5llbara koncept och produkter f\u00f6r publika milj\u00f6er, arbetsplatser och skolor.\" \/>\n<meta name=\"robots\" content=\"index, follow, max-snippet:-1, max-image-preview:large, max-video-preview:-1\" \/>\n<link rel=\"canonical\" href=\"https:\/\/matting.se\/en\/produkt\/acoustic-laminate-sls\/\" \/>\n<meta property=\"og:locale\" content=\"en_US\" \/>\n<meta property=\"og:type\" content=\"article\" \/>\n<meta property=\"og:title\" content=\"ACOUSTIC LAMINATE SLS - Matting\" \/>\n<meta property=\"og:description\" content=\"ACOUSTIC LAMINATE SLS - Se Mattings h\u00e5llbara koncept och produkter f\u00f6r publika milj\u00f6er, arbetsplatser och skolor.\" \/>\n<meta property=\"og:url\" content=\"https:\/\/matting.se\/en\/produkt\/acoustic-laminate-sls\/\" \/>\n<meta property=\"og:site_name\" content=\"Matting\" \/>\n<meta property=\"article:modified_time\" content=\"2023-12-19T16:13:37+00:00\" \/>\n<meta property=\"og:image\" content=\"https:\/\/matting.se\/wp-content\/uploads\/2023\/09\/385070_DESKTOP-Akustiklaminat-SLS_light-grey_70x60_side.jpg\" \/>\n\t<meta property=\"og:image:width\" content=\"800\" \/>\n\t<meta property=\"og:image:height\" content=\"800\" \/>\n\t<meta property=\"og:image:type\" content=\"image\/jpeg\" \/>\n<meta name=\"twitter:card\" content=\"summary_large_image\" \/>\n<meta name=\"twitter:label1\" content=\"Est. reading time\" \/>\n\t<meta name=\"twitter:data1\" content=\"1 minute\" \/>\n<script type=\"application\/ld+json\" class=\"yoast-schema-graph\">{\"@context\":\"https:\/\/schema.org\",\"@graph\":[{\"@type\":[\"WebPage\",\"ItemPage\"],\"@id\":\"https:\/\/matting.se\/en\/produkt\/acoustic-laminate-sls\/\",\"url\":\"https:\/\/matting.se\/en\/produkt\/acoustic-laminate-sls\/\",\"name\":\"ACOUSTIC LAMINATE SLS - Matting\",\"isPartOf\":{\"@id\":\"https:\/\/matting.se\/en\/#website\"},\"primaryImageOfPage\":{\"@id\":\"https:\/\/matting.se\/en\/produkt\/acoustic-laminate-sls\/#primaryimage\"},\"image\":{\"@id\":\"https:\/\/matting.se\/en\/produkt\/acoustic-laminate-sls\/#primaryimage\"},\"thumbnailUrl\":\"https:\/\/matting.se\/wp-content\/uploads\/2023\/09\/385070_DESKTOP-Akustiklaminat-SLS_light-grey_70x60_side.jpg\",\"datePublished\":\"2023-09-08T08:42:15+00:00\",\"dateModified\":\"2023-12-19T16:13:37+00:00\",\"description\":\"ACOUSTIC LAMINATE SLS - Se Mattings h\u00e5llbara koncept och produkter f\u00f6r publika milj\u00f6er, arbetsplatser och skolor.\",\"breadcrumb\":{\"@id\":\"https:\/\/matting.se\/en\/produkt\/acoustic-laminate-sls\/#breadcrumb\"},\"inLanguage\":\"en-US\",\"potentialAction\":[{\"@type\":\"ReadAction\",\"target\":[\"https:\/\/matting.se\/en\/produkt\/acoustic-laminate-sls\/\"]}]},{\"@type\":\"ImageObject\",\"inLanguage\":\"en-US\",\"@id\":\"https:\/\/matting.se\/en\/produkt\/acoustic-laminate-sls\/#primaryimage\",\"url\":\"https:\/\/matting.se\/wp-content\/uploads\/2023\/09\/385070_DESKTOP-Akustiklaminat-SLS_light-grey_70x60_side.jpg\",\"contentUrl\":\"https:\/\/matting.se\/wp-content\/uploads\/2023\/09\/385070_DESKTOP-Akustiklaminat-SLS_light-grey_70x60_side.jpg\",\"width\":800,\"height\":800,\"caption\":\"DESKTOP Acoustic Laminate SLS light grey 70x60 cm, a sound absorbing table top with cork.\"},{\"@type\":\"BreadcrumbList\",\"@id\":\"https:\/\/matting.se\/en\/produkt\/acoustic-laminate-sls\/#breadcrumb\",\"itemListElement\":[{\"@type\":\"ListItem\",\"position\":1,\"name\":\"Hem\",\"item\":\"https:\/\/matting.se\/en\/\"},{\"@type\":\"ListItem\",\"position\":2,\"name\":\"Shop\",\"item\":\"https:\/\/matting.se\/shop\/\"},{\"@type\":\"ListItem\",\"position\":3,\"name\":\"Matting Interior\",\"item\":\"https:\/\/matting.se\/en\/produkt-kategori\/matting-interior-en\/\"},{\"@type\":\"ListItem\",\"position\":4,\"name\":\"ACOUSTIC LAMINATE SLS\"}]},{\"@type\":\"WebSite\",\"@id\":\"https:\/\/matting.se\/en\/#website\",\"url\":\"https:\/\/matting.se\/en\/\",\"name\":\"Matting\",\"description\":\"\",\"potentialAction\":[{\"@type\":\"SearchAction\",\"target\":{\"@type\":\"EntryPoint\",\"urlTemplate\":\"https:\/\/matting.se\/en\/?s={search_term_string}\"},\"query-input\":{\"@type\":\"PropertyValueSpecification\",\"valueRequired\":true,\"valueName\":\"search_term_string\"}}],\"inLanguage\":\"en-US\"}]}<\/script>\n<!-- \/ Yoast SEO plugin. -->","yoast_head_json":{"title":"ACOUSTIC LAMINATE SLS - Matting","description":"ACOUSTIC LAMINATE SLS - Se Mattings h\u00e5llbara koncept och produkter f\u00f6r publika milj\u00f6er, arbetsplatser och skolor.","robots":{"index":"index","follow":"follow","max-snippet":"max-snippet:-1","max-image-preview":"max-image-preview:large","max-video-preview":"max-video-preview:-1"},"canonical":"https:\/\/matting.se\/en\/produkt\/acoustic-laminate-sls\/","og_locale":"en_US","og_type":"article","og_title":"ACOUSTIC LAMINATE SLS - Matting","og_description":"ACOUSTIC LAMINATE SLS - Se Mattings h\u00e5llbara koncept och produkter f\u00f6r publika milj\u00f6er, arbetsplatser och skolor.","og_url":"https:\/\/matting.se\/en\/produkt\/acoustic-laminate-sls\/","og_site_name":"Matting","article_modified_time":"2023-12-19T16:13:37+00:00","og_image":[{"width":800,"height":800,"url":"https:\/\/matting.se\/wp-content\/uploads\/2023\/09\/385070_DESKTOP-Akustiklaminat-SLS_light-grey_70x60_side.jpg","type":"image\/jpeg"}],"twitter_card":"summary_large_image","twitter_misc":{"Est. reading time":"1 minute"},"schema":{"@context":"https:\/\/schema.org","@graph":[{"@type":["WebPage","ItemPage"],"@id":"https:\/\/matting.se\/en\/produkt\/acoustic-laminate-sls\/","url":"https:\/\/matting.se\/en\/produkt\/acoustic-laminate-sls\/","name":"ACOUSTIC LAMINATE SLS - Matting","isPartOf":{"@id":"https:\/\/matting.se\/en\/#website"},"primaryImageOfPage":{"@id":"https:\/\/matting.se\/en\/produkt\/acoustic-laminate-sls\/#primaryimage"},"image":{"@id":"https:\/\/matting.se\/en\/produkt\/acoustic-laminate-sls\/#primaryimage"},"thumbnailUrl":"https:\/\/matting.se\/wp-content\/uploads\/2023\/09\/385070_DESKTOP-Akustiklaminat-SLS_light-grey_70x60_side.jpg","datePublished":"2023-09-08T08:42:15+00:00","dateModified":"2023-12-19T16:13:37+00:00","description":"ACOUSTIC LAMINATE SLS - Se Mattings h\u00e5llbara koncept och produkter f\u00f6r publika milj\u00f6er, arbetsplatser och skolor.","breadcrumb":{"@id":"https:\/\/matting.se\/en\/produkt\/acoustic-laminate-sls\/#breadcrumb"},"inLanguage":"en-US","potentialAction":[{"@type":"ReadAction","target":["https:\/\/matting.se\/en\/produkt\/acoustic-laminate-sls\/"]}]},{"@type":"ImageObject","inLanguage":"en-US","@id":"https:\/\/matting.se\/en\/produkt\/acoustic-laminate-sls\/#primaryimage","url":"https:\/\/matting.se\/wp-content\/uploads\/2023\/09\/385070_DESKTOP-Akustiklaminat-SLS_light-grey_70x60_side.jpg","contentUrl":"https:\/\/matting.se\/wp-content\/uploads\/2023\/09\/385070_DESKTOP-Akustiklaminat-SLS_light-grey_70x60_side.jpg","width":800,"height":800,"caption":"DESKTOP Acoustic Laminate SLS light grey 70x60 cm, a sound absorbing table top with cork."},{"@type":"BreadcrumbList","@id":"https:\/\/matting.se\/en\/produkt\/acoustic-laminate-sls\/#breadcrumb","itemListElement":[{"@type":"ListItem","position":1,"name":"Hem","item":"https:\/\/matting.se\/en\/"},{"@type":"ListItem","position":2,"name":"Shop","item":"https:\/\/matting.se\/shop\/"},{"@type":"ListItem","position":3,"name":"Matting Interior","item":"https:\/\/matting.se\/en\/produkt-kategori\/matting-interior-en\/"},{"@type":"ListItem","position":4,"name":"ACOUSTIC LAMINATE SLS"}]},{"@type":"WebSite","@id":"https:\/\/matting.se\/en\/#website","url":"https:\/\/matting.se\/en\/","name":"Matting","description":"","potentialAction":[{"@type":"SearchAction","target":{"@type":"EntryPoint","urlTemplate":"https:\/\/matting.se\/en\/?s={search_term_string}"},"query-input":{"@type":"PropertyValueSpecification","valueRequired":true,"valueName":"search_term_string"}}],"inLanguage":"en-US"}]}},"_links":{"self":[{"href":"https:\/\/matting.se\/en\/wp-json\/wp\/v2\/product\/247719","targetHints":{"allow":["GET"]}}],"collection":[{"href":"https:\/\/matting.se\/en\/wp-json\/wp\/v2\/product"}],"about":[{"href":"https:\/\/matting.se\/en\/wp-json\/wp\/v2\/types\/product"}],"wp:featuredmedia":[{"embeddable":true,"href":"https:\/\/matting.se\/en\/wp-json\/wp\/v2\/media\/244403"}],"wp:attachment":[{"href":"https:\/\/matting.se\/en\/wp-json\/wp\/v2\/media?parent=247719"}],"wp:term":[{"taxonomy":"product_brand","embeddable":true,"href":"https:\/\/matting.se\/en\/wp-json\/wp\/v2\/product_brand?post=247719"},{"taxonomy":"product_cat","embeddable":true,"href":"https:\/\/matting.se\/en\/wp-json\/wp\/v2\/product_cat?post=247719"},{"taxonomy":"product_tag","embeddable":true,"href":"https:\/\/matting.se\/en\/wp-json\/wp\/v2\/product_tag?post=247719"}],"curies":[{"name":"wp","href":"https:\/\/api.w.org\/{rel}","templated":true}]}}