{"id":247634,"date":"2023-09-07T12:02:33","date_gmt":"2023-09-07T12:02:33","guid":{"rendered":"https:\/\/matting.se\/produkt\/trapets-disc\/"},"modified":"2024-01-09T07:37:27","modified_gmt":"2024-01-09T07:37:27","slug":"trapets-disc","status":"publish","type":"product","link":"https:\/\/matting.se\/en\/produkt\/trapets-disc\/","title":{"rendered":"TRAPETS desktop"},"content":{"rendered":"<p class=\"p1\">A trapezoidal desktop for flexible construction, optimal for touch-down workplaces, group constellations, co-working spaces and conference areas.<\/p>\n<p class=\"p1\"><strong>StandUp TRAPETS<\/strong> is designed for activity- or flex-based workplaces. It is a flexible and easy-to-place height-adjustable table in a timeless Scandinavian design. The trapezoidal design of the desk top is specifically designed for flexible construction, to create as much table surface as possible on a small floor space, thus saving space. The desk is suitable for both the workplace and the home office. The design of the desk top is also suitable for corner placement.<\/p>\n<p class=\"p1\">Together with the StandUp DESK frame 900, you get a manually height-adjustable table without the need for an electrical connection, making it very easy to place and easy to furnish. You don&#8217;t have to worry about electrical connections and there are no wires on the floor. As an option, the desk is also available with a folding top and wheels at the front. You raise and lower the desk with a gas spring controlled by a lever on the side. The minimum height is 75 cm, the maximum height is 119 cm.<\/p>\n<p class=\"p1\">The <strong>StandUp TRAPETS<\/strong> meet <a href=\"https:\/\/matting.se\/wp-content\/uploads\/2023\/11\/Intyg_Mobelfakta_StandUp-DESK_2023.pdf\" target=\"_blank\" rel=\"noopener\"><br \/>\n<strong>M\u00f6belfakta&#8217;s<\/strong><br \/>\n<\/a> requirements in terms of functionality and safety as well as a consistently green approach and meeting ethical requirements in production.<\/p>\n<p class=\"p1\">The desk fits the StandUp ACTIVE STORAGE and is part of the StandUp concept.<\/p>\n<p class=\"p1\"><em>Made in Sm\u00e5land from sustainable materials, designed by Dan Ihreborn.<\/em><\/p>\n<p class=\"p1\">Choose the DESK 900 stand for the TRAPETS board.<\/p>\n","protected":false},"excerpt":{"rendered":"<p>A trapezoidal desktop for flexible construction, optimal for touch-down workplaces, group constellations, co-working spaces and conference areas. StandUp TRAPETS is designed for activity- or flex-based workplaces. It is a flexible and easy-to-place height-adjustable table in a timeless Scandinavian design. The trapezoidal design of the desk top is specifically designed for flexible construction, to create as [&hellip;]<\/p>\n","protected":false},"featured_media":244055,"template":"","meta":{"_et_pb_use_builder":"","_et_pb_old_content":"","_et_gb_content_width":""},"product_brand":[],"product_cat":[190,198,304],"product_tag":[],"class_list":{"0":"post-247634","1":"product","2":"type-product","3":"status-publish","4":"has-post-thumbnail","6":"product_cat-matting-interior-en","7":"product_cat-tables-accessories-mi","8":"product_cat-table-tops-mi","10":"first","11":"instock","12":"taxable","13":"shipping-taxable","14":"purchasable","15":"product-type-variable","16":"has-default-attributes"},"yoast_head":"<!-- This site is optimized with the Yoast SEO plugin v25.6 - https:\/\/yoast.com\/wordpress\/plugins\/seo\/ -->\n<title>TRAPETS desktop - Matting<\/title>\n<meta name=\"description\" content=\"TRAPETS desktop - Se Mattings h\u00e5llbara koncept och produkter f\u00f6r publika milj\u00f6er, arbetsplatser och skolor.\" \/>\n<meta name=\"robots\" content=\"index, follow, max-snippet:-1, max-image-preview:large, max-video-preview:-1\" \/>\n<link rel=\"canonical\" href=\"https:\/\/matting.se\/en\/produkt\/trapets-disc\/\" \/>\n<meta property=\"og:locale\" content=\"en_US\" \/>\n<meta property=\"og:type\" content=\"article\" \/>\n<meta property=\"og:title\" content=\"TRAPETS desktop - Matting\" \/>\n<meta property=\"og:description\" content=\"TRAPETS desktop - Se Mattings h\u00e5llbara koncept och produkter f\u00f6r publika milj\u00f6er, arbetsplatser och skolor.\" \/>\n<meta property=\"og:url\" content=\"https:\/\/matting.se\/en\/produkt\/trapets-disc\/\" \/>\n<meta property=\"og:site_name\" content=\"Matting\" \/>\n<meta property=\"article:modified_time\" content=\"2024-01-09T07:37:27+00:00\" \/>\n<meta property=\"og:image\" content=\"https:\/\/matting.se\/wp-content\/uploads\/2023\/09\/389562_TRAPETS_white-ash_top_handle.jpg\" \/>\n\t<meta property=\"og:image:width\" content=\"800\" \/>\n\t<meta property=\"og:image:height\" content=\"800\" \/>\n\t<meta property=\"og:image:type\" content=\"image\/jpeg\" \/>\n<meta name=\"twitter:card\" content=\"summary_large_image\" \/>\n<meta name=\"twitter:label1\" content=\"Est. reading time\" \/>\n\t<meta name=\"twitter:data1\" content=\"2 minutes\" \/>\n<script type=\"application\/ld+json\" class=\"yoast-schema-graph\">{\"@context\":\"https:\/\/schema.org\",\"@graph\":[{\"@type\":[\"WebPage\",\"ItemPage\"],\"@id\":\"https:\/\/matting.se\/en\/produkt\/trapets-disc\/\",\"url\":\"https:\/\/matting.se\/en\/produkt\/trapets-disc\/\",\"name\":\"TRAPETS desktop - Matting\",\"isPartOf\":{\"@id\":\"https:\/\/matting.se\/en\/#website\"},\"primaryImageOfPage\":{\"@id\":\"https:\/\/matting.se\/en\/produkt\/trapets-disc\/#primaryimage\"},\"image\":{\"@id\":\"https:\/\/matting.se\/en\/produkt\/trapets-disc\/#primaryimage\"},\"thumbnailUrl\":\"https:\/\/matting.se\/wp-content\/uploads\/2023\/09\/389562_TRAPETS_white-ash_top_handle.jpg\",\"datePublished\":\"2023-09-07T12:02:33+00:00\",\"dateModified\":\"2024-01-09T07:37:27+00:00\",\"description\":\"TRAPETS desktop - Se Mattings h\u00e5llbara koncept och produkter f\u00f6r publika milj\u00f6er, arbetsplatser och skolor.\",\"breadcrumb\":{\"@id\":\"https:\/\/matting.se\/en\/produkt\/trapets-disc\/#breadcrumb\"},\"inLanguage\":\"en-US\",\"potentialAction\":[{\"@type\":\"ReadAction\",\"target\":[\"https:\/\/matting.se\/en\/produkt\/trapets-disc\/\"]}]},{\"@type\":\"ImageObject\",\"inLanguage\":\"en-US\",\"@id\":\"https:\/\/matting.se\/en\/produkt\/trapets-disc\/#primaryimage\",\"url\":\"https:\/\/matting.se\/wp-content\/uploads\/2023\/09\/389562_TRAPETS_white-ash_top_handle.jpg\",\"contentUrl\":\"https:\/\/matting.se\/wp-content\/uploads\/2023\/09\/389562_TRAPETS_white-ash_top_handle.jpg\",\"width\":800,\"height\":800,\"caption\":\"StandUp TRAPETS a table with a trapezoidal top for flexible furniture arrangement\"},{\"@type\":\"BreadcrumbList\",\"@id\":\"https:\/\/matting.se\/en\/produkt\/trapets-disc\/#breadcrumb\",\"itemListElement\":[{\"@type\":\"ListItem\",\"position\":1,\"name\":\"Hem\",\"item\":\"https:\/\/matting.se\/en\/\"},{\"@type\":\"ListItem\",\"position\":2,\"name\":\"Shop\",\"item\":\"https:\/\/matting.se\/shop\/\"},{\"@type\":\"ListItem\",\"position\":3,\"name\":\"Matting Interior\",\"item\":\"https:\/\/matting.se\/en\/produkt-kategori\/matting-interior-en\/\"},{\"@type\":\"ListItem\",\"position\":4,\"name\":\"TRAPETS desktop\"}]},{\"@type\":\"WebSite\",\"@id\":\"https:\/\/matting.se\/en\/#website\",\"url\":\"https:\/\/matting.se\/en\/\",\"name\":\"Matting\",\"description\":\"\",\"potentialAction\":[{\"@type\":\"SearchAction\",\"target\":{\"@type\":\"EntryPoint\",\"urlTemplate\":\"https:\/\/matting.se\/en\/?s={search_term_string}\"},\"query-input\":{\"@type\":\"PropertyValueSpecification\",\"valueRequired\":true,\"valueName\":\"search_term_string\"}}],\"inLanguage\":\"en-US\"}]}<\/script>\n<!-- \/ Yoast SEO plugin. -->","yoast_head_json":{"title":"TRAPETS desktop - Matting","description":"TRAPETS desktop - Se Mattings h\u00e5llbara koncept och produkter f\u00f6r publika milj\u00f6er, arbetsplatser och skolor.","robots":{"index":"index","follow":"follow","max-snippet":"max-snippet:-1","max-image-preview":"max-image-preview:large","max-video-preview":"max-video-preview:-1"},"canonical":"https:\/\/matting.se\/en\/produkt\/trapets-disc\/","og_locale":"en_US","og_type":"article","og_title":"TRAPETS desktop - Matting","og_description":"TRAPETS desktop - Se Mattings h\u00e5llbara koncept och produkter f\u00f6r publika milj\u00f6er, arbetsplatser och skolor.","og_url":"https:\/\/matting.se\/en\/produkt\/trapets-disc\/","og_site_name":"Matting","article_modified_time":"2024-01-09T07:37:27+00:00","og_image":[{"width":800,"height":800,"url":"https:\/\/matting.se\/wp-content\/uploads\/2023\/09\/389562_TRAPETS_white-ash_top_handle.jpg","type":"image\/jpeg"}],"twitter_card":"summary_large_image","twitter_misc":{"Est. reading time":"2 minutes"},"schema":{"@context":"https:\/\/schema.org","@graph":[{"@type":["WebPage","ItemPage"],"@id":"https:\/\/matting.se\/en\/produkt\/trapets-disc\/","url":"https:\/\/matting.se\/en\/produkt\/trapets-disc\/","name":"TRAPETS desktop - Matting","isPartOf":{"@id":"https:\/\/matting.se\/en\/#website"},"primaryImageOfPage":{"@id":"https:\/\/matting.se\/en\/produkt\/trapets-disc\/#primaryimage"},"image":{"@id":"https:\/\/matting.se\/en\/produkt\/trapets-disc\/#primaryimage"},"thumbnailUrl":"https:\/\/matting.se\/wp-content\/uploads\/2023\/09\/389562_TRAPETS_white-ash_top_handle.jpg","datePublished":"2023-09-07T12:02:33+00:00","dateModified":"2024-01-09T07:37:27+00:00","description":"TRAPETS desktop - Se Mattings h\u00e5llbara koncept och produkter f\u00f6r publika milj\u00f6er, arbetsplatser och skolor.","breadcrumb":{"@id":"https:\/\/matting.se\/en\/produkt\/trapets-disc\/#breadcrumb"},"inLanguage":"en-US","potentialAction":[{"@type":"ReadAction","target":["https:\/\/matting.se\/en\/produkt\/trapets-disc\/"]}]},{"@type":"ImageObject","inLanguage":"en-US","@id":"https:\/\/matting.se\/en\/produkt\/trapets-disc\/#primaryimage","url":"https:\/\/matting.se\/wp-content\/uploads\/2023\/09\/389562_TRAPETS_white-ash_top_handle.jpg","contentUrl":"https:\/\/matting.se\/wp-content\/uploads\/2023\/09\/389562_TRAPETS_white-ash_top_handle.jpg","width":800,"height":800,"caption":"StandUp TRAPETS a table with a trapezoidal top for flexible furniture arrangement"},{"@type":"BreadcrumbList","@id":"https:\/\/matting.se\/en\/produkt\/trapets-disc\/#breadcrumb","itemListElement":[{"@type":"ListItem","position":1,"name":"Hem","item":"https:\/\/matting.se\/en\/"},{"@type":"ListItem","position":2,"name":"Shop","item":"https:\/\/matting.se\/shop\/"},{"@type":"ListItem","position":3,"name":"Matting Interior","item":"https:\/\/matting.se\/en\/produkt-kategori\/matting-interior-en\/"},{"@type":"ListItem","position":4,"name":"TRAPETS desktop"}]},{"@type":"WebSite","@id":"https:\/\/matting.se\/en\/#website","url":"https:\/\/matting.se\/en\/","name":"Matting","description":"","potentialAction":[{"@type":"SearchAction","target":{"@type":"EntryPoint","urlTemplate":"https:\/\/matting.se\/en\/?s={search_term_string}"},"query-input":{"@type":"PropertyValueSpecification","valueRequired":true,"valueName":"search_term_string"}}],"inLanguage":"en-US"}]}},"_links":{"self":[{"href":"https:\/\/matting.se\/en\/wp-json\/wp\/v2\/product\/247634","targetHints":{"allow":["GET"]}}],"collection":[{"href":"https:\/\/matting.se\/en\/wp-json\/wp\/v2\/product"}],"about":[{"href":"https:\/\/matting.se\/en\/wp-json\/wp\/v2\/types\/product"}],"wp:featuredmedia":[{"embeddable":true,"href":"https:\/\/matting.se\/en\/wp-json\/wp\/v2\/media\/244055"}],"wp:attachment":[{"href":"https:\/\/matting.se\/en\/wp-json\/wp\/v2\/media?parent=247634"}],"wp:term":[{"taxonomy":"product_brand","embeddable":true,"href":"https:\/\/matting.se\/en\/wp-json\/wp\/v2\/product_brand?post=247634"},{"taxonomy":"product_cat","embeddable":true,"href":"https:\/\/matting.se\/en\/wp-json\/wp\/v2\/product_cat?post=247634"},{"taxonomy":"product_tag","embeddable":true,"href":"https:\/\/matting.se\/en\/wp-json\/wp\/v2\/product_tag?post=247634"}],"curies":[{"name":"wp","href":"https:\/\/api.w.org\/{rel}","templated":true}]}}