{"id":247547,"date":"2023-09-07T04:54:00","date_gmt":"2023-09-07T04:54:00","guid":{"rendered":"https:\/\/matting.se\/produkt\/desktop-laminate-board-lm\/"},"modified":"2023-12-19T16:13:40","modified_gmt":"2023-12-19T16:13:40","slug":"desktop-laminate-board-lm","status":"publish","type":"product","link":"https:\/\/matting.se\/en\/produkt\/desktop-laminate-board-lm\/","title":{"rendered":"DESKTOP laminate board (LM)"},"content":{"rendered":"<p>The DESKTOP laminate table top is available in three different sizes, adapted to fit our StandUp DESK stands 700, 900 and 1200. The surface of the board is made of laminate with a core of 100% recycled chipboard and the board has straight edges.<\/p>\n<ul>\n<li>The size 700 x 600 mm fits the DESK stand 700<\/li>\n<li>The size 940 x 600 mm fits the DESK stand 900.<\/li>\n<li>The size 1200 x 800 mm fits the DESK stand 1200.<\/li>\n<\/ul>\n<p>Choose a top and a matching stand for a complete table.<\/p>\n<p>DESKTOP boards are available in several variants in different sizes. The boards have a core of 100% recycled chipboard or mdf and different surface layers, they are available with or without soundproofing.<\/p>\n<p>Our boards are available with rounded or straight corners.<\/p>\n","protected":false},"excerpt":{"rendered":"<p>The DESKTOP laminate table top is available in three different sizes, adapted to fit our StandUp DESK stands 700, 900 and 1200. The surface of the board is made of laminate with a core of 100% recycled chipboard and the board has straight edges. The size 700 x 600 mm fits the DESK stand 700 [&hellip;]<\/p>\n","protected":false},"featured_media":243866,"template":"","meta":{"_et_pb_use_builder":"","_et_pb_old_content":"","_et_gb_content_width":""},"product_brand":[],"product_cat":[190,198,304],"product_tag":[],"class_list":{"0":"post-247547","1":"product","2":"type-product","3":"status-publish","4":"has-post-thumbnail","6":"product_cat-matting-interior-en","7":"product_cat-tables-accessories-mi","8":"product_cat-table-tops-mi","10":"first","11":"instock","12":"taxable","13":"shipping-taxable","14":"purchasable","15":"product-type-variable","16":"has-default-attributes"},"yoast_head":"<!-- This site is optimized with the Yoast SEO plugin v25.6 - https:\/\/yoast.com\/wordpress\/plugins\/seo\/ -->\n<title>DESKTOP laminate board (LM) - Matting<\/title>\n<meta name=\"description\" content=\"DESKTOP laminate board (LM) - Se Mattings h\u00e5llbara koncept och produkter f\u00f6r publika milj\u00f6er, arbetsplatser och skolor.\" \/>\n<meta name=\"robots\" content=\"index, follow, max-snippet:-1, max-image-preview:large, max-video-preview:-1\" \/>\n<link rel=\"canonical\" href=\"https:\/\/matting.se\/en\/produkt\/desktop-laminate-board-lm\/\" \/>\n<meta property=\"og:locale\" content=\"en_US\" \/>\n<meta property=\"og:type\" content=\"article\" \/>\n<meta property=\"og:title\" content=\"DESKTOP laminate board (LM) - Matting\" \/>\n<meta property=\"og:description\" content=\"DESKTOP laminate board (LM) - Se Mattings h\u00e5llbara koncept och produkter f\u00f6r publika milj\u00f6er, arbetsplatser och skolor.\" \/>\n<meta property=\"og:url\" content=\"https:\/\/matting.se\/en\/produkt\/desktop-laminate-board-lm\/\" \/>\n<meta property=\"og:site_name\" content=\"Matting\" \/>\n<meta property=\"article:modified_time\" content=\"2023-12-19T16:13:40+00:00\" \/>\n<meta property=\"og:image\" content=\"https:\/\/matting.se\/wp-content\/uploads\/2023\/08\/385040_DESKTOP_laminate_light-grey_70x60_side.jpg\" \/>\n\t<meta property=\"og:image:width\" content=\"800\" \/>\n\t<meta property=\"og:image:height\" content=\"800\" \/>\n\t<meta property=\"og:image:type\" content=\"image\/jpeg\" \/>\n<meta name=\"twitter:card\" content=\"summary_large_image\" \/>\n<meta name=\"twitter:label1\" content=\"Est. reading time\" \/>\n\t<meta name=\"twitter:data1\" content=\"1 minute\" \/>\n<script type=\"application\/ld+json\" class=\"yoast-schema-graph\">{\"@context\":\"https:\/\/schema.org\",\"@graph\":[{\"@type\":[\"WebPage\",\"ItemPage\"],\"@id\":\"https:\/\/matting.se\/en\/produkt\/desktop-laminate-board-lm\/\",\"url\":\"https:\/\/matting.se\/en\/produkt\/desktop-laminate-board-lm\/\",\"name\":\"DESKTOP laminate board (LM) - Matting\",\"isPartOf\":{\"@id\":\"https:\/\/matting.se\/en\/#website\"},\"primaryImageOfPage\":{\"@id\":\"https:\/\/matting.se\/en\/produkt\/desktop-laminate-board-lm\/#primaryimage\"},\"image\":{\"@id\":\"https:\/\/matting.se\/en\/produkt\/desktop-laminate-board-lm\/#primaryimage\"},\"thumbnailUrl\":\"https:\/\/matting.se\/wp-content\/uploads\/2023\/08\/385040_DESKTOP_laminate_light-grey_70x60_side.jpg\",\"datePublished\":\"2023-09-07T04:54:00+00:00\",\"dateModified\":\"2023-12-19T16:13:40+00:00\",\"description\":\"DESKTOP laminate board (LM) - Se Mattings h\u00e5llbara koncept och produkter f\u00f6r publika milj\u00f6er, arbetsplatser och skolor.\",\"breadcrumb\":{\"@id\":\"https:\/\/matting.se\/en\/produkt\/desktop-laminate-board-lm\/#breadcrumb\"},\"inLanguage\":\"en-US\",\"potentialAction\":[{\"@type\":\"ReadAction\",\"target\":[\"https:\/\/matting.se\/en\/produkt\/desktop-laminate-board-lm\/\"]}]},{\"@type\":\"ImageObject\",\"inLanguage\":\"en-US\",\"@id\":\"https:\/\/matting.se\/en\/produkt\/desktop-laminate-board-lm\/#primaryimage\",\"url\":\"https:\/\/matting.se\/wp-content\/uploads\/2023\/08\/385040_DESKTOP_laminate_light-grey_70x60_side.jpg\",\"contentUrl\":\"https:\/\/matting.se\/wp-content\/uploads\/2023\/08\/385040_DESKTOP_laminate_light-grey_70x60_side.jpg\",\"width\":800,\"height\":800,\"caption\":\"StandUp DESK with DESKTOP laminate light grey 70x60 cm\"},{\"@type\":\"BreadcrumbList\",\"@id\":\"https:\/\/matting.se\/en\/produkt\/desktop-laminate-board-lm\/#breadcrumb\",\"itemListElement\":[{\"@type\":\"ListItem\",\"position\":1,\"name\":\"Hem\",\"item\":\"https:\/\/matting.se\/en\/\"},{\"@type\":\"ListItem\",\"position\":2,\"name\":\"Shop\",\"item\":\"https:\/\/matting.se\/shop\/\"},{\"@type\":\"ListItem\",\"position\":3,\"name\":\"Matting Interior\",\"item\":\"https:\/\/matting.se\/en\/produkt-kategori\/matting-interior-en\/\"},{\"@type\":\"ListItem\",\"position\":4,\"name\":\"DESKTOP laminate board (LM)\"}]},{\"@type\":\"WebSite\",\"@id\":\"https:\/\/matting.se\/en\/#website\",\"url\":\"https:\/\/matting.se\/en\/\",\"name\":\"Matting\",\"description\":\"\",\"potentialAction\":[{\"@type\":\"SearchAction\",\"target\":{\"@type\":\"EntryPoint\",\"urlTemplate\":\"https:\/\/matting.se\/en\/?s={search_term_string}\"},\"query-input\":{\"@type\":\"PropertyValueSpecification\",\"valueRequired\":true,\"valueName\":\"search_term_string\"}}],\"inLanguage\":\"en-US\"}]}<\/script>\n<!-- \/ Yoast SEO plugin. -->","yoast_head_json":{"title":"DESKTOP laminate board (LM) - Matting","description":"DESKTOP laminate board (LM) - Se Mattings h\u00e5llbara koncept och produkter f\u00f6r publika milj\u00f6er, arbetsplatser och skolor.","robots":{"index":"index","follow":"follow","max-snippet":"max-snippet:-1","max-image-preview":"max-image-preview:large","max-video-preview":"max-video-preview:-1"},"canonical":"https:\/\/matting.se\/en\/produkt\/desktop-laminate-board-lm\/","og_locale":"en_US","og_type":"article","og_title":"DESKTOP laminate board (LM) - Matting","og_description":"DESKTOP laminate board (LM) - Se Mattings h\u00e5llbara koncept och produkter f\u00f6r publika milj\u00f6er, arbetsplatser och skolor.","og_url":"https:\/\/matting.se\/en\/produkt\/desktop-laminate-board-lm\/","og_site_name":"Matting","article_modified_time":"2023-12-19T16:13:40+00:00","og_image":[{"width":800,"height":800,"url":"https:\/\/matting.se\/wp-content\/uploads\/2023\/08\/385040_DESKTOP_laminate_light-grey_70x60_side.jpg","type":"image\/jpeg"}],"twitter_card":"summary_large_image","twitter_misc":{"Est. reading time":"1 minute"},"schema":{"@context":"https:\/\/schema.org","@graph":[{"@type":["WebPage","ItemPage"],"@id":"https:\/\/matting.se\/en\/produkt\/desktop-laminate-board-lm\/","url":"https:\/\/matting.se\/en\/produkt\/desktop-laminate-board-lm\/","name":"DESKTOP laminate board (LM) - Matting","isPartOf":{"@id":"https:\/\/matting.se\/en\/#website"},"primaryImageOfPage":{"@id":"https:\/\/matting.se\/en\/produkt\/desktop-laminate-board-lm\/#primaryimage"},"image":{"@id":"https:\/\/matting.se\/en\/produkt\/desktop-laminate-board-lm\/#primaryimage"},"thumbnailUrl":"https:\/\/matting.se\/wp-content\/uploads\/2023\/08\/385040_DESKTOP_laminate_light-grey_70x60_side.jpg","datePublished":"2023-09-07T04:54:00+00:00","dateModified":"2023-12-19T16:13:40+00:00","description":"DESKTOP laminate board (LM) - Se Mattings h\u00e5llbara koncept och produkter f\u00f6r publika milj\u00f6er, arbetsplatser och skolor.","breadcrumb":{"@id":"https:\/\/matting.se\/en\/produkt\/desktop-laminate-board-lm\/#breadcrumb"},"inLanguage":"en-US","potentialAction":[{"@type":"ReadAction","target":["https:\/\/matting.se\/en\/produkt\/desktop-laminate-board-lm\/"]}]},{"@type":"ImageObject","inLanguage":"en-US","@id":"https:\/\/matting.se\/en\/produkt\/desktop-laminate-board-lm\/#primaryimage","url":"https:\/\/matting.se\/wp-content\/uploads\/2023\/08\/385040_DESKTOP_laminate_light-grey_70x60_side.jpg","contentUrl":"https:\/\/matting.se\/wp-content\/uploads\/2023\/08\/385040_DESKTOP_laminate_light-grey_70x60_side.jpg","width":800,"height":800,"caption":"StandUp DESK with DESKTOP laminate light grey 70x60 cm"},{"@type":"BreadcrumbList","@id":"https:\/\/matting.se\/en\/produkt\/desktop-laminate-board-lm\/#breadcrumb","itemListElement":[{"@type":"ListItem","position":1,"name":"Hem","item":"https:\/\/matting.se\/en\/"},{"@type":"ListItem","position":2,"name":"Shop","item":"https:\/\/matting.se\/shop\/"},{"@type":"ListItem","position":3,"name":"Matting Interior","item":"https:\/\/matting.se\/en\/produkt-kategori\/matting-interior-en\/"},{"@type":"ListItem","position":4,"name":"DESKTOP laminate board (LM)"}]},{"@type":"WebSite","@id":"https:\/\/matting.se\/en\/#website","url":"https:\/\/matting.se\/en\/","name":"Matting","description":"","potentialAction":[{"@type":"SearchAction","target":{"@type":"EntryPoint","urlTemplate":"https:\/\/matting.se\/en\/?s={search_term_string}"},"query-input":{"@type":"PropertyValueSpecification","valueRequired":true,"valueName":"search_term_string"}}],"inLanguage":"en-US"}]}},"_links":{"self":[{"href":"https:\/\/matting.se\/en\/wp-json\/wp\/v2\/product\/247547","targetHints":{"allow":["GET"]}}],"collection":[{"href":"https:\/\/matting.se\/en\/wp-json\/wp\/v2\/product"}],"about":[{"href":"https:\/\/matting.se\/en\/wp-json\/wp\/v2\/types\/product"}],"wp:featuredmedia":[{"embeddable":true,"href":"https:\/\/matting.se\/en\/wp-json\/wp\/v2\/media\/243866"}],"wp:attachment":[{"href":"https:\/\/matting.se\/en\/wp-json\/wp\/v2\/media?parent=247547"}],"wp:term":[{"taxonomy":"product_brand","embeddable":true,"href":"https:\/\/matting.se\/en\/wp-json\/wp\/v2\/product_brand?post=247547"},{"taxonomy":"product_cat","embeddable":true,"href":"https:\/\/matting.se\/en\/wp-json\/wp\/v2\/product_cat?post=247547"},{"taxonomy":"product_tag","embeddable":true,"href":"https:\/\/matting.se\/en\/wp-json\/wp\/v2\/product_tag?post=247547"}],"curies":[{"name":"wp","href":"https:\/\/api.w.org\/{rel}","templated":true}]}}