{"id":247499,"date":"2023-08-17T13:34:22","date_gmt":"2023-08-17T12:34:22","guid":{"rendered":"https:\/\/matting.se\/produkt\/desk-stand-without-hook\/"},"modified":"2024-03-19T08:01:52","modified_gmt":"2024-03-19T07:01:52","slug":"desk-stand-without-hook","status":"publish","type":"product","link":"https:\/\/matting.se\/en\/produkt\/desk-stand-without-hook\/","title":{"rendered":"DESK frame without hook"},"content":{"rendered":"<p class=\"p1\">StandUp DESK frames are available in three models: 700, 900 and 1200.<br \/>\nThis model is size 1200, it is without a hook and with a double lever.<\/p>\n<ul>\n<li class=\"p1\">DESK frame 700 fits our smaller DESKTOP and BLOSSOM boards.<\/li>\n<li class=\"p1\">DESK frame 900 for our wider DESKTOP and TRAPETS boards (L:940-960 mm).<\/li>\n<li class=\"p1\">DESK frame 1200 fits our largest DESKTOP boards (L:1200 mm).<\/li>\n<\/ul>\n<p>Choose the color of the frame and then the material and color of the table top.<\/p>\n<p>Wheels in the front legs and folding plate are available as an option for our frames 700 and 900, not 1200.<\/p>\n<p class=\"p1\">Designed by Dan Ihreborn.<\/p>\n<p class=\"p3\"><i>*The furniture fact label only applies when the frame is installed with the specified MATTING board.<\/i><\/p>\n","protected":false},"excerpt":{"rendered":"<p>StandUp DESK frames are available in three models: 700, 900 and 1200. This model is size 1200, it is without a hook and with a double lever. DESK frame 700 fits our smaller DESKTOP and BLOSSOM boards. DESK frame 900 for our wider DESKTOP and TRAPETS boards (L:940-960 mm). DESK frame 1200 fits our largest [&hellip;]<\/p>\n","protected":false},"featured_media":247912,"template":"","meta":{"_et_pb_use_builder":"","_et_pb_old_content":"","_et_gb_content_width":""},"product_brand":[],"product_cat":[190,198,301],"product_tag":[],"class_list":{"0":"post-247499","1":"product","2":"type-product","3":"status-publish","4":"has-post-thumbnail","6":"product_cat-matting-interior-en","7":"product_cat-tables-accessories-mi","8":"product_cat-height-adjustable-stands-mi","10":"first","11":"instock","12":"taxable","13":"shipping-taxable","14":"purchasable","15":"product-type-variable","16":"has-default-attributes"},"yoast_head":"<!-- This site is optimized with the Yoast SEO plugin v25.6 - https:\/\/yoast.com\/wordpress\/plugins\/seo\/ -->\n<title>DESK frame without hook - Matting<\/title>\n<meta name=\"description\" content=\"DESK frame without hook - Se Mattings h\u00e5llbara koncept och produkter f\u00f6r publika milj\u00f6er, arbetsplatser och skolor.\" \/>\n<meta name=\"robots\" content=\"index, follow, max-snippet:-1, max-image-preview:large, max-video-preview:-1\" \/>\n<link rel=\"canonical\" href=\"https:\/\/matting.se\/en\/produkt\/desk-stand-without-hook\/\" \/>\n<meta property=\"og:locale\" content=\"en_US\" \/>\n<meta property=\"og:type\" content=\"article\" \/>\n<meta property=\"og:title\" content=\"DESK frame without hook - Matting\" \/>\n<meta property=\"og:description\" content=\"DESK frame without hook - Se Mattings h\u00e5llbara koncept och produkter f\u00f6r publika milj\u00f6er, arbetsplatser och skolor.\" \/>\n<meta property=\"og:url\" content=\"https:\/\/matting.se\/en\/produkt\/desk-stand-without-hook\/\" \/>\n<meta property=\"og:site_name\" content=\"Matting\" \/>\n<meta property=\"article:modified_time\" content=\"2024-03-19T07:01:52+00:00\" \/>\n<meta property=\"og:image\" content=\"https:\/\/matting.se\/wp-content\/uploads\/2023\/08\/384059_DESK-frame-1200_sandstone-grey_side.jpg\" \/>\n\t<meta property=\"og:image:width\" content=\"800\" \/>\n\t<meta property=\"og:image:height\" content=\"800\" \/>\n\t<meta property=\"og:image:type\" content=\"image\/jpeg\" \/>\n<meta name=\"twitter:card\" content=\"summary_large_image\" \/>\n<meta name=\"twitter:label1\" content=\"Est. reading time\" \/>\n\t<meta name=\"twitter:data1\" content=\"1 minute\" \/>\n<script type=\"application\/ld+json\" class=\"yoast-schema-graph\">{\"@context\":\"https:\/\/schema.org\",\"@graph\":[{\"@type\":[\"WebPage\",\"ItemPage\"],\"@id\":\"https:\/\/matting.se\/en\/produkt\/desk-stand-without-hook\/\",\"url\":\"https:\/\/matting.se\/en\/produkt\/desk-stand-without-hook\/\",\"name\":\"DESK frame without hook - Matting\",\"isPartOf\":{\"@id\":\"https:\/\/matting.se\/en\/#website\"},\"primaryImageOfPage\":{\"@id\":\"https:\/\/matting.se\/en\/produkt\/desk-stand-without-hook\/#primaryimage\"},\"image\":{\"@id\":\"https:\/\/matting.se\/en\/produkt\/desk-stand-without-hook\/#primaryimage\"},\"thumbnailUrl\":\"https:\/\/matting.se\/wp-content\/uploads\/2023\/08\/384059_DESK-frame-1200_sandstone-grey_side.jpg\",\"datePublished\":\"2023-08-17T12:34:22+00:00\",\"dateModified\":\"2024-03-19T07:01:52+00:00\",\"description\":\"DESK frame without hook - Se Mattings h\u00e5llbara koncept och produkter f\u00f6r publika milj\u00f6er, arbetsplatser och skolor.\",\"breadcrumb\":{\"@id\":\"https:\/\/matting.se\/en\/produkt\/desk-stand-without-hook\/#breadcrumb\"},\"inLanguage\":\"en-US\",\"potentialAction\":[{\"@type\":\"ReadAction\",\"target\":[\"https:\/\/matting.se\/en\/produkt\/desk-stand-without-hook\/\"]}]},{\"@type\":\"ImageObject\",\"inLanguage\":\"en-US\",\"@id\":\"https:\/\/matting.se\/en\/produkt\/desk-stand-without-hook\/#primaryimage\",\"url\":\"https:\/\/matting.se\/wp-content\/uploads\/2023\/08\/384059_DESK-frame-1200_sandstone-grey_side.jpg\",\"contentUrl\":\"https:\/\/matting.se\/wp-content\/uploads\/2023\/08\/384059_DESK-frame-1200_sandstone-grey_side.jpg\",\"width\":800,\"height\":800,\"caption\":\"384059 DESK frame 1200 sandstone grey side\"},{\"@type\":\"BreadcrumbList\",\"@id\":\"https:\/\/matting.se\/en\/produkt\/desk-stand-without-hook\/#breadcrumb\",\"itemListElement\":[{\"@type\":\"ListItem\",\"position\":1,\"name\":\"Hem\",\"item\":\"https:\/\/matting.se\/en\/\"},{\"@type\":\"ListItem\",\"position\":2,\"name\":\"Shop\",\"item\":\"https:\/\/matting.se\/shop\/\"},{\"@type\":\"ListItem\",\"position\":3,\"name\":\"Matting Interior\",\"item\":\"https:\/\/matting.se\/en\/produkt-kategori\/matting-interior-en\/\"},{\"@type\":\"ListItem\",\"position\":4,\"name\":\"Tables &amp; accessories\",\"item\":\"https:\/\/matting.se\/en\/produkt-kategori\/matting-interior-en\/tables-accessories-mi\/\"},{\"@type\":\"ListItem\",\"position\":5,\"name\":\"Height-adjustable stands MI\",\"item\":\"https:\/\/matting.se\/en\/produkt-kategori\/matting-interior-en\/tables-accessories-mi\/height-adjustable-stands-mi\/\"},{\"@type\":\"ListItem\",\"position\":6,\"name\":\"DESK frame without hook\"}]},{\"@type\":\"WebSite\",\"@id\":\"https:\/\/matting.se\/en\/#website\",\"url\":\"https:\/\/matting.se\/en\/\",\"name\":\"Matting\",\"description\":\"\",\"potentialAction\":[{\"@type\":\"SearchAction\",\"target\":{\"@type\":\"EntryPoint\",\"urlTemplate\":\"https:\/\/matting.se\/en\/?s={search_term_string}\"},\"query-input\":{\"@type\":\"PropertyValueSpecification\",\"valueRequired\":true,\"valueName\":\"search_term_string\"}}],\"inLanguage\":\"en-US\"}]}<\/script>\n<!-- \/ Yoast SEO plugin. -->","yoast_head_json":{"title":"DESK frame without hook - Matting","description":"DESK frame without hook - Se Mattings h\u00e5llbara koncept och produkter f\u00f6r publika milj\u00f6er, arbetsplatser och skolor.","robots":{"index":"index","follow":"follow","max-snippet":"max-snippet:-1","max-image-preview":"max-image-preview:large","max-video-preview":"max-video-preview:-1"},"canonical":"https:\/\/matting.se\/en\/produkt\/desk-stand-without-hook\/","og_locale":"en_US","og_type":"article","og_title":"DESK frame without hook - Matting","og_description":"DESK frame without hook - Se Mattings h\u00e5llbara koncept och produkter f\u00f6r publika milj\u00f6er, arbetsplatser och skolor.","og_url":"https:\/\/matting.se\/en\/produkt\/desk-stand-without-hook\/","og_site_name":"Matting","article_modified_time":"2024-03-19T07:01:52+00:00","og_image":[{"width":800,"height":800,"url":"https:\/\/matting.se\/wp-content\/uploads\/2023\/08\/384059_DESK-frame-1200_sandstone-grey_side.jpg","type":"image\/jpeg"}],"twitter_card":"summary_large_image","twitter_misc":{"Est. reading time":"1 minute"},"schema":{"@context":"https:\/\/schema.org","@graph":[{"@type":["WebPage","ItemPage"],"@id":"https:\/\/matting.se\/en\/produkt\/desk-stand-without-hook\/","url":"https:\/\/matting.se\/en\/produkt\/desk-stand-without-hook\/","name":"DESK frame without hook - Matting","isPartOf":{"@id":"https:\/\/matting.se\/en\/#website"},"primaryImageOfPage":{"@id":"https:\/\/matting.se\/en\/produkt\/desk-stand-without-hook\/#primaryimage"},"image":{"@id":"https:\/\/matting.se\/en\/produkt\/desk-stand-without-hook\/#primaryimage"},"thumbnailUrl":"https:\/\/matting.se\/wp-content\/uploads\/2023\/08\/384059_DESK-frame-1200_sandstone-grey_side.jpg","datePublished":"2023-08-17T12:34:22+00:00","dateModified":"2024-03-19T07:01:52+00:00","description":"DESK frame without hook - Se Mattings h\u00e5llbara koncept och produkter f\u00f6r publika milj\u00f6er, arbetsplatser och skolor.","breadcrumb":{"@id":"https:\/\/matting.se\/en\/produkt\/desk-stand-without-hook\/#breadcrumb"},"inLanguage":"en-US","potentialAction":[{"@type":"ReadAction","target":["https:\/\/matting.se\/en\/produkt\/desk-stand-without-hook\/"]}]},{"@type":"ImageObject","inLanguage":"en-US","@id":"https:\/\/matting.se\/en\/produkt\/desk-stand-without-hook\/#primaryimage","url":"https:\/\/matting.se\/wp-content\/uploads\/2023\/08\/384059_DESK-frame-1200_sandstone-grey_side.jpg","contentUrl":"https:\/\/matting.se\/wp-content\/uploads\/2023\/08\/384059_DESK-frame-1200_sandstone-grey_side.jpg","width":800,"height":800,"caption":"384059 DESK frame 1200 sandstone grey side"},{"@type":"BreadcrumbList","@id":"https:\/\/matting.se\/en\/produkt\/desk-stand-without-hook\/#breadcrumb","itemListElement":[{"@type":"ListItem","position":1,"name":"Hem","item":"https:\/\/matting.se\/en\/"},{"@type":"ListItem","position":2,"name":"Shop","item":"https:\/\/matting.se\/shop\/"},{"@type":"ListItem","position":3,"name":"Matting Interior","item":"https:\/\/matting.se\/en\/produkt-kategori\/matting-interior-en\/"},{"@type":"ListItem","position":4,"name":"Tables &amp; accessories","item":"https:\/\/matting.se\/en\/produkt-kategori\/matting-interior-en\/tables-accessories-mi\/"},{"@type":"ListItem","position":5,"name":"Height-adjustable stands MI","item":"https:\/\/matting.se\/en\/produkt-kategori\/matting-interior-en\/tables-accessories-mi\/height-adjustable-stands-mi\/"},{"@type":"ListItem","position":6,"name":"DESK frame without hook"}]},{"@type":"WebSite","@id":"https:\/\/matting.se\/en\/#website","url":"https:\/\/matting.se\/en\/","name":"Matting","description":"","potentialAction":[{"@type":"SearchAction","target":{"@type":"EntryPoint","urlTemplate":"https:\/\/matting.se\/en\/?s={search_term_string}"},"query-input":{"@type":"PropertyValueSpecification","valueRequired":true,"valueName":"search_term_string"}}],"inLanguage":"en-US"}]}},"_links":{"self":[{"href":"https:\/\/matting.se\/en\/wp-json\/wp\/v2\/product\/247499","targetHints":{"allow":["GET"]}}],"collection":[{"href":"https:\/\/matting.se\/en\/wp-json\/wp\/v2\/product"}],"about":[{"href":"https:\/\/matting.se\/en\/wp-json\/wp\/v2\/types\/product"}],"wp:featuredmedia":[{"embeddable":true,"href":"https:\/\/matting.se\/en\/wp-json\/wp\/v2\/media\/247912"}],"wp:attachment":[{"href":"https:\/\/matting.se\/en\/wp-json\/wp\/v2\/media?parent=247499"}],"wp:term":[{"taxonomy":"product_brand","embeddable":true,"href":"https:\/\/matting.se\/en\/wp-json\/wp\/v2\/product_brand?post=247499"},{"taxonomy":"product_cat","embeddable":true,"href":"https:\/\/matting.se\/en\/wp-json\/wp\/v2\/product_cat?post=247499"},{"taxonomy":"product_tag","embeddable":true,"href":"https:\/\/matting.se\/en\/wp-json\/wp\/v2\/product_tag?post=247499"}],"curies":[{"name":"wp","href":"https:\/\/api.w.org\/{rel}","templated":true}]}}