{"id":247420,"date":"2023-08-17T13:34:27","date_gmt":"2023-08-17T12:34:27","guid":{"rendered":"https:\/\/matting.se\/produkt\/air-standing-mat\/"},"modified":"2024-02-02T10:48:48","modified_gmt":"2024-02-02T09:48:48","slug":"air-standing-mat","status":"publish","type":"product","link":"https:\/\/matting.se\/en\/produkt\/air-standing-mat\/","title":{"rendered":"AIR standing mat"},"content":{"rendered":"<p>StandUp AIR is an ergonomic, high quality standing mat with an extra thick and soft core with anti-static properties. Extra durable nitrile rubber coating.<\/p>\n<p>AIR has an extra thick and soft core for good load ergonomics for standing work. The mat is both cushioning and highly relieving. The stylishly patterned outer layer is made of nitrile rubber, making it extra durable and hard-wearing. The AIR is suitable for standing desks in offices, receptions and shops. AIR is also electrically conductive.<\/p>\n<p>The smaller size of the AIR has an eyelet for suspension.<\/p>\n","protected":false},"excerpt":{"rendered":"<p>StandUp AIR is an ergonomic, high quality standing mat with an extra thick and soft core with anti-static properties. Extra durable nitrile rubber coating. AIR has an extra thick and soft core for good load ergonomics for standing work. The mat is both cushioning and highly relieving. The stylishly patterned outer layer is made of [&hellip;]<\/p>\n","protected":false},"featured_media":242618,"template":"","meta":{"_et_pb_use_builder":"","_et_pb_old_content":"","_et_gb_content_width":""},"product_brand":[],"product_cat":[188,190,191,192],"product_tag":[],"class_list":{"0":"post-247420","1":"product","2":"type-product","3":"status-publish","4":"has-post-thumbnail","6":"product_cat-standing-mats","7":"product_cat-matting-interior-en","8":"product_cat-standing-mats-balance-boards-mi","9":"product_cat-standing-mats-mi","11":"first","12":"instock","13":"taxable","14":"shipping-taxable","15":"purchasable","16":"product-type-variable","17":"has-default-attributes"},"yoast_head":"<!-- This site is optimized with the Yoast SEO plugin v25.6 - https:\/\/yoast.com\/wordpress\/plugins\/seo\/ -->\n<title>AIR standing mat - Matting<\/title>\n<meta name=\"description\" content=\"AIR standing mat - Se Mattings h\u00e5llbara koncept och produkter f\u00f6r publika milj\u00f6er, arbetsplatser och skolor.\" \/>\n<meta name=\"robots\" content=\"index, follow, max-snippet:-1, max-image-preview:large, max-video-preview:-1\" \/>\n<link rel=\"canonical\" href=\"https:\/\/matting.se\/en\/produkt\/air-standing-mat\/\" \/>\n<meta property=\"og:locale\" content=\"en_US\" \/>\n<meta property=\"og:type\" content=\"article\" \/>\n<meta property=\"og:title\" content=\"AIR standing mat - Matting\" \/>\n<meta property=\"og:description\" content=\"AIR standing mat - Se Mattings h\u00e5llbara koncept och produkter f\u00f6r publika milj\u00f6er, arbetsplatser och skolor.\" \/>\n<meta property=\"og:url\" content=\"https:\/\/matting.se\/en\/produkt\/air-standing-mat\/\" \/>\n<meta property=\"og:site_name\" content=\"Matting\" \/>\n<meta property=\"article:modified_time\" content=\"2024-02-02T09:48:48+00:00\" \/>\n<meta property=\"og:image\" content=\"https:\/\/matting.se\/wp-content\/uploads\/2023\/08\/381995-AIR_mat_top.jpg\" \/>\n\t<meta property=\"og:image:width\" content=\"800\" \/>\n\t<meta property=\"og:image:height\" content=\"800\" \/>\n\t<meta property=\"og:image:type\" content=\"image\/jpeg\" \/>\n<meta name=\"twitter:card\" content=\"summary_large_image\" \/>\n<meta name=\"twitter:label1\" content=\"Est. reading time\" \/>\n\t<meta name=\"twitter:data1\" content=\"1 minute\" \/>\n<script type=\"application\/ld+json\" class=\"yoast-schema-graph\">{\"@context\":\"https:\/\/schema.org\",\"@graph\":[{\"@type\":[\"WebPage\",\"ItemPage\"],\"@id\":\"https:\/\/matting.se\/en\/produkt\/air-standing-mat\/\",\"url\":\"https:\/\/matting.se\/en\/produkt\/air-standing-mat\/\",\"name\":\"AIR standing mat - Matting\",\"isPartOf\":{\"@id\":\"https:\/\/matting.se\/en\/#website\"},\"primaryImageOfPage\":{\"@id\":\"https:\/\/matting.se\/en\/produkt\/air-standing-mat\/#primaryimage\"},\"image\":{\"@id\":\"https:\/\/matting.se\/en\/produkt\/air-standing-mat\/#primaryimage\"},\"thumbnailUrl\":\"https:\/\/matting.se\/wp-content\/uploads\/2023\/08\/381995-AIR_mat_top.jpg\",\"datePublished\":\"2023-08-17T12:34:27+00:00\",\"dateModified\":\"2024-02-02T09:48:48+00:00\",\"description\":\"AIR standing mat - Se Mattings h\u00e5llbara koncept och produkter f\u00f6r publika milj\u00f6er, arbetsplatser och skolor.\",\"breadcrumb\":{\"@id\":\"https:\/\/matting.se\/en\/produkt\/air-standing-mat\/#breadcrumb\"},\"inLanguage\":\"en-US\",\"potentialAction\":[{\"@type\":\"ReadAction\",\"target\":[\"https:\/\/matting.se\/en\/produkt\/air-standing-mat\/\"]}]},{\"@type\":\"ImageObject\",\"inLanguage\":\"en-US\",\"@id\":\"https:\/\/matting.se\/en\/produkt\/air-standing-mat\/#primaryimage\",\"url\":\"https:\/\/matting.se\/wp-content\/uploads\/2023\/08\/381995-AIR_mat_top.jpg\",\"contentUrl\":\"https:\/\/matting.se\/wp-content\/uploads\/2023\/08\/381995-AIR_mat_top.jpg\",\"width\":800,\"height\":800,\"caption\":\"StandUp AIR is an ergonomic, high quality standing mat with an extra thick and soft core with anti-static properties. Extra durable nitrile rubber coating.\"},{\"@type\":\"BreadcrumbList\",\"@id\":\"https:\/\/matting.se\/en\/produkt\/air-standing-mat\/#breadcrumb\",\"itemListElement\":[{\"@type\":\"ListItem\",\"position\":1,\"name\":\"Hem\",\"item\":\"https:\/\/matting.se\/en\/\"},{\"@type\":\"ListItem\",\"position\":2,\"name\":\"Shop\",\"item\":\"https:\/\/matting.se\/shop\/\"},{\"@type\":\"ListItem\",\"position\":3,\"name\":\"St\u00e5mattor\",\"item\":\"https:\/\/matting.se\/produkt-kategori\/stamattor\/\"},{\"@type\":\"ListItem\",\"position\":4,\"name\":\"Standing mats\",\"item\":\"https:\/\/matting.se\/en\/produkt-kategori\/standing-mats\/\"},{\"@type\":\"ListItem\",\"position\":5,\"name\":\"AIR standing mat\"}]},{\"@type\":\"WebSite\",\"@id\":\"https:\/\/matting.se\/en\/#website\",\"url\":\"https:\/\/matting.se\/en\/\",\"name\":\"Matting\",\"description\":\"\",\"potentialAction\":[{\"@type\":\"SearchAction\",\"target\":{\"@type\":\"EntryPoint\",\"urlTemplate\":\"https:\/\/matting.se\/en\/?s={search_term_string}\"},\"query-input\":{\"@type\":\"PropertyValueSpecification\",\"valueRequired\":true,\"valueName\":\"search_term_string\"}}],\"inLanguage\":\"en-US\"}]}<\/script>\n<!-- \/ Yoast SEO plugin. -->","yoast_head_json":{"title":"AIR standing mat - Matting","description":"AIR standing mat - Se Mattings h\u00e5llbara koncept och produkter f\u00f6r publika milj\u00f6er, arbetsplatser och skolor.","robots":{"index":"index","follow":"follow","max-snippet":"max-snippet:-1","max-image-preview":"max-image-preview:large","max-video-preview":"max-video-preview:-1"},"canonical":"https:\/\/matting.se\/en\/produkt\/air-standing-mat\/","og_locale":"en_US","og_type":"article","og_title":"AIR standing mat - Matting","og_description":"AIR standing mat - Se Mattings h\u00e5llbara koncept och produkter f\u00f6r publika milj\u00f6er, arbetsplatser och skolor.","og_url":"https:\/\/matting.se\/en\/produkt\/air-standing-mat\/","og_site_name":"Matting","article_modified_time":"2024-02-02T09:48:48+00:00","og_image":[{"width":800,"height":800,"url":"https:\/\/matting.se\/wp-content\/uploads\/2023\/08\/381995-AIR_mat_top.jpg","type":"image\/jpeg"}],"twitter_card":"summary_large_image","twitter_misc":{"Est. reading time":"1 minute"},"schema":{"@context":"https:\/\/schema.org","@graph":[{"@type":["WebPage","ItemPage"],"@id":"https:\/\/matting.se\/en\/produkt\/air-standing-mat\/","url":"https:\/\/matting.se\/en\/produkt\/air-standing-mat\/","name":"AIR standing mat - Matting","isPartOf":{"@id":"https:\/\/matting.se\/en\/#website"},"primaryImageOfPage":{"@id":"https:\/\/matting.se\/en\/produkt\/air-standing-mat\/#primaryimage"},"image":{"@id":"https:\/\/matting.se\/en\/produkt\/air-standing-mat\/#primaryimage"},"thumbnailUrl":"https:\/\/matting.se\/wp-content\/uploads\/2023\/08\/381995-AIR_mat_top.jpg","datePublished":"2023-08-17T12:34:27+00:00","dateModified":"2024-02-02T09:48:48+00:00","description":"AIR standing mat - Se Mattings h\u00e5llbara koncept och produkter f\u00f6r publika milj\u00f6er, arbetsplatser och skolor.","breadcrumb":{"@id":"https:\/\/matting.se\/en\/produkt\/air-standing-mat\/#breadcrumb"},"inLanguage":"en-US","potentialAction":[{"@type":"ReadAction","target":["https:\/\/matting.se\/en\/produkt\/air-standing-mat\/"]}]},{"@type":"ImageObject","inLanguage":"en-US","@id":"https:\/\/matting.se\/en\/produkt\/air-standing-mat\/#primaryimage","url":"https:\/\/matting.se\/wp-content\/uploads\/2023\/08\/381995-AIR_mat_top.jpg","contentUrl":"https:\/\/matting.se\/wp-content\/uploads\/2023\/08\/381995-AIR_mat_top.jpg","width":800,"height":800,"caption":"StandUp AIR is an ergonomic, high quality standing mat with an extra thick and soft core with anti-static properties. Extra durable nitrile rubber coating."},{"@type":"BreadcrumbList","@id":"https:\/\/matting.se\/en\/produkt\/air-standing-mat\/#breadcrumb","itemListElement":[{"@type":"ListItem","position":1,"name":"Hem","item":"https:\/\/matting.se\/en\/"},{"@type":"ListItem","position":2,"name":"Shop","item":"https:\/\/matting.se\/shop\/"},{"@type":"ListItem","position":3,"name":"St\u00e5mattor","item":"https:\/\/matting.se\/produkt-kategori\/stamattor\/"},{"@type":"ListItem","position":4,"name":"Standing mats","item":"https:\/\/matting.se\/en\/produkt-kategori\/standing-mats\/"},{"@type":"ListItem","position":5,"name":"AIR standing mat"}]},{"@type":"WebSite","@id":"https:\/\/matting.se\/en\/#website","url":"https:\/\/matting.se\/en\/","name":"Matting","description":"","potentialAction":[{"@type":"SearchAction","target":{"@type":"EntryPoint","urlTemplate":"https:\/\/matting.se\/en\/?s={search_term_string}"},"query-input":{"@type":"PropertyValueSpecification","valueRequired":true,"valueName":"search_term_string"}}],"inLanguage":"en-US"}]}},"_links":{"self":[{"href":"https:\/\/matting.se\/en\/wp-json\/wp\/v2\/product\/247420","targetHints":{"allow":["GET"]}}],"collection":[{"href":"https:\/\/matting.se\/en\/wp-json\/wp\/v2\/product"}],"about":[{"href":"https:\/\/matting.se\/en\/wp-json\/wp\/v2\/types\/product"}],"wp:featuredmedia":[{"embeddable":true,"href":"https:\/\/matting.se\/en\/wp-json\/wp\/v2\/media\/242618"}],"wp:attachment":[{"href":"https:\/\/matting.se\/en\/wp-json\/wp\/v2\/media?parent=247420"}],"wp:term":[{"taxonomy":"product_brand","embeddable":true,"href":"https:\/\/matting.se\/en\/wp-json\/wp\/v2\/product_brand?post=247420"},{"taxonomy":"product_cat","embeddable":true,"href":"https:\/\/matting.se\/en\/wp-json\/wp\/v2\/product_cat?post=247420"},{"taxonomy":"product_tag","embeddable":true,"href":"https:\/\/matting.se\/en\/wp-json\/wp\/v2\/product_tag?post=247420"}],"curies":[{"name":"wp","href":"https:\/\/api.w.org\/{rel}","templated":true}]}}