{"id":247323,"date":"2023-08-07T14:22:01","date_gmt":"2023-08-07T14:22:01","guid":{"rendered":"https:\/\/matting.se\/produkt\/desk-front-table-top\/"},"modified":"2023-12-19T16:13:47","modified_gmt":"2023-12-19T16:13:47","slug":"desk-front-table-top","status":"publish","type":"product","link":"https:\/\/matting.se\/en\/produkt\/desk-front-table-top\/","title":{"rendered":"DESK FRONT table top"},"content":{"rendered":"<p>A double-laminated front panel that provides privacy for the StandUp DESK table. The top moves with the table when it is raised\/lowered.<\/p>\n<p>&nbsp;<\/p>\n","protected":false},"excerpt":{"rendered":"<p>A double-laminated front panel that provides privacy for the StandUp DESK table. The top moves with the table when it is raised\/lowered. &nbsp;<\/p>\n","protected":false},"featured_media":241673,"template":"","meta":{"_et_pb_use_builder":"","_et_pb_old_content":"","_et_gb_content_width":""},"product_brand":[],"product_cat":[197,190,198,199],"product_tag":[],"class_list":{"0":"post-247323","1":"product","2":"type-product","3":"status-publish","4":"has-post-thumbnail","6":"product_cat-desk-accessories","7":"product_cat-matting-interior-en","8":"product_cat-tables-accessories-mi","9":"product_cat-table-accessories-mi","11":"first","12":"instock","13":"taxable","14":"shipping-taxable","15":"purchasable","16":"product-type-variable","17":"has-default-attributes"},"yoast_head":"<!-- This site is optimized with the Yoast SEO plugin v25.6 - https:\/\/yoast.com\/wordpress\/plugins\/seo\/ -->\n<title>DESK FRONT table top - Matting<\/title>\n<meta name=\"description\" content=\"DESK FRONT table top - Se Mattings h\u00e5llbara koncept och produkter f\u00f6r publika milj\u00f6er, arbetsplatser och skolor.\" \/>\n<meta name=\"robots\" content=\"index, follow, max-snippet:-1, max-image-preview:large, max-video-preview:-1\" \/>\n<link rel=\"canonical\" href=\"https:\/\/matting.se\/en\/produkt\/desk-front-table-top\/\" \/>\n<meta property=\"og:locale\" content=\"en_US\" \/>\n<meta property=\"og:type\" content=\"article\" \/>\n<meta property=\"og:title\" content=\"DESK FRONT table top - Matting\" \/>\n<meta property=\"og:description\" content=\"DESK FRONT table top - Se Mattings h\u00e5llbara koncept och produkter f\u00f6r publika milj\u00f6er, arbetsplatser och skolor.\" \/>\n<meta property=\"og:url\" content=\"https:\/\/matting.se\/en\/produkt\/desk-front-table-top\/\" \/>\n<meta property=\"og:site_name\" content=\"Matting\" \/>\n<meta property=\"article:modified_time\" content=\"2023-12-19T16:13:47+00:00\" \/>\n<meta property=\"og:image\" content=\"https:\/\/matting.se\/wp-content\/uploads\/2023\/07\/385081_DESK-FRONT_94cm_black_side-e1691417518786.jpg\" \/>\n\t<meta property=\"og:image:width\" content=\"600\" \/>\n\t<meta property=\"og:image:height\" content=\"600\" \/>\n\t<meta property=\"og:image:type\" content=\"image\/jpeg\" \/>\n<meta name=\"twitter:card\" content=\"summary_large_image\" \/>\n<script type=\"application\/ld+json\" class=\"yoast-schema-graph\">{\"@context\":\"https:\/\/schema.org\",\"@graph\":[{\"@type\":[\"WebPage\",\"ItemPage\"],\"@id\":\"https:\/\/matting.se\/en\/produkt\/desk-front-table-top\/\",\"url\":\"https:\/\/matting.se\/en\/produkt\/desk-front-table-top\/\",\"name\":\"DESK FRONT table top - Matting\",\"isPartOf\":{\"@id\":\"https:\/\/matting.se\/en\/#website\"},\"primaryImageOfPage\":{\"@id\":\"https:\/\/matting.se\/en\/produkt\/desk-front-table-top\/#primaryimage\"},\"image\":{\"@id\":\"https:\/\/matting.se\/en\/produkt\/desk-front-table-top\/#primaryimage\"},\"thumbnailUrl\":\"https:\/\/matting.se\/wp-content\/uploads\/2023\/07\/385081_DESK-FRONT_94cm_black_side-e1691417518786.jpg\",\"datePublished\":\"2023-08-07T14:22:01+00:00\",\"dateModified\":\"2023-12-19T16:13:47+00:00\",\"description\":\"DESK FRONT table top - Se Mattings h\u00e5llbara koncept och produkter f\u00f6r publika milj\u00f6er, arbetsplatser och skolor.\",\"breadcrumb\":{\"@id\":\"https:\/\/matting.se\/en\/produkt\/desk-front-table-top\/#breadcrumb\"},\"inLanguage\":\"en-US\",\"potentialAction\":[{\"@type\":\"ReadAction\",\"target\":[\"https:\/\/matting.se\/en\/produkt\/desk-front-table-top\/\"]}]},{\"@type\":\"ImageObject\",\"inLanguage\":\"en-US\",\"@id\":\"https:\/\/matting.se\/en\/produkt\/desk-front-table-top\/#primaryimage\",\"url\":\"https:\/\/matting.se\/wp-content\/uploads\/2023\/07\/385081_DESK-FRONT_94cm_black_side-e1691417518786.jpg\",\"contentUrl\":\"https:\/\/matting.se\/wp-content\/uploads\/2023\/07\/385081_DESK-FRONT_94cm_black_side-e1691417518786.jpg\",\"width\":600,\"height\":600,\"caption\":\"StandUp DESK FRONT, a double-laminated panel that provides privacy. Optional for StandUp DESK.\"},{\"@type\":\"BreadcrumbList\",\"@id\":\"https:\/\/matting.se\/en\/produkt\/desk-front-table-top\/#breadcrumb\",\"itemListElement\":[{\"@type\":\"ListItem\",\"position\":1,\"name\":\"Hem\",\"item\":\"https:\/\/matting.se\/en\/\"},{\"@type\":\"ListItem\",\"position\":2,\"name\":\"Shop\",\"item\":\"https:\/\/matting.se\/shop\/\"},{\"@type\":\"ListItem\",\"position\":3,\"name\":\"H\u00f6j &amp; s\u00e4nkbara bord\",\"item\":\"https:\/\/matting.se\/produkt-kategori\/hoj-sankbara-bord\/\"},{\"@type\":\"ListItem\",\"position\":4,\"name\":\"Desk accessories\",\"item\":\"https:\/\/matting.se\/en\/produkt-kategori\/desk-accessories\/\"},{\"@type\":\"ListItem\",\"position\":5,\"name\":\"DESK FRONT table top\"}]},{\"@type\":\"WebSite\",\"@id\":\"https:\/\/matting.se\/en\/#website\",\"url\":\"https:\/\/matting.se\/en\/\",\"name\":\"Matting\",\"description\":\"\",\"potentialAction\":[{\"@type\":\"SearchAction\",\"target\":{\"@type\":\"EntryPoint\",\"urlTemplate\":\"https:\/\/matting.se\/en\/?s={search_term_string}\"},\"query-input\":{\"@type\":\"PropertyValueSpecification\",\"valueRequired\":true,\"valueName\":\"search_term_string\"}}],\"inLanguage\":\"en-US\"}]}<\/script>\n<!-- \/ Yoast SEO plugin. -->","yoast_head_json":{"title":"DESK FRONT table top - Matting","description":"DESK FRONT table top - Se Mattings h\u00e5llbara koncept och produkter f\u00f6r publika milj\u00f6er, arbetsplatser och skolor.","robots":{"index":"index","follow":"follow","max-snippet":"max-snippet:-1","max-image-preview":"max-image-preview:large","max-video-preview":"max-video-preview:-1"},"canonical":"https:\/\/matting.se\/en\/produkt\/desk-front-table-top\/","og_locale":"en_US","og_type":"article","og_title":"DESK FRONT table top - Matting","og_description":"DESK FRONT table top - Se Mattings h\u00e5llbara koncept och produkter f\u00f6r publika milj\u00f6er, arbetsplatser och skolor.","og_url":"https:\/\/matting.se\/en\/produkt\/desk-front-table-top\/","og_site_name":"Matting","article_modified_time":"2023-12-19T16:13:47+00:00","og_image":[{"width":600,"height":600,"url":"https:\/\/matting.se\/wp-content\/uploads\/2023\/07\/385081_DESK-FRONT_94cm_black_side-e1691417518786.jpg","type":"image\/jpeg"}],"twitter_card":"summary_large_image","schema":{"@context":"https:\/\/schema.org","@graph":[{"@type":["WebPage","ItemPage"],"@id":"https:\/\/matting.se\/en\/produkt\/desk-front-table-top\/","url":"https:\/\/matting.se\/en\/produkt\/desk-front-table-top\/","name":"DESK FRONT table top - Matting","isPartOf":{"@id":"https:\/\/matting.se\/en\/#website"},"primaryImageOfPage":{"@id":"https:\/\/matting.se\/en\/produkt\/desk-front-table-top\/#primaryimage"},"image":{"@id":"https:\/\/matting.se\/en\/produkt\/desk-front-table-top\/#primaryimage"},"thumbnailUrl":"https:\/\/matting.se\/wp-content\/uploads\/2023\/07\/385081_DESK-FRONT_94cm_black_side-e1691417518786.jpg","datePublished":"2023-08-07T14:22:01+00:00","dateModified":"2023-12-19T16:13:47+00:00","description":"DESK FRONT table top - Se Mattings h\u00e5llbara koncept och produkter f\u00f6r publika milj\u00f6er, arbetsplatser och skolor.","breadcrumb":{"@id":"https:\/\/matting.se\/en\/produkt\/desk-front-table-top\/#breadcrumb"},"inLanguage":"en-US","potentialAction":[{"@type":"ReadAction","target":["https:\/\/matting.se\/en\/produkt\/desk-front-table-top\/"]}]},{"@type":"ImageObject","inLanguage":"en-US","@id":"https:\/\/matting.se\/en\/produkt\/desk-front-table-top\/#primaryimage","url":"https:\/\/matting.se\/wp-content\/uploads\/2023\/07\/385081_DESK-FRONT_94cm_black_side-e1691417518786.jpg","contentUrl":"https:\/\/matting.se\/wp-content\/uploads\/2023\/07\/385081_DESK-FRONT_94cm_black_side-e1691417518786.jpg","width":600,"height":600,"caption":"StandUp DESK FRONT, a double-laminated panel that provides privacy. Optional for StandUp DESK."},{"@type":"BreadcrumbList","@id":"https:\/\/matting.se\/en\/produkt\/desk-front-table-top\/#breadcrumb","itemListElement":[{"@type":"ListItem","position":1,"name":"Hem","item":"https:\/\/matting.se\/en\/"},{"@type":"ListItem","position":2,"name":"Shop","item":"https:\/\/matting.se\/shop\/"},{"@type":"ListItem","position":3,"name":"H\u00f6j &amp; s\u00e4nkbara bord","item":"https:\/\/matting.se\/produkt-kategori\/hoj-sankbara-bord\/"},{"@type":"ListItem","position":4,"name":"Desk accessories","item":"https:\/\/matting.se\/en\/produkt-kategori\/desk-accessories\/"},{"@type":"ListItem","position":5,"name":"DESK FRONT table top"}]},{"@type":"WebSite","@id":"https:\/\/matting.se\/en\/#website","url":"https:\/\/matting.se\/en\/","name":"Matting","description":"","potentialAction":[{"@type":"SearchAction","target":{"@type":"EntryPoint","urlTemplate":"https:\/\/matting.se\/en\/?s={search_term_string}"},"query-input":{"@type":"PropertyValueSpecification","valueRequired":true,"valueName":"search_term_string"}}],"inLanguage":"en-US"}]}},"_links":{"self":[{"href":"https:\/\/matting.se\/en\/wp-json\/wp\/v2\/product\/247323","targetHints":{"allow":["GET"]}}],"collection":[{"href":"https:\/\/matting.se\/en\/wp-json\/wp\/v2\/product"}],"about":[{"href":"https:\/\/matting.se\/en\/wp-json\/wp\/v2\/types\/product"}],"wp:featuredmedia":[{"embeddable":true,"href":"https:\/\/matting.se\/en\/wp-json\/wp\/v2\/media\/241673"}],"wp:attachment":[{"href":"https:\/\/matting.se\/en\/wp-json\/wp\/v2\/media?parent=247323"}],"wp:term":[{"taxonomy":"product_brand","embeddable":true,"href":"https:\/\/matting.se\/en\/wp-json\/wp\/v2\/product_brand?post=247323"},{"taxonomy":"product_cat","embeddable":true,"href":"https:\/\/matting.se\/en\/wp-json\/wp\/v2\/product_cat?post=247323"},{"taxonomy":"product_tag","embeddable":true,"href":"https:\/\/matting.se\/en\/wp-json\/wp\/v2\/product_tag?post=247323"}],"curies":[{"name":"wp","href":"https:\/\/api.w.org\/{rel}","templated":true}]}}