{"id":247258,"date":"2021-11-18T16:03:56","date_gmt":"2021-11-18T15:03:56","guid":{"rendered":"https:\/\/matting.se\/produkt\/desk-converter\/"},"modified":"2024-02-16T08:56:52","modified_gmt":"2024-02-16T07:56:52","slug":"desk-converter","status":"publish","type":"product","link":"https:\/\/matting.se\/en\/produkt\/desk-converter\/","title":{"rendered":"DESK CONVERTER"},"content":{"rendered":"<p>DESK CONVERTER is a folding height-adjustable table, available in two different sizes and two colors. The working height is infinitely adjustable with a gas spring and is easily set to the correct working height. Easily folded and stowed away.<\/p>\n<p>The table fits into both study and home environments and makes it possible to adjust the working height even on a fixed surface such as a kitchen table, fixed desk or similar.<\/p>\n<p>With the DESK CONVERTER stepless modes, the table top raises and lowers to easily adapt the working position.<\/p>\n","protected":false},"excerpt":{"rendered":"<p>DESK CONVERTER is a folding height-adjustable table, available in two different sizes and two colors. The working height is infinitely adjustable with a gas spring and is easily set to the correct working height. Easily folded and stowed away. The table fits into both study and home environments and makes it possible to adjust the [&hellip;]<\/p>\n","protected":false},"featured_media":244367,"template":"","meta":{"_et_pb_use_builder":"","_et_pb_old_content":"","_et_gb_content_width":""},"product_brand":[],"product_cat":[271,190,272],"product_tag":[],"class_list":{"0":"post-247258","1":"product","2":"type-product","3":"status-publish","4":"has-post-thumbnail","6":"product_cat-portable-mini-tables","7":"product_cat-matting-interior-en","8":"product_cat-portable-mini-table-mi","9":"product_shipping_class-bulky-en","11":"first","12":"instock","13":"taxable","14":"shipping-taxable","15":"purchasable","16":"product-type-variable","17":"has-default-attributes"},"yoast_head":"<!-- This site is optimized with the Yoast SEO plugin v25.6 - https:\/\/yoast.com\/wordpress\/plugins\/seo\/ -->\n<title>DESK CONVERTER - Matting<\/title>\n<meta name=\"description\" content=\"DESK CONVERTER - Se Mattings h\u00e5llbara koncept och produkter f\u00f6r publika milj\u00f6er, arbetsplatser och skolor.\" \/>\n<meta name=\"robots\" content=\"index, follow, max-snippet:-1, max-image-preview:large, max-video-preview:-1\" \/>\n<link rel=\"canonical\" href=\"https:\/\/matting.se\/en\/produkt\/desk-converter\/\" \/>\n<meta property=\"og:locale\" content=\"en_US\" \/>\n<meta property=\"og:type\" content=\"article\" \/>\n<meta property=\"og:title\" content=\"DESK CONVERTER - Matting\" \/>\n<meta property=\"og:description\" content=\"DESK CONVERTER - Se Mattings h\u00e5llbara koncept och produkter f\u00f6r publika milj\u00f6er, arbetsplatser och skolor.\" \/>\n<meta property=\"og:url\" content=\"https:\/\/matting.se\/en\/produkt\/desk-converter\/\" \/>\n<meta property=\"og:site_name\" content=\"Matting\" \/>\n<meta property=\"article:modified_time\" content=\"2024-02-16T07:56:52+00:00\" \/>\n<meta property=\"og:image\" content=\"https:\/\/matting.se\/wp-content\/uploads\/2021\/09\/809782_DESK_CONVERTER_small_black_front.jpg\" \/>\n\t<meta property=\"og:image:width\" content=\"800\" \/>\n\t<meta property=\"og:image:height\" content=\"800\" \/>\n\t<meta property=\"og:image:type\" content=\"image\/jpeg\" \/>\n<meta name=\"twitter:card\" content=\"summary_large_image\" \/>\n<meta name=\"twitter:label1\" content=\"Est. reading time\" \/>\n\t<meta name=\"twitter:data1\" content=\"1 minute\" \/>\n<script type=\"application\/ld+json\" class=\"yoast-schema-graph\">{\"@context\":\"https:\/\/schema.org\",\"@graph\":[{\"@type\":[\"WebPage\",\"ItemPage\"],\"@id\":\"https:\/\/matting.se\/en\/produkt\/desk-converter\/\",\"url\":\"https:\/\/matting.se\/en\/produkt\/desk-converter\/\",\"name\":\"DESK CONVERTER - Matting\",\"isPartOf\":{\"@id\":\"https:\/\/matting.se\/en\/#website\"},\"primaryImageOfPage\":{\"@id\":\"https:\/\/matting.se\/en\/produkt\/desk-converter\/#primaryimage\"},\"image\":{\"@id\":\"https:\/\/matting.se\/en\/produkt\/desk-converter\/#primaryimage\"},\"thumbnailUrl\":\"https:\/\/matting.se\/wp-content\/uploads\/2021\/09\/809782_DESK_CONVERTER_small_black_front.jpg\",\"datePublished\":\"2021-11-18T15:03:56+00:00\",\"dateModified\":\"2024-02-16T07:56:52+00:00\",\"description\":\"DESK CONVERTER - Se Mattings h\u00e5llbara koncept och produkter f\u00f6r publika milj\u00f6er, arbetsplatser och skolor.\",\"breadcrumb\":{\"@id\":\"https:\/\/matting.se\/en\/produkt\/desk-converter\/#breadcrumb\"},\"inLanguage\":\"en-US\",\"potentialAction\":[{\"@type\":\"ReadAction\",\"target\":[\"https:\/\/matting.se\/en\/produkt\/desk-converter\/\"]}]},{\"@type\":\"ImageObject\",\"inLanguage\":\"en-US\",\"@id\":\"https:\/\/matting.se\/en\/produkt\/desk-converter\/#primaryimage\",\"url\":\"https:\/\/matting.se\/wp-content\/uploads\/2021\/09\/809782_DESK_CONVERTER_small_black_front.jpg\",\"contentUrl\":\"https:\/\/matting.se\/wp-content\/uploads\/2021\/09\/809782_DESK_CONVERTER_small_black_front.jpg\",\"width\":800,\"height\":800},{\"@type\":\"BreadcrumbList\",\"@id\":\"https:\/\/matting.se\/en\/produkt\/desk-converter\/#breadcrumb\",\"itemListElement\":[{\"@type\":\"ListItem\",\"position\":1,\"name\":\"Hem\",\"item\":\"https:\/\/matting.se\/en\/\"},{\"@type\":\"ListItem\",\"position\":2,\"name\":\"Shop\",\"item\":\"https:\/\/matting.se\/shop\/\"},{\"@type\":\"ListItem\",\"position\":3,\"name\":\"Matting Interior\",\"item\":\"https:\/\/matting.se\/en\/produkt-kategori\/matting-interior-en\/\"},{\"@type\":\"ListItem\",\"position\":4,\"name\":\"Tables &amp; accessories\",\"item\":\"https:\/\/matting.se\/en\/produkt-kategori\/matting-interior-en\/tables-accessories-mi\/\"},{\"@type\":\"ListItem\",\"position\":5,\"name\":\"Portable mini table MI\",\"item\":\"https:\/\/matting.se\/en\/produkt-kategori\/matting-interior-en\/tables-accessories-mi\/portable-mini-table-mi\/\"},{\"@type\":\"ListItem\",\"position\":6,\"name\":\"DESK CONVERTER\"}]},{\"@type\":\"WebSite\",\"@id\":\"https:\/\/matting.se\/en\/#website\",\"url\":\"https:\/\/matting.se\/en\/\",\"name\":\"Matting\",\"description\":\"\",\"potentialAction\":[{\"@type\":\"SearchAction\",\"target\":{\"@type\":\"EntryPoint\",\"urlTemplate\":\"https:\/\/matting.se\/en\/?s={search_term_string}\"},\"query-input\":{\"@type\":\"PropertyValueSpecification\",\"valueRequired\":true,\"valueName\":\"search_term_string\"}}],\"inLanguage\":\"en-US\"}]}<\/script>\n<!-- \/ Yoast SEO plugin. -->","yoast_head_json":{"title":"DESK CONVERTER - Matting","description":"DESK CONVERTER - Se Mattings h\u00e5llbara koncept och produkter f\u00f6r publika milj\u00f6er, arbetsplatser och skolor.","robots":{"index":"index","follow":"follow","max-snippet":"max-snippet:-1","max-image-preview":"max-image-preview:large","max-video-preview":"max-video-preview:-1"},"canonical":"https:\/\/matting.se\/en\/produkt\/desk-converter\/","og_locale":"en_US","og_type":"article","og_title":"DESK CONVERTER - Matting","og_description":"DESK CONVERTER - Se Mattings h\u00e5llbara koncept och produkter f\u00f6r publika milj\u00f6er, arbetsplatser och skolor.","og_url":"https:\/\/matting.se\/en\/produkt\/desk-converter\/","og_site_name":"Matting","article_modified_time":"2024-02-16T07:56:52+00:00","og_image":[{"width":800,"height":800,"url":"https:\/\/matting.se\/wp-content\/uploads\/2021\/09\/809782_DESK_CONVERTER_small_black_front.jpg","type":"image\/jpeg"}],"twitter_card":"summary_large_image","twitter_misc":{"Est. reading time":"1 minute"},"schema":{"@context":"https:\/\/schema.org","@graph":[{"@type":["WebPage","ItemPage"],"@id":"https:\/\/matting.se\/en\/produkt\/desk-converter\/","url":"https:\/\/matting.se\/en\/produkt\/desk-converter\/","name":"DESK CONVERTER - Matting","isPartOf":{"@id":"https:\/\/matting.se\/en\/#website"},"primaryImageOfPage":{"@id":"https:\/\/matting.se\/en\/produkt\/desk-converter\/#primaryimage"},"image":{"@id":"https:\/\/matting.se\/en\/produkt\/desk-converter\/#primaryimage"},"thumbnailUrl":"https:\/\/matting.se\/wp-content\/uploads\/2021\/09\/809782_DESK_CONVERTER_small_black_front.jpg","datePublished":"2021-11-18T15:03:56+00:00","dateModified":"2024-02-16T07:56:52+00:00","description":"DESK CONVERTER - Se Mattings h\u00e5llbara koncept och produkter f\u00f6r publika milj\u00f6er, arbetsplatser och skolor.","breadcrumb":{"@id":"https:\/\/matting.se\/en\/produkt\/desk-converter\/#breadcrumb"},"inLanguage":"en-US","potentialAction":[{"@type":"ReadAction","target":["https:\/\/matting.se\/en\/produkt\/desk-converter\/"]}]},{"@type":"ImageObject","inLanguage":"en-US","@id":"https:\/\/matting.se\/en\/produkt\/desk-converter\/#primaryimage","url":"https:\/\/matting.se\/wp-content\/uploads\/2021\/09\/809782_DESK_CONVERTER_small_black_front.jpg","contentUrl":"https:\/\/matting.se\/wp-content\/uploads\/2021\/09\/809782_DESK_CONVERTER_small_black_front.jpg","width":800,"height":800},{"@type":"BreadcrumbList","@id":"https:\/\/matting.se\/en\/produkt\/desk-converter\/#breadcrumb","itemListElement":[{"@type":"ListItem","position":1,"name":"Hem","item":"https:\/\/matting.se\/en\/"},{"@type":"ListItem","position":2,"name":"Shop","item":"https:\/\/matting.se\/shop\/"},{"@type":"ListItem","position":3,"name":"Matting Interior","item":"https:\/\/matting.se\/en\/produkt-kategori\/matting-interior-en\/"},{"@type":"ListItem","position":4,"name":"Tables &amp; accessories","item":"https:\/\/matting.se\/en\/produkt-kategori\/matting-interior-en\/tables-accessories-mi\/"},{"@type":"ListItem","position":5,"name":"Portable mini table MI","item":"https:\/\/matting.se\/en\/produkt-kategori\/matting-interior-en\/tables-accessories-mi\/portable-mini-table-mi\/"},{"@type":"ListItem","position":6,"name":"DESK CONVERTER"}]},{"@type":"WebSite","@id":"https:\/\/matting.se\/en\/#website","url":"https:\/\/matting.se\/en\/","name":"Matting","description":"","potentialAction":[{"@type":"SearchAction","target":{"@type":"EntryPoint","urlTemplate":"https:\/\/matting.se\/en\/?s={search_term_string}"},"query-input":{"@type":"PropertyValueSpecification","valueRequired":true,"valueName":"search_term_string"}}],"inLanguage":"en-US"}]}},"_links":{"self":[{"href":"https:\/\/matting.se\/en\/wp-json\/wp\/v2\/product\/247258","targetHints":{"allow":["GET"]}}],"collection":[{"href":"https:\/\/matting.se\/en\/wp-json\/wp\/v2\/product"}],"about":[{"href":"https:\/\/matting.se\/en\/wp-json\/wp\/v2\/types\/product"}],"wp:featuredmedia":[{"embeddable":true,"href":"https:\/\/matting.se\/en\/wp-json\/wp\/v2\/media\/244367"}],"wp:attachment":[{"href":"https:\/\/matting.se\/en\/wp-json\/wp\/v2\/media?parent=247258"}],"wp:term":[{"taxonomy":"product_brand","embeddable":true,"href":"https:\/\/matting.se\/en\/wp-json\/wp\/v2\/product_brand?post=247258"},{"taxonomy":"product_cat","embeddable":true,"href":"https:\/\/matting.se\/en\/wp-json\/wp\/v2\/product_cat?post=247258"},{"taxonomy":"product_tag","embeddable":true,"href":"https:\/\/matting.se\/en\/wp-json\/wp\/v2\/product_tag?post=247258"}],"curies":[{"name":"wp","href":"https:\/\/api.w.org\/{rel}","templated":true}]}}