{"id":247236,"date":"2021-06-08T09:07:09","date_gmt":"2021-06-08T08:07:09","guid":{"rendered":"https:\/\/matting.se\/produkt\/neos-feedthrough-bracket\/"},"modified":"2024-02-14T10:20:29","modified_gmt":"2024-02-14T09:20:29","slug":"neos-table-bushing","status":"publish","type":"product","link":"https:\/\/matting.se\/en\/produkt\/neos-table-bushing\/","title":{"rendered":"NEOS feedthrough bracket"},"content":{"rendered":"<p>NEOS is an innovative lighting concept that gives you the freedom to build your lamp with the features you want or need.<br \/>\nThe NEOS desk lamp combines longevity and durability with stylish design and modern technology.<br \/>\nA lamp that is both classic and innovative, with a stylish design but still with its own expression.<\/p>\n<p>NEOS is buildable. You choose the options you want in your lamp and assemble your own version.<br \/>\nIt is available in two models in lamp arm and table base. The models are X and Z. There is also a clamp mount or grommet mount.<br \/>\nNEOS is available in several colors.<\/p>\n<p>This product is <strong>NEOS pin<\/strong>. It is available in Black, White and Sandstone Grey.<br \/>\nThe NEOS pin is of high quality and fits most table tops. The pass-through pin is size M12. The cover plates measure \u00d860 mm and the opening 0-52 mm.<br \/>\nDon&#8217;t forget to choose a model X or Z lamp arm for a complete lamp.<\/p>\n<p>DO THIS:<br \/>\nSTEP 1 &#8211; CHOOSE A LAMP ARM<br \/>\nThe X-arm gives you a lamp with asymmetrical light that flows over a large area. You get an adjustable color temperature so you can switch between warm and cold light and adjust it during the day (CCT).<br \/>\nWith the Z-arm you get a lamp with a COB LED module that provides a lot of high quality point light on a centered surface.<br \/>\nBoth models include a dimmer and timer.<\/p>\n<p>STEP 2 &#8211; CHOOSE TABLE BASE OR BRACKET<br \/>\nAfter selecting the table arm, choose the table base or bracket.<\/p>\n<p>You can choose between our two models of table base:<br \/>\n&#8211; The NEOS X table base has QI charging and also an additional USB charging for mobile devices.<br \/>\n&#8211; The NEOS Z table base is a simple, stylish table base.<\/p>\n<p>or choose a clamp bracket or a grommet (pin) bracket to save table space.<\/p>\n<p>Design: Peter Mattisson<\/p>\n","protected":false},"excerpt":{"rendered":"<p>NEOS is an innovative lighting concept that gives you the freedom to build your lamp with the features you want or need. The NEOS desk lamp combines longevity and durability with stylish design and modern technology. A lamp that is both classic and innovative, with a stylish design but still with its own expression. NEOS [&hellip;]<\/p>\n","protected":false},"featured_media":239543,"template":"","meta":{"_et_pb_use_builder":"","_et_pb_old_content":"","_et_gb_content_width":""},"product_brand":[],"product_cat":[254,190,257,258],"product_tag":[],"class_list":{"0":"post-247236","1":"product","2":"type-product","3":"status-publish","4":"has-post-thumbnail","6":"product_cat-desktop-lighting","7":"product_cat-matting-interior-en","8":"product_cat-lighting-mi","9":"product_cat-desktop-lighting-mi","11":"first","12":"instock","13":"taxable","14":"shipping-taxable","15":"purchasable","16":"product-type-variable","17":"has-default-attributes"},"yoast_head":"<!-- This site is optimized with the Yoast SEO plugin v25.6 - https:\/\/yoast.com\/wordpress\/plugins\/seo\/ -->\n<title>NEOS feedthrough bracket - Matting<\/title>\n<meta name=\"description\" content=\"NEOS feedthrough bracket - Se Mattings h\u00e5llbara koncept och produkter f\u00f6r publika milj\u00f6er, arbetsplatser och skolor.\" \/>\n<meta name=\"robots\" content=\"index, follow, max-snippet:-1, max-image-preview:large, max-video-preview:-1\" \/>\n<link rel=\"canonical\" href=\"https:\/\/matting.se\/en\/produkt\/neos-table-bushing\/\" \/>\n<meta property=\"og:locale\" content=\"en_US\" \/>\n<meta property=\"og:type\" content=\"article\" \/>\n<meta property=\"og:title\" content=\"NEOS feedthrough bracket - Matting\" \/>\n<meta property=\"og:description\" content=\"NEOS feedthrough bracket - Se Mattings h\u00e5llbara koncept och produkter f\u00f6r publika milj\u00f6er, arbetsplatser och skolor.\" \/>\n<meta property=\"og:url\" content=\"https:\/\/matting.se\/en\/produkt\/neos-table-bushing\/\" \/>\n<meta property=\"og:site_name\" content=\"Matting\" \/>\n<meta property=\"article:modified_time\" content=\"2024-02-14T09:20:29+00:00\" \/>\n<meta property=\"og:image\" content=\"https:\/\/matting.se\/wp-content\/uploads\/2021\/06\/775105_NEOS_pin_black_single.jpg\" \/>\n\t<meta property=\"og:image:width\" content=\"800\" \/>\n\t<meta property=\"og:image:height\" content=\"800\" \/>\n\t<meta property=\"og:image:type\" content=\"image\/jpeg\" \/>\n<meta name=\"twitter:card\" content=\"summary_large_image\" \/>\n<meta name=\"twitter:label1\" content=\"Est. reading time\" \/>\n\t<meta name=\"twitter:data1\" content=\"2 minutes\" \/>\n<script type=\"application\/ld+json\" class=\"yoast-schema-graph\">{\"@context\":\"https:\/\/schema.org\",\"@graph\":[{\"@type\":[\"WebPage\",\"ItemPage\"],\"@id\":\"https:\/\/matting.se\/en\/produkt\/neos-table-bushing\/\",\"url\":\"https:\/\/matting.se\/en\/produkt\/neos-table-bushing\/\",\"name\":\"NEOS feedthrough bracket - Matting\",\"isPartOf\":{\"@id\":\"https:\/\/matting.se\/en\/#website\"},\"primaryImageOfPage\":{\"@id\":\"https:\/\/matting.se\/en\/produkt\/neos-table-bushing\/#primaryimage\"},\"image\":{\"@id\":\"https:\/\/matting.se\/en\/produkt\/neos-table-bushing\/#primaryimage\"},\"thumbnailUrl\":\"https:\/\/matting.se\/wp-content\/uploads\/2021\/06\/775105_NEOS_pin_black_single.jpg\",\"datePublished\":\"2021-06-08T08:07:09+00:00\",\"dateModified\":\"2024-02-14T09:20:29+00:00\",\"description\":\"NEOS feedthrough bracket - Se Mattings h\u00e5llbara koncept och produkter f\u00f6r publika milj\u00f6er, arbetsplatser och skolor.\",\"breadcrumb\":{\"@id\":\"https:\/\/matting.se\/en\/produkt\/neos-table-bushing\/#breadcrumb\"},\"inLanguage\":\"en-US\",\"potentialAction\":[{\"@type\":\"ReadAction\",\"target\":[\"https:\/\/matting.se\/en\/produkt\/neos-table-bushing\/\"]}]},{\"@type\":\"ImageObject\",\"inLanguage\":\"en-US\",\"@id\":\"https:\/\/matting.se\/en\/produkt\/neos-table-bushing\/#primaryimage\",\"url\":\"https:\/\/matting.se\/wp-content\/uploads\/2021\/06\/775105_NEOS_pin_black_single.jpg\",\"contentUrl\":\"https:\/\/matting.se\/wp-content\/uploads\/2021\/06\/775105_NEOS_pin_black_single.jpg\",\"width\":800,\"height\":800,\"caption\":\"NEOS feedthrough bracket\"},{\"@type\":\"BreadcrumbList\",\"@id\":\"https:\/\/matting.se\/en\/produkt\/neos-table-bushing\/#breadcrumb\",\"itemListElement\":[{\"@type\":\"ListItem\",\"position\":1,\"name\":\"Hem\",\"item\":\"https:\/\/matting.se\/en\/\"},{\"@type\":\"ListItem\",\"position\":2,\"name\":\"Shop\",\"item\":\"https:\/\/matting.se\/shop\/\"},{\"@type\":\"ListItem\",\"position\":3,\"name\":\"Matting Interior\",\"item\":\"https:\/\/matting.se\/en\/produkt-kategori\/matting-interior-en\/\"},{\"@type\":\"ListItem\",\"position\":4,\"name\":\"Lighting\",\"item\":\"https:\/\/matting.se\/en\/produkt-kategori\/matting-interior-en\/lighting-mi\/\"},{\"@type\":\"ListItem\",\"position\":5,\"name\":\"Desktop lighting MI\",\"item\":\"https:\/\/matting.se\/en\/produkt-kategori\/matting-interior-en\/lighting-mi\/desktop-lighting-mi\/\"},{\"@type\":\"ListItem\",\"position\":6,\"name\":\"NEOS feedthrough bracket\"}]},{\"@type\":\"WebSite\",\"@id\":\"https:\/\/matting.se\/en\/#website\",\"url\":\"https:\/\/matting.se\/en\/\",\"name\":\"Matting\",\"description\":\"\",\"potentialAction\":[{\"@type\":\"SearchAction\",\"target\":{\"@type\":\"EntryPoint\",\"urlTemplate\":\"https:\/\/matting.se\/en\/?s={search_term_string}\"},\"query-input\":{\"@type\":\"PropertyValueSpecification\",\"valueRequired\":true,\"valueName\":\"search_term_string\"}}],\"inLanguage\":\"en-US\"}]}<\/script>\n<!-- \/ Yoast SEO plugin. -->","yoast_head_json":{"title":"NEOS feedthrough bracket - Matting","description":"NEOS feedthrough bracket - Se Mattings h\u00e5llbara koncept och produkter f\u00f6r publika milj\u00f6er, arbetsplatser och skolor.","robots":{"index":"index","follow":"follow","max-snippet":"max-snippet:-1","max-image-preview":"max-image-preview:large","max-video-preview":"max-video-preview:-1"},"canonical":"https:\/\/matting.se\/en\/produkt\/neos-table-bushing\/","og_locale":"en_US","og_type":"article","og_title":"NEOS feedthrough bracket - Matting","og_description":"NEOS feedthrough bracket - Se Mattings h\u00e5llbara koncept och produkter f\u00f6r publika milj\u00f6er, arbetsplatser och skolor.","og_url":"https:\/\/matting.se\/en\/produkt\/neos-table-bushing\/","og_site_name":"Matting","article_modified_time":"2024-02-14T09:20:29+00:00","og_image":[{"width":800,"height":800,"url":"https:\/\/matting.se\/wp-content\/uploads\/2021\/06\/775105_NEOS_pin_black_single.jpg","type":"image\/jpeg"}],"twitter_card":"summary_large_image","twitter_misc":{"Est. reading time":"2 minutes"},"schema":{"@context":"https:\/\/schema.org","@graph":[{"@type":["WebPage","ItemPage"],"@id":"https:\/\/matting.se\/en\/produkt\/neos-table-bushing\/","url":"https:\/\/matting.se\/en\/produkt\/neos-table-bushing\/","name":"NEOS feedthrough bracket - Matting","isPartOf":{"@id":"https:\/\/matting.se\/en\/#website"},"primaryImageOfPage":{"@id":"https:\/\/matting.se\/en\/produkt\/neos-table-bushing\/#primaryimage"},"image":{"@id":"https:\/\/matting.se\/en\/produkt\/neos-table-bushing\/#primaryimage"},"thumbnailUrl":"https:\/\/matting.se\/wp-content\/uploads\/2021\/06\/775105_NEOS_pin_black_single.jpg","datePublished":"2021-06-08T08:07:09+00:00","dateModified":"2024-02-14T09:20:29+00:00","description":"NEOS feedthrough bracket - Se Mattings h\u00e5llbara koncept och produkter f\u00f6r publika milj\u00f6er, arbetsplatser och skolor.","breadcrumb":{"@id":"https:\/\/matting.se\/en\/produkt\/neos-table-bushing\/#breadcrumb"},"inLanguage":"en-US","potentialAction":[{"@type":"ReadAction","target":["https:\/\/matting.se\/en\/produkt\/neos-table-bushing\/"]}]},{"@type":"ImageObject","inLanguage":"en-US","@id":"https:\/\/matting.se\/en\/produkt\/neos-table-bushing\/#primaryimage","url":"https:\/\/matting.se\/wp-content\/uploads\/2021\/06\/775105_NEOS_pin_black_single.jpg","contentUrl":"https:\/\/matting.se\/wp-content\/uploads\/2021\/06\/775105_NEOS_pin_black_single.jpg","width":800,"height":800,"caption":"NEOS feedthrough bracket"},{"@type":"BreadcrumbList","@id":"https:\/\/matting.se\/en\/produkt\/neos-table-bushing\/#breadcrumb","itemListElement":[{"@type":"ListItem","position":1,"name":"Hem","item":"https:\/\/matting.se\/en\/"},{"@type":"ListItem","position":2,"name":"Shop","item":"https:\/\/matting.se\/shop\/"},{"@type":"ListItem","position":3,"name":"Matting Interior","item":"https:\/\/matting.se\/en\/produkt-kategori\/matting-interior-en\/"},{"@type":"ListItem","position":4,"name":"Lighting","item":"https:\/\/matting.se\/en\/produkt-kategori\/matting-interior-en\/lighting-mi\/"},{"@type":"ListItem","position":5,"name":"Desktop lighting MI","item":"https:\/\/matting.se\/en\/produkt-kategori\/matting-interior-en\/lighting-mi\/desktop-lighting-mi\/"},{"@type":"ListItem","position":6,"name":"NEOS feedthrough bracket"}]},{"@type":"WebSite","@id":"https:\/\/matting.se\/en\/#website","url":"https:\/\/matting.se\/en\/","name":"Matting","description":"","potentialAction":[{"@type":"SearchAction","target":{"@type":"EntryPoint","urlTemplate":"https:\/\/matting.se\/en\/?s={search_term_string}"},"query-input":{"@type":"PropertyValueSpecification","valueRequired":true,"valueName":"search_term_string"}}],"inLanguage":"en-US"}]}},"_links":{"self":[{"href":"https:\/\/matting.se\/en\/wp-json\/wp\/v2\/product\/247236","targetHints":{"allow":["GET"]}}],"collection":[{"href":"https:\/\/matting.se\/en\/wp-json\/wp\/v2\/product"}],"about":[{"href":"https:\/\/matting.se\/en\/wp-json\/wp\/v2\/types\/product"}],"wp:featuredmedia":[{"embeddable":true,"href":"https:\/\/matting.se\/en\/wp-json\/wp\/v2\/media\/239543"}],"wp:attachment":[{"href":"https:\/\/matting.se\/en\/wp-json\/wp\/v2\/media?parent=247236"}],"wp:term":[{"taxonomy":"product_brand","embeddable":true,"href":"https:\/\/matting.se\/en\/wp-json\/wp\/v2\/product_brand?post=247236"},{"taxonomy":"product_cat","embeddable":true,"href":"https:\/\/matting.se\/en\/wp-json\/wp\/v2\/product_cat?post=247236"},{"taxonomy":"product_tag","embeddable":true,"href":"https:\/\/matting.se\/en\/wp-json\/wp\/v2\/product_tag?post=247236"}],"curies":[{"name":"wp","href":"https:\/\/api.w.org\/{rel}","templated":true}]}}