{"id":247235,"date":"2022-02-03T07:10:42","date_gmt":"2022-02-03T07:10:42","guid":{"rendered":"https:\/\/matting.se\/produkt\/choice-chair-cushion-fabric-rivet\/"},"modified":"2024-01-09T08:19:24","modified_gmt":"2024-01-09T08:19:24","slug":"choice-chair-cushion-fabric-rivet","status":"publish","type":"product","link":"https:\/\/matting.se\/en\/produkt\/choice-chair-cushion-fabric-rivet\/","title":{"rendered":"CHOICE chair cushion fabric Rivet"},"content":{"rendered":"<p>The StandUp CHOICE chair cushion is a removable soft seat for the CHOICE chair for better comfort.<\/p>\n<p>The Rivet woven fabric is made from 100% REPREVE\u00ae which is a 100% recycled polyester material produced from plastic bottles. The fabric has the EU Ecolabel label.<br \/>\nThe padding of wadding and foam is made from recycled waste material.<br \/>\nThe foam in the seat is replaceable for long life and circular flow.<\/p>\n<p>The cushion is easily attached to the seat with Velcro.<\/p>\n<p>The CHOICE chair cushion is available in a number of fabrics and colors as standard. We also have a made-to-order range with more colors and fabrics. If you have special requests that are not included in our order range, the chair cushions are also available as a special order. Contact us for a quote if you have special requests.<\/p>\n<p>&nbsp;<\/p>\n<p><strong>More information<\/strong><\/p>\n<p><a href=\"https:\/\/matting.se\/wp-content\/uploads\/2022\/03\/StandUp-CHOICE-broschyr_SE.pdf\" target=\"_blank\" rel=\"noopener\">StandUp CHOICE brochure<\/a><br \/>\n<a href=\"https:\/\/matting.se\/wp-content\/uploads\/2024\/01\/MOUTING-INSTRUCTION_CHOICE.pdf\" target=\"_blank\" rel=\"noopener\">Assembly instructions<\/a><\/p>\n","protected":false},"excerpt":{"rendered":"<p>The StandUp CHOICE chair cushion is a removable soft seat for the CHOICE chair for better comfort. The Rivet woven fabric is made from 100% REPREVE\u00ae which is a 100% recycled polyester material produced from plastic bottles. The fabric has the EU Ecolabel label. The padding of wadding and foam is made from recycled waste [&hellip;]<\/p>\n","protected":false},"featured_media":240749,"template":"","meta":{"_et_pb_use_builder":"","_et_pb_old_content":"","_et_gb_content_width":""},"product_brand":[],"product_cat":[232,190,233,291],"product_tag":[],"class_list":{"0":"post-247235","1":"product","2":"type-product","3":"status-publish","4":"has-post-thumbnail","6":"product_cat-furniture","7":"product_cat-matting-interior-en","8":"product_cat-seating-furniture-mi","9":"product_cat-chair-cushions-mi","11":"first","12":"outofstock","13":"taxable","14":"shipping-taxable","15":"purchasable","16":"product-type-variable","17":"has-default-attributes"},"yoast_head":"<!-- This site is optimized with the Yoast SEO plugin v25.6 - https:\/\/yoast.com\/wordpress\/plugins\/seo\/ -->\n<title>CHOICE chair cushion fabric Rivet - Matting<\/title>\n<meta name=\"description\" content=\"CHOICE chair cushion fabric Rivet - Se Mattings h\u00e5llbara koncept och produkter f\u00f6r publika milj\u00f6er, arbetsplatser och skolor.\" \/>\n<meta name=\"robots\" content=\"index, follow, max-snippet:-1, max-image-preview:large, max-video-preview:-1\" \/>\n<link rel=\"canonical\" href=\"https:\/\/matting.se\/en\/produkt\/choice-chair-cushion-fabric-rivet\/\" \/>\n<meta property=\"og:locale\" content=\"en_US\" \/>\n<meta property=\"og:type\" content=\"article\" \/>\n<meta property=\"og:title\" content=\"CHOICE chair cushion fabric Rivet - Matting\" \/>\n<meta property=\"og:description\" content=\"CHOICE chair cushion fabric Rivet - Se Mattings h\u00e5llbara koncept och produkter f\u00f6r publika milj\u00f6er, arbetsplatser och skolor.\" \/>\n<meta property=\"og:url\" content=\"https:\/\/matting.se\/en\/produkt\/choice-chair-cushion-fabric-rivet\/\" \/>\n<meta property=\"og:site_name\" content=\"Matting\" \/>\n<meta property=\"article:modified_time\" content=\"2024-01-09T08:19:24+00:00\" \/>\n<meta property=\"og:image\" content=\"https:\/\/matting.se\/wp-content\/uploads\/2022\/02\/CHOICES_cushion_fabric_grey.gif\" \/>\n\t<meta property=\"og:image:width\" content=\"800\" \/>\n\t<meta property=\"og:image:height\" content=\"800\" \/>\n\t<meta property=\"og:image:type\" content=\"image\/gif\" \/>\n<meta name=\"twitter:card\" content=\"summary_large_image\" \/>\n<meta name=\"twitter:label1\" content=\"Est. reading time\" \/>\n\t<meta name=\"twitter:data1\" content=\"1 minute\" \/>\n<script type=\"application\/ld+json\" class=\"yoast-schema-graph\">{\"@context\":\"https:\/\/schema.org\",\"@graph\":[{\"@type\":[\"WebPage\",\"ItemPage\"],\"@id\":\"https:\/\/matting.se\/en\/produkt\/choice-chair-cushion-fabric-rivet\/\",\"url\":\"https:\/\/matting.se\/en\/produkt\/choice-chair-cushion-fabric-rivet\/\",\"name\":\"CHOICE chair cushion fabric Rivet - Matting\",\"isPartOf\":{\"@id\":\"https:\/\/matting.se\/en\/#website\"},\"primaryImageOfPage\":{\"@id\":\"https:\/\/matting.se\/en\/produkt\/choice-chair-cushion-fabric-rivet\/#primaryimage\"},\"image\":{\"@id\":\"https:\/\/matting.se\/en\/produkt\/choice-chair-cushion-fabric-rivet\/#primaryimage\"},\"thumbnailUrl\":\"https:\/\/matting.se\/wp-content\/uploads\/2022\/02\/CHOICES_cushion_fabric_grey.gif\",\"datePublished\":\"2022-02-03T07:10:42+00:00\",\"dateModified\":\"2024-01-09T08:19:24+00:00\",\"description\":\"CHOICE chair cushion fabric Rivet - Se Mattings h\u00e5llbara koncept och produkter f\u00f6r publika milj\u00f6er, arbetsplatser och skolor.\",\"breadcrumb\":{\"@id\":\"https:\/\/matting.se\/en\/produkt\/choice-chair-cushion-fabric-rivet\/#breadcrumb\"},\"inLanguage\":\"en-US\",\"potentialAction\":[{\"@type\":\"ReadAction\",\"target\":[\"https:\/\/matting.se\/en\/produkt\/choice-chair-cushion-fabric-rivet\/\"]}]},{\"@type\":\"ImageObject\",\"inLanguage\":\"en-US\",\"@id\":\"https:\/\/matting.se\/en\/produkt\/choice-chair-cushion-fabric-rivet\/#primaryimage\",\"url\":\"https:\/\/matting.se\/wp-content\/uploads\/2022\/02\/CHOICES_cushion_fabric_grey.gif\",\"contentUrl\":\"https:\/\/matting.se\/wp-content\/uploads\/2022\/02\/CHOICES_cushion_fabric_grey.gif\",\"width\":800,\"height\":800},{\"@type\":\"BreadcrumbList\",\"@id\":\"https:\/\/matting.se\/en\/produkt\/choice-chair-cushion-fabric-rivet\/#breadcrumb\",\"itemListElement\":[{\"@type\":\"ListItem\",\"position\":1,\"name\":\"Hem\",\"item\":\"https:\/\/matting.se\/en\/\"},{\"@type\":\"ListItem\",\"position\":2,\"name\":\"Shop\",\"item\":\"https:\/\/matting.se\/shop\/\"},{\"@type\":\"ListItem\",\"position\":3,\"name\":\"Matting Interior\",\"item\":\"https:\/\/matting.se\/en\/produkt-kategori\/matting-interior-en\/\"},{\"@type\":\"ListItem\",\"position\":4,\"name\":\"Seating furniture\",\"item\":\"https:\/\/matting.se\/en\/produkt-kategori\/matting-interior-en\/seating-furniture-mi\/\"},{\"@type\":\"ListItem\",\"position\":5,\"name\":\"Chair cushions MI\",\"item\":\"https:\/\/matting.se\/en\/produkt-kategori\/matting-interior-en\/seating-furniture-mi\/chair-cushions-mi\/\"},{\"@type\":\"ListItem\",\"position\":6,\"name\":\"CHOICE chair cushion fabric Rivet\"}]},{\"@type\":\"WebSite\",\"@id\":\"https:\/\/matting.se\/en\/#website\",\"url\":\"https:\/\/matting.se\/en\/\",\"name\":\"Matting\",\"description\":\"\",\"potentialAction\":[{\"@type\":\"SearchAction\",\"target\":{\"@type\":\"EntryPoint\",\"urlTemplate\":\"https:\/\/matting.se\/en\/?s={search_term_string}\"},\"query-input\":{\"@type\":\"PropertyValueSpecification\",\"valueRequired\":true,\"valueName\":\"search_term_string\"}}],\"inLanguage\":\"en-US\"}]}<\/script>\n<!-- \/ Yoast SEO plugin. -->","yoast_head_json":{"title":"CHOICE chair cushion fabric Rivet - Matting","description":"CHOICE chair cushion fabric Rivet - Se Mattings h\u00e5llbara koncept och produkter f\u00f6r publika milj\u00f6er, arbetsplatser och skolor.","robots":{"index":"index","follow":"follow","max-snippet":"max-snippet:-1","max-image-preview":"max-image-preview:large","max-video-preview":"max-video-preview:-1"},"canonical":"https:\/\/matting.se\/en\/produkt\/choice-chair-cushion-fabric-rivet\/","og_locale":"en_US","og_type":"article","og_title":"CHOICE chair cushion fabric Rivet - Matting","og_description":"CHOICE chair cushion fabric Rivet - Se Mattings h\u00e5llbara koncept och produkter f\u00f6r publika milj\u00f6er, arbetsplatser och skolor.","og_url":"https:\/\/matting.se\/en\/produkt\/choice-chair-cushion-fabric-rivet\/","og_site_name":"Matting","article_modified_time":"2024-01-09T08:19:24+00:00","og_image":[{"width":800,"height":800,"url":"https:\/\/matting.se\/wp-content\/uploads\/2022\/02\/CHOICES_cushion_fabric_grey.gif","type":"image\/gif"}],"twitter_card":"summary_large_image","twitter_misc":{"Est. reading time":"1 minute"},"schema":{"@context":"https:\/\/schema.org","@graph":[{"@type":["WebPage","ItemPage"],"@id":"https:\/\/matting.se\/en\/produkt\/choice-chair-cushion-fabric-rivet\/","url":"https:\/\/matting.se\/en\/produkt\/choice-chair-cushion-fabric-rivet\/","name":"CHOICE chair cushion fabric Rivet - Matting","isPartOf":{"@id":"https:\/\/matting.se\/en\/#website"},"primaryImageOfPage":{"@id":"https:\/\/matting.se\/en\/produkt\/choice-chair-cushion-fabric-rivet\/#primaryimage"},"image":{"@id":"https:\/\/matting.se\/en\/produkt\/choice-chair-cushion-fabric-rivet\/#primaryimage"},"thumbnailUrl":"https:\/\/matting.se\/wp-content\/uploads\/2022\/02\/CHOICES_cushion_fabric_grey.gif","datePublished":"2022-02-03T07:10:42+00:00","dateModified":"2024-01-09T08:19:24+00:00","description":"CHOICE chair cushion fabric Rivet - Se Mattings h\u00e5llbara koncept och produkter f\u00f6r publika milj\u00f6er, arbetsplatser och skolor.","breadcrumb":{"@id":"https:\/\/matting.se\/en\/produkt\/choice-chair-cushion-fabric-rivet\/#breadcrumb"},"inLanguage":"en-US","potentialAction":[{"@type":"ReadAction","target":["https:\/\/matting.se\/en\/produkt\/choice-chair-cushion-fabric-rivet\/"]}]},{"@type":"ImageObject","inLanguage":"en-US","@id":"https:\/\/matting.se\/en\/produkt\/choice-chair-cushion-fabric-rivet\/#primaryimage","url":"https:\/\/matting.se\/wp-content\/uploads\/2022\/02\/CHOICES_cushion_fabric_grey.gif","contentUrl":"https:\/\/matting.se\/wp-content\/uploads\/2022\/02\/CHOICES_cushion_fabric_grey.gif","width":800,"height":800},{"@type":"BreadcrumbList","@id":"https:\/\/matting.se\/en\/produkt\/choice-chair-cushion-fabric-rivet\/#breadcrumb","itemListElement":[{"@type":"ListItem","position":1,"name":"Hem","item":"https:\/\/matting.se\/en\/"},{"@type":"ListItem","position":2,"name":"Shop","item":"https:\/\/matting.se\/shop\/"},{"@type":"ListItem","position":3,"name":"Matting Interior","item":"https:\/\/matting.se\/en\/produkt-kategori\/matting-interior-en\/"},{"@type":"ListItem","position":4,"name":"Seating furniture","item":"https:\/\/matting.se\/en\/produkt-kategori\/matting-interior-en\/seating-furniture-mi\/"},{"@type":"ListItem","position":5,"name":"Chair cushions MI","item":"https:\/\/matting.se\/en\/produkt-kategori\/matting-interior-en\/seating-furniture-mi\/chair-cushions-mi\/"},{"@type":"ListItem","position":6,"name":"CHOICE chair cushion fabric Rivet"}]},{"@type":"WebSite","@id":"https:\/\/matting.se\/en\/#website","url":"https:\/\/matting.se\/en\/","name":"Matting","description":"","potentialAction":[{"@type":"SearchAction","target":{"@type":"EntryPoint","urlTemplate":"https:\/\/matting.se\/en\/?s={search_term_string}"},"query-input":{"@type":"PropertyValueSpecification","valueRequired":true,"valueName":"search_term_string"}}],"inLanguage":"en-US"}]}},"_links":{"self":[{"href":"https:\/\/matting.se\/en\/wp-json\/wp\/v2\/product\/247235","targetHints":{"allow":["GET"]}}],"collection":[{"href":"https:\/\/matting.se\/en\/wp-json\/wp\/v2\/product"}],"about":[{"href":"https:\/\/matting.se\/en\/wp-json\/wp\/v2\/types\/product"}],"wp:featuredmedia":[{"embeddable":true,"href":"https:\/\/matting.se\/en\/wp-json\/wp\/v2\/media\/240749"}],"wp:attachment":[{"href":"https:\/\/matting.se\/en\/wp-json\/wp\/v2\/media?parent=247235"}],"wp:term":[{"taxonomy":"product_brand","embeddable":true,"href":"https:\/\/matting.se\/en\/wp-json\/wp\/v2\/product_brand?post=247235"},{"taxonomy":"product_cat","embeddable":true,"href":"https:\/\/matting.se\/en\/wp-json\/wp\/v2\/product_cat?post=247235"},{"taxonomy":"product_tag","embeddable":true,"href":"https:\/\/matting.se\/en\/wp-json\/wp\/v2\/product_tag?post=247235"}],"curies":[{"name":"wp","href":"https:\/\/api.w.org\/{rel}","templated":true}]}}