{"id":247181,"date":"2022-01-26T07:08:18","date_gmt":"2022-01-26T07:08:18","guid":{"rendered":"https:\/\/matting.se\/produkt\/vila-dog-pad\/"},"modified":"2023-12-19T16:13:49","modified_gmt":"2023-12-19T16:13:49","slug":"vila-dog-pad","status":"publish","type":"product","link":"https:\/\/matting.se\/en\/produkt\/vila-dog-pad\/","title":{"rendered":"VILA dog pad"},"content":{"rendered":"<p>The VILA dog cushion gives your dog a perfect and comfortable rest so that you who work from home can have peace and quiet. VILA is an easy-care and flexible cushion, easy to move and roll up.<\/p>\n<p>VILA fits perfectly at your home workplace, in the office or in your dog cage. The pad is easy to keep clean and is resistant to dirt. It is therefore also suitable for dog day care centers and other public places with high standards of cleanliness.<\/p>\n<p>Easily rinsed under water or wiped with a mild detergent.<\/p>\n<p>Dimensions: 61 x 91 cm<br \/>\nThickness: 9 mm<\/p>\n","protected":false},"excerpt":{"rendered":"<p>The VILA dog cushion gives your dog a perfect and comfortable rest so that you who work from home can have peace and quiet. VILA is an easy-care and flexible cushion, easy to move and roll up. VILA fits perfectly at your home workplace, in the office or in your dog cage. The pad is [&hellip;]<\/p>\n","protected":false},"featured_media":240569,"template":"","meta":{"_et_pb_use_builder":"","_et_pb_old_content":"","_et_gb_content_width":""},"product_brand":[],"product_cat":[286],"product_tag":[],"class_list":{"0":"post-247181","1":"product","2":"type-product","3":"status-publish","4":"has-post-thumbnail","6":"product_cat-other-including-agility","8":"first","9":"instock","10":"taxable","11":"shipping-taxable","12":"purchasable","13":"product-type-variable","14":"has-default-attributes"},"yoast_head":"<!-- This site is optimized with the Yoast SEO plugin v25.6 - https:\/\/yoast.com\/wordpress\/plugins\/seo\/ -->\n<title>VILA dog pad - Matting<\/title>\n<meta name=\"description\" content=\"VILA dog pad - Se Mattings h\u00e5llbara koncept och produkter f\u00f6r publika milj\u00f6er, arbetsplatser och skolor.\" \/>\n<meta name=\"robots\" content=\"index, follow, max-snippet:-1, max-image-preview:large, max-video-preview:-1\" \/>\n<link rel=\"canonical\" href=\"https:\/\/matting.se\/en\/produkt\/vila-dog-pad\/\" \/>\n<meta property=\"og:locale\" content=\"en_US\" \/>\n<meta property=\"og:type\" content=\"article\" \/>\n<meta property=\"og:title\" content=\"VILA dog pad - Matting\" \/>\n<meta property=\"og:description\" content=\"VILA dog pad - Se Mattings h\u00e5llbara koncept och produkter f\u00f6r publika milj\u00f6er, arbetsplatser och skolor.\" \/>\n<meta property=\"og:url\" content=\"https:\/\/matting.se\/en\/produkt\/vila-dog-pad\/\" \/>\n<meta property=\"og:site_name\" content=\"Matting\" \/>\n<meta property=\"article:modified_time\" content=\"2023-12-19T16:13:49+00:00\" \/>\n<meta property=\"og:image\" content=\"https:\/\/matting.se\/wp-content\/uploads\/2022\/01\/213230_VILA_dogcushion_61x91cm_grey_dog_1.jpg\" \/>\n\t<meta property=\"og:image:width\" content=\"800\" \/>\n\t<meta property=\"og:image:height\" content=\"800\" \/>\n\t<meta property=\"og:image:type\" content=\"image\/jpeg\" \/>\n<meta name=\"twitter:card\" content=\"summary_large_image\" \/>\n<script type=\"application\/ld+json\" class=\"yoast-schema-graph\">{\"@context\":\"https:\/\/schema.org\",\"@graph\":[{\"@type\":[\"WebPage\",\"ItemPage\"],\"@id\":\"https:\/\/matting.se\/en\/produkt\/vila-dog-pad\/\",\"url\":\"https:\/\/matting.se\/en\/produkt\/vila-dog-pad\/\",\"name\":\"VILA dog pad - Matting\",\"isPartOf\":{\"@id\":\"https:\/\/matting.se\/en\/#website\"},\"primaryImageOfPage\":{\"@id\":\"https:\/\/matting.se\/en\/produkt\/vila-dog-pad\/#primaryimage\"},\"image\":{\"@id\":\"https:\/\/matting.se\/en\/produkt\/vila-dog-pad\/#primaryimage\"},\"thumbnailUrl\":\"https:\/\/matting.se\/wp-content\/uploads\/2022\/01\/213230_VILA_dogcushion_61x91cm_grey_dog_1.jpg\",\"datePublished\":\"2022-01-26T07:08:18+00:00\",\"dateModified\":\"2023-12-19T16:13:49+00:00\",\"description\":\"VILA dog pad - Se Mattings h\u00e5llbara koncept och produkter f\u00f6r publika milj\u00f6er, arbetsplatser och skolor.\",\"breadcrumb\":{\"@id\":\"https:\/\/matting.se\/en\/produkt\/vila-dog-pad\/#breadcrumb\"},\"inLanguage\":\"en-US\",\"potentialAction\":[{\"@type\":\"ReadAction\",\"target\":[\"https:\/\/matting.se\/en\/produkt\/vila-dog-pad\/\"]}]},{\"@type\":\"ImageObject\",\"inLanguage\":\"en-US\",\"@id\":\"https:\/\/matting.se\/en\/produkt\/vila-dog-pad\/#primaryimage\",\"url\":\"https:\/\/matting.se\/wp-content\/uploads\/2022\/01\/213230_VILA_dogcushion_61x91cm_grey_dog_1.jpg\",\"contentUrl\":\"https:\/\/matting.se\/wp-content\/uploads\/2022\/01\/213230_VILA_dogcushion_61x91cm_grey_dog_1.jpg\",\"width\":800,\"height\":800},{\"@type\":\"BreadcrumbList\",\"@id\":\"https:\/\/matting.se\/en\/produkt\/vila-dog-pad\/#breadcrumb\",\"itemListElement\":[{\"@type\":\"ListItem\",\"position\":1,\"name\":\"Hem\",\"item\":\"https:\/\/matting.se\/en\/\"},{\"@type\":\"ListItem\",\"position\":2,\"name\":\"Shop\",\"item\":\"https:\/\/matting.se\/shop\/\"},{\"@type\":\"ListItem\",\"position\":3,\"name\":\"Other including Agility\",\"item\":\"https:\/\/matting.se\/en\/produkt-kategori\/other-including-agility\/\"},{\"@type\":\"ListItem\",\"position\":4,\"name\":\"VILA dog pad\"}]},{\"@type\":\"WebSite\",\"@id\":\"https:\/\/matting.se\/en\/#website\",\"url\":\"https:\/\/matting.se\/en\/\",\"name\":\"Matting\",\"description\":\"\",\"potentialAction\":[{\"@type\":\"SearchAction\",\"target\":{\"@type\":\"EntryPoint\",\"urlTemplate\":\"https:\/\/matting.se\/en\/?s={search_term_string}\"},\"query-input\":{\"@type\":\"PropertyValueSpecification\",\"valueRequired\":true,\"valueName\":\"search_term_string\"}}],\"inLanguage\":\"en-US\"}]}<\/script>\n<!-- \/ Yoast SEO plugin. -->","yoast_head_json":{"title":"VILA dog pad - Matting","description":"VILA dog pad - Se Mattings h\u00e5llbara koncept och produkter f\u00f6r publika milj\u00f6er, arbetsplatser och skolor.","robots":{"index":"index","follow":"follow","max-snippet":"max-snippet:-1","max-image-preview":"max-image-preview:large","max-video-preview":"max-video-preview:-1"},"canonical":"https:\/\/matting.se\/en\/produkt\/vila-dog-pad\/","og_locale":"en_US","og_type":"article","og_title":"VILA dog pad - Matting","og_description":"VILA dog pad - Se Mattings h\u00e5llbara koncept och produkter f\u00f6r publika milj\u00f6er, arbetsplatser och skolor.","og_url":"https:\/\/matting.se\/en\/produkt\/vila-dog-pad\/","og_site_name":"Matting","article_modified_time":"2023-12-19T16:13:49+00:00","og_image":[{"width":800,"height":800,"url":"https:\/\/matting.se\/wp-content\/uploads\/2022\/01\/213230_VILA_dogcushion_61x91cm_grey_dog_1.jpg","type":"image\/jpeg"}],"twitter_card":"summary_large_image","schema":{"@context":"https:\/\/schema.org","@graph":[{"@type":["WebPage","ItemPage"],"@id":"https:\/\/matting.se\/en\/produkt\/vila-dog-pad\/","url":"https:\/\/matting.se\/en\/produkt\/vila-dog-pad\/","name":"VILA dog pad - Matting","isPartOf":{"@id":"https:\/\/matting.se\/en\/#website"},"primaryImageOfPage":{"@id":"https:\/\/matting.se\/en\/produkt\/vila-dog-pad\/#primaryimage"},"image":{"@id":"https:\/\/matting.se\/en\/produkt\/vila-dog-pad\/#primaryimage"},"thumbnailUrl":"https:\/\/matting.se\/wp-content\/uploads\/2022\/01\/213230_VILA_dogcushion_61x91cm_grey_dog_1.jpg","datePublished":"2022-01-26T07:08:18+00:00","dateModified":"2023-12-19T16:13:49+00:00","description":"VILA dog pad - Se Mattings h\u00e5llbara koncept och produkter f\u00f6r publika milj\u00f6er, arbetsplatser och skolor.","breadcrumb":{"@id":"https:\/\/matting.se\/en\/produkt\/vila-dog-pad\/#breadcrumb"},"inLanguage":"en-US","potentialAction":[{"@type":"ReadAction","target":["https:\/\/matting.se\/en\/produkt\/vila-dog-pad\/"]}]},{"@type":"ImageObject","inLanguage":"en-US","@id":"https:\/\/matting.se\/en\/produkt\/vila-dog-pad\/#primaryimage","url":"https:\/\/matting.se\/wp-content\/uploads\/2022\/01\/213230_VILA_dogcushion_61x91cm_grey_dog_1.jpg","contentUrl":"https:\/\/matting.se\/wp-content\/uploads\/2022\/01\/213230_VILA_dogcushion_61x91cm_grey_dog_1.jpg","width":800,"height":800},{"@type":"BreadcrumbList","@id":"https:\/\/matting.se\/en\/produkt\/vila-dog-pad\/#breadcrumb","itemListElement":[{"@type":"ListItem","position":1,"name":"Hem","item":"https:\/\/matting.se\/en\/"},{"@type":"ListItem","position":2,"name":"Shop","item":"https:\/\/matting.se\/shop\/"},{"@type":"ListItem","position":3,"name":"Other including Agility","item":"https:\/\/matting.se\/en\/produkt-kategori\/other-including-agility\/"},{"@type":"ListItem","position":4,"name":"VILA dog pad"}]},{"@type":"WebSite","@id":"https:\/\/matting.se\/en\/#website","url":"https:\/\/matting.se\/en\/","name":"Matting","description":"","potentialAction":[{"@type":"SearchAction","target":{"@type":"EntryPoint","urlTemplate":"https:\/\/matting.se\/en\/?s={search_term_string}"},"query-input":{"@type":"PropertyValueSpecification","valueRequired":true,"valueName":"search_term_string"}}],"inLanguage":"en-US"}]}},"_links":{"self":[{"href":"https:\/\/matting.se\/en\/wp-json\/wp\/v2\/product\/247181","targetHints":{"allow":["GET"]}}],"collection":[{"href":"https:\/\/matting.se\/en\/wp-json\/wp\/v2\/product"}],"about":[{"href":"https:\/\/matting.se\/en\/wp-json\/wp\/v2\/types\/product"}],"wp:featuredmedia":[{"embeddable":true,"href":"https:\/\/matting.se\/en\/wp-json\/wp\/v2\/media\/240569"}],"wp:attachment":[{"href":"https:\/\/matting.se\/en\/wp-json\/wp\/v2\/media?parent=247181"}],"wp:term":[{"taxonomy":"product_brand","embeddable":true,"href":"https:\/\/matting.se\/en\/wp-json\/wp\/v2\/product_brand?post=247181"},{"taxonomy":"product_cat","embeddable":true,"href":"https:\/\/matting.se\/en\/wp-json\/wp\/v2\/product_cat?post=247181"},{"taxonomy":"product_tag","embeddable":true,"href":"https:\/\/matting.se\/en\/wp-json\/wp\/v2\/product_tag?post=247181"}],"curies":[{"name":"wp","href":"https:\/\/api.w.org\/{rel}","templated":true}]}}