{"id":247164,"date":"2021-10-05T12:05:52","date_gmt":"2021-10-05T12:05:52","guid":{"rendered":"https:\/\/matting.se\/produkt\/screen-table-screen\/"},"modified":"2024-01-09T12:35:51","modified_gmt":"2024-01-09T12:35:51","slug":"screen-desk-screen","status":"publish","type":"product","link":"https:\/\/matting.se\/en\/produkt\/screen-desk-screen\/","title":{"rendered":"SCREEN desk screen"},"content":{"rendered":"<p>The StandUp SCREEN desktop screen is a foldable, soundproofing and separating desktop screen to create peace or privacy in the office or study environment.<\/p>\n<p>The desk screen has a core made of stable, recyclable channel plastic. The exterior is covered with OEKO-tex certified Hush from Gabriel, a mottled fabric with a tufted look. The interior is covered with the OEKO-tex certified Noble Lux fabric from Eurotex. A suede-like fabric that gives the inside life and softness.<\/p>\n<p>Our screens are also available to order in many different colors, fabric qualities and materials.<br \/>\nYou will find a list of our selected range of products to order in the brochure below, but we also produce screens based on customer-specific requests. Feel free to ask us if you have special requests for fabrics, materials, etc.<\/p>\n<p>The eyelet allows you to hang the screen when not in use.<\/p>\n<p>Store and hang it with our HOOK table hook, HOOK wall hook, HANGER floor stand or STORAGE storage furniture.<\/p>\n<p><a href=\"https:\/\/www.gabriel.dk\/en\/fabrics\/textile\/Hush\/57675\">Facts about Hush.<\/a><\/p>\n<p><a href=\"https:\/\/www.eurotex2000.com\/wp-content\/uploads\/2016\/04\/Noble-Lux.pdf\">Facts about Noble Lux.<\/a><\/p>\n","protected":false},"excerpt":{"rendered":"<p>The StandUp SCREEN desktop screen is a foldable, soundproofing and separating desktop screen to create peace or privacy in the office or study environment. The desk screen has a core made of stable, recyclable channel plastic. The exterior is covered with OEKO-tex certified Hush from Gabriel, a mottled fabric with a tufted look. The interior [&hellip;]<\/p>\n","protected":false},"featured_media":238073,"template":"","meta":{"_et_pb_use_builder":"","_et_pb_old_content":"","_et_gb_content_width":""},"product_brand":[],"product_cat":[282,190,283,284],"product_tag":[],"class_list":{"0":"post-247164","1":"product","2":"type-product","3":"status-publish","4":"has-post-thumbnail","6":"product_cat-table-screens","7":"product_cat-matting-interior-en","8":"product_cat-screens-mi","9":"product_cat-table-screens-mi","11":"first","12":"instock","13":"taxable","14":"shipping-taxable","15":"purchasable","16":"product-type-variable","17":"has-default-attributes"},"yoast_head":"<!-- This site is optimized with the Yoast SEO plugin v25.6 - https:\/\/yoast.com\/wordpress\/plugins\/seo\/ -->\n<title>SCREEN desk screen - Matting<\/title>\n<meta name=\"description\" content=\"SCREEN desk screen - Se Mattings h\u00e5llbara koncept och produkter f\u00f6r publika milj\u00f6er, arbetsplatser och skolor.\" \/>\n<meta name=\"robots\" content=\"index, follow, max-snippet:-1, max-image-preview:large, max-video-preview:-1\" \/>\n<link rel=\"canonical\" href=\"https:\/\/matting.se\/en\/produkt\/screen-desk-screen\/\" \/>\n<meta property=\"og:locale\" content=\"en_US\" \/>\n<meta property=\"og:type\" content=\"article\" \/>\n<meta property=\"og:title\" content=\"SCREEN desk screen - Matting\" \/>\n<meta property=\"og:description\" content=\"SCREEN desk screen - Se Mattings h\u00e5llbara koncept och produkter f\u00f6r publika milj\u00f6er, arbetsplatser och skolor.\" \/>\n<meta property=\"og:url\" content=\"https:\/\/matting.se\/en\/produkt\/screen-desk-screen\/\" \/>\n<meta property=\"og:site_name\" content=\"Matting\" \/>\n<meta property=\"article:modified_time\" content=\"2024-01-09T12:35:51+00:00\" \/>\n<meta property=\"og:image\" content=\"https:\/\/matting.se\/wp-content\/uploads\/2021\/03\/801023_SCREEN-desk_58cm_grey-grey_side.jpg\" \/>\n\t<meta property=\"og:image:width\" content=\"800\" \/>\n\t<meta property=\"og:image:height\" content=\"800\" \/>\n\t<meta property=\"og:image:type\" content=\"image\/jpeg\" \/>\n<meta name=\"twitter:card\" content=\"summary_large_image\" \/>\n<meta name=\"twitter:label1\" content=\"Est. reading time\" \/>\n\t<meta name=\"twitter:data1\" content=\"1 minute\" \/>\n<script type=\"application\/ld+json\" class=\"yoast-schema-graph\">{\"@context\":\"https:\/\/schema.org\",\"@graph\":[{\"@type\":[\"WebPage\",\"ItemPage\"],\"@id\":\"https:\/\/matting.se\/en\/produkt\/screen-desk-screen\/\",\"url\":\"https:\/\/matting.se\/en\/produkt\/screen-desk-screen\/\",\"name\":\"SCREEN desk screen - Matting\",\"isPartOf\":{\"@id\":\"https:\/\/matting.se\/en\/#website\"},\"primaryImageOfPage\":{\"@id\":\"https:\/\/matting.se\/en\/produkt\/screen-desk-screen\/#primaryimage\"},\"image\":{\"@id\":\"https:\/\/matting.se\/en\/produkt\/screen-desk-screen\/#primaryimage\"},\"thumbnailUrl\":\"https:\/\/matting.se\/wp-content\/uploads\/2021\/03\/801023_SCREEN-desk_58cm_grey-grey_side.jpg\",\"datePublished\":\"2021-10-05T12:05:52+00:00\",\"dateModified\":\"2024-01-09T12:35:51+00:00\",\"description\":\"SCREEN desk screen - Se Mattings h\u00e5llbara koncept och produkter f\u00f6r publika milj\u00f6er, arbetsplatser och skolor.\",\"breadcrumb\":{\"@id\":\"https:\/\/matting.se\/en\/produkt\/screen-desk-screen\/#breadcrumb\"},\"inLanguage\":\"en-US\",\"potentialAction\":[{\"@type\":\"ReadAction\",\"target\":[\"https:\/\/matting.se\/en\/produkt\/screen-desk-screen\/\"]}]},{\"@type\":\"ImageObject\",\"inLanguage\":\"en-US\",\"@id\":\"https:\/\/matting.se\/en\/produkt\/screen-desk-screen\/#primaryimage\",\"url\":\"https:\/\/matting.se\/wp-content\/uploads\/2021\/03\/801023_SCREEN-desk_58cm_grey-grey_side.jpg\",\"contentUrl\":\"https:\/\/matting.se\/wp-content\/uploads\/2021\/03\/801023_SCREEN-desk_58cm_grey-grey_side.jpg\",\"width\":800,\"height\":800},{\"@type\":\"BreadcrumbList\",\"@id\":\"https:\/\/matting.se\/en\/produkt\/screen-desk-screen\/#breadcrumb\",\"itemListElement\":[{\"@type\":\"ListItem\",\"position\":1,\"name\":\"Hem\",\"item\":\"https:\/\/matting.se\/en\/\"},{\"@type\":\"ListItem\",\"position\":2,\"name\":\"Shop\",\"item\":\"https:\/\/matting.se\/shop\/\"},{\"@type\":\"ListItem\",\"position\":3,\"name\":\"Matting Interior\",\"item\":\"https:\/\/matting.se\/en\/produkt-kategori\/matting-interior-en\/\"},{\"@type\":\"ListItem\",\"position\":4,\"name\":\"Screens\",\"item\":\"https:\/\/matting.se\/en\/produkt-kategori\/matting-interior-en\/screens-mi\/\"},{\"@type\":\"ListItem\",\"position\":5,\"name\":\"Table screens MI\",\"item\":\"https:\/\/matting.se\/en\/produkt-kategori\/matting-interior-en\/screens-mi\/table-screens-mi\/\"},{\"@type\":\"ListItem\",\"position\":6,\"name\":\"SCREEN desk screen\"}]},{\"@type\":\"WebSite\",\"@id\":\"https:\/\/matting.se\/en\/#website\",\"url\":\"https:\/\/matting.se\/en\/\",\"name\":\"Matting\",\"description\":\"\",\"potentialAction\":[{\"@type\":\"SearchAction\",\"target\":{\"@type\":\"EntryPoint\",\"urlTemplate\":\"https:\/\/matting.se\/en\/?s={search_term_string}\"},\"query-input\":{\"@type\":\"PropertyValueSpecification\",\"valueRequired\":true,\"valueName\":\"search_term_string\"}}],\"inLanguage\":\"en-US\"}]}<\/script>\n<!-- \/ Yoast SEO plugin. -->","yoast_head_json":{"title":"SCREEN desk screen - Matting","description":"SCREEN desk screen - Se Mattings h\u00e5llbara koncept och produkter f\u00f6r publika milj\u00f6er, arbetsplatser och skolor.","robots":{"index":"index","follow":"follow","max-snippet":"max-snippet:-1","max-image-preview":"max-image-preview:large","max-video-preview":"max-video-preview:-1"},"canonical":"https:\/\/matting.se\/en\/produkt\/screen-desk-screen\/","og_locale":"en_US","og_type":"article","og_title":"SCREEN desk screen - Matting","og_description":"SCREEN desk screen - Se Mattings h\u00e5llbara koncept och produkter f\u00f6r publika milj\u00f6er, arbetsplatser och skolor.","og_url":"https:\/\/matting.se\/en\/produkt\/screen-desk-screen\/","og_site_name":"Matting","article_modified_time":"2024-01-09T12:35:51+00:00","og_image":[{"width":800,"height":800,"url":"https:\/\/matting.se\/wp-content\/uploads\/2021\/03\/801023_SCREEN-desk_58cm_grey-grey_side.jpg","type":"image\/jpeg"}],"twitter_card":"summary_large_image","twitter_misc":{"Est. reading time":"1 minute"},"schema":{"@context":"https:\/\/schema.org","@graph":[{"@type":["WebPage","ItemPage"],"@id":"https:\/\/matting.se\/en\/produkt\/screen-desk-screen\/","url":"https:\/\/matting.se\/en\/produkt\/screen-desk-screen\/","name":"SCREEN desk screen - Matting","isPartOf":{"@id":"https:\/\/matting.se\/en\/#website"},"primaryImageOfPage":{"@id":"https:\/\/matting.se\/en\/produkt\/screen-desk-screen\/#primaryimage"},"image":{"@id":"https:\/\/matting.se\/en\/produkt\/screen-desk-screen\/#primaryimage"},"thumbnailUrl":"https:\/\/matting.se\/wp-content\/uploads\/2021\/03\/801023_SCREEN-desk_58cm_grey-grey_side.jpg","datePublished":"2021-10-05T12:05:52+00:00","dateModified":"2024-01-09T12:35:51+00:00","description":"SCREEN desk screen - Se Mattings h\u00e5llbara koncept och produkter f\u00f6r publika milj\u00f6er, arbetsplatser och skolor.","breadcrumb":{"@id":"https:\/\/matting.se\/en\/produkt\/screen-desk-screen\/#breadcrumb"},"inLanguage":"en-US","potentialAction":[{"@type":"ReadAction","target":["https:\/\/matting.se\/en\/produkt\/screen-desk-screen\/"]}]},{"@type":"ImageObject","inLanguage":"en-US","@id":"https:\/\/matting.se\/en\/produkt\/screen-desk-screen\/#primaryimage","url":"https:\/\/matting.se\/wp-content\/uploads\/2021\/03\/801023_SCREEN-desk_58cm_grey-grey_side.jpg","contentUrl":"https:\/\/matting.se\/wp-content\/uploads\/2021\/03\/801023_SCREEN-desk_58cm_grey-grey_side.jpg","width":800,"height":800},{"@type":"BreadcrumbList","@id":"https:\/\/matting.se\/en\/produkt\/screen-desk-screen\/#breadcrumb","itemListElement":[{"@type":"ListItem","position":1,"name":"Hem","item":"https:\/\/matting.se\/en\/"},{"@type":"ListItem","position":2,"name":"Shop","item":"https:\/\/matting.se\/shop\/"},{"@type":"ListItem","position":3,"name":"Matting Interior","item":"https:\/\/matting.se\/en\/produkt-kategori\/matting-interior-en\/"},{"@type":"ListItem","position":4,"name":"Screens","item":"https:\/\/matting.se\/en\/produkt-kategori\/matting-interior-en\/screens-mi\/"},{"@type":"ListItem","position":5,"name":"Table screens MI","item":"https:\/\/matting.se\/en\/produkt-kategori\/matting-interior-en\/screens-mi\/table-screens-mi\/"},{"@type":"ListItem","position":6,"name":"SCREEN desk screen"}]},{"@type":"WebSite","@id":"https:\/\/matting.se\/en\/#website","url":"https:\/\/matting.se\/en\/","name":"Matting","description":"","potentialAction":[{"@type":"SearchAction","target":{"@type":"EntryPoint","urlTemplate":"https:\/\/matting.se\/en\/?s={search_term_string}"},"query-input":{"@type":"PropertyValueSpecification","valueRequired":true,"valueName":"search_term_string"}}],"inLanguage":"en-US"}]}},"_links":{"self":[{"href":"https:\/\/matting.se\/en\/wp-json\/wp\/v2\/product\/247164","targetHints":{"allow":["GET"]}}],"collection":[{"href":"https:\/\/matting.se\/en\/wp-json\/wp\/v2\/product"}],"about":[{"href":"https:\/\/matting.se\/en\/wp-json\/wp\/v2\/types\/product"}],"wp:featuredmedia":[{"embeddable":true,"href":"https:\/\/matting.se\/en\/wp-json\/wp\/v2\/media\/238073"}],"wp:attachment":[{"href":"https:\/\/matting.se\/en\/wp-json\/wp\/v2\/media?parent=247164"}],"wp:term":[{"taxonomy":"product_brand","embeddable":true,"href":"https:\/\/matting.se\/en\/wp-json\/wp\/v2\/product_brand?post=247164"},{"taxonomy":"product_cat","embeddable":true,"href":"https:\/\/matting.se\/en\/wp-json\/wp\/v2\/product_cat?post=247164"},{"taxonomy":"product_tag","embeddable":true,"href":"https:\/\/matting.se\/en\/wp-json\/wp\/v2\/product_tag?post=247164"}],"curies":[{"name":"wp","href":"https:\/\/api.w.org\/{rel}","templated":true}]}}