{"id":247139,"date":"2021-05-24T12:45:23","date_gmt":"2021-05-24T12:45:23","guid":{"rendered":"https:\/\/matting.se\/produkt\/trapets-group-table\/"},"modified":"2023-12-19T16:13:52","modified_gmt":"2023-12-19T16:13:52","slug":"trapets-group-table","status":"publish","type":"product","link":"https:\/\/matting.se\/en\/produkt\/trapets-group-table\/","title":{"rendered":"TRAPETS group table"},"content":{"rendered":"<p>StandUp TRAPETS is a manual height-adjustable table with no electrical connection.  <\/p>\n<p>TRAPETS has a trapezoidal table top for flexible construction, optimal for group constellations, common areas, etc.  <\/p>\n<p>It is a flexible and easily placed height-adjustable table in timeless Scandinavian design that is optimal for group constellations, study environments, project groups, touch-down workplaces, co-working areas and conference areas.<br \/>\nThe trapezoidal design of the table top is specifically designed to create as much table surface as possible on a small floor area, thus saving space. The table is suitable for the workplace, classroom or home office. The design of the table top is also suitable for corner placement.<br \/>\nTRAPETS can be raised and lowered manually without the need for an electrical connection, making it very easy to place and furnish. No need to worry about electrical connections and no wires on the floor.  <\/p>\n<p>As an option, the table is also available with a folding top and wheels at the front.  <\/p>\n<p>The table is easily raised and lowered with a lever on the side.<br \/>\nTRAPETS uses a gas spring which makes it more than twice as fast to raise and lower than an electric or crank table.<br \/>\nThe minimum height is 75 cm, the maximum height is 119 cm.<\/p>\n<p>StandUp Trapets are available in several colors and finishes.  <\/p>\n<p>Made in Sweden from sustainable materials.  <\/p>\n<p>Designed by Dan Ihreborn.<\/p>\n","protected":false},"excerpt":{"rendered":"<p>StandUp TRAPETS is a manual height-adjustable table with no electrical connection. TRAPETS has a trapezoidal table top for flexible construction, optimal for group constellations, common areas, etc. It is a flexible and easily placed height-adjustable table in timeless Scandinavian design that is optimal for group constellations, study environments, project groups, touch-down workplaces, co-working areas and [&hellip;]<\/p>\n","protected":false},"featured_media":239291,"template":"","meta":{"_et_pb_use_builder":"","_et_pb_old_content":"","_et_gb_content_width":""},"product_brand":[],"product_cat":[278],"product_tag":[],"class_list":{"0":"post-247139","1":"product","2":"type-product","3":"status-publish","4":"has-post-thumbnail","6":"product_cat-group-table","7":"product_shipping_class-bulky-en","9":"first","10":"outofstock","11":"taxable","12":"shipping-taxable","13":"purchasable","14":"product-type-variable","15":"has-default-attributes"},"yoast_head":"<!-- This site is optimized with the Yoast SEO plugin v25.6 - https:\/\/yoast.com\/wordpress\/plugins\/seo\/ -->\n<title>TRAPETS group table - Matting<\/title>\n<meta name=\"description\" content=\"TRAPETS group table - Se Mattings h\u00e5llbara koncept och produkter f\u00f6r publika milj\u00f6er, arbetsplatser och skolor.\" \/>\n<meta name=\"robots\" content=\"index, follow, max-snippet:-1, max-image-preview:large, max-video-preview:-1\" \/>\n<link rel=\"canonical\" href=\"https:\/\/matting.se\/en\/produkt\/trapets-group-table\/\" \/>\n<meta property=\"og:locale\" content=\"en_US\" \/>\n<meta property=\"og:type\" content=\"article\" \/>\n<meta property=\"og:title\" content=\"TRAPETS group table - Matting\" \/>\n<meta property=\"og:description\" content=\"TRAPETS group table - Se Mattings h\u00e5llbara koncept och produkter f\u00f6r publika milj\u00f6er, arbetsplatser och skolor.\" \/>\n<meta property=\"og:url\" content=\"https:\/\/matting.se\/en\/produkt\/trapets-group-table\/\" \/>\n<meta property=\"og:site_name\" content=\"Matting\" \/>\n<meta property=\"article:modified_time\" content=\"2023-12-19T16:13:52+00:00\" \/>\n<meta property=\"og:image\" content=\"https:\/\/matting.se\/wp-content\/uploads\/2021\/05\/809570_TRAPETS_grey_side.jpg\" \/>\n\t<meta property=\"og:image:width\" content=\"800\" \/>\n\t<meta property=\"og:image:height\" content=\"800\" \/>\n\t<meta property=\"og:image:type\" content=\"image\/jpeg\" \/>\n<meta name=\"twitter:card\" content=\"summary_large_image\" \/>\n<meta name=\"twitter:label1\" content=\"Est. reading time\" \/>\n\t<meta name=\"twitter:data1\" content=\"1 minute\" \/>\n<script type=\"application\/ld+json\" class=\"yoast-schema-graph\">{\"@context\":\"https:\/\/schema.org\",\"@graph\":[{\"@type\":[\"WebPage\",\"ItemPage\"],\"@id\":\"https:\/\/matting.se\/en\/produkt\/trapets-group-table\/\",\"url\":\"https:\/\/matting.se\/en\/produkt\/trapets-group-table\/\",\"name\":\"TRAPETS group table - Matting\",\"isPartOf\":{\"@id\":\"https:\/\/matting.se\/en\/#website\"},\"primaryImageOfPage\":{\"@id\":\"https:\/\/matting.se\/en\/produkt\/trapets-group-table\/#primaryimage\"},\"image\":{\"@id\":\"https:\/\/matting.se\/en\/produkt\/trapets-group-table\/#primaryimage\"},\"thumbnailUrl\":\"https:\/\/matting.se\/wp-content\/uploads\/2021\/05\/809570_TRAPETS_grey_side.jpg\",\"datePublished\":\"2021-05-24T12:45:23+00:00\",\"dateModified\":\"2023-12-19T16:13:52+00:00\",\"description\":\"TRAPETS group table - Se Mattings h\u00e5llbara koncept och produkter f\u00f6r publika milj\u00f6er, arbetsplatser och skolor.\",\"breadcrumb\":{\"@id\":\"https:\/\/matting.se\/en\/produkt\/trapets-group-table\/#breadcrumb\"},\"inLanguage\":\"en-US\",\"potentialAction\":[{\"@type\":\"ReadAction\",\"target\":[\"https:\/\/matting.se\/en\/produkt\/trapets-group-table\/\"]}]},{\"@type\":\"ImageObject\",\"inLanguage\":\"en-US\",\"@id\":\"https:\/\/matting.se\/en\/produkt\/trapets-group-table\/#primaryimage\",\"url\":\"https:\/\/matting.se\/wp-content\/uploads\/2021\/05\/809570_TRAPETS_grey_side.jpg\",\"contentUrl\":\"https:\/\/matting.se\/wp-content\/uploads\/2021\/05\/809570_TRAPETS_grey_side.jpg\",\"width\":800,\"height\":800},{\"@type\":\"BreadcrumbList\",\"@id\":\"https:\/\/matting.se\/en\/produkt\/trapets-group-table\/#breadcrumb\",\"itemListElement\":[{\"@type\":\"ListItem\",\"position\":1,\"name\":\"Hem\",\"item\":\"https:\/\/matting.se\/en\/\"},{\"@type\":\"ListItem\",\"position\":2,\"name\":\"Shop\",\"item\":\"https:\/\/matting.se\/shop\/\"},{\"@type\":\"ListItem\",\"position\":3,\"name\":\"Group table\",\"item\":\"https:\/\/matting.se\/en\/produkt-kategori\/group-table\/\"},{\"@type\":\"ListItem\",\"position\":4,\"name\":\"TRAPETS group table\"}]},{\"@type\":\"WebSite\",\"@id\":\"https:\/\/matting.se\/en\/#website\",\"url\":\"https:\/\/matting.se\/en\/\",\"name\":\"Matting\",\"description\":\"\",\"potentialAction\":[{\"@type\":\"SearchAction\",\"target\":{\"@type\":\"EntryPoint\",\"urlTemplate\":\"https:\/\/matting.se\/en\/?s={search_term_string}\"},\"query-input\":{\"@type\":\"PropertyValueSpecification\",\"valueRequired\":true,\"valueName\":\"search_term_string\"}}],\"inLanguage\":\"en-US\"}]}<\/script>\n<!-- \/ Yoast SEO plugin. -->","yoast_head_json":{"title":"TRAPETS group table - Matting","description":"TRAPETS group table - Se Mattings h\u00e5llbara koncept och produkter f\u00f6r publika milj\u00f6er, arbetsplatser och skolor.","robots":{"index":"index","follow":"follow","max-snippet":"max-snippet:-1","max-image-preview":"max-image-preview:large","max-video-preview":"max-video-preview:-1"},"canonical":"https:\/\/matting.se\/en\/produkt\/trapets-group-table\/","og_locale":"en_US","og_type":"article","og_title":"TRAPETS group table - Matting","og_description":"TRAPETS group table - Se Mattings h\u00e5llbara koncept och produkter f\u00f6r publika milj\u00f6er, arbetsplatser och skolor.","og_url":"https:\/\/matting.se\/en\/produkt\/trapets-group-table\/","og_site_name":"Matting","article_modified_time":"2023-12-19T16:13:52+00:00","og_image":[{"width":800,"height":800,"url":"https:\/\/matting.se\/wp-content\/uploads\/2021\/05\/809570_TRAPETS_grey_side.jpg","type":"image\/jpeg"}],"twitter_card":"summary_large_image","twitter_misc":{"Est. reading time":"1 minute"},"schema":{"@context":"https:\/\/schema.org","@graph":[{"@type":["WebPage","ItemPage"],"@id":"https:\/\/matting.se\/en\/produkt\/trapets-group-table\/","url":"https:\/\/matting.se\/en\/produkt\/trapets-group-table\/","name":"TRAPETS group table - Matting","isPartOf":{"@id":"https:\/\/matting.se\/en\/#website"},"primaryImageOfPage":{"@id":"https:\/\/matting.se\/en\/produkt\/trapets-group-table\/#primaryimage"},"image":{"@id":"https:\/\/matting.se\/en\/produkt\/trapets-group-table\/#primaryimage"},"thumbnailUrl":"https:\/\/matting.se\/wp-content\/uploads\/2021\/05\/809570_TRAPETS_grey_side.jpg","datePublished":"2021-05-24T12:45:23+00:00","dateModified":"2023-12-19T16:13:52+00:00","description":"TRAPETS group table - Se Mattings h\u00e5llbara koncept och produkter f\u00f6r publika milj\u00f6er, arbetsplatser och skolor.","breadcrumb":{"@id":"https:\/\/matting.se\/en\/produkt\/trapets-group-table\/#breadcrumb"},"inLanguage":"en-US","potentialAction":[{"@type":"ReadAction","target":["https:\/\/matting.se\/en\/produkt\/trapets-group-table\/"]}]},{"@type":"ImageObject","inLanguage":"en-US","@id":"https:\/\/matting.se\/en\/produkt\/trapets-group-table\/#primaryimage","url":"https:\/\/matting.se\/wp-content\/uploads\/2021\/05\/809570_TRAPETS_grey_side.jpg","contentUrl":"https:\/\/matting.se\/wp-content\/uploads\/2021\/05\/809570_TRAPETS_grey_side.jpg","width":800,"height":800},{"@type":"BreadcrumbList","@id":"https:\/\/matting.se\/en\/produkt\/trapets-group-table\/#breadcrumb","itemListElement":[{"@type":"ListItem","position":1,"name":"Hem","item":"https:\/\/matting.se\/en\/"},{"@type":"ListItem","position":2,"name":"Shop","item":"https:\/\/matting.se\/shop\/"},{"@type":"ListItem","position":3,"name":"Group table","item":"https:\/\/matting.se\/en\/produkt-kategori\/group-table\/"},{"@type":"ListItem","position":4,"name":"TRAPETS group table"}]},{"@type":"WebSite","@id":"https:\/\/matting.se\/en\/#website","url":"https:\/\/matting.se\/en\/","name":"Matting","description":"","potentialAction":[{"@type":"SearchAction","target":{"@type":"EntryPoint","urlTemplate":"https:\/\/matting.se\/en\/?s={search_term_string}"},"query-input":{"@type":"PropertyValueSpecification","valueRequired":true,"valueName":"search_term_string"}}],"inLanguage":"en-US"}]}},"_links":{"self":[{"href":"https:\/\/matting.se\/en\/wp-json\/wp\/v2\/product\/247139","targetHints":{"allow":["GET"]}}],"collection":[{"href":"https:\/\/matting.se\/en\/wp-json\/wp\/v2\/product"}],"about":[{"href":"https:\/\/matting.se\/en\/wp-json\/wp\/v2\/types\/product"}],"wp:featuredmedia":[{"embeddable":true,"href":"https:\/\/matting.se\/en\/wp-json\/wp\/v2\/media\/239291"}],"wp:attachment":[{"href":"https:\/\/matting.se\/en\/wp-json\/wp\/v2\/media?parent=247139"}],"wp:term":[{"taxonomy":"product_brand","embeddable":true,"href":"https:\/\/matting.se\/en\/wp-json\/wp\/v2\/product_brand?post=247139"},{"taxonomy":"product_cat","embeddable":true,"href":"https:\/\/matting.se\/en\/wp-json\/wp\/v2\/product_cat?post=247139"},{"taxonomy":"product_tag","embeddable":true,"href":"https:\/\/matting.se\/en\/wp-json\/wp\/v2\/product_tag?post=247139"}],"curies":[{"name":"wp","href":"https:\/\/api.w.org\/{rel}","templated":true}]}}