{"id":247122,"date":"2021-05-24T12:47:31","date_gmt":"2021-05-24T11:47:31","guid":{"rendered":"https:\/\/matting.se\/produkt\/active-storage-cabinets\/"},"modified":"2024-01-09T13:32:15","modified_gmt":"2024-01-09T13:32:15","slug":"active-storage-cabinet","status":"publish","type":"product","link":"https:\/\/matting.se\/en\/produkt\/active-storage-cabinet\/","title":{"rendered":"ACTIVE STORAGE cabinet"},"content":{"rendered":"<p>StandUp ACTIVE STORAGE is a storage solution for the active workplace, co-working spaces, study environments or other public settings.<\/p>\n<p>Make StandUp products easily accessible while providing smart storage.<\/p>\n<p>The open design is deliberately designed to make the products visible from a distance, thereby stimulating and motivating their use, reducing sedentary behaviour in the workplace and promoting well-being. StandUp ACTIVE STORAGE is delivered pre-assembled with easy-to-roll wheels, flexible when moving the storage and easy to clean. The storage is available in different versions, the basic version is with two shelves, rod for hanging and side compartments. A pull-out storage drawer in the middle shelf is also available, with or without a lock.<\/p>\n<p>StandUp ACTIVE STORAGE holds about 6 StandUp mats.<\/p>\n<p>The StandUp ACTIVE balance board can be hung on a pole, stored on shelves or in side compartments.<br \/>\nThe StandUp ACTIVE balance mat can be stored on shelves or side compartments.<br \/>\nThe StandUp EXERCISE exercise mat can be stored on shelves or side compartments.<\/p>\n<p>Made in Sweden from sustainable materials.<\/p>\n<p>Design: Dan Ihreborn.<\/p>\n","protected":false},"excerpt":{"rendered":"<p>StandUp ACTIVE STORAGE is a storage solution for the active workplace, co-working spaces, study environments or other public settings. Make StandUp products easily accessible while providing smart storage. The open design is deliberately designed to make the products visible from a distance, thereby stimulating and motivating their use, reducing sedentary behaviour in the workplace and [&hellip;]<\/p>\n","protected":false},"featured_media":238703,"template":"","meta":{"_et_pb_use_builder":"","_et_pb_old_content":"","_et_gb_content_width":""},"product_brand":[],"product_cat":[190,236],"product_tag":[],"class_list":{"0":"post-247122","1":"product","2":"type-product","3":"status-publish","4":"has-post-thumbnail","6":"product_cat-matting-interior-en","7":"product_cat-storage-furniture-mi","9":"first","10":"outofstock","11":"taxable","12":"shipping-taxable","13":"purchasable","14":"product-type-variable","15":"has-default-attributes"},"yoast_head":"<!-- This site is optimized with the Yoast SEO plugin v25.6 - https:\/\/yoast.com\/wordpress\/plugins\/seo\/ -->\n<title>ACTIVE STORAGE cabinet - Matting<\/title>\n<meta name=\"description\" content=\"ACTIVE STORAGE cabinet - Se Mattings h\u00e5llbara koncept och produkter f\u00f6r publika milj\u00f6er, arbetsplatser och skolor.\" \/>\n<meta name=\"robots\" content=\"index, follow, max-snippet:-1, max-image-preview:large, max-video-preview:-1\" \/>\n<link rel=\"canonical\" href=\"https:\/\/matting.se\/en\/produkt\/active-storage-cabinet\/\" \/>\n<meta property=\"og:locale\" content=\"en_US\" \/>\n<meta property=\"og:type\" content=\"article\" \/>\n<meta property=\"og:title\" content=\"ACTIVE STORAGE cabinet - Matting\" \/>\n<meta property=\"og:description\" content=\"ACTIVE STORAGE cabinet - Se Mattings h\u00e5llbara koncept och produkter f\u00f6r publika milj\u00f6er, arbetsplatser och skolor.\" \/>\n<meta property=\"og:url\" content=\"https:\/\/matting.se\/en\/produkt\/active-storage-cabinet\/\" \/>\n<meta property=\"og:site_name\" content=\"Matting\" \/>\n<meta property=\"article:modified_time\" content=\"2024-01-09T13:32:15+00:00\" \/>\n<meta property=\"og:image\" content=\"https:\/\/matting.se\/wp-content\/uploads\/2021\/05\/811000_ACTIVE-STORAGE_white_side.jpg\" \/>\n\t<meta property=\"og:image:width\" content=\"800\" \/>\n\t<meta property=\"og:image:height\" content=\"800\" \/>\n\t<meta property=\"og:image:type\" content=\"image\/jpeg\" \/>\n<meta name=\"twitter:card\" content=\"summary_large_image\" \/>\n<meta name=\"twitter:label1\" content=\"Est. reading time\" \/>\n\t<meta name=\"twitter:data1\" content=\"1 minute\" \/>\n<script type=\"application\/ld+json\" class=\"yoast-schema-graph\">{\"@context\":\"https:\/\/schema.org\",\"@graph\":[{\"@type\":[\"WebPage\",\"ItemPage\"],\"@id\":\"https:\/\/matting.se\/en\/produkt\/active-storage-cabinet\/\",\"url\":\"https:\/\/matting.se\/en\/produkt\/active-storage-cabinet\/\",\"name\":\"ACTIVE STORAGE cabinet - Matting\",\"isPartOf\":{\"@id\":\"https:\/\/matting.se\/en\/#website\"},\"primaryImageOfPage\":{\"@id\":\"https:\/\/matting.se\/en\/produkt\/active-storage-cabinet\/#primaryimage\"},\"image\":{\"@id\":\"https:\/\/matting.se\/en\/produkt\/active-storage-cabinet\/#primaryimage\"},\"thumbnailUrl\":\"https:\/\/matting.se\/wp-content\/uploads\/2021\/05\/811000_ACTIVE-STORAGE_white_side.jpg\",\"datePublished\":\"2021-05-24T11:47:31+00:00\",\"dateModified\":\"2024-01-09T13:32:15+00:00\",\"description\":\"ACTIVE STORAGE cabinet - Se Mattings h\u00e5llbara koncept och produkter f\u00f6r publika milj\u00f6er, arbetsplatser och skolor.\",\"breadcrumb\":{\"@id\":\"https:\/\/matting.se\/en\/produkt\/active-storage-cabinet\/#breadcrumb\"},\"inLanguage\":\"en-US\",\"potentialAction\":[{\"@type\":\"ReadAction\",\"target\":[\"https:\/\/matting.se\/en\/produkt\/active-storage-cabinet\/\"]}]},{\"@type\":\"ImageObject\",\"inLanguage\":\"en-US\",\"@id\":\"https:\/\/matting.se\/en\/produkt\/active-storage-cabinet\/#primaryimage\",\"url\":\"https:\/\/matting.se\/wp-content\/uploads\/2021\/05\/811000_ACTIVE-STORAGE_white_side.jpg\",\"contentUrl\":\"https:\/\/matting.se\/wp-content\/uploads\/2021\/05\/811000_ACTIVE-STORAGE_white_side.jpg\",\"width\":800,\"height\":800},{\"@type\":\"BreadcrumbList\",\"@id\":\"https:\/\/matting.se\/en\/produkt\/active-storage-cabinet\/#breadcrumb\",\"itemListElement\":[{\"@type\":\"ListItem\",\"position\":1,\"name\":\"Hem\",\"item\":\"https:\/\/matting.se\/en\/\"},{\"@type\":\"ListItem\",\"position\":2,\"name\":\"Shop\",\"item\":\"https:\/\/matting.se\/shop\/\"},{\"@type\":\"ListItem\",\"position\":3,\"name\":\"Matting Interior\",\"item\":\"https:\/\/matting.se\/en\/produkt-kategori\/matting-interior-en\/\"},{\"@type\":\"ListItem\",\"position\":4,\"name\":\"F\u00f6rvaring\",\"item\":\"https:\/\/matting.se\/produkt-kategori\/matting-interior\/forvaring-mi\/\"},{\"@type\":\"ListItem\",\"position\":5,\"name\":\"Storage furniture\",\"item\":\"https:\/\/matting.se\/en\/produkt-kategori\/storage-furniture-mi\/\"},{\"@type\":\"ListItem\",\"position\":6,\"name\":\"ACTIVE STORAGE cabinet\"}]},{\"@type\":\"WebSite\",\"@id\":\"https:\/\/matting.se\/en\/#website\",\"url\":\"https:\/\/matting.se\/en\/\",\"name\":\"Matting\",\"description\":\"\",\"potentialAction\":[{\"@type\":\"SearchAction\",\"target\":{\"@type\":\"EntryPoint\",\"urlTemplate\":\"https:\/\/matting.se\/en\/?s={search_term_string}\"},\"query-input\":{\"@type\":\"PropertyValueSpecification\",\"valueRequired\":true,\"valueName\":\"search_term_string\"}}],\"inLanguage\":\"en-US\"}]}<\/script>\n<!-- \/ Yoast SEO plugin. -->","yoast_head_json":{"title":"ACTIVE STORAGE cabinet - Matting","description":"ACTIVE STORAGE cabinet - Se Mattings h\u00e5llbara koncept och produkter f\u00f6r publika milj\u00f6er, arbetsplatser och skolor.","robots":{"index":"index","follow":"follow","max-snippet":"max-snippet:-1","max-image-preview":"max-image-preview:large","max-video-preview":"max-video-preview:-1"},"canonical":"https:\/\/matting.se\/en\/produkt\/active-storage-cabinet\/","og_locale":"en_US","og_type":"article","og_title":"ACTIVE STORAGE cabinet - Matting","og_description":"ACTIVE STORAGE cabinet - Se Mattings h\u00e5llbara koncept och produkter f\u00f6r publika milj\u00f6er, arbetsplatser och skolor.","og_url":"https:\/\/matting.se\/en\/produkt\/active-storage-cabinet\/","og_site_name":"Matting","article_modified_time":"2024-01-09T13:32:15+00:00","og_image":[{"width":800,"height":800,"url":"https:\/\/matting.se\/wp-content\/uploads\/2021\/05\/811000_ACTIVE-STORAGE_white_side.jpg","type":"image\/jpeg"}],"twitter_card":"summary_large_image","twitter_misc":{"Est. reading time":"1 minute"},"schema":{"@context":"https:\/\/schema.org","@graph":[{"@type":["WebPage","ItemPage"],"@id":"https:\/\/matting.se\/en\/produkt\/active-storage-cabinet\/","url":"https:\/\/matting.se\/en\/produkt\/active-storage-cabinet\/","name":"ACTIVE STORAGE cabinet - Matting","isPartOf":{"@id":"https:\/\/matting.se\/en\/#website"},"primaryImageOfPage":{"@id":"https:\/\/matting.se\/en\/produkt\/active-storage-cabinet\/#primaryimage"},"image":{"@id":"https:\/\/matting.se\/en\/produkt\/active-storage-cabinet\/#primaryimage"},"thumbnailUrl":"https:\/\/matting.se\/wp-content\/uploads\/2021\/05\/811000_ACTIVE-STORAGE_white_side.jpg","datePublished":"2021-05-24T11:47:31+00:00","dateModified":"2024-01-09T13:32:15+00:00","description":"ACTIVE STORAGE cabinet - Se Mattings h\u00e5llbara koncept och produkter f\u00f6r publika milj\u00f6er, arbetsplatser och skolor.","breadcrumb":{"@id":"https:\/\/matting.se\/en\/produkt\/active-storage-cabinet\/#breadcrumb"},"inLanguage":"en-US","potentialAction":[{"@type":"ReadAction","target":["https:\/\/matting.se\/en\/produkt\/active-storage-cabinet\/"]}]},{"@type":"ImageObject","inLanguage":"en-US","@id":"https:\/\/matting.se\/en\/produkt\/active-storage-cabinet\/#primaryimage","url":"https:\/\/matting.se\/wp-content\/uploads\/2021\/05\/811000_ACTIVE-STORAGE_white_side.jpg","contentUrl":"https:\/\/matting.se\/wp-content\/uploads\/2021\/05\/811000_ACTIVE-STORAGE_white_side.jpg","width":800,"height":800},{"@type":"BreadcrumbList","@id":"https:\/\/matting.se\/en\/produkt\/active-storage-cabinet\/#breadcrumb","itemListElement":[{"@type":"ListItem","position":1,"name":"Hem","item":"https:\/\/matting.se\/en\/"},{"@type":"ListItem","position":2,"name":"Shop","item":"https:\/\/matting.se\/shop\/"},{"@type":"ListItem","position":3,"name":"Matting Interior","item":"https:\/\/matting.se\/en\/produkt-kategori\/matting-interior-en\/"},{"@type":"ListItem","position":4,"name":"F\u00f6rvaring","item":"https:\/\/matting.se\/produkt-kategori\/matting-interior\/forvaring-mi\/"},{"@type":"ListItem","position":5,"name":"Storage furniture","item":"https:\/\/matting.se\/en\/produkt-kategori\/storage-furniture-mi\/"},{"@type":"ListItem","position":6,"name":"ACTIVE STORAGE cabinet"}]},{"@type":"WebSite","@id":"https:\/\/matting.se\/en\/#website","url":"https:\/\/matting.se\/en\/","name":"Matting","description":"","potentialAction":[{"@type":"SearchAction","target":{"@type":"EntryPoint","urlTemplate":"https:\/\/matting.se\/en\/?s={search_term_string}"},"query-input":{"@type":"PropertyValueSpecification","valueRequired":true,"valueName":"search_term_string"}}],"inLanguage":"en-US"}]}},"_links":{"self":[{"href":"https:\/\/matting.se\/en\/wp-json\/wp\/v2\/product\/247122","targetHints":{"allow":["GET"]}}],"collection":[{"href":"https:\/\/matting.se\/en\/wp-json\/wp\/v2\/product"}],"about":[{"href":"https:\/\/matting.se\/en\/wp-json\/wp\/v2\/types\/product"}],"wp:featuredmedia":[{"embeddable":true,"href":"https:\/\/matting.se\/en\/wp-json\/wp\/v2\/media\/238703"}],"wp:attachment":[{"href":"https:\/\/matting.se\/en\/wp-json\/wp\/v2\/media?parent=247122"}],"wp:term":[{"taxonomy":"product_brand","embeddable":true,"href":"https:\/\/matting.se\/en\/wp-json\/wp\/v2\/product_brand?post=247122"},{"taxonomy":"product_cat","embeddable":true,"href":"https:\/\/matting.se\/en\/wp-json\/wp\/v2\/product_cat?post=247122"},{"taxonomy":"product_tag","embeddable":true,"href":"https:\/\/matting.se\/en\/wp-json\/wp\/v2\/product_tag?post=247122"}],"curies":[{"name":"wp","href":"https:\/\/api.w.org\/{rel}","templated":true}]}}