{"id":247119,"date":"2021-05-24T12:41:29","date_gmt":"2021-05-24T12:41:29","guid":{"rendered":"https:\/\/matting.se\/produkt\/desk-student-sls-desk\/"},"modified":"2023-12-19T16:13:53","modified_gmt":"2023-12-19T16:13:53","slug":"desk-student-sls-desk","status":"publish","type":"product","link":"https:\/\/matting.se\/en\/produkt\/desk-student-sls-desk\/","title":{"rendered":"DESK STUDENT SLS desk"},"content":{"rendered":"<p>StandUp DESK STUDENT is a flexible, height-adjustable table with just the right amount of bench\/desk space for schools.  <\/p>\n<p>With the Desk Student student table, students are able to vary themselves and thus create a more active study environment.<br \/>\nThe table can be raised and lowered manually without an electrical connection, making it very easy to place. Raising and lowering is quick and easy with a side lever.  <\/p>\n<p>The lowest seat height is 75 cm, the highest standing height is 119 cm. The inner dimension of the table stand is 56 cm.<\/p>\n<p>The most common color combinations and finishes as well as soundproofing panels are available in our standard order range with a delivery time of about 5 weeks.<br \/>\nIn addition to the standard range, DESK STUDENT can be customized and available in many different colors, finishes and designs according to your own wishes as a special order item.  <\/p>\n<p>The table has two fixed side hooks for hanging a standing mat, table screen, school bag or similar.<br \/>\nThe rear footrests are adjustable.<br \/>\nYou can add wheels to the front paws to make moving the table even easier.<\/p>\n<p>Feel free to add a soft standing mat or balance board, a sitting ball and a table screen.  <\/p>\n<p>All components of the table can be replaced over time to ensure longevity and the ability to customize the table over time.<\/p>\n<p>Desk Student is made in Sweden of high quality with sustainable materials and M\u00f6belfakta labeled, based on our desire to leave as little impact on the environment as possible.<\/p>\n<p>Scandinavian design by Dan Ihreborn.<\/p>\n","protected":false},"excerpt":{"rendered":"<p>StandUp DESK STUDENT is a flexible, height-adjustable table with just the right amount of bench\/desk space for schools. With the Desk Student student table, students are able to vary themselves and thus create a more active study environment. The table can be raised and lowered manually without an electrical connection, making it very easy to [&hellip;]<\/p>\n","protected":false},"featured_media":239135,"template":"","meta":{"_et_pb_use_builder":"","_et_pb_old_content":"","_et_gb_content_width":""},"product_brand":[],"product_cat":[263],"product_tag":[],"class_list":{"0":"post-247119","1":"product","2":"type-product","3":"status-publish","4":"has-post-thumbnail","6":"product_cat-desktop","7":"product_shipping_class-bulky-en","9":"first","10":"outofstock","11":"taxable","12":"shipping-taxable","13":"purchasable","14":"product-type-variable","15":"has-default-attributes"},"yoast_head":"<!-- This site is optimized with the Yoast SEO plugin v25.6 - https:\/\/yoast.com\/wordpress\/plugins\/seo\/ -->\n<title>DESK STUDENT SLS desk - Matting<\/title>\n<meta name=\"description\" content=\"DESK STUDENT SLS desk - Se Mattings h\u00e5llbara koncept och produkter f\u00f6r publika milj\u00f6er, arbetsplatser och skolor.\" \/>\n<meta name=\"robots\" content=\"index, follow, max-snippet:-1, max-image-preview:large, max-video-preview:-1\" \/>\n<link rel=\"canonical\" href=\"https:\/\/matting.se\/en\/produkt\/desk-student-sls-desk\/\" \/>\n<meta property=\"og:locale\" content=\"en_US\" \/>\n<meta property=\"og:type\" content=\"article\" \/>\n<meta property=\"og:title\" content=\"DESK STUDENT SLS desk - Matting\" \/>\n<meta property=\"og:description\" content=\"DESK STUDENT SLS desk - Se Mattings h\u00e5llbara koncept och produkter f\u00f6r publika milj\u00f6er, arbetsplatser och skolor.\" \/>\n<meta property=\"og:url\" content=\"https:\/\/matting.se\/en\/produkt\/desk-student-sls-desk\/\" \/>\n<meta property=\"og:site_name\" content=\"Matting\" \/>\n<meta property=\"article:modified_time\" content=\"2023-12-19T16:13:53+00:00\" \/>\n<meta property=\"og:image\" content=\"https:\/\/matting.se\/wp-content\/uploads\/2021\/05\/805062_DESK-STUDENT_RAL7010_SLS_lightgrey_side.jpg\" \/>\n\t<meta property=\"og:image:width\" content=\"800\" \/>\n\t<meta property=\"og:image:height\" content=\"800\" \/>\n\t<meta property=\"og:image:type\" content=\"image\/jpeg\" \/>\n<meta name=\"twitter:card\" content=\"summary_large_image\" \/>\n<meta name=\"twitter:label1\" content=\"Est. reading time\" \/>\n\t<meta name=\"twitter:data1\" content=\"1 minute\" \/>\n<script type=\"application\/ld+json\" class=\"yoast-schema-graph\">{\"@context\":\"https:\/\/schema.org\",\"@graph\":[{\"@type\":[\"WebPage\",\"ItemPage\"],\"@id\":\"https:\/\/matting.se\/en\/produkt\/desk-student-sls-desk\/\",\"url\":\"https:\/\/matting.se\/en\/produkt\/desk-student-sls-desk\/\",\"name\":\"DESK STUDENT SLS desk - Matting\",\"isPartOf\":{\"@id\":\"https:\/\/matting.se\/en\/#website\"},\"primaryImageOfPage\":{\"@id\":\"https:\/\/matting.se\/en\/produkt\/desk-student-sls-desk\/#primaryimage\"},\"image\":{\"@id\":\"https:\/\/matting.se\/en\/produkt\/desk-student-sls-desk\/#primaryimage\"},\"thumbnailUrl\":\"https:\/\/matting.se\/wp-content\/uploads\/2021\/05\/805062_DESK-STUDENT_RAL7010_SLS_lightgrey_side.jpg\",\"datePublished\":\"2021-05-24T12:41:29+00:00\",\"dateModified\":\"2023-12-19T16:13:53+00:00\",\"description\":\"DESK STUDENT SLS desk - Se Mattings h\u00e5llbara koncept och produkter f\u00f6r publika milj\u00f6er, arbetsplatser och skolor.\",\"breadcrumb\":{\"@id\":\"https:\/\/matting.se\/en\/produkt\/desk-student-sls-desk\/#breadcrumb\"},\"inLanguage\":\"en-US\",\"potentialAction\":[{\"@type\":\"ReadAction\",\"target\":[\"https:\/\/matting.se\/en\/produkt\/desk-student-sls-desk\/\"]}]},{\"@type\":\"ImageObject\",\"inLanguage\":\"en-US\",\"@id\":\"https:\/\/matting.se\/en\/produkt\/desk-student-sls-desk\/#primaryimage\",\"url\":\"https:\/\/matting.se\/wp-content\/uploads\/2021\/05\/805062_DESK-STUDENT_RAL7010_SLS_lightgrey_side.jpg\",\"contentUrl\":\"https:\/\/matting.se\/wp-content\/uploads\/2021\/05\/805062_DESK-STUDENT_RAL7010_SLS_lightgrey_side.jpg\",\"width\":800,\"height\":800},{\"@type\":\"BreadcrumbList\",\"@id\":\"https:\/\/matting.se\/en\/produkt\/desk-student-sls-desk\/#breadcrumb\",\"itemListElement\":[{\"@type\":\"ListItem\",\"position\":1,\"name\":\"Hem\",\"item\":\"https:\/\/matting.se\/en\/\"},{\"@type\":\"ListItem\",\"position\":2,\"name\":\"Shop\",\"item\":\"https:\/\/matting.se\/shop\/\"},{\"@type\":\"ListItem\",\"position\":3,\"name\":\"Desktop\",\"item\":\"https:\/\/matting.se\/en\/produkt-kategori\/desktop\/\"},{\"@type\":\"ListItem\",\"position\":4,\"name\":\"DESK STUDENT SLS desk\"}]},{\"@type\":\"WebSite\",\"@id\":\"https:\/\/matting.se\/en\/#website\",\"url\":\"https:\/\/matting.se\/en\/\",\"name\":\"Matting\",\"description\":\"\",\"potentialAction\":[{\"@type\":\"SearchAction\",\"target\":{\"@type\":\"EntryPoint\",\"urlTemplate\":\"https:\/\/matting.se\/en\/?s={search_term_string}\"},\"query-input\":{\"@type\":\"PropertyValueSpecification\",\"valueRequired\":true,\"valueName\":\"search_term_string\"}}],\"inLanguage\":\"en-US\"}]}<\/script>\n<!-- \/ Yoast SEO plugin. -->","yoast_head_json":{"title":"DESK STUDENT SLS desk - Matting","description":"DESK STUDENT SLS desk - Se Mattings h\u00e5llbara koncept och produkter f\u00f6r publika milj\u00f6er, arbetsplatser och skolor.","robots":{"index":"index","follow":"follow","max-snippet":"max-snippet:-1","max-image-preview":"max-image-preview:large","max-video-preview":"max-video-preview:-1"},"canonical":"https:\/\/matting.se\/en\/produkt\/desk-student-sls-desk\/","og_locale":"en_US","og_type":"article","og_title":"DESK STUDENT SLS desk - Matting","og_description":"DESK STUDENT SLS desk - Se Mattings h\u00e5llbara koncept och produkter f\u00f6r publika milj\u00f6er, arbetsplatser och skolor.","og_url":"https:\/\/matting.se\/en\/produkt\/desk-student-sls-desk\/","og_site_name":"Matting","article_modified_time":"2023-12-19T16:13:53+00:00","og_image":[{"width":800,"height":800,"url":"https:\/\/matting.se\/wp-content\/uploads\/2021\/05\/805062_DESK-STUDENT_RAL7010_SLS_lightgrey_side.jpg","type":"image\/jpeg"}],"twitter_card":"summary_large_image","twitter_misc":{"Est. reading time":"1 minute"},"schema":{"@context":"https:\/\/schema.org","@graph":[{"@type":["WebPage","ItemPage"],"@id":"https:\/\/matting.se\/en\/produkt\/desk-student-sls-desk\/","url":"https:\/\/matting.se\/en\/produkt\/desk-student-sls-desk\/","name":"DESK STUDENT SLS desk - Matting","isPartOf":{"@id":"https:\/\/matting.se\/en\/#website"},"primaryImageOfPage":{"@id":"https:\/\/matting.se\/en\/produkt\/desk-student-sls-desk\/#primaryimage"},"image":{"@id":"https:\/\/matting.se\/en\/produkt\/desk-student-sls-desk\/#primaryimage"},"thumbnailUrl":"https:\/\/matting.se\/wp-content\/uploads\/2021\/05\/805062_DESK-STUDENT_RAL7010_SLS_lightgrey_side.jpg","datePublished":"2021-05-24T12:41:29+00:00","dateModified":"2023-12-19T16:13:53+00:00","description":"DESK STUDENT SLS desk - Se Mattings h\u00e5llbara koncept och produkter f\u00f6r publika milj\u00f6er, arbetsplatser och skolor.","breadcrumb":{"@id":"https:\/\/matting.se\/en\/produkt\/desk-student-sls-desk\/#breadcrumb"},"inLanguage":"en-US","potentialAction":[{"@type":"ReadAction","target":["https:\/\/matting.se\/en\/produkt\/desk-student-sls-desk\/"]}]},{"@type":"ImageObject","inLanguage":"en-US","@id":"https:\/\/matting.se\/en\/produkt\/desk-student-sls-desk\/#primaryimage","url":"https:\/\/matting.se\/wp-content\/uploads\/2021\/05\/805062_DESK-STUDENT_RAL7010_SLS_lightgrey_side.jpg","contentUrl":"https:\/\/matting.se\/wp-content\/uploads\/2021\/05\/805062_DESK-STUDENT_RAL7010_SLS_lightgrey_side.jpg","width":800,"height":800},{"@type":"BreadcrumbList","@id":"https:\/\/matting.se\/en\/produkt\/desk-student-sls-desk\/#breadcrumb","itemListElement":[{"@type":"ListItem","position":1,"name":"Hem","item":"https:\/\/matting.se\/en\/"},{"@type":"ListItem","position":2,"name":"Shop","item":"https:\/\/matting.se\/shop\/"},{"@type":"ListItem","position":3,"name":"Desktop","item":"https:\/\/matting.se\/en\/produkt-kategori\/desktop\/"},{"@type":"ListItem","position":4,"name":"DESK STUDENT SLS desk"}]},{"@type":"WebSite","@id":"https:\/\/matting.se\/en\/#website","url":"https:\/\/matting.se\/en\/","name":"Matting","description":"","potentialAction":[{"@type":"SearchAction","target":{"@type":"EntryPoint","urlTemplate":"https:\/\/matting.se\/en\/?s={search_term_string}"},"query-input":{"@type":"PropertyValueSpecification","valueRequired":true,"valueName":"search_term_string"}}],"inLanguage":"en-US"}]}},"_links":{"self":[{"href":"https:\/\/matting.se\/en\/wp-json\/wp\/v2\/product\/247119","targetHints":{"allow":["GET"]}}],"collection":[{"href":"https:\/\/matting.se\/en\/wp-json\/wp\/v2\/product"}],"about":[{"href":"https:\/\/matting.se\/en\/wp-json\/wp\/v2\/types\/product"}],"wp:featuredmedia":[{"embeddable":true,"href":"https:\/\/matting.se\/en\/wp-json\/wp\/v2\/media\/239135"}],"wp:attachment":[{"href":"https:\/\/matting.se\/en\/wp-json\/wp\/v2\/media?parent=247119"}],"wp:term":[{"taxonomy":"product_brand","embeddable":true,"href":"https:\/\/matting.se\/en\/wp-json\/wp\/v2\/product_brand?post=247119"},{"taxonomy":"product_cat","embeddable":true,"href":"https:\/\/matting.se\/en\/wp-json\/wp\/v2\/product_cat?post=247119"},{"taxonomy":"product_tag","embeddable":true,"href":"https:\/\/matting.se\/en\/wp-json\/wp\/v2\/product_tag?post=247119"}],"curies":[{"name":"wp","href":"https:\/\/api.w.org\/{rel}","templated":true}]}}