{"id":246923,"date":"2021-05-24T12:29:02","date_gmt":"2021-05-24T11:29:02","guid":{"rendered":"https:\/\/matting.se\/produkt\/active-balance-mat\/"},"modified":"2024-02-02T10:56:57","modified_gmt":"2024-02-02T09:56:57","slug":"active-balance-mat","status":"publish","type":"product","link":"https:\/\/matting.se\/en\/produkt\/active-balance-mat\/","title":{"rendered":"ACTIVE balance mat"},"content":{"rendered":"<p>The StandUp ACTIVE balance mat is a thicker standing mat that is 5 cm thick.<\/p>\n<p>It has a soft surface that makes it very comfortable to stand on. Thanks to its thickness, it provides comfortable relief for your feet, legs, hips and back while training your balance.<\/p>\n<p>Using the StandUp ACTIVE balance mat increases blood circulation, trains your balance and strengthens your muscles, while being kind to your joints.<\/p>\n<p>The balance mat can be stood on with shoes but please stand without shoes for best effect and comfort.<br \/>\nIt is easy to wipe and clean.<\/p>\n","protected":false},"excerpt":{"rendered":"<p>The StandUp ACTIVE balance mat is a thicker standing mat that is 5 cm thick. It has a soft surface that makes it very comfortable to stand on. Thanks to its thickness, it provides comfortable relief for your feet, legs, hips and back while training your balance. Using the StandUp ACTIVE balance mat increases blood [&hellip;]<\/p>\n","protected":false},"featured_media":236783,"template":"","meta":{"_et_pb_use_builder":"","_et_pb_old_content":"","_et_gb_content_width":""},"product_brand":[],"product_cat":[238,190,191,239],"product_tag":[],"class_list":{"0":"post-246923","1":"product","2":"type-product","3":"status-publish","4":"has-post-thumbnail","6":"product_cat-balance-mats","7":"product_cat-matting-interior-en","8":"product_cat-standing-mats-balance-boards-mi","9":"product_cat-balance-mats-mi","11":"first","12":"instock","13":"taxable","14":"shipping-taxable","15":"purchasable","16":"product-type-variable","17":"has-default-attributes"},"yoast_head":"<!-- This site is optimized with the Yoast SEO plugin v25.6 - https:\/\/yoast.com\/wordpress\/plugins\/seo\/ -->\n<title>ACTIVE balance mat - Matting<\/title>\n<meta name=\"description\" content=\"ACTIVE balance mat - Se Mattings h\u00e5llbara koncept och produkter f\u00f6r publika milj\u00f6er, arbetsplatser och skolor.\" \/>\n<meta name=\"robots\" content=\"index, follow, max-snippet:-1, max-image-preview:large, max-video-preview:-1\" \/>\n<link rel=\"canonical\" href=\"https:\/\/matting.se\/en\/produkt\/active-balance-mat\/\" \/>\n<meta property=\"og:locale\" content=\"en_US\" \/>\n<meta property=\"og:type\" content=\"article\" \/>\n<meta property=\"og:title\" content=\"ACTIVE balance mat - Matting\" \/>\n<meta property=\"og:description\" content=\"ACTIVE balance mat - Se Mattings h\u00e5llbara koncept och produkter f\u00f6r publika milj\u00f6er, arbetsplatser och skolor.\" \/>\n<meta property=\"og:url\" content=\"https:\/\/matting.se\/en\/produkt\/active-balance-mat\/\" \/>\n<meta property=\"og:site_name\" content=\"Matting\" \/>\n<meta property=\"article:modified_time\" content=\"2024-02-02T09:56:57+00:00\" \/>\n<meta property=\"og:image\" content=\"https:\/\/matting.se\/wp-content\/uploads\/2021\/01\/551099_ACTIVE_balancemat_side.jpg\" \/>\n\t<meta property=\"og:image:width\" content=\"800\" \/>\n\t<meta property=\"og:image:height\" content=\"800\" \/>\n\t<meta property=\"og:image:type\" content=\"image\/jpeg\" \/>\n<meta name=\"twitter:card\" content=\"summary_large_image\" \/>\n<meta name=\"twitter:label1\" content=\"Est. reading time\" \/>\n\t<meta name=\"twitter:data1\" content=\"1 minute\" \/>\n<script type=\"application\/ld+json\" class=\"yoast-schema-graph\">{\"@context\":\"https:\/\/schema.org\",\"@graph\":[{\"@type\":[\"WebPage\",\"ItemPage\"],\"@id\":\"https:\/\/matting.se\/en\/produkt\/active-balance-mat\/\",\"url\":\"https:\/\/matting.se\/en\/produkt\/active-balance-mat\/\",\"name\":\"ACTIVE balance mat - Matting\",\"isPartOf\":{\"@id\":\"https:\/\/matting.se\/en\/#website\"},\"primaryImageOfPage\":{\"@id\":\"https:\/\/matting.se\/en\/produkt\/active-balance-mat\/#primaryimage\"},\"image\":{\"@id\":\"https:\/\/matting.se\/en\/produkt\/active-balance-mat\/#primaryimage\"},\"thumbnailUrl\":\"https:\/\/matting.se\/wp-content\/uploads\/2021\/01\/551099_ACTIVE_balancemat_side.jpg\",\"datePublished\":\"2021-05-24T11:29:02+00:00\",\"dateModified\":\"2024-02-02T09:56:57+00:00\",\"description\":\"ACTIVE balance mat - Se Mattings h\u00e5llbara koncept och produkter f\u00f6r publika milj\u00f6er, arbetsplatser och skolor.\",\"breadcrumb\":{\"@id\":\"https:\/\/matting.se\/en\/produkt\/active-balance-mat\/#breadcrumb\"},\"inLanguage\":\"en-US\",\"potentialAction\":[{\"@type\":\"ReadAction\",\"target\":[\"https:\/\/matting.se\/en\/produkt\/active-balance-mat\/\"]}]},{\"@type\":\"ImageObject\",\"inLanguage\":\"en-US\",\"@id\":\"https:\/\/matting.se\/en\/produkt\/active-balance-mat\/#primaryimage\",\"url\":\"https:\/\/matting.se\/wp-content\/uploads\/2021\/01\/551099_ACTIVE_balancemat_side.jpg\",\"contentUrl\":\"https:\/\/matting.se\/wp-content\/uploads\/2021\/01\/551099_ACTIVE_balancemat_side.jpg\",\"width\":800,\"height\":800},{\"@type\":\"BreadcrumbList\",\"@id\":\"https:\/\/matting.se\/en\/produkt\/active-balance-mat\/#breadcrumb\",\"itemListElement\":[{\"@type\":\"ListItem\",\"position\":1,\"name\":\"Hem\",\"item\":\"https:\/\/matting.se\/en\/\"},{\"@type\":\"ListItem\",\"position\":2,\"name\":\"Shop\",\"item\":\"https:\/\/matting.se\/shop\/\"},{\"@type\":\"ListItem\",\"position\":3,\"name\":\"Matting Interior\",\"item\":\"https:\/\/matting.se\/en\/produkt-kategori\/matting-interior-en\/\"},{\"@type\":\"ListItem\",\"position\":4,\"name\":\"Standing mats &amp; balance boards\",\"item\":\"https:\/\/matting.se\/en\/produkt-kategori\/matting-interior-en\/standing-mats-balance-boards-mi\/\"},{\"@type\":\"ListItem\",\"position\":5,\"name\":\"Balance mats MI\",\"item\":\"https:\/\/matting.se\/en\/produkt-kategori\/matting-interior-en\/standing-mats-balance-boards-mi\/balance-mats-mi\/\"},{\"@type\":\"ListItem\",\"position\":6,\"name\":\"ACTIVE balance mat\"}]},{\"@type\":\"WebSite\",\"@id\":\"https:\/\/matting.se\/en\/#website\",\"url\":\"https:\/\/matting.se\/en\/\",\"name\":\"Matting\",\"description\":\"\",\"potentialAction\":[{\"@type\":\"SearchAction\",\"target\":{\"@type\":\"EntryPoint\",\"urlTemplate\":\"https:\/\/matting.se\/en\/?s={search_term_string}\"},\"query-input\":{\"@type\":\"PropertyValueSpecification\",\"valueRequired\":true,\"valueName\":\"search_term_string\"}}],\"inLanguage\":\"en-US\"}]}<\/script>\n<!-- \/ Yoast SEO plugin. -->","yoast_head_json":{"title":"ACTIVE balance mat - Matting","description":"ACTIVE balance mat - Se Mattings h\u00e5llbara koncept och produkter f\u00f6r publika milj\u00f6er, arbetsplatser och skolor.","robots":{"index":"index","follow":"follow","max-snippet":"max-snippet:-1","max-image-preview":"max-image-preview:large","max-video-preview":"max-video-preview:-1"},"canonical":"https:\/\/matting.se\/en\/produkt\/active-balance-mat\/","og_locale":"en_US","og_type":"article","og_title":"ACTIVE balance mat - Matting","og_description":"ACTIVE balance mat - Se Mattings h\u00e5llbara koncept och produkter f\u00f6r publika milj\u00f6er, arbetsplatser och skolor.","og_url":"https:\/\/matting.se\/en\/produkt\/active-balance-mat\/","og_site_name":"Matting","article_modified_time":"2024-02-02T09:56:57+00:00","og_image":[{"width":800,"height":800,"url":"https:\/\/matting.se\/wp-content\/uploads\/2021\/01\/551099_ACTIVE_balancemat_side.jpg","type":"image\/jpeg"}],"twitter_card":"summary_large_image","twitter_misc":{"Est. reading time":"1 minute"},"schema":{"@context":"https:\/\/schema.org","@graph":[{"@type":["WebPage","ItemPage"],"@id":"https:\/\/matting.se\/en\/produkt\/active-balance-mat\/","url":"https:\/\/matting.se\/en\/produkt\/active-balance-mat\/","name":"ACTIVE balance mat - Matting","isPartOf":{"@id":"https:\/\/matting.se\/en\/#website"},"primaryImageOfPage":{"@id":"https:\/\/matting.se\/en\/produkt\/active-balance-mat\/#primaryimage"},"image":{"@id":"https:\/\/matting.se\/en\/produkt\/active-balance-mat\/#primaryimage"},"thumbnailUrl":"https:\/\/matting.se\/wp-content\/uploads\/2021\/01\/551099_ACTIVE_balancemat_side.jpg","datePublished":"2021-05-24T11:29:02+00:00","dateModified":"2024-02-02T09:56:57+00:00","description":"ACTIVE balance mat - Se Mattings h\u00e5llbara koncept och produkter f\u00f6r publika milj\u00f6er, arbetsplatser och skolor.","breadcrumb":{"@id":"https:\/\/matting.se\/en\/produkt\/active-balance-mat\/#breadcrumb"},"inLanguage":"en-US","potentialAction":[{"@type":"ReadAction","target":["https:\/\/matting.se\/en\/produkt\/active-balance-mat\/"]}]},{"@type":"ImageObject","inLanguage":"en-US","@id":"https:\/\/matting.se\/en\/produkt\/active-balance-mat\/#primaryimage","url":"https:\/\/matting.se\/wp-content\/uploads\/2021\/01\/551099_ACTIVE_balancemat_side.jpg","contentUrl":"https:\/\/matting.se\/wp-content\/uploads\/2021\/01\/551099_ACTIVE_balancemat_side.jpg","width":800,"height":800},{"@type":"BreadcrumbList","@id":"https:\/\/matting.se\/en\/produkt\/active-balance-mat\/#breadcrumb","itemListElement":[{"@type":"ListItem","position":1,"name":"Hem","item":"https:\/\/matting.se\/en\/"},{"@type":"ListItem","position":2,"name":"Shop","item":"https:\/\/matting.se\/shop\/"},{"@type":"ListItem","position":3,"name":"Matting Interior","item":"https:\/\/matting.se\/en\/produkt-kategori\/matting-interior-en\/"},{"@type":"ListItem","position":4,"name":"Standing mats &amp; balance boards","item":"https:\/\/matting.se\/en\/produkt-kategori\/matting-interior-en\/standing-mats-balance-boards-mi\/"},{"@type":"ListItem","position":5,"name":"Balance mats MI","item":"https:\/\/matting.se\/en\/produkt-kategori\/matting-interior-en\/standing-mats-balance-boards-mi\/balance-mats-mi\/"},{"@type":"ListItem","position":6,"name":"ACTIVE balance mat"}]},{"@type":"WebSite","@id":"https:\/\/matting.se\/en\/#website","url":"https:\/\/matting.se\/en\/","name":"Matting","description":"","potentialAction":[{"@type":"SearchAction","target":{"@type":"EntryPoint","urlTemplate":"https:\/\/matting.se\/en\/?s={search_term_string}"},"query-input":{"@type":"PropertyValueSpecification","valueRequired":true,"valueName":"search_term_string"}}],"inLanguage":"en-US"}]}},"_links":{"self":[{"href":"https:\/\/matting.se\/en\/wp-json\/wp\/v2\/product\/246923","targetHints":{"allow":["GET"]}}],"collection":[{"href":"https:\/\/matting.se\/en\/wp-json\/wp\/v2\/product"}],"about":[{"href":"https:\/\/matting.se\/en\/wp-json\/wp\/v2\/types\/product"}],"wp:featuredmedia":[{"embeddable":true,"href":"https:\/\/matting.se\/en\/wp-json\/wp\/v2\/media\/236783"}],"wp:attachment":[{"href":"https:\/\/matting.se\/en\/wp-json\/wp\/v2\/media?parent=246923"}],"wp:term":[{"taxonomy":"product_brand","embeddable":true,"href":"https:\/\/matting.se\/en\/wp-json\/wp\/v2\/product_brand?post=246923"},{"taxonomy":"product_cat","embeddable":true,"href":"https:\/\/matting.se\/en\/wp-json\/wp\/v2\/product_cat?post=246923"},{"taxonomy":"product_tag","embeddable":true,"href":"https:\/\/matting.se\/en\/wp-json\/wp\/v2\/product_tag?post=246923"}],"curies":[{"name":"wp","href":"https:\/\/api.w.org\/{rel}","templated":true}]}}