{"id":246915,"date":"2021-05-24T12:26:41","date_gmt":"2021-05-24T12:26:41","guid":{"rendered":"https:\/\/matting.se\/produkt\/balance-sitting-ball\/"},"modified":"2024-01-09T09:00:58","modified_gmt":"2024-01-09T09:00:58","slug":"balance-sitting-ball","status":"publish","type":"product","link":"https:\/\/matting.se\/en\/produkt\/balance-sitting-ball\/","title":{"rendered":"BALANCE sitting ball"},"content":{"rendered":"<p>StandUp BALANCE sitting ball in a stylish design for active sitting. Sitting on a balance ball activates your stomach, side and back muscles and strengthens your core. It contributes to better posture and increases blood circulation. Our balance ball is used as a complement to your active lifestyle where you can vary between balancing, sitting and standing. The BALANCE sitting ball is available in several different colors and sizes. The sewn-in floor ring keeps the ball in place when not in use. The seat ball has a handle with an eyelet so you can easily move it and hang it up when not in use. Internally inflatable ball, pump included.<\/p>\n<p>The StandUp BALANCE sitting ball is made of the soft and durable Alcala fabric with 35,000 Martindale and OEKO-TEX certification. The inner ball is PVC-free.<\/p>\n<p>Design: Peter Mattisson<\/p>\n","protected":false},"excerpt":{"rendered":"<p>StandUp BALANCE sitting ball in a stylish design for active sitting. Sitting on a balance ball activates your stomach, side and back muscles and strengthens your core. It contributes to better posture and increases blood circulation. Our balance ball is used as a complement to your active lifestyle where you can vary between balancing, sitting [&hellip;]<\/p>\n","protected":false},"featured_media":236555,"template":"","meta":{"_et_pb_use_builder":"off","_et_pb_old_content":"StandUp BALANCE sitting ball in a stylish design for active sitting. Sitting on a balance ball activates your stomach, side and back muscles and strengthens your core. It contributes to better posture and increases blood circulation. Our balance ball is used as a complement to your active lifestyle where you can vary between balancing, sitting and standing.\r\n\r\nThe BALANCE sitting ball is available in several different colors and sizes.\r\n\r\nThe sewn-in floor ring keeps the ball in place when not in use.\r\nThe seat ball has a handle with an eyelet so you can easily move it and hang it up when not in use.\r\n\r\nInternally inflatable ball, pump included.\r\n\r\nThe StandUp BALANCE seat ball is made of the soft and durable Alcala fabric with 35,000 Martindale and OEKO-TEX certification. The inner ball is PVC-free.\r\n\r\nDesign: Peter Mattisson","_et_gb_content_width":""},"product_brand":[],"product_cat":[232,190,233,234],"product_tag":[],"class_list":{"0":"post-246915","1":"product","2":"type-product","3":"status-publish","4":"has-post-thumbnail","6":"product_cat-furniture","7":"product_cat-matting-interior-en","8":"product_cat-seating-furniture-mi","9":"product_cat-sitting-balls-mi","11":"first","12":"instock","13":"taxable","14":"shipping-taxable","15":"purchasable","16":"product-type-variable","17":"has-default-attributes"},"yoast_head":"<!-- This site is optimized with the Yoast SEO plugin v25.6 - https:\/\/yoast.com\/wordpress\/plugins\/seo\/ -->\n<title>BALANCE sitting ball - Matting<\/title>\n<meta name=\"description\" content=\"BALANCE sitting ball - Se Mattings h\u00e5llbara koncept och produkter f\u00f6r publika milj\u00f6er, arbetsplatser och skolor.\" \/>\n<meta name=\"robots\" content=\"index, follow, max-snippet:-1, max-image-preview:large, max-video-preview:-1\" \/>\n<link rel=\"canonical\" href=\"https:\/\/matting.se\/en\/produkt\/balance-sitting-ball\/\" \/>\n<meta property=\"og:locale\" content=\"en_US\" \/>\n<meta property=\"og:type\" content=\"article\" \/>\n<meta property=\"og:title\" content=\"BALANCE sitting ball - Matting\" \/>\n<meta property=\"og:description\" content=\"BALANCE sitting ball - Se Mattings h\u00e5llbara koncept och produkter f\u00f6r publika milj\u00f6er, arbetsplatser och skolor.\" \/>\n<meta property=\"og:url\" content=\"https:\/\/matting.se\/en\/produkt\/balance-sitting-ball\/\" \/>\n<meta property=\"og:site_name\" content=\"Matting\" \/>\n<meta property=\"article:modified_time\" content=\"2024-01-09T09:00:58+00:00\" \/>\n<meta property=\"og:image\" content=\"https:\/\/matting.se\/wp-content\/uploads\/2021\/01\/551010_BALANCE_balanceball_65cm_Grey_front.jpg\" \/>\n\t<meta property=\"og:image:width\" content=\"800\" \/>\n\t<meta property=\"og:image:height\" content=\"800\" \/>\n\t<meta property=\"og:image:type\" content=\"image\/jpeg\" \/>\n<meta name=\"twitter:card\" content=\"summary_large_image\" \/>\n<meta name=\"twitter:label1\" content=\"Est. reading time\" \/>\n\t<meta name=\"twitter:data1\" content=\"1 minute\" \/>\n<script type=\"application\/ld+json\" class=\"yoast-schema-graph\">{\"@context\":\"https:\/\/schema.org\",\"@graph\":[{\"@type\":[\"WebPage\",\"ItemPage\"],\"@id\":\"https:\/\/matting.se\/en\/produkt\/balance-sitting-ball\/\",\"url\":\"https:\/\/matting.se\/en\/produkt\/balance-sitting-ball\/\",\"name\":\"BALANCE sitting ball - Matting\",\"isPartOf\":{\"@id\":\"https:\/\/matting.se\/en\/#website\"},\"primaryImageOfPage\":{\"@id\":\"https:\/\/matting.se\/en\/produkt\/balance-sitting-ball\/#primaryimage\"},\"image\":{\"@id\":\"https:\/\/matting.se\/en\/produkt\/balance-sitting-ball\/#primaryimage\"},\"thumbnailUrl\":\"https:\/\/matting.se\/wp-content\/uploads\/2021\/01\/551010_BALANCE_balanceball_65cm_Grey_front.jpg\",\"datePublished\":\"2021-05-24T12:26:41+00:00\",\"dateModified\":\"2024-01-09T09:00:58+00:00\",\"description\":\"BALANCE sitting ball - Se Mattings h\u00e5llbara koncept och produkter f\u00f6r publika milj\u00f6er, arbetsplatser och skolor.\",\"breadcrumb\":{\"@id\":\"https:\/\/matting.se\/en\/produkt\/balance-sitting-ball\/#breadcrumb\"},\"inLanguage\":\"en-US\",\"potentialAction\":[{\"@type\":\"ReadAction\",\"target\":[\"https:\/\/matting.se\/en\/produkt\/balance-sitting-ball\/\"]}]},{\"@type\":\"ImageObject\",\"inLanguage\":\"en-US\",\"@id\":\"https:\/\/matting.se\/en\/produkt\/balance-sitting-ball\/#primaryimage\",\"url\":\"https:\/\/matting.se\/wp-content\/uploads\/2021\/01\/551010_BALANCE_balanceball_65cm_Grey_front.jpg\",\"contentUrl\":\"https:\/\/matting.se\/wp-content\/uploads\/2021\/01\/551010_BALANCE_balanceball_65cm_Grey_front.jpg\",\"width\":800,\"height\":800},{\"@type\":\"BreadcrumbList\",\"@id\":\"https:\/\/matting.se\/en\/produkt\/balance-sitting-ball\/#breadcrumb\",\"itemListElement\":[{\"@type\":\"ListItem\",\"position\":1,\"name\":\"Hem\",\"item\":\"https:\/\/matting.se\/en\/\"},{\"@type\":\"ListItem\",\"position\":2,\"name\":\"Shop\",\"item\":\"https:\/\/matting.se\/shop\/\"},{\"@type\":\"ListItem\",\"position\":3,\"name\":\"Matting Interior\",\"item\":\"https:\/\/matting.se\/en\/produkt-kategori\/matting-interior-en\/\"},{\"@type\":\"ListItem\",\"position\":4,\"name\":\"Seating furniture\",\"item\":\"https:\/\/matting.se\/en\/produkt-kategori\/matting-interior-en\/seating-furniture-mi\/\"},{\"@type\":\"ListItem\",\"position\":5,\"name\":\"Sitting balls MI\",\"item\":\"https:\/\/matting.se\/en\/produkt-kategori\/matting-interior-en\/seating-furniture-mi\/sitting-balls-mi\/\"},{\"@type\":\"ListItem\",\"position\":6,\"name\":\"BALANCE sitting ball\"}]},{\"@type\":\"WebSite\",\"@id\":\"https:\/\/matting.se\/en\/#website\",\"url\":\"https:\/\/matting.se\/en\/\",\"name\":\"Matting\",\"description\":\"\",\"potentialAction\":[{\"@type\":\"SearchAction\",\"target\":{\"@type\":\"EntryPoint\",\"urlTemplate\":\"https:\/\/matting.se\/en\/?s={search_term_string}\"},\"query-input\":{\"@type\":\"PropertyValueSpecification\",\"valueRequired\":true,\"valueName\":\"search_term_string\"}}],\"inLanguage\":\"en-US\"}]}<\/script>\n<!-- \/ Yoast SEO plugin. -->","yoast_head_json":{"title":"BALANCE sitting ball - Matting","description":"BALANCE sitting ball - Se Mattings h\u00e5llbara koncept och produkter f\u00f6r publika milj\u00f6er, arbetsplatser och skolor.","robots":{"index":"index","follow":"follow","max-snippet":"max-snippet:-1","max-image-preview":"max-image-preview:large","max-video-preview":"max-video-preview:-1"},"canonical":"https:\/\/matting.se\/en\/produkt\/balance-sitting-ball\/","og_locale":"en_US","og_type":"article","og_title":"BALANCE sitting ball - Matting","og_description":"BALANCE sitting ball - Se Mattings h\u00e5llbara koncept och produkter f\u00f6r publika milj\u00f6er, arbetsplatser och skolor.","og_url":"https:\/\/matting.se\/en\/produkt\/balance-sitting-ball\/","og_site_name":"Matting","article_modified_time":"2024-01-09T09:00:58+00:00","og_image":[{"width":800,"height":800,"url":"https:\/\/matting.se\/wp-content\/uploads\/2021\/01\/551010_BALANCE_balanceball_65cm_Grey_front.jpg","type":"image\/jpeg"}],"twitter_card":"summary_large_image","twitter_misc":{"Est. reading time":"1 minute"},"schema":{"@context":"https:\/\/schema.org","@graph":[{"@type":["WebPage","ItemPage"],"@id":"https:\/\/matting.se\/en\/produkt\/balance-sitting-ball\/","url":"https:\/\/matting.se\/en\/produkt\/balance-sitting-ball\/","name":"BALANCE sitting ball - Matting","isPartOf":{"@id":"https:\/\/matting.se\/en\/#website"},"primaryImageOfPage":{"@id":"https:\/\/matting.se\/en\/produkt\/balance-sitting-ball\/#primaryimage"},"image":{"@id":"https:\/\/matting.se\/en\/produkt\/balance-sitting-ball\/#primaryimage"},"thumbnailUrl":"https:\/\/matting.se\/wp-content\/uploads\/2021\/01\/551010_BALANCE_balanceball_65cm_Grey_front.jpg","datePublished":"2021-05-24T12:26:41+00:00","dateModified":"2024-01-09T09:00:58+00:00","description":"BALANCE sitting ball - Se Mattings h\u00e5llbara koncept och produkter f\u00f6r publika milj\u00f6er, arbetsplatser och skolor.","breadcrumb":{"@id":"https:\/\/matting.se\/en\/produkt\/balance-sitting-ball\/#breadcrumb"},"inLanguage":"en-US","potentialAction":[{"@type":"ReadAction","target":["https:\/\/matting.se\/en\/produkt\/balance-sitting-ball\/"]}]},{"@type":"ImageObject","inLanguage":"en-US","@id":"https:\/\/matting.se\/en\/produkt\/balance-sitting-ball\/#primaryimage","url":"https:\/\/matting.se\/wp-content\/uploads\/2021\/01\/551010_BALANCE_balanceball_65cm_Grey_front.jpg","contentUrl":"https:\/\/matting.se\/wp-content\/uploads\/2021\/01\/551010_BALANCE_balanceball_65cm_Grey_front.jpg","width":800,"height":800},{"@type":"BreadcrumbList","@id":"https:\/\/matting.se\/en\/produkt\/balance-sitting-ball\/#breadcrumb","itemListElement":[{"@type":"ListItem","position":1,"name":"Hem","item":"https:\/\/matting.se\/en\/"},{"@type":"ListItem","position":2,"name":"Shop","item":"https:\/\/matting.se\/shop\/"},{"@type":"ListItem","position":3,"name":"Matting Interior","item":"https:\/\/matting.se\/en\/produkt-kategori\/matting-interior-en\/"},{"@type":"ListItem","position":4,"name":"Seating furniture","item":"https:\/\/matting.se\/en\/produkt-kategori\/matting-interior-en\/seating-furniture-mi\/"},{"@type":"ListItem","position":5,"name":"Sitting balls MI","item":"https:\/\/matting.se\/en\/produkt-kategori\/matting-interior-en\/seating-furniture-mi\/sitting-balls-mi\/"},{"@type":"ListItem","position":6,"name":"BALANCE sitting ball"}]},{"@type":"WebSite","@id":"https:\/\/matting.se\/en\/#website","url":"https:\/\/matting.se\/en\/","name":"Matting","description":"","potentialAction":[{"@type":"SearchAction","target":{"@type":"EntryPoint","urlTemplate":"https:\/\/matting.se\/en\/?s={search_term_string}"},"query-input":{"@type":"PropertyValueSpecification","valueRequired":true,"valueName":"search_term_string"}}],"inLanguage":"en-US"}]}},"_links":{"self":[{"href":"https:\/\/matting.se\/en\/wp-json\/wp\/v2\/product\/246915","targetHints":{"allow":["GET"]}}],"collection":[{"href":"https:\/\/matting.se\/en\/wp-json\/wp\/v2\/product"}],"about":[{"href":"https:\/\/matting.se\/en\/wp-json\/wp\/v2\/types\/product"}],"wp:featuredmedia":[{"embeddable":true,"href":"https:\/\/matting.se\/en\/wp-json\/wp\/v2\/media\/236555"}],"wp:attachment":[{"href":"https:\/\/matting.se\/en\/wp-json\/wp\/v2\/media?parent=246915"}],"wp:term":[{"taxonomy":"product_brand","embeddable":true,"href":"https:\/\/matting.se\/en\/wp-json\/wp\/v2\/product_brand?post=246915"},{"taxonomy":"product_cat","embeddable":true,"href":"https:\/\/matting.se\/en\/wp-json\/wp\/v2\/product_cat?post=246915"},{"taxonomy":"product_tag","embeddable":true,"href":"https:\/\/matting.se\/en\/wp-json\/wp\/v2\/product_tag?post=246915"}],"curies":[{"name":"wp","href":"https:\/\/api.w.org\/{rel}","templated":true}]}}