{"id":246897,"date":"2021-05-24T12:29:29","date_gmt":"2021-05-24T12:29:29","guid":{"rendered":"https:\/\/matting.se\/produkt\/exercise-exercise-mat\/"},"modified":"2023-12-19T16:13:57","modified_gmt":"2023-12-19T16:13:57","slug":"exercise-exercise-mat","status":"publish","type":"product","link":"https:\/\/matting.se\/en\/produkt\/exercise-exercise-mat\/","title":{"rendered":"EXERCISE exercise mat"},"content":{"rendered":"<p>The StandUp EXERCISE exercise mat is an exercise, yoga and relaxation mat made entirely of natural materials.<br \/>\nThe rug is perfect for your home or office. Gather several people in a conference room or during a sports class to take a break and recover, do some much-needed stretching or an activity session.<br \/>\nEXERCISE is easy to roll up.<\/p>\n<p>The carpet has a high level of comfort with a soft cork surface.<br \/>\nThe natural rubber gives the carpet weight, which provides good stability and grip on the floor.  <\/p>\n<p>Find your balance and experience the natural feel, effective cushioning and good grip of the cork product.  <\/p>\n<p>EXERCISE exercise mat contains only natural materials.<\/p>\n","protected":false},"excerpt":{"rendered":"<p>The StandUp EXERCISE exercise mat is an exercise, yoga and relaxation mat made entirely of natural materials. The rug is perfect for your home or office. Gather several people in a conference room or during a sports class to take a break and recover, do some much-needed stretching or an activity session. EXERCISE is easy [&hellip;]<\/p>\n","protected":false},"featured_media":236843,"template":"","meta":{"_et_pb_use_builder":"","_et_pb_old_content":"","_et_gb_content_width":""},"product_brand":[],"product_cat":[226],"product_tag":[],"class_list":{"0":"post-246897","1":"product","2":"type-product","3":"status-publish","4":"has-post-thumbnail","6":"product_cat-exercise-mats","8":"first","9":"instock","10":"taxable","11":"shipping-taxable","12":"purchasable","13":"product-type-variable","14":"has-default-attributes"},"yoast_head":"<!-- This site is optimized with the Yoast SEO plugin v25.6 - https:\/\/yoast.com\/wordpress\/plugins\/seo\/ -->\n<title>EXERCISE exercise mat - Matting<\/title>\n<meta name=\"description\" content=\"EXERCISE exercise mat - Se Mattings h\u00e5llbara koncept och produkter f\u00f6r publika milj\u00f6er, arbetsplatser och skolor.\" \/>\n<meta name=\"robots\" content=\"index, follow, max-snippet:-1, max-image-preview:large, max-video-preview:-1\" \/>\n<link rel=\"canonical\" href=\"https:\/\/matting.se\/en\/produkt\/exercise-exercise-mat\/\" \/>\n<meta property=\"og:locale\" content=\"en_US\" \/>\n<meta property=\"og:type\" content=\"article\" \/>\n<meta property=\"og:title\" content=\"EXERCISE exercise mat - Matting\" \/>\n<meta property=\"og:description\" content=\"EXERCISE exercise mat - Se Mattings h\u00e5llbara koncept och produkter f\u00f6r publika milj\u00f6er, arbetsplatser och skolor.\" \/>\n<meta property=\"og:url\" content=\"https:\/\/matting.se\/en\/produkt\/exercise-exercise-mat\/\" \/>\n<meta property=\"og:site_name\" content=\"Matting\" \/>\n<meta property=\"article:modified_time\" content=\"2023-12-19T16:13:57+00:00\" \/>\n<meta property=\"og:image\" content=\"https:\/\/matting.se\/wp-content\/uploads\/2021\/01\/551120_EXERCISE_exercisemat_top.jpg\" \/>\n\t<meta property=\"og:image:width\" content=\"800\" \/>\n\t<meta property=\"og:image:height\" content=\"800\" \/>\n\t<meta property=\"og:image:type\" content=\"image\/jpeg\" \/>\n<meta name=\"twitter:card\" content=\"summary_large_image\" \/>\n<meta name=\"twitter:label1\" content=\"Est. reading time\" \/>\n\t<meta name=\"twitter:data1\" content=\"1 minute\" \/>\n<script type=\"application\/ld+json\" class=\"yoast-schema-graph\">{\"@context\":\"https:\/\/schema.org\",\"@graph\":[{\"@type\":[\"WebPage\",\"ItemPage\"],\"@id\":\"https:\/\/matting.se\/en\/produkt\/exercise-exercise-mat\/\",\"url\":\"https:\/\/matting.se\/en\/produkt\/exercise-exercise-mat\/\",\"name\":\"EXERCISE exercise mat - Matting\",\"isPartOf\":{\"@id\":\"https:\/\/matting.se\/en\/#website\"},\"primaryImageOfPage\":{\"@id\":\"https:\/\/matting.se\/en\/produkt\/exercise-exercise-mat\/#primaryimage\"},\"image\":{\"@id\":\"https:\/\/matting.se\/en\/produkt\/exercise-exercise-mat\/#primaryimage\"},\"thumbnailUrl\":\"https:\/\/matting.se\/wp-content\/uploads\/2021\/01\/551120_EXERCISE_exercisemat_top.jpg\",\"datePublished\":\"2021-05-24T12:29:29+00:00\",\"dateModified\":\"2023-12-19T16:13:57+00:00\",\"description\":\"EXERCISE exercise mat - Se Mattings h\u00e5llbara koncept och produkter f\u00f6r publika milj\u00f6er, arbetsplatser och skolor.\",\"breadcrumb\":{\"@id\":\"https:\/\/matting.se\/en\/produkt\/exercise-exercise-mat\/#breadcrumb\"},\"inLanguage\":\"en-US\",\"potentialAction\":[{\"@type\":\"ReadAction\",\"target\":[\"https:\/\/matting.se\/en\/produkt\/exercise-exercise-mat\/\"]}]},{\"@type\":\"ImageObject\",\"inLanguage\":\"en-US\",\"@id\":\"https:\/\/matting.se\/en\/produkt\/exercise-exercise-mat\/#primaryimage\",\"url\":\"https:\/\/matting.se\/wp-content\/uploads\/2021\/01\/551120_EXERCISE_exercisemat_top.jpg\",\"contentUrl\":\"https:\/\/matting.se\/wp-content\/uploads\/2021\/01\/551120_EXERCISE_exercisemat_top.jpg\",\"width\":800,\"height\":800},{\"@type\":\"BreadcrumbList\",\"@id\":\"https:\/\/matting.se\/en\/produkt\/exercise-exercise-mat\/#breadcrumb\",\"itemListElement\":[{\"@type\":\"ListItem\",\"position\":1,\"name\":\"Hem\",\"item\":\"https:\/\/matting.se\/en\/\"},{\"@type\":\"ListItem\",\"position\":2,\"name\":\"Shop\",\"item\":\"https:\/\/matting.se\/shop\/\"},{\"@type\":\"ListItem\",\"position\":3,\"name\":\"Exercise mats\",\"item\":\"https:\/\/matting.se\/en\/produkt-kategori\/exercise-mats\/\"},{\"@type\":\"ListItem\",\"position\":4,\"name\":\"EXERCISE exercise mat\"}]},{\"@type\":\"WebSite\",\"@id\":\"https:\/\/matting.se\/en\/#website\",\"url\":\"https:\/\/matting.se\/en\/\",\"name\":\"Matting\",\"description\":\"\",\"potentialAction\":[{\"@type\":\"SearchAction\",\"target\":{\"@type\":\"EntryPoint\",\"urlTemplate\":\"https:\/\/matting.se\/en\/?s={search_term_string}\"},\"query-input\":{\"@type\":\"PropertyValueSpecification\",\"valueRequired\":true,\"valueName\":\"search_term_string\"}}],\"inLanguage\":\"en-US\"}]}<\/script>\n<!-- \/ Yoast SEO plugin. -->","yoast_head_json":{"title":"EXERCISE exercise mat - Matting","description":"EXERCISE exercise mat - Se Mattings h\u00e5llbara koncept och produkter f\u00f6r publika milj\u00f6er, arbetsplatser och skolor.","robots":{"index":"index","follow":"follow","max-snippet":"max-snippet:-1","max-image-preview":"max-image-preview:large","max-video-preview":"max-video-preview:-1"},"canonical":"https:\/\/matting.se\/en\/produkt\/exercise-exercise-mat\/","og_locale":"en_US","og_type":"article","og_title":"EXERCISE exercise mat - Matting","og_description":"EXERCISE exercise mat - Se Mattings h\u00e5llbara koncept och produkter f\u00f6r publika milj\u00f6er, arbetsplatser och skolor.","og_url":"https:\/\/matting.se\/en\/produkt\/exercise-exercise-mat\/","og_site_name":"Matting","article_modified_time":"2023-12-19T16:13:57+00:00","og_image":[{"width":800,"height":800,"url":"https:\/\/matting.se\/wp-content\/uploads\/2021\/01\/551120_EXERCISE_exercisemat_top.jpg","type":"image\/jpeg"}],"twitter_card":"summary_large_image","twitter_misc":{"Est. reading time":"1 minute"},"schema":{"@context":"https:\/\/schema.org","@graph":[{"@type":["WebPage","ItemPage"],"@id":"https:\/\/matting.se\/en\/produkt\/exercise-exercise-mat\/","url":"https:\/\/matting.se\/en\/produkt\/exercise-exercise-mat\/","name":"EXERCISE exercise mat - Matting","isPartOf":{"@id":"https:\/\/matting.se\/en\/#website"},"primaryImageOfPage":{"@id":"https:\/\/matting.se\/en\/produkt\/exercise-exercise-mat\/#primaryimage"},"image":{"@id":"https:\/\/matting.se\/en\/produkt\/exercise-exercise-mat\/#primaryimage"},"thumbnailUrl":"https:\/\/matting.se\/wp-content\/uploads\/2021\/01\/551120_EXERCISE_exercisemat_top.jpg","datePublished":"2021-05-24T12:29:29+00:00","dateModified":"2023-12-19T16:13:57+00:00","description":"EXERCISE exercise mat - Se Mattings h\u00e5llbara koncept och produkter f\u00f6r publika milj\u00f6er, arbetsplatser och skolor.","breadcrumb":{"@id":"https:\/\/matting.se\/en\/produkt\/exercise-exercise-mat\/#breadcrumb"},"inLanguage":"en-US","potentialAction":[{"@type":"ReadAction","target":["https:\/\/matting.se\/en\/produkt\/exercise-exercise-mat\/"]}]},{"@type":"ImageObject","inLanguage":"en-US","@id":"https:\/\/matting.se\/en\/produkt\/exercise-exercise-mat\/#primaryimage","url":"https:\/\/matting.se\/wp-content\/uploads\/2021\/01\/551120_EXERCISE_exercisemat_top.jpg","contentUrl":"https:\/\/matting.se\/wp-content\/uploads\/2021\/01\/551120_EXERCISE_exercisemat_top.jpg","width":800,"height":800},{"@type":"BreadcrumbList","@id":"https:\/\/matting.se\/en\/produkt\/exercise-exercise-mat\/#breadcrumb","itemListElement":[{"@type":"ListItem","position":1,"name":"Hem","item":"https:\/\/matting.se\/en\/"},{"@type":"ListItem","position":2,"name":"Shop","item":"https:\/\/matting.se\/shop\/"},{"@type":"ListItem","position":3,"name":"Exercise mats","item":"https:\/\/matting.se\/en\/produkt-kategori\/exercise-mats\/"},{"@type":"ListItem","position":4,"name":"EXERCISE exercise mat"}]},{"@type":"WebSite","@id":"https:\/\/matting.se\/en\/#website","url":"https:\/\/matting.se\/en\/","name":"Matting","description":"","potentialAction":[{"@type":"SearchAction","target":{"@type":"EntryPoint","urlTemplate":"https:\/\/matting.se\/en\/?s={search_term_string}"},"query-input":{"@type":"PropertyValueSpecification","valueRequired":true,"valueName":"search_term_string"}}],"inLanguage":"en-US"}]}},"_links":{"self":[{"href":"https:\/\/matting.se\/en\/wp-json\/wp\/v2\/product\/246897","targetHints":{"allow":["GET"]}}],"collection":[{"href":"https:\/\/matting.se\/en\/wp-json\/wp\/v2\/product"}],"about":[{"href":"https:\/\/matting.se\/en\/wp-json\/wp\/v2\/types\/product"}],"wp:featuredmedia":[{"embeddable":true,"href":"https:\/\/matting.se\/en\/wp-json\/wp\/v2\/media\/236843"}],"wp:attachment":[{"href":"https:\/\/matting.se\/en\/wp-json\/wp\/v2\/media?parent=246897"}],"wp:term":[{"taxonomy":"product_brand","embeddable":true,"href":"https:\/\/matting.se\/en\/wp-json\/wp\/v2\/product_brand?post=246897"},{"taxonomy":"product_cat","embeddable":true,"href":"https:\/\/matting.se\/en\/wp-json\/wp\/v2\/product_cat?post=246897"},{"taxonomy":"product_tag","embeddable":true,"href":"https:\/\/matting.se\/en\/wp-json\/wp\/v2\/product_tag?post=246897"}],"curies":[{"name":"wp","href":"https:\/\/api.w.org\/{rel}","templated":true}]}}