{"id":246884,"date":"2021-05-24T12:29:49","date_gmt":"2021-05-24T12:29:49","guid":{"rendered":"https:\/\/matting.se\/produkt\/antistress-focus-ball\/"},"modified":"2023-12-19T16:13:57","modified_gmt":"2023-12-19T16:13:57","slug":"antistress-focus-ball","status":"publish","type":"product","link":"https:\/\/matting.se\/en\/produkt\/antistress-focus-ball\/","title":{"rendered":"ANTISTRESS focus ball"},"content":{"rendered":"<p>The Jobmate ANTISTRESS ball is a focus and hand training ball that is perfect for the workplace, school or home office.<br \/>\nIt can be used to relieve stress but it also improves strength and coordination in the hand, fingers and forearm.  <\/p>\n<p>The ball is easy to rinse off with soap and water.<\/p>\n<p>The ANTISTRESS focus ball can be stored and easily carried in your bag with the attached fabric bag.<\/p>\n","protected":false},"excerpt":{"rendered":"<p>The Jobmate ANTISTRESS ball is a focus and hand training ball that is perfect for the workplace, school or home office. It can be used to relieve stress but it also improves strength and coordination in the hand, fingers and forearm. The ball is easy to rinse off with soap and water. The ANTISTRESS focus [&hellip;]<\/p>\n","protected":false},"featured_media":238907,"template":"","meta":{"_et_pb_use_builder":"","_et_pb_old_content":"","_et_gb_content_width":""},"product_brand":[],"product_cat":[216],"product_tag":[],"class_list":{"0":"post-246884","1":"product","2":"type-product","3":"status-publish","4":"has-post-thumbnail","6":"product_cat-activity-accessories","8":"first","9":"instock","10":"taxable","11":"shipping-taxable","12":"purchasable","13":"product-type-variable","14":"has-default-attributes"},"yoast_head":"<!-- This site is optimized with the Yoast SEO plugin v25.6 - https:\/\/yoast.com\/wordpress\/plugins\/seo\/ -->\n<title>ANTISTRESS focus ball - Matting<\/title>\n<meta name=\"description\" content=\"ANTISTRESS focus ball - Se Mattings h\u00e5llbara koncept och produkter f\u00f6r publika milj\u00f6er, arbetsplatser och skolor.\" \/>\n<meta name=\"robots\" content=\"index, follow, max-snippet:-1, max-image-preview:large, max-video-preview:-1\" \/>\n<link rel=\"canonical\" href=\"https:\/\/matting.se\/en\/produkt\/antistress-focus-ball\/\" \/>\n<meta property=\"og:locale\" content=\"en_US\" \/>\n<meta property=\"og:type\" content=\"article\" \/>\n<meta property=\"og:title\" content=\"ANTISTRESS focus ball - Matting\" \/>\n<meta property=\"og:description\" content=\"ANTISTRESS focus ball - Se Mattings h\u00e5llbara koncept och produkter f\u00f6r publika milj\u00f6er, arbetsplatser och skolor.\" \/>\n<meta property=\"og:url\" content=\"https:\/\/matting.se\/en\/produkt\/antistress-focus-ball\/\" \/>\n<meta property=\"og:site_name\" content=\"Matting\" \/>\n<meta property=\"article:modified_time\" content=\"2023-12-19T16:13:57+00:00\" \/>\n<meta property=\"og:image\" content=\"https:\/\/matting.se\/wp-content\/uploads\/2021\/05\/551131_ANTISTRESS-ball_medium_turquoise.jpg\" \/>\n\t<meta property=\"og:image:width\" content=\"800\" \/>\n\t<meta property=\"og:image:height\" content=\"800\" \/>\n\t<meta property=\"og:image:type\" content=\"image\/jpeg\" \/>\n<meta name=\"twitter:card\" content=\"summary_large_image\" \/>\n<script type=\"application\/ld+json\" class=\"yoast-schema-graph\">{\"@context\":\"https:\/\/schema.org\",\"@graph\":[{\"@type\":[\"WebPage\",\"ItemPage\"],\"@id\":\"https:\/\/matting.se\/en\/produkt\/antistress-focus-ball\/\",\"url\":\"https:\/\/matting.se\/en\/produkt\/antistress-focus-ball\/\",\"name\":\"ANTISTRESS focus ball - Matting\",\"isPartOf\":{\"@id\":\"https:\/\/matting.se\/en\/#website\"},\"primaryImageOfPage\":{\"@id\":\"https:\/\/matting.se\/en\/produkt\/antistress-focus-ball\/#primaryimage\"},\"image\":{\"@id\":\"https:\/\/matting.se\/en\/produkt\/antistress-focus-ball\/#primaryimage\"},\"thumbnailUrl\":\"https:\/\/matting.se\/wp-content\/uploads\/2021\/05\/551131_ANTISTRESS-ball_medium_turquoise.jpg\",\"datePublished\":\"2021-05-24T12:29:49+00:00\",\"dateModified\":\"2023-12-19T16:13:57+00:00\",\"description\":\"ANTISTRESS focus ball - Se Mattings h\u00e5llbara koncept och produkter f\u00f6r publika milj\u00f6er, arbetsplatser och skolor.\",\"breadcrumb\":{\"@id\":\"https:\/\/matting.se\/en\/produkt\/antistress-focus-ball\/#breadcrumb\"},\"inLanguage\":\"en-US\",\"potentialAction\":[{\"@type\":\"ReadAction\",\"target\":[\"https:\/\/matting.se\/en\/produkt\/antistress-focus-ball\/\"]}]},{\"@type\":\"ImageObject\",\"inLanguage\":\"en-US\",\"@id\":\"https:\/\/matting.se\/en\/produkt\/antistress-focus-ball\/#primaryimage\",\"url\":\"https:\/\/matting.se\/wp-content\/uploads\/2021\/05\/551131_ANTISTRESS-ball_medium_turquoise.jpg\",\"contentUrl\":\"https:\/\/matting.se\/wp-content\/uploads\/2021\/05\/551131_ANTISTRESS-ball_medium_turquoise.jpg\",\"width\":800,\"height\":800},{\"@type\":\"BreadcrumbList\",\"@id\":\"https:\/\/matting.se\/en\/produkt\/antistress-focus-ball\/#breadcrumb\",\"itemListElement\":[{\"@type\":\"ListItem\",\"position\":1,\"name\":\"Hem\",\"item\":\"https:\/\/matting.se\/en\/\"},{\"@type\":\"ListItem\",\"position\":2,\"name\":\"Shop\",\"item\":\"https:\/\/matting.se\/shop\/\"},{\"@type\":\"ListItem\",\"position\":3,\"name\":\"Activity accessories\",\"item\":\"https:\/\/matting.se\/en\/produkt-kategori\/activity-accessories\/\"},{\"@type\":\"ListItem\",\"position\":4,\"name\":\"ANTISTRESS focus ball\"}]},{\"@type\":\"WebSite\",\"@id\":\"https:\/\/matting.se\/en\/#website\",\"url\":\"https:\/\/matting.se\/en\/\",\"name\":\"Matting\",\"description\":\"\",\"potentialAction\":[{\"@type\":\"SearchAction\",\"target\":{\"@type\":\"EntryPoint\",\"urlTemplate\":\"https:\/\/matting.se\/en\/?s={search_term_string}\"},\"query-input\":{\"@type\":\"PropertyValueSpecification\",\"valueRequired\":true,\"valueName\":\"search_term_string\"}}],\"inLanguage\":\"en-US\"}]}<\/script>\n<!-- \/ Yoast SEO plugin. -->","yoast_head_json":{"title":"ANTISTRESS focus ball - Matting","description":"ANTISTRESS focus ball - Se Mattings h\u00e5llbara koncept och produkter f\u00f6r publika milj\u00f6er, arbetsplatser och skolor.","robots":{"index":"index","follow":"follow","max-snippet":"max-snippet:-1","max-image-preview":"max-image-preview:large","max-video-preview":"max-video-preview:-1"},"canonical":"https:\/\/matting.se\/en\/produkt\/antistress-focus-ball\/","og_locale":"en_US","og_type":"article","og_title":"ANTISTRESS focus ball - Matting","og_description":"ANTISTRESS focus ball - Se Mattings h\u00e5llbara koncept och produkter f\u00f6r publika milj\u00f6er, arbetsplatser och skolor.","og_url":"https:\/\/matting.se\/en\/produkt\/antistress-focus-ball\/","og_site_name":"Matting","article_modified_time":"2023-12-19T16:13:57+00:00","og_image":[{"width":800,"height":800,"url":"https:\/\/matting.se\/wp-content\/uploads\/2021\/05\/551131_ANTISTRESS-ball_medium_turquoise.jpg","type":"image\/jpeg"}],"twitter_card":"summary_large_image","schema":{"@context":"https:\/\/schema.org","@graph":[{"@type":["WebPage","ItemPage"],"@id":"https:\/\/matting.se\/en\/produkt\/antistress-focus-ball\/","url":"https:\/\/matting.se\/en\/produkt\/antistress-focus-ball\/","name":"ANTISTRESS focus ball - Matting","isPartOf":{"@id":"https:\/\/matting.se\/en\/#website"},"primaryImageOfPage":{"@id":"https:\/\/matting.se\/en\/produkt\/antistress-focus-ball\/#primaryimage"},"image":{"@id":"https:\/\/matting.se\/en\/produkt\/antistress-focus-ball\/#primaryimage"},"thumbnailUrl":"https:\/\/matting.se\/wp-content\/uploads\/2021\/05\/551131_ANTISTRESS-ball_medium_turquoise.jpg","datePublished":"2021-05-24T12:29:49+00:00","dateModified":"2023-12-19T16:13:57+00:00","description":"ANTISTRESS focus ball - Se Mattings h\u00e5llbara koncept och produkter f\u00f6r publika milj\u00f6er, arbetsplatser och skolor.","breadcrumb":{"@id":"https:\/\/matting.se\/en\/produkt\/antistress-focus-ball\/#breadcrumb"},"inLanguage":"en-US","potentialAction":[{"@type":"ReadAction","target":["https:\/\/matting.se\/en\/produkt\/antistress-focus-ball\/"]}]},{"@type":"ImageObject","inLanguage":"en-US","@id":"https:\/\/matting.se\/en\/produkt\/antistress-focus-ball\/#primaryimage","url":"https:\/\/matting.se\/wp-content\/uploads\/2021\/05\/551131_ANTISTRESS-ball_medium_turquoise.jpg","contentUrl":"https:\/\/matting.se\/wp-content\/uploads\/2021\/05\/551131_ANTISTRESS-ball_medium_turquoise.jpg","width":800,"height":800},{"@type":"BreadcrumbList","@id":"https:\/\/matting.se\/en\/produkt\/antistress-focus-ball\/#breadcrumb","itemListElement":[{"@type":"ListItem","position":1,"name":"Hem","item":"https:\/\/matting.se\/en\/"},{"@type":"ListItem","position":2,"name":"Shop","item":"https:\/\/matting.se\/shop\/"},{"@type":"ListItem","position":3,"name":"Activity accessories","item":"https:\/\/matting.se\/en\/produkt-kategori\/activity-accessories\/"},{"@type":"ListItem","position":4,"name":"ANTISTRESS focus ball"}]},{"@type":"WebSite","@id":"https:\/\/matting.se\/en\/#website","url":"https:\/\/matting.se\/en\/","name":"Matting","description":"","potentialAction":[{"@type":"SearchAction","target":{"@type":"EntryPoint","urlTemplate":"https:\/\/matting.se\/en\/?s={search_term_string}"},"query-input":{"@type":"PropertyValueSpecification","valueRequired":true,"valueName":"search_term_string"}}],"inLanguage":"en-US"}]}},"_links":{"self":[{"href":"https:\/\/matting.se\/en\/wp-json\/wp\/v2\/product\/246884","targetHints":{"allow":["GET"]}}],"collection":[{"href":"https:\/\/matting.se\/en\/wp-json\/wp\/v2\/product"}],"about":[{"href":"https:\/\/matting.se\/en\/wp-json\/wp\/v2\/types\/product"}],"wp:featuredmedia":[{"embeddable":true,"href":"https:\/\/matting.se\/en\/wp-json\/wp\/v2\/media\/238907"}],"wp:attachment":[{"href":"https:\/\/matting.se\/en\/wp-json\/wp\/v2\/media?parent=246884"}],"wp:term":[{"taxonomy":"product_brand","embeddable":true,"href":"https:\/\/matting.se\/en\/wp-json\/wp\/v2\/product_brand?post=246884"},{"taxonomy":"product_cat","embeddable":true,"href":"https:\/\/matting.se\/en\/wp-json\/wp\/v2\/product_cat?post=246884"},{"taxonomy":"product_tag","embeddable":true,"href":"https:\/\/matting.se\/en\/wp-json\/wp\/v2\/product_tag?post=246884"}],"curies":[{"name":"wp","href":"https:\/\/api.w.org\/{rel}","templated":true}]}}