{"id":246860,"date":"2021-05-24T12:24:54","date_gmt":"2021-05-24T12:24:54","guid":{"rendered":"https:\/\/matting.se\/produkt\/desk-folding-fittings\/"},"modified":"2023-12-19T16:13:59","modified_gmt":"2023-12-19T16:13:59","slug":"desk-folding-fittings","status":"publish","type":"product","link":"https:\/\/matting.se\/en\/produkt\/desk-folding-fittings\/","title":{"rendered":"DESK folding fittings"},"content":{"rendered":"<p>StandUp DESK folding fittings allow the table top to be folded up 75\u00b0 for more space-efficient storage when the tables are not in use. The folding bracket is suitable for our StandUp DESK stands 700 and 900.<\/p>\n<p>It can be ordered as a pre-assembled option for new orders or for retrofitting existing DESK tables*.<\/p>\n<p>The bracket is easily mounted on the stand and fits all standard stands and table tops. The locking pin locks the disk in both the down and up positions and is released by pulling the pin straight out. The disc then folds to the desired position.<\/p>\n<p>DESK tables with folding tops can be &#8220;stacked&#8221; (put together) to save space.<\/p>\n<p>* Retrofitting is possible on tables from model date August 2018 onwards, for earlier versions there is no folding bracket.<\/p>\n","protected":false},"excerpt":{"rendered":"<p>StandUp DESK folding fittings allow the table top to be folded up 75\u00b0 for more space-efficient storage when the tables are not in use. The folding bracket is suitable for our StandUp DESK stands 700 and 900. It can be ordered as a pre-assembled option for new orders or for retrofitting existing DESK tables*. The [&hellip;]<\/p>\n","protected":false},"featured_media":238883,"template":"","meta":{"_et_pb_use_builder":"","_et_pb_old_content":"","_et_gb_content_width":""},"product_brand":[],"product_cat":[197,190,198,199],"product_tag":[],"class_list":{"0":"post-246860","1":"product","2":"type-product","3":"status-publish","4":"has-post-thumbnail","6":"product_cat-desk-accessories","7":"product_cat-matting-interior-en","8":"product_cat-tables-accessories-mi","9":"product_cat-table-accessories-mi","11":"first","12":"instock","13":"taxable","14":"shipping-taxable","15":"purchasable","16":"product-type-variable","17":"has-default-attributes"},"yoast_head":"<!-- This site is optimized with the Yoast SEO plugin v25.6 - https:\/\/yoast.com\/wordpress\/plugins\/seo\/ -->\n<title>DESK folding fittings - Matting<\/title>\n<meta name=\"description\" content=\"DESK folding fittings - Se Mattings h\u00e5llbara koncept och produkter f\u00f6r publika milj\u00f6er, arbetsplatser och skolor.\" \/>\n<meta name=\"robots\" content=\"index, follow, max-snippet:-1, max-image-preview:large, max-video-preview:-1\" \/>\n<link rel=\"canonical\" href=\"https:\/\/matting.se\/en\/produkt\/desk-folding-fittings\/\" \/>\n<meta property=\"og:locale\" content=\"en_US\" \/>\n<meta property=\"og:type\" content=\"article\" \/>\n<meta property=\"og:title\" content=\"DESK folding fittings - Matting\" \/>\n<meta property=\"og:description\" content=\"DESK folding fittings - Se Mattings h\u00e5llbara koncept och produkter f\u00f6r publika milj\u00f6er, arbetsplatser och skolor.\" \/>\n<meta property=\"og:url\" content=\"https:\/\/matting.se\/en\/produkt\/desk-folding-fittings\/\" \/>\n<meta property=\"og:site_name\" content=\"Matting\" \/>\n<meta property=\"article:modified_time\" content=\"2023-12-19T16:13:59+00:00\" \/>\n<meta property=\"og:image\" content=\"https:\/\/matting.se\/wp-content\/uploads\/2021\/05\/385059_DESK_fallbart_beslag_side.jpg\" \/>\n\t<meta property=\"og:image:width\" content=\"800\" \/>\n\t<meta property=\"og:image:height\" content=\"800\" \/>\n\t<meta property=\"og:image:type\" content=\"image\/jpeg\" \/>\n<meta name=\"twitter:card\" content=\"summary_large_image\" \/>\n<meta name=\"twitter:label1\" content=\"Est. reading time\" \/>\n\t<meta name=\"twitter:data1\" content=\"1 minute\" \/>\n<script type=\"application\/ld+json\" class=\"yoast-schema-graph\">{\"@context\":\"https:\/\/schema.org\",\"@graph\":[{\"@type\":[\"WebPage\",\"ItemPage\"],\"@id\":\"https:\/\/matting.se\/en\/produkt\/desk-folding-fittings\/\",\"url\":\"https:\/\/matting.se\/en\/produkt\/desk-folding-fittings\/\",\"name\":\"DESK folding fittings - Matting\",\"isPartOf\":{\"@id\":\"https:\/\/matting.se\/en\/#website\"},\"primaryImageOfPage\":{\"@id\":\"https:\/\/matting.se\/en\/produkt\/desk-folding-fittings\/#primaryimage\"},\"image\":{\"@id\":\"https:\/\/matting.se\/en\/produkt\/desk-folding-fittings\/#primaryimage\"},\"thumbnailUrl\":\"https:\/\/matting.se\/wp-content\/uploads\/2021\/05\/385059_DESK_fallbart_beslag_side.jpg\",\"datePublished\":\"2021-05-24T12:24:54+00:00\",\"dateModified\":\"2023-12-19T16:13:59+00:00\",\"description\":\"DESK folding fittings - Se Mattings h\u00e5llbara koncept och produkter f\u00f6r publika milj\u00f6er, arbetsplatser och skolor.\",\"breadcrumb\":{\"@id\":\"https:\/\/matting.se\/en\/produkt\/desk-folding-fittings\/#breadcrumb\"},\"inLanguage\":\"en-US\",\"potentialAction\":[{\"@type\":\"ReadAction\",\"target\":[\"https:\/\/matting.se\/en\/produkt\/desk-folding-fittings\/\"]}]},{\"@type\":\"ImageObject\",\"inLanguage\":\"en-US\",\"@id\":\"https:\/\/matting.se\/en\/produkt\/desk-folding-fittings\/#primaryimage\",\"url\":\"https:\/\/matting.se\/wp-content\/uploads\/2021\/05\/385059_DESK_fallbart_beslag_side.jpg\",\"contentUrl\":\"https:\/\/matting.se\/wp-content\/uploads\/2021\/05\/385059_DESK_fallbart_beslag_side.jpg\",\"width\":800,\"height\":800},{\"@type\":\"BreadcrumbList\",\"@id\":\"https:\/\/matting.se\/en\/produkt\/desk-folding-fittings\/#breadcrumb\",\"itemListElement\":[{\"@type\":\"ListItem\",\"position\":1,\"name\":\"Hem\",\"item\":\"https:\/\/matting.se\/en\/\"},{\"@type\":\"ListItem\",\"position\":2,\"name\":\"Shop\",\"item\":\"https:\/\/matting.se\/shop\/\"},{\"@type\":\"ListItem\",\"position\":3,\"name\":\"Matting Interior\",\"item\":\"https:\/\/matting.se\/en\/produkt-kategori\/matting-interior-en\/\"},{\"@type\":\"ListItem\",\"position\":4,\"name\":\"Tables &amp; accessories\",\"item\":\"https:\/\/matting.se\/en\/produkt-kategori\/matting-interior-en\/tables-accessories-mi\/\"},{\"@type\":\"ListItem\",\"position\":5,\"name\":\"Table accessories MI\",\"item\":\"https:\/\/matting.se\/en\/produkt-kategori\/matting-interior-en\/tables-accessories-mi\/table-accessories-mi\/\"},{\"@type\":\"ListItem\",\"position\":6,\"name\":\"DESK folding fittings\"}]},{\"@type\":\"WebSite\",\"@id\":\"https:\/\/matting.se\/en\/#website\",\"url\":\"https:\/\/matting.se\/en\/\",\"name\":\"Matting\",\"description\":\"\",\"potentialAction\":[{\"@type\":\"SearchAction\",\"target\":{\"@type\":\"EntryPoint\",\"urlTemplate\":\"https:\/\/matting.se\/en\/?s={search_term_string}\"},\"query-input\":{\"@type\":\"PropertyValueSpecification\",\"valueRequired\":true,\"valueName\":\"search_term_string\"}}],\"inLanguage\":\"en-US\"}]}<\/script>\n<!-- \/ Yoast SEO plugin. -->","yoast_head_json":{"title":"DESK folding fittings - Matting","description":"DESK folding fittings - Se Mattings h\u00e5llbara koncept och produkter f\u00f6r publika milj\u00f6er, arbetsplatser och skolor.","robots":{"index":"index","follow":"follow","max-snippet":"max-snippet:-1","max-image-preview":"max-image-preview:large","max-video-preview":"max-video-preview:-1"},"canonical":"https:\/\/matting.se\/en\/produkt\/desk-folding-fittings\/","og_locale":"en_US","og_type":"article","og_title":"DESK folding fittings - Matting","og_description":"DESK folding fittings - Se Mattings h\u00e5llbara koncept och produkter f\u00f6r publika milj\u00f6er, arbetsplatser och skolor.","og_url":"https:\/\/matting.se\/en\/produkt\/desk-folding-fittings\/","og_site_name":"Matting","article_modified_time":"2023-12-19T16:13:59+00:00","og_image":[{"width":800,"height":800,"url":"https:\/\/matting.se\/wp-content\/uploads\/2021\/05\/385059_DESK_fallbart_beslag_side.jpg","type":"image\/jpeg"}],"twitter_card":"summary_large_image","twitter_misc":{"Est. reading time":"1 minute"},"schema":{"@context":"https:\/\/schema.org","@graph":[{"@type":["WebPage","ItemPage"],"@id":"https:\/\/matting.se\/en\/produkt\/desk-folding-fittings\/","url":"https:\/\/matting.se\/en\/produkt\/desk-folding-fittings\/","name":"DESK folding fittings - Matting","isPartOf":{"@id":"https:\/\/matting.se\/en\/#website"},"primaryImageOfPage":{"@id":"https:\/\/matting.se\/en\/produkt\/desk-folding-fittings\/#primaryimage"},"image":{"@id":"https:\/\/matting.se\/en\/produkt\/desk-folding-fittings\/#primaryimage"},"thumbnailUrl":"https:\/\/matting.se\/wp-content\/uploads\/2021\/05\/385059_DESK_fallbart_beslag_side.jpg","datePublished":"2021-05-24T12:24:54+00:00","dateModified":"2023-12-19T16:13:59+00:00","description":"DESK folding fittings - Se Mattings h\u00e5llbara koncept och produkter f\u00f6r publika milj\u00f6er, arbetsplatser och skolor.","breadcrumb":{"@id":"https:\/\/matting.se\/en\/produkt\/desk-folding-fittings\/#breadcrumb"},"inLanguage":"en-US","potentialAction":[{"@type":"ReadAction","target":["https:\/\/matting.se\/en\/produkt\/desk-folding-fittings\/"]}]},{"@type":"ImageObject","inLanguage":"en-US","@id":"https:\/\/matting.se\/en\/produkt\/desk-folding-fittings\/#primaryimage","url":"https:\/\/matting.se\/wp-content\/uploads\/2021\/05\/385059_DESK_fallbart_beslag_side.jpg","contentUrl":"https:\/\/matting.se\/wp-content\/uploads\/2021\/05\/385059_DESK_fallbart_beslag_side.jpg","width":800,"height":800},{"@type":"BreadcrumbList","@id":"https:\/\/matting.se\/en\/produkt\/desk-folding-fittings\/#breadcrumb","itemListElement":[{"@type":"ListItem","position":1,"name":"Hem","item":"https:\/\/matting.se\/en\/"},{"@type":"ListItem","position":2,"name":"Shop","item":"https:\/\/matting.se\/shop\/"},{"@type":"ListItem","position":3,"name":"Matting Interior","item":"https:\/\/matting.se\/en\/produkt-kategori\/matting-interior-en\/"},{"@type":"ListItem","position":4,"name":"Tables &amp; accessories","item":"https:\/\/matting.se\/en\/produkt-kategori\/matting-interior-en\/tables-accessories-mi\/"},{"@type":"ListItem","position":5,"name":"Table accessories MI","item":"https:\/\/matting.se\/en\/produkt-kategori\/matting-interior-en\/tables-accessories-mi\/table-accessories-mi\/"},{"@type":"ListItem","position":6,"name":"DESK folding fittings"}]},{"@type":"WebSite","@id":"https:\/\/matting.se\/en\/#website","url":"https:\/\/matting.se\/en\/","name":"Matting","description":"","potentialAction":[{"@type":"SearchAction","target":{"@type":"EntryPoint","urlTemplate":"https:\/\/matting.se\/en\/?s={search_term_string}"},"query-input":{"@type":"PropertyValueSpecification","valueRequired":true,"valueName":"search_term_string"}}],"inLanguage":"en-US"}]}},"_links":{"self":[{"href":"https:\/\/matting.se\/en\/wp-json\/wp\/v2\/product\/246860","targetHints":{"allow":["GET"]}}],"collection":[{"href":"https:\/\/matting.se\/en\/wp-json\/wp\/v2\/product"}],"about":[{"href":"https:\/\/matting.se\/en\/wp-json\/wp\/v2\/types\/product"}],"wp:featuredmedia":[{"embeddable":true,"href":"https:\/\/matting.se\/en\/wp-json\/wp\/v2\/media\/238883"}],"wp:attachment":[{"href":"https:\/\/matting.se\/en\/wp-json\/wp\/v2\/media?parent=246860"}],"wp:term":[{"taxonomy":"product_brand","embeddable":true,"href":"https:\/\/matting.se\/en\/wp-json\/wp\/v2\/product_brand?post=246860"},{"taxonomy":"product_cat","embeddable":true,"href":"https:\/\/matting.se\/en\/wp-json\/wp\/v2\/product_cat?post=246860"},{"taxonomy":"product_tag","embeddable":true,"href":"https:\/\/matting.se\/en\/wp-json\/wp\/v2\/product_tag?post=246860"}],"curies":[{"name":"wp","href":"https:\/\/api.w.org\/{rel}","templated":true}]}}