{"id":246833,"date":"2021-05-24T12:25:17","date_gmt":"2021-05-24T11:25:17","guid":{"rendered":"https:\/\/matting.se\/produkt\/shelf-storage-box\/"},"modified":"2024-02-27T15:22:07","modified_gmt":"2024-02-27T14:22:07","slug":"shelf-storage-box","status":"publish","type":"product","link":"https:\/\/matting.se\/en\/produkt\/shelf-storage-box\/","title":{"rendered":"SHELF storage box"},"content":{"rendered":"<p>The SHELF storage box is a retractable storage box in powder-coated sheet metal for books, notebooks, tablets or laptops.<br \/>\nIt is easily mounted under the table top with the screws provided (mdf table top only).<\/p>\n<p>Shelf is also available in other colors for larger quantities.<\/p>\n<p>Internal dimensions: 490 x 337 x 90 mm<\/p>\n","protected":false},"excerpt":{"rendered":"<p>The SHELF storage box is a retractable storage box in powder-coated sheet metal for books, notebooks, tablets or laptops. It is easily mounted under the table top with the screws provided (mdf table top only). Shelf is also available in other colors for larger quantities. Internal dimensions: 490 x 337 x 90 mm<\/p>\n","protected":false},"featured_media":238355,"template":"","meta":{"_et_pb_use_builder":"","_et_pb_old_content":"","_et_gb_content_width":""},"product_brand":[],"product_cat":[207,190,198,199],"product_tag":[],"class_list":{"0":"post-246833","1":"product","2":"type-product","3":"status-publish","4":"has-post-thumbnail","6":"product_cat-desktop-storage","7":"product_cat-matting-interior-en","8":"product_cat-tables-accessories-mi","9":"product_cat-table-accessories-mi","11":"first","12":"instock","13":"taxable","14":"shipping-taxable","15":"purchasable","16":"product-type-variable","17":"has-default-attributes"},"yoast_head":"<!-- This site is optimized with the Yoast SEO plugin v25.6 - https:\/\/yoast.com\/wordpress\/plugins\/seo\/ -->\n<title>SHELF storage box - Matting<\/title>\n<meta name=\"description\" content=\"SHELF storage box - Se Mattings h\u00e5llbara koncept och produkter f\u00f6r publika milj\u00f6er, arbetsplatser och skolor.\" \/>\n<meta name=\"robots\" content=\"index, follow, max-snippet:-1, max-image-preview:large, max-video-preview:-1\" \/>\n<link rel=\"canonical\" href=\"https:\/\/matting.se\/en\/produkt\/shelf-storage-box\/\" \/>\n<meta property=\"og:locale\" content=\"en_US\" \/>\n<meta property=\"og:type\" content=\"article\" \/>\n<meta property=\"og:title\" content=\"SHELF storage box - Matting\" \/>\n<meta property=\"og:description\" content=\"SHELF storage box - Se Mattings h\u00e5llbara koncept och produkter f\u00f6r publika milj\u00f6er, arbetsplatser och skolor.\" \/>\n<meta property=\"og:url\" content=\"https:\/\/matting.se\/en\/produkt\/shelf-storage-box\/\" \/>\n<meta property=\"og:site_name\" content=\"Matting\" \/>\n<meta property=\"article:modified_time\" content=\"2024-02-27T14:22:07+00:00\" \/>\n<meta property=\"og:image\" content=\"https:\/\/matting.se\/wp-content\/uploads\/2021\/05\/385060_SHELF_forvaringslada_grey.jpg\" \/>\n\t<meta property=\"og:image:width\" content=\"800\" \/>\n\t<meta property=\"og:image:height\" content=\"800\" \/>\n\t<meta property=\"og:image:type\" content=\"image\/jpeg\" \/>\n<meta name=\"twitter:card\" content=\"summary_large_image\" \/>\n<script type=\"application\/ld+json\" class=\"yoast-schema-graph\">{\"@context\":\"https:\/\/schema.org\",\"@graph\":[{\"@type\":[\"WebPage\",\"ItemPage\"],\"@id\":\"https:\/\/matting.se\/en\/produkt\/shelf-storage-box\/\",\"url\":\"https:\/\/matting.se\/en\/produkt\/shelf-storage-box\/\",\"name\":\"SHELF storage box - Matting\",\"isPartOf\":{\"@id\":\"https:\/\/matting.se\/en\/#website\"},\"primaryImageOfPage\":{\"@id\":\"https:\/\/matting.se\/en\/produkt\/shelf-storage-box\/#primaryimage\"},\"image\":{\"@id\":\"https:\/\/matting.se\/en\/produkt\/shelf-storage-box\/#primaryimage\"},\"thumbnailUrl\":\"https:\/\/matting.se\/wp-content\/uploads\/2021\/05\/385060_SHELF_forvaringslada_grey.jpg\",\"datePublished\":\"2021-05-24T11:25:17+00:00\",\"dateModified\":\"2024-02-27T14:22:07+00:00\",\"description\":\"SHELF storage box - Se Mattings h\u00e5llbara koncept och produkter f\u00f6r publika milj\u00f6er, arbetsplatser och skolor.\",\"breadcrumb\":{\"@id\":\"https:\/\/matting.se\/en\/produkt\/shelf-storage-box\/#breadcrumb\"},\"inLanguage\":\"en-US\",\"potentialAction\":[{\"@type\":\"ReadAction\",\"target\":[\"https:\/\/matting.se\/en\/produkt\/shelf-storage-box\/\"]}]},{\"@type\":\"ImageObject\",\"inLanguage\":\"en-US\",\"@id\":\"https:\/\/matting.se\/en\/produkt\/shelf-storage-box\/#primaryimage\",\"url\":\"https:\/\/matting.se\/wp-content\/uploads\/2021\/05\/385060_SHELF_forvaringslada_grey.jpg\",\"contentUrl\":\"https:\/\/matting.se\/wp-content\/uploads\/2021\/05\/385060_SHELF_forvaringslada_grey.jpg\",\"width\":800,\"height\":800},{\"@type\":\"BreadcrumbList\",\"@id\":\"https:\/\/matting.se\/en\/produkt\/shelf-storage-box\/#breadcrumb\",\"itemListElement\":[{\"@type\":\"ListItem\",\"position\":1,\"name\":\"Hem\",\"item\":\"https:\/\/matting.se\/en\/\"},{\"@type\":\"ListItem\",\"position\":2,\"name\":\"Shop\",\"item\":\"https:\/\/matting.se\/shop\/\"},{\"@type\":\"ListItem\",\"position\":3,\"name\":\"Matting Interior\",\"item\":\"https:\/\/matting.se\/en\/produkt-kategori\/matting-interior-en\/\"},{\"@type\":\"ListItem\",\"position\":4,\"name\":\"Tables &amp; accessories\",\"item\":\"https:\/\/matting.se\/en\/produkt-kategori\/matting-interior-en\/tables-accessories-mi\/\"},{\"@type\":\"ListItem\",\"position\":5,\"name\":\"Table accessories MI\",\"item\":\"https:\/\/matting.se\/en\/produkt-kategori\/matting-interior-en\/tables-accessories-mi\/table-accessories-mi\/\"},{\"@type\":\"ListItem\",\"position\":6,\"name\":\"SHELF storage box\"}]},{\"@type\":\"WebSite\",\"@id\":\"https:\/\/matting.se\/en\/#website\",\"url\":\"https:\/\/matting.se\/en\/\",\"name\":\"Matting\",\"description\":\"\",\"potentialAction\":[{\"@type\":\"SearchAction\",\"target\":{\"@type\":\"EntryPoint\",\"urlTemplate\":\"https:\/\/matting.se\/en\/?s={search_term_string}\"},\"query-input\":{\"@type\":\"PropertyValueSpecification\",\"valueRequired\":true,\"valueName\":\"search_term_string\"}}],\"inLanguage\":\"en-US\"}]}<\/script>\n<!-- \/ Yoast SEO plugin. -->","yoast_head_json":{"title":"SHELF storage box - Matting","description":"SHELF storage box - Se Mattings h\u00e5llbara koncept och produkter f\u00f6r publika milj\u00f6er, arbetsplatser och skolor.","robots":{"index":"index","follow":"follow","max-snippet":"max-snippet:-1","max-image-preview":"max-image-preview:large","max-video-preview":"max-video-preview:-1"},"canonical":"https:\/\/matting.se\/en\/produkt\/shelf-storage-box\/","og_locale":"en_US","og_type":"article","og_title":"SHELF storage box - Matting","og_description":"SHELF storage box - Se Mattings h\u00e5llbara koncept och produkter f\u00f6r publika milj\u00f6er, arbetsplatser och skolor.","og_url":"https:\/\/matting.se\/en\/produkt\/shelf-storage-box\/","og_site_name":"Matting","article_modified_time":"2024-02-27T14:22:07+00:00","og_image":[{"width":800,"height":800,"url":"https:\/\/matting.se\/wp-content\/uploads\/2021\/05\/385060_SHELF_forvaringslada_grey.jpg","type":"image\/jpeg"}],"twitter_card":"summary_large_image","schema":{"@context":"https:\/\/schema.org","@graph":[{"@type":["WebPage","ItemPage"],"@id":"https:\/\/matting.se\/en\/produkt\/shelf-storage-box\/","url":"https:\/\/matting.se\/en\/produkt\/shelf-storage-box\/","name":"SHELF storage box - Matting","isPartOf":{"@id":"https:\/\/matting.se\/en\/#website"},"primaryImageOfPage":{"@id":"https:\/\/matting.se\/en\/produkt\/shelf-storage-box\/#primaryimage"},"image":{"@id":"https:\/\/matting.se\/en\/produkt\/shelf-storage-box\/#primaryimage"},"thumbnailUrl":"https:\/\/matting.se\/wp-content\/uploads\/2021\/05\/385060_SHELF_forvaringslada_grey.jpg","datePublished":"2021-05-24T11:25:17+00:00","dateModified":"2024-02-27T14:22:07+00:00","description":"SHELF storage box - Se Mattings h\u00e5llbara koncept och produkter f\u00f6r publika milj\u00f6er, arbetsplatser och skolor.","breadcrumb":{"@id":"https:\/\/matting.se\/en\/produkt\/shelf-storage-box\/#breadcrumb"},"inLanguage":"en-US","potentialAction":[{"@type":"ReadAction","target":["https:\/\/matting.se\/en\/produkt\/shelf-storage-box\/"]}]},{"@type":"ImageObject","inLanguage":"en-US","@id":"https:\/\/matting.se\/en\/produkt\/shelf-storage-box\/#primaryimage","url":"https:\/\/matting.se\/wp-content\/uploads\/2021\/05\/385060_SHELF_forvaringslada_grey.jpg","contentUrl":"https:\/\/matting.se\/wp-content\/uploads\/2021\/05\/385060_SHELF_forvaringslada_grey.jpg","width":800,"height":800},{"@type":"BreadcrumbList","@id":"https:\/\/matting.se\/en\/produkt\/shelf-storage-box\/#breadcrumb","itemListElement":[{"@type":"ListItem","position":1,"name":"Hem","item":"https:\/\/matting.se\/en\/"},{"@type":"ListItem","position":2,"name":"Shop","item":"https:\/\/matting.se\/shop\/"},{"@type":"ListItem","position":3,"name":"Matting Interior","item":"https:\/\/matting.se\/en\/produkt-kategori\/matting-interior-en\/"},{"@type":"ListItem","position":4,"name":"Tables &amp; accessories","item":"https:\/\/matting.se\/en\/produkt-kategori\/matting-interior-en\/tables-accessories-mi\/"},{"@type":"ListItem","position":5,"name":"Table accessories MI","item":"https:\/\/matting.se\/en\/produkt-kategori\/matting-interior-en\/tables-accessories-mi\/table-accessories-mi\/"},{"@type":"ListItem","position":6,"name":"SHELF storage box"}]},{"@type":"WebSite","@id":"https:\/\/matting.se\/en\/#website","url":"https:\/\/matting.se\/en\/","name":"Matting","description":"","potentialAction":[{"@type":"SearchAction","target":{"@type":"EntryPoint","urlTemplate":"https:\/\/matting.se\/en\/?s={search_term_string}"},"query-input":{"@type":"PropertyValueSpecification","valueRequired":true,"valueName":"search_term_string"}}],"inLanguage":"en-US"}]}},"_links":{"self":[{"href":"https:\/\/matting.se\/en\/wp-json\/wp\/v2\/product\/246833","targetHints":{"allow":["GET"]}}],"collection":[{"href":"https:\/\/matting.se\/en\/wp-json\/wp\/v2\/product"}],"about":[{"href":"https:\/\/matting.se\/en\/wp-json\/wp\/v2\/types\/product"}],"wp:featuredmedia":[{"embeddable":true,"href":"https:\/\/matting.se\/en\/wp-json\/wp\/v2\/media\/238355"}],"wp:attachment":[{"href":"https:\/\/matting.se\/en\/wp-json\/wp\/v2\/media?parent=246833"}],"wp:term":[{"taxonomy":"product_brand","embeddable":true,"href":"https:\/\/matting.se\/en\/wp-json\/wp\/v2\/product_brand?post=246833"},{"taxonomy":"product_cat","embeddable":true,"href":"https:\/\/matting.se\/en\/wp-json\/wp\/v2\/product_cat?post=246833"},{"taxonomy":"product_tag","embeddable":true,"href":"https:\/\/matting.se\/en\/wp-json\/wp\/v2\/product_tag?post=246833"}],"curies":[{"name":"wp","href":"https:\/\/api.w.org\/{rel}","templated":true}]}}