{"id":246128,"date":"2023-09-19T08:37:09","date_gmt":"2023-09-19T08:37:09","guid":{"rendered":"https:\/\/matting.se\/videos\/"},"modified":"2023-12-06T08:58:37","modified_gmt":"2023-12-06T08:58:37","slug":"videos","status":"publish","type":"page","link":"https:\/\/matting.se\/en\/matting-interior\/download\/videos\/","title":{"rendered":"Videos"},"content":{"rendered":"<p>[et_pb_section fb_built=&#8221;1&#8243; custom_padding_last_edited=&#8221;on|tablet&#8221; _builder_version=&#8221;4.22.1&#8243; _module_preset=&#8221;default&#8221; custom_padding=&#8221;50px||10px||false|false&#8221; custom_padding_tablet=&#8221;20px||0px||false|false&#8221; custom_padding_phone=&#8221;20px||0px||false|false&#8221; global_colors_info=&#8221;{}&#8221;][et_pb_row _builder_version=&#8221;4.22.1&#8243; _module_preset=&#8221;89fb0ef3-f66f-4b25-9b92-5924a94e9c5b&#8221; global_colors_info=&#8221;{}&#8221;][et_pb_column type=&#8221;4_4&#8243; _builder_version=&#8221;4.16&#8243; _module_preset=&#8221;c4d66a66-546a-416b-9c88-b057363a0ffe&#8221; global_colors_info=&#8221;{}&#8221;][et_pb_text _builder_version=&#8221;4.22.1&#8243; _module_preset=&#8221;default&#8221; header_text_align=&#8221;center&#8221; header_font_size=&#8221;35px&#8221; hover_enabled=&#8221;0&#8243; header_font_size_tablet=&#8221;30px&#8221; header_2_font_size_phone=&#8221;20px&#8221; global_colors_info=&#8221;{}&#8221; sticky_enabled=&#8221;0&#8243;]<\/p>\n<h1>Videos<\/h1>\n<p>[\/et_pb_text][\/et_pb_column][\/et_pb_row][\/et_pb_section][et_pb_section fb_built=&#8221;1&#8243; _builder_version=&#8221;4.22.1&#8243; _module_preset=&#8221;default&#8221; custom_padding=&#8221;40px||40px||true|false&#8221; custom_padding_tablet=&#8221;20px||20px||true|false&#8221; custom_padding_phone=&#8221;0px||0px||true|false&#8221; global_colors_info=&#8221;{}&#8221;][et_pb_row column_structure=&#8221;1_2,1_2&#8243; _builder_version=&#8221;4.22.1&#8243; _module_preset=&#8221;852e44b5-d026-4eea-98e5-9a9456b4590c&#8221; hover_enabled=&#8221;0&#8243; global_colors_info=&#8221;{}&#8221; sticky_enabled=&#8221;0&#8243;][et_pb_column type=&#8221;1_2&#8243; _builder_version=&#8221;4.22.1&#8243; _module_preset=&#8221;cbdfe5c8-731c-46b8-81d1-6c897e50427a&#8221; hover_enabled=&#8221;0&#8243; global_colors_info=&#8221;{}&#8221; custom_css_main_element_last_edited=&#8221;on|phone&#8221; custom_css_main_element_tablet=&#8221;width: 50% !important;&#8221; custom_css_main_element_phone=&#8221;width: 100% !important;&#8221; sticky_enabled=&#8221;0&#8243;][et_pb_text _builder_version=&#8221;4.22.1&#8243; _module_preset=&#8221;default&#8221; hover_enabled=&#8221;0&#8243; sticky_enabled=&#8221;0&#8243;]StandUp Minidesk[\/et_pb_text][et_pb_video src=&#8221;https:\/\/www.youtube.com\/watch?v=w-lxxsxF2Ec&#8221; _builder_version=&#8221;4.22.1&#8243; _module_preset=&#8221;default&#8221; hover_enabled=&#8221;0&#8243; sticky_enabled=&#8221;0&#8243;][\/et_pb_video][\/et_pb_column][et_pb_column type=&#8221;1_2&#8243; _builder_version=&#8221;4.22.1&#8243; _module_preset=&#8221;cbdfe5c8-731c-46b8-81d1-6c897e50427a&#8221; hover_enabled=&#8221;0&#8243; global_colors_info=&#8221;{}&#8221; custom_css_main_element_last_edited=&#8221;on|phone&#8221; custom_css_main_element_tablet=&#8221;width: 50% !important;&#8221; custom_css_main_element_phone=&#8221;width: 100% !important;&#8221; sticky_enabled=&#8221;0&#8243;][et_pb_text _builder_version=&#8221;4.22.1&#8243; _module_preset=&#8221;default&#8221; hover_enabled=&#8221;0&#8243; sticky_enabled=&#8221;0&#8243;]StandUp Minidesk Demo[\/et_pb_text][et_pb_video src=&#8221;https:\/\/www.youtube.com\/watch?v=NQ5iY53UJA4&#8243; _builder_version=&#8221;4.22.1&#8243; _module_preset=&#8221;default&#8221; hover_enabled=&#8221;0&#8243; sticky_enabled=&#8221;0&#8243;][\/et_pb_video][\/et_pb_column][\/et_pb_row][et_pb_row column_structure=&#8221;1_2,1_2&#8243; _builder_version=&#8221;4.22.1&#8243; _module_preset=&#8221;852e44b5-d026-4eea-98e5-9a9456b4590c&#8221; hover_enabled=&#8221;0&#8243; global_colors_info=&#8221;{}&#8221; sticky_enabled=&#8221;0&#8243;][et_pb_column type=&#8221;1_2&#8243; _builder_version=&#8221;4.22.1&#8243; _module_preset=&#8221;cbdfe5c8-731c-46b8-81d1-6c897e50427a&#8221; hover_enabled=&#8221;0&#8243; global_colors_info=&#8221;{}&#8221; custom_css_main_element_last_edited=&#8221;on|phone&#8221; custom_css_main_element_tablet=&#8221;width: 50% !important;&#8221; custom_css_main_element_phone=&#8221;width: 100% !important;&#8221; sticky_enabled=&#8221;0&#8243;][et_pb_text _builder_version=&#8221;4.22.1&#8243; _module_preset=&#8221;default&#8221; hover_enabled=&#8221;0&#8243; sticky_enabled=&#8221;0&#8243;]StandUp Desk Demo[\/et_pb_text][et_pb_video src=&#8221;https:\/\/www.youtube.com\/watch?v=E24KxRYACuo&#8221; _builder_version=&#8221;4.22.1&#8243; _module_preset=&#8221;default&#8221; hover_enabled=&#8221;0&#8243; sticky_enabled=&#8221;0&#8243;][\/et_pb_video][\/et_pb_column][et_pb_column type=&#8221;1_2&#8243; _builder_version=&#8221;4.22.1&#8243; _module_preset=&#8221;cbdfe5c8-731c-46b8-81d1-6c897e50427a&#8221; hover_enabled=&#8221;0&#8243; global_colors_info=&#8221;{}&#8221; custom_css_main_element_last_edited=&#8221;on|phone&#8221; custom_css_main_element_tablet=&#8221;width: 50% !important;&#8221; custom_css_main_element_phone=&#8221;width: 100% !important;&#8221; sticky_enabled=&#8221;0&#8243;][et_pb_text _builder_version=&#8221;4.22.1&#8243; _module_preset=&#8221;default&#8221; hover_enabled=&#8221;0&#8243; sticky_enabled=&#8221;0&#8243;]StandUp Trapets Desk[\/et_pb_text][et_pb_video src=&#8221;https:\/\/www.youtube.com\/watch?v=4EuHBJyPikk&#8221; _builder_version=&#8221;4.22.1&#8243; _module_preset=&#8221;default&#8221; hover_enabled=&#8221;0&#8243; sticky_enabled=&#8221;0&#8243;][\/et_pb_video][\/et_pb_column][\/et_pb_row][\/et_pb_section]<\/p>\n","protected":false},"excerpt":{"rendered":"<p>Videos StandUp MinideskStandUp Minidesk DemoStandUp Desk DemoStandUp Trapets Desk<\/p>\n","protected":false},"author":10,"featured_media":0,"parent":246182,"menu_order":0,"comment_status":"closed","ping_status":"closed","template":"","meta":{"_et_pb_use_builder":"on","_et_pb_old_content":"","_et_gb_content_width":"","footnotes":""},"class_list":["post-246128","page","type-page","status-publish","hentry"],"yoast_head":"<!-- This site is optimized with the Yoast SEO plugin v25.6 - https:\/\/yoast.com\/wordpress\/plugins\/seo\/ -->\n<title>Videos - Matting<\/title>\n<meta name=\"description\" content=\"Matting - Uppt\u00e4ck Mattings h\u00e5llbara koncept och produkter f\u00f6r publika milj\u00f6er, arbetsplatser och skolor\" \/>\n<meta name=\"robots\" content=\"index, follow, max-snippet:-1, max-image-preview:large, max-video-preview:-1\" \/>\n<link rel=\"canonical\" href=\"https:\/\/matting.se\/en\/matting-interior\/download\/videos\/\" \/>\n<meta property=\"og:locale\" content=\"en_US\" \/>\n<meta property=\"og:type\" content=\"article\" \/>\n<meta property=\"og:title\" content=\"Videos - Matting\" \/>\n<meta property=\"og:description\" content=\"Matting - Uppt\u00e4ck Mattings h\u00e5llbara koncept och produkter f\u00f6r publika milj\u00f6er, arbetsplatser och skolor\" \/>\n<meta property=\"og:url\" content=\"https:\/\/matting.se\/en\/matting-interior\/download\/videos\/\" \/>\n<meta property=\"og:site_name\" content=\"Matting\" \/>\n<meta property=\"article:modified_time\" content=\"2023-12-06T08:58:37+00:00\" \/>\n<meta name=\"twitter:card\" content=\"summary_large_image\" \/>\n<meta name=\"twitter:label1\" content=\"Est. reading time\" \/>\n\t<meta name=\"twitter:data1\" content=\"3 minutes\" \/>\n<script type=\"application\/ld+json\" class=\"yoast-schema-graph\">{\"@context\":\"https:\/\/schema.org\",\"@graph\":[{\"@type\":\"WebPage\",\"@id\":\"https:\/\/matting.se\/en\/matting-interior\/download\/videos\/\",\"url\":\"https:\/\/matting.se\/en\/matting-interior\/download\/videos\/\",\"name\":\"Videos - Matting\",\"isPartOf\":{\"@id\":\"https:\/\/matting.se\/en\/#website\"},\"datePublished\":\"2023-09-19T08:37:09+00:00\",\"dateModified\":\"2023-12-06T08:58:37+00:00\",\"description\":\"Matting - Uppt\u00e4ck Mattings h\u00e5llbara koncept och produkter f\u00f6r publika milj\u00f6er, arbetsplatser och skolor\",\"breadcrumb\":{\"@id\":\"https:\/\/matting.se\/en\/matting-interior\/download\/videos\/#breadcrumb\"},\"inLanguage\":\"en-US\",\"potentialAction\":[{\"@type\":\"ReadAction\",\"target\":[\"https:\/\/matting.se\/en\/matting-interior\/download\/videos\/\"]}]},{\"@type\":\"BreadcrumbList\",\"@id\":\"https:\/\/matting.se\/en\/matting-interior\/download\/videos\/#breadcrumb\",\"itemListElement\":[{\"@type\":\"ListItem\",\"position\":1,\"name\":\"Hem\",\"item\":\"https:\/\/matting.se\/en\/\"},{\"@type\":\"ListItem\",\"position\":2,\"name\":\"Matting Interior\",\"item\":\"https:\/\/matting.se\/en\/matting-interior\/\"},{\"@type\":\"ListItem\",\"position\":3,\"name\":\"Download\",\"item\":\"https:\/\/matting.se\/en\/matting-interior\/download\/\"},{\"@type\":\"ListItem\",\"position\":4,\"name\":\"Videos\"}]},{\"@type\":\"WebSite\",\"@id\":\"https:\/\/matting.se\/en\/#website\",\"url\":\"https:\/\/matting.se\/en\/\",\"name\":\"Matting\",\"description\":\"\",\"potentialAction\":[{\"@type\":\"SearchAction\",\"target\":{\"@type\":\"EntryPoint\",\"urlTemplate\":\"https:\/\/matting.se\/en\/?s={search_term_string}\"},\"query-input\":{\"@type\":\"PropertyValueSpecification\",\"valueRequired\":true,\"valueName\":\"search_term_string\"}}],\"inLanguage\":\"en-US\"}]}<\/script>\n<!-- \/ Yoast SEO plugin. -->","yoast_head_json":{"title":"Videos - Matting","description":"Matting - Uppt\u00e4ck Mattings h\u00e5llbara koncept och produkter f\u00f6r publika milj\u00f6er, arbetsplatser och skolor","robots":{"index":"index","follow":"follow","max-snippet":"max-snippet:-1","max-image-preview":"max-image-preview:large","max-video-preview":"max-video-preview:-1"},"canonical":"https:\/\/matting.se\/en\/matting-interior\/download\/videos\/","og_locale":"en_US","og_type":"article","og_title":"Videos - Matting","og_description":"Matting - Uppt\u00e4ck Mattings h\u00e5llbara koncept och produkter f\u00f6r publika milj\u00f6er, arbetsplatser och skolor","og_url":"https:\/\/matting.se\/en\/matting-interior\/download\/videos\/","og_site_name":"Matting","article_modified_time":"2023-12-06T08:58:37+00:00","twitter_card":"summary_large_image","twitter_misc":{"Est. reading time":"3 minutes"},"schema":{"@context":"https:\/\/schema.org","@graph":[{"@type":"WebPage","@id":"https:\/\/matting.se\/en\/matting-interior\/download\/videos\/","url":"https:\/\/matting.se\/en\/matting-interior\/download\/videos\/","name":"Videos - Matting","isPartOf":{"@id":"https:\/\/matting.se\/en\/#website"},"datePublished":"2023-09-19T08:37:09+00:00","dateModified":"2023-12-06T08:58:37+00:00","description":"Matting - Uppt\u00e4ck Mattings h\u00e5llbara koncept och produkter f\u00f6r publika milj\u00f6er, arbetsplatser och skolor","breadcrumb":{"@id":"https:\/\/matting.se\/en\/matting-interior\/download\/videos\/#breadcrumb"},"inLanguage":"en-US","potentialAction":[{"@type":"ReadAction","target":["https:\/\/matting.se\/en\/matting-interior\/download\/videos\/"]}]},{"@type":"BreadcrumbList","@id":"https:\/\/matting.se\/en\/matting-interior\/download\/videos\/#breadcrumb","itemListElement":[{"@type":"ListItem","position":1,"name":"Hem","item":"https:\/\/matting.se\/en\/"},{"@type":"ListItem","position":2,"name":"Matting Interior","item":"https:\/\/matting.se\/en\/matting-interior\/"},{"@type":"ListItem","position":3,"name":"Download","item":"https:\/\/matting.se\/en\/matting-interior\/download\/"},{"@type":"ListItem","position":4,"name":"Videos"}]},{"@type":"WebSite","@id":"https:\/\/matting.se\/en\/#website","url":"https:\/\/matting.se\/en\/","name":"Matting","description":"","potentialAction":[{"@type":"SearchAction","target":{"@type":"EntryPoint","urlTemplate":"https:\/\/matting.se\/en\/?s={search_term_string}"},"query-input":{"@type":"PropertyValueSpecification","valueRequired":true,"valueName":"search_term_string"}}],"inLanguage":"en-US"}]}},"_links":{"self":[{"href":"https:\/\/matting.se\/en\/wp-json\/wp\/v2\/pages\/246128","targetHints":{"allow":["GET"]}}],"collection":[{"href":"https:\/\/matting.se\/en\/wp-json\/wp\/v2\/pages"}],"about":[{"href":"https:\/\/matting.se\/en\/wp-json\/wp\/v2\/types\/page"}],"author":[{"embeddable":true,"href":"https:\/\/matting.se\/en\/wp-json\/wp\/v2\/users\/10"}],"replies":[{"embeddable":true,"href":"https:\/\/matting.se\/en\/wp-json\/wp\/v2\/comments?post=246128"}],"version-history":[{"count":0,"href":"https:\/\/matting.se\/en\/wp-json\/wp\/v2\/pages\/246128\/revisions"}],"up":[{"embeddable":true,"href":"https:\/\/matting.se\/en\/wp-json\/wp\/v2\/pages\/246182"}],"wp:attachment":[{"href":"https:\/\/matting.se\/en\/wp-json\/wp\/v2\/media?parent=246128"}],"curies":[{"name":"wp","href":"https:\/\/api.w.org\/{rel}","templated":true}]}}