{"id":246119,"date":"2023-09-05T06:20:24","date_gmt":"2023-09-05T06:20:24","guid":{"rendered":"https:\/\/matting.se\/matting-interior\/knowledge-inspiration\/"},"modified":"2023-12-06T08:58:30","modified_gmt":"2023-12-06T08:58:30","slug":"knowledge-inspiration","status":"publish","type":"page","link":"https:\/\/matting.se\/en\/matting-interior\/knowledge-inspiration\/","title":{"rendered":"Knowledge &amp; Inspiration"},"content":{"rendered":"<p>[et_pb_section fb_built=&#8221;1&#8243; custom_padding_last_edited=&#8221;on|phone&#8221; _builder_version=&#8221;4.22.1&#8243; _module_preset=&#8221;dd45f68c-8fac-40fa-a259-be620b3e84bd&#8221; background_enable_color=&#8221;off&#8221; background_enable_image=&#8221;off&#8221; min_height=&#8221;200px&#8221; min_height_tablet=&#8221;100px&#8221; min_height_phone=&#8221;50px&#8221; min_height_last_edited=&#8221;on|desktop&#8221; custom_padding=&#8221;||0px||false|false&#8221; custom_padding_tablet=&#8221;20px||20px||true|false&#8221; custom_padding_phone=&#8221;0px||0px||true|false&#8221; hover_enabled=&#8221;0&#8243; global_colors_info=&#8221;{}&#8221; sticky_enabled=&#8221;0&#8243;][et_pb_row custom_padding_last_edited=&#8221;on|phone&#8221; _builder_version=&#8221;4.22.1&#8243; _module_preset=&#8221;default&#8221; custom_padding_tablet=&#8221;&#8221; custom_padding_phone=&#8221;20px||20px||true|false&#8221; global_colors_info=&#8221;{}&#8221;][et_pb_column type=&#8221;4_4&#8243; _builder_version=&#8221;4.22.0&#8243; _module_preset=&#8221;default&#8221; global_colors_info=&#8221;{}&#8221;][et_pb_text _builder_version=&#8221;4.22.0&#8243; _module_preset=&#8221;_initial&#8221; header_font=&#8221;|700|||||||&#8221; header_text_align=&#8221;center&#8221; header_font_size=&#8221;50px&#8221; header_font_size_tablet=&#8221;40px&#8221; header_font_size_phone=&#8221;30px&#8221; header_font_size_last_edited=&#8221;on|tablet&#8221; global_colors_info=&#8221;{}&#8221;]<\/p>\n<h1>Knowledge &amp; Inspiration<\/h1>\n<p>[\/et_pb_text][et_pb_text _builder_version=&#8221;4.22.0&#8243; _module_preset=&#8221;default&#8221; text_orientation=&#8221;center&#8221; width=&#8221;800px&#8221; module_alignment=&#8221;center&#8221; global_colors_info=&#8221;{}&#8221;]<\/p>\n<p>Here we have gathered inspiration, facts and research for workplaces and learning environments. We highlight in particular scientific reports and articles but also tips on how to<span> create well-being and how to design offices and classrooms that promote movement, flexibility and a healthy environment <\/span>.   <\/p>\n<p>There is a lot of talk about children and young people sitting too much and needing more movement. That it is good for student health and brain health, for concentration and performance. How does physical activity, and its opposite inactivity, affect the body and brain? And how does an active classroom work?<\/p>\n<p>Tell us about current research that you think we should highlight!<\/p>\n<p>[\/et_pb_text][\/et_pb_column][\/et_pb_row][\/et_pb_section][et_pb_section fb_built=&#8221;1&#8243; _builder_version=&#8221;4.22.0&#8243; _module_preset=&#8221;default&#8221; custom_padding=&#8221;41px||41px||true|false&#8221; custom_padding_tablet=&#8221;0px||0px||true|false&#8221; custom_padding_phone=&#8221;20px||40px||false|false&#8221; global_colors_info=&#8221;{}&#8221;][et_pb_row _builder_version=&#8221;4.22.0&#8243; _module_preset=&#8221;default&#8221; global_colors_info=&#8221;{}&#8221;][et_pb_column type=&#8221;4_4&#8243; _builder_version=&#8221;4.22.0&#8243; _module_preset=&#8221;default&#8221; global_colors_info=&#8221;{}&#8221;][et_pb_blog posts_number=&#8221;9&#8243; show_pagination=&#8221;on&#8221; _builder_version=&#8221;4.22.1&#8243; _module_preset=&#8221;default&#8221; hover_enabled=&#8221;0&#8243; global_colors_info=&#8221;{}&#8221; pagination_text_color=&#8221;#000000&#8243; sticky_enabled=&#8221;0&#8243;][\/et_pb_blog][\/et_pb_column][\/et_pb_row][\/et_pb_section]<\/p>\n","protected":false},"excerpt":{"rendered":"<p>Knowledge &amp; InspirationHere we have gathered inspiration, facts and research for workplaces and learning environments. We highlight in particular scientific reports and articles but also tips on how to create well-being and how to design offices and classrooms that promote movement, flexibility and a healthy environment . There is a lot of talk about children [&hellip;]<\/p>\n","protected":false},"author":10,"featured_media":0,"parent":245990,"menu_order":0,"comment_status":"closed","ping_status":"closed","template":"","meta":{"_et_pb_use_builder":"on","_et_pb_old_content":"","_et_gb_content_width":"","footnotes":""},"class_list":["post-246119","page","type-page","status-publish","hentry"],"yoast_head":"<!-- This site is optimized with the Yoast SEO plugin v25.6 - https:\/\/yoast.com\/wordpress\/plugins\/seo\/ -->\n<title>Knowledge &amp; Inspiration - Matting<\/title>\n<meta name=\"description\" content=\"Matting - Uppt\u00e4ck Mattings h\u00e5llbara koncept och produkter f\u00f6r publika milj\u00f6er, arbetsplatser och skolor\" \/>\n<meta name=\"robots\" content=\"index, follow, max-snippet:-1, max-image-preview:large, max-video-preview:-1\" \/>\n<link rel=\"canonical\" href=\"https:\/\/matting.se\/en\/matting-interior\/knowledge-inspiration\/\" \/>\n<meta property=\"og:locale\" content=\"en_US\" \/>\n<meta property=\"og:type\" content=\"article\" \/>\n<meta property=\"og:title\" content=\"Knowledge &amp; Inspiration - Matting\" \/>\n<meta property=\"og:description\" content=\"Matting - Uppt\u00e4ck Mattings h\u00e5llbara koncept och produkter f\u00f6r publika milj\u00f6er, arbetsplatser och skolor\" \/>\n<meta property=\"og:url\" content=\"https:\/\/matting.se\/en\/matting-interior\/knowledge-inspiration\/\" \/>\n<meta property=\"og:site_name\" content=\"Matting\" \/>\n<meta property=\"article:modified_time\" content=\"2023-12-06T08:58:30+00:00\" \/>\n<meta name=\"twitter:card\" content=\"summary_large_image\" \/>\n<meta name=\"twitter:label1\" content=\"Est. reading time\" \/>\n\t<meta name=\"twitter:data1\" content=\"2 minutes\" \/>\n<script type=\"application\/ld+json\" class=\"yoast-schema-graph\">{\"@context\":\"https:\/\/schema.org\",\"@graph\":[{\"@type\":\"WebPage\",\"@id\":\"https:\/\/matting.se\/en\/matting-interior\/knowledge-inspiration\/\",\"url\":\"https:\/\/matting.se\/en\/matting-interior\/knowledge-inspiration\/\",\"name\":\"Knowledge &amp; Inspiration - Matting\",\"isPartOf\":{\"@id\":\"https:\/\/matting.se\/en\/#website\"},\"datePublished\":\"2023-09-05T06:20:24+00:00\",\"dateModified\":\"2023-12-06T08:58:30+00:00\",\"description\":\"Matting - Uppt\u00e4ck Mattings h\u00e5llbara koncept och produkter f\u00f6r publika milj\u00f6er, arbetsplatser och skolor\",\"breadcrumb\":{\"@id\":\"https:\/\/matting.se\/en\/matting-interior\/knowledge-inspiration\/#breadcrumb\"},\"inLanguage\":\"en-US\",\"potentialAction\":[{\"@type\":\"ReadAction\",\"target\":[\"https:\/\/matting.se\/en\/matting-interior\/knowledge-inspiration\/\"]}]},{\"@type\":\"BreadcrumbList\",\"@id\":\"https:\/\/matting.se\/en\/matting-interior\/knowledge-inspiration\/#breadcrumb\",\"itemListElement\":[{\"@type\":\"ListItem\",\"position\":1,\"name\":\"Hem\",\"item\":\"https:\/\/matting.se\/en\/\"},{\"@type\":\"ListItem\",\"position\":2,\"name\":\"Matting Interior\",\"item\":\"https:\/\/matting.se\/en\/matting-interior\/\"},{\"@type\":\"ListItem\",\"position\":3,\"name\":\"Knowledge &amp; Inspiration\"}]},{\"@type\":\"WebSite\",\"@id\":\"https:\/\/matting.se\/en\/#website\",\"url\":\"https:\/\/matting.se\/en\/\",\"name\":\"Matting\",\"description\":\"\",\"potentialAction\":[{\"@type\":\"SearchAction\",\"target\":{\"@type\":\"EntryPoint\",\"urlTemplate\":\"https:\/\/matting.se\/en\/?s={search_term_string}\"},\"query-input\":{\"@type\":\"PropertyValueSpecification\",\"valueRequired\":true,\"valueName\":\"search_term_string\"}}],\"inLanguage\":\"en-US\"}]}<\/script>\n<!-- \/ Yoast SEO plugin. -->","yoast_head_json":{"title":"Knowledge &amp; Inspiration - Matting","description":"Matting - Uppt\u00e4ck Mattings h\u00e5llbara koncept och produkter f\u00f6r publika milj\u00f6er, arbetsplatser och skolor","robots":{"index":"index","follow":"follow","max-snippet":"max-snippet:-1","max-image-preview":"max-image-preview:large","max-video-preview":"max-video-preview:-1"},"canonical":"https:\/\/matting.se\/en\/matting-interior\/knowledge-inspiration\/","og_locale":"en_US","og_type":"article","og_title":"Knowledge &amp; Inspiration - Matting","og_description":"Matting - Uppt\u00e4ck Mattings h\u00e5llbara koncept och produkter f\u00f6r publika milj\u00f6er, arbetsplatser och skolor","og_url":"https:\/\/matting.se\/en\/matting-interior\/knowledge-inspiration\/","og_site_name":"Matting","article_modified_time":"2023-12-06T08:58:30+00:00","twitter_card":"summary_large_image","twitter_misc":{"Est. reading time":"2 minutes"},"schema":{"@context":"https:\/\/schema.org","@graph":[{"@type":"WebPage","@id":"https:\/\/matting.se\/en\/matting-interior\/knowledge-inspiration\/","url":"https:\/\/matting.se\/en\/matting-interior\/knowledge-inspiration\/","name":"Knowledge &amp; Inspiration - Matting","isPartOf":{"@id":"https:\/\/matting.se\/en\/#website"},"datePublished":"2023-09-05T06:20:24+00:00","dateModified":"2023-12-06T08:58:30+00:00","description":"Matting - Uppt\u00e4ck Mattings h\u00e5llbara koncept och produkter f\u00f6r publika milj\u00f6er, arbetsplatser och skolor","breadcrumb":{"@id":"https:\/\/matting.se\/en\/matting-interior\/knowledge-inspiration\/#breadcrumb"},"inLanguage":"en-US","potentialAction":[{"@type":"ReadAction","target":["https:\/\/matting.se\/en\/matting-interior\/knowledge-inspiration\/"]}]},{"@type":"BreadcrumbList","@id":"https:\/\/matting.se\/en\/matting-interior\/knowledge-inspiration\/#breadcrumb","itemListElement":[{"@type":"ListItem","position":1,"name":"Hem","item":"https:\/\/matting.se\/en\/"},{"@type":"ListItem","position":2,"name":"Matting Interior","item":"https:\/\/matting.se\/en\/matting-interior\/"},{"@type":"ListItem","position":3,"name":"Knowledge &amp; Inspiration"}]},{"@type":"WebSite","@id":"https:\/\/matting.se\/en\/#website","url":"https:\/\/matting.se\/en\/","name":"Matting","description":"","potentialAction":[{"@type":"SearchAction","target":{"@type":"EntryPoint","urlTemplate":"https:\/\/matting.se\/en\/?s={search_term_string}"},"query-input":{"@type":"PropertyValueSpecification","valueRequired":true,"valueName":"search_term_string"}}],"inLanguage":"en-US"}]}},"_links":{"self":[{"href":"https:\/\/matting.se\/en\/wp-json\/wp\/v2\/pages\/246119","targetHints":{"allow":["GET"]}}],"collection":[{"href":"https:\/\/matting.se\/en\/wp-json\/wp\/v2\/pages"}],"about":[{"href":"https:\/\/matting.se\/en\/wp-json\/wp\/v2\/types\/page"}],"author":[{"embeddable":true,"href":"https:\/\/matting.se\/en\/wp-json\/wp\/v2\/users\/10"}],"replies":[{"embeddable":true,"href":"https:\/\/matting.se\/en\/wp-json\/wp\/v2\/comments?post=246119"}],"version-history":[{"count":0,"href":"https:\/\/matting.se\/en\/wp-json\/wp\/v2\/pages\/246119\/revisions"}],"up":[{"embeddable":true,"href":"https:\/\/matting.se\/en\/wp-json\/wp\/v2\/pages\/245990"}],"wp:attachment":[{"href":"https:\/\/matting.se\/en\/wp-json\/wp\/v2\/media?parent=246119"}],"curies":[{"name":"wp","href":"https:\/\/api.w.org\/{rel}","templated":true}]}}