{"id":246086,"date":"2023-09-14T08:36:48","date_gmt":"2023-09-14T07:36:48","guid":{"rendered":"https:\/\/matting.se\/matting-solutions\/"},"modified":"2024-06-27T08:54:51","modified_gmt":"2024-06-27T07:54:51","slug":"matting-solutions","status":"publish","type":"page","link":"https:\/\/matting.se\/en\/matting-solutions\/","title":{"rendered":"Matting Solutions"},"content":{"rendered":"<p>[et_pb_section fb_built=&#8221;1&#8243; _builder_version=&#8221;4.16&#8243; _module_preset=&#8221;dd45f68c-8fac-40fa-a259-be620b3e84bd&#8221; background_image=&#8221;https:\/\/matting.se\/wp-content\/uploads\/2022\/01\/Quality-View-Hyllie-Malmo_5772_16x9-scaled.jpg&#8221; global_colors_info=&#8221;{}&#8221;][et_pb_row _builder_version=&#8221;4.16&#8243; _module_preset=&#8221;default&#8221; global_colors_info=&#8221;{}&#8221;][et_pb_column type=&#8221;4_4&#8243; _builder_version=&#8221;4.16&#8243; _module_preset=&#8221;default&#8221; global_colors_info=&#8221;{}&#8221;][et_pb_text _builder_version=&#8221;4.23.1&#8243; _module_preset=&#8221;284fafc1-a8f3-4685-b79a-0164d21720aa&#8221; global_colors_info=&#8221;{}&#8221;]<\/p>\n<h1>MATTING SOLUTIONS\/<br \/>BUSINESS SUPPLIES<\/h1>\n<h2>&#8211; ACCESSIBLE, SUSTAINABLE AND SAFE ENVIRONMENTS.<br \/>&#8211; ATTRACTIVE, ERGONOMIC AND SUSTAINABLE WORKPLACES.<\/h2>\n<p>[\/et_pb_text][\/et_pb_column][\/et_pb_row][\/et_pb_section][et_pb_section fb_built=&#8221;1&#8243; _builder_version=&#8221;4.16&#8243; _module_preset=&#8221;default&#8221; global_colors_info=&#8221;{}&#8221;][et_pb_row _builder_version=&#8221;4.16&#8243; _module_preset=&#8221;e0233355-3e06-4c67-afb5-07ee446d80b6&#8243; global_colors_info=&#8221;{}&#8221;][et_pb_column type=&#8221;4_4&#8243; _builder_version=&#8221;4.16&#8243; _module_preset=&#8221;default&#8221; global_colors_info=&#8221;{}&#8221;][et_pb_text _builder_version=&#8221;4.23.1&#8243; _module_preset=&#8221;cfc839e6-8a1d-4a32-a248-35c73e6c01f6&#8243; global_colors_info=&#8221;{}&#8221;]Matting Solutions has a focus on concepts that provide accessible, functional and safe public entrances and environments. At Matting Business Supplies, we focus on concepts to create attractive, ergonomic and sustainable workplaces.<\/p>\n<p>We have accumulated extensive knowledge and expertise over many years. Our vision is about sustainable people. And we want the environments we live in to be accessible and safe for everyone. With the next generation in mind, we place great focus and value on our sustainability work.[\/et_pb_text][\/et_pb_column][\/et_pb_row][\/et_pb_section][et_pb_section fb_built=&#8221;1&#8243; _builder_version=&#8221;4.22.1&#8243; _module_preset=&#8221;default&#8221; min_height=&#8221;1025px&#8221; custom_padding=&#8221;0px||0px||true|false&#8221; locked=&#8221;off&#8221; global_colors_info=&#8221;{}&#8221;][et_pb_row column_structure=&#8221;1_4,1_4,1_2&#8243; use_custom_gutter=&#8221;on&#8221; gutter_width=&#8221;1&#8243; custom_padding_last_edited=&#8221;on|tablet&#8221; _builder_version=&#8221;4.23.1&#8243; _module_preset=&#8221;_initial&#8221; width=&#8221;89%&#8221; width_tablet=&#8221;95%&#8221; width_phone=&#8221;98%&#8221; custom_padding=&#8221;0px||20px||false|false&#8221; custom_padding_tablet=&#8221;0px||0px||false|false&#8221; custom_padding_phone=&#8221;0px||0px||false|false&#8221; global_colors_info=&#8221;{}&#8221;][et_pb_column type=&#8221;1_4&#8243; _builder_version=&#8221;4.23.1&#8243; _module_preset=&#8221;cbdfe5c8-731c-46b8-81d1-6c897e50427a&#8221; custom_padding=&#8221;||||false|false&#8221; global_colors_info=&#8221;{}&#8221;][et_pb_text _builder_version=&#8221;4.23.1&#8243; _module_preset=&#8221;4a215791-55fe-4d66-b8cf-b34cbb2aa114&#8243; background_image=&#8221;https:\/\/matting.se\/wp-content\/uploads\/2023\/09\/Combi-Rullv-svart_rod3.jpg&#8221; background_position=&#8221;center_left&#8221; custom_margin_tablet=&#8221;||0px||false|false&#8221; custom_margin_phone=&#8221;||0px||false|false&#8221; link_option_url=&#8221;https:\/\/www.entrancebymatting.se\/en\/&#8221; global_colors_info=&#8221;{}&#8221;][\/et_pb_text][et_pb_text _builder_version=&#8221;4.23.1&#8243; _module_preset=&#8221;7f060081-e5c9-4297-ba06-54d303b727fc&#8221; custom_padding=&#8221;0px||||false|false&#8221; global_colors_info=&#8221;{}&#8221;]<\/p>\n<h3>ENTRANCES<\/h3>\n<p>[\/et_pb_text][et_pb_text _builder_version=&#8221;4.23.1&#8243; _module_preset=&#8221;7f060081-e5c9-4297-ba06-54d303b727fc&#8221; global_colors_info=&#8221;{}&#8221;]Accessible, sustainable and functional entrance solutions.<br \/>\n<a href=\"https:\/\/www.entrancebymatting.se\/en\/\" target=\"_blank\" rel=\"noopener\">Read more<\/a>[\/et_pb_text][\/et_pb_column][et_pb_column type=&#8221;1_4&#8243; _builder_version=&#8221;4.23.1&#8243; _module_preset=&#8221;cbdfe5c8-731c-46b8-81d1-6c897e50427a&#8221; global_colors_info=&#8221;{}&#8221;][et_pb_text content_tablet=&#8221;<\/p>\n<h3>V\u00c4LKOMMEN<\/h3>\n<p>Till v\u00e5rt showroom p\u00e5 Studio B3<\/p>\n<p>&#8221; content_phone=&#8221;<\/p>\n<h3>V\u00c4LKOMMEN<\/h3>\n<p>Till v\u00e5rt showroom p\u00e5 Studio B3<\/p>\n<p>&#8221; content_last_edited=&#8221;on|desktop&#8221; _builder_version=&#8221;4.23.1&#8243; _module_preset=&#8221;4a215791-55fe-4d66-b8cf-b34cbb2aa114&#8243; background_image=&#8221;https:\/\/matting.se\/wp-content\/uploads\/2023\/09\/SCREEN_3pieces_table_BALANCE_coworking_landscape.jpg&#8221; background_position=&#8221;top_center&#8221; positioning=&#8221;relative&#8221; custom_margin_tablet=&#8221;||0px||false|false&#8221; custom_margin_phone=&#8221;||0px||false|false&#8221; custom_padding=&#8221;|||20px|false|false&#8221; link_option_url=&#8221;https:\/\/www.mattingofficewellness.se\/en\/products\/&#8221; link_option_url_new_window=&#8221;on&#8221; custom_css_main_element=&#8221;display: flex;||flex-direction: column;||justify-content: flex-end;&#8221; global_colors_info=&#8221;{}&#8221;][\/et_pb_text][et_pb_text _builder_version=&#8221;4.23.1&#8243; _module_preset=&#8221;7f060081-e5c9-4297-ba06-54d303b727fc&#8221; custom_padding=&#8221;0px||||false|false&#8221; link_option_url=&#8221;https:\/\/www.mattingofficewellness.se\/en\/&#8221; global_colors_info=&#8221;{}&#8221;]<\/p>\n<h3>Ergonomic products<\/h3>\n<p>[\/et_pb_text][et_pb_text _builder_version=&#8221;4.23.1&#8243; _module_preset=&#8221;7f060081-e5c9-4297-ba06-54d303b727fc&#8221; link_option_url=&#8221;https:\/\/www.mattingofficewellness.se\/en\/&#8221; global_colors_info=&#8221;{}&#8221;]Products for the workplace.<br \/>\n<a href=\"https:\/\/www.mattingofficewellness.se\/en\/products\/\" target=\"_blank\" rel=\"noopener\">Read more<\/a>[\/et_pb_text][\/et_pb_column][et_pb_column type=&#8221;1_2&#8243; _builder_version=&#8221;4.23.1&#8243; _module_preset=&#8221;cbdfe5c8-731c-46b8-81d1-6c897e50427a&#8221; global_colors_info=&#8221;{}&#8221;][et_pb_text _builder_version=&#8221;4.23.1&#8243; _module_preset=&#8221;4a215791-55fe-4d66-b8cf-b34cbb2aa114&#8243; background_image=&#8221;https:\/\/matting.se\/wp-content\/uploads\/2023\/09\/Arlanda_Terminal4_tillganglig_entre_Matting_3.jpg&#8221; custom_margin_tablet=&#8221;||0px||false|false&#8221; custom_margin_phone=&#8221;||0px||false|false&#8221; link_option_url=&#8221;https:\/\/www.tactileflooring.se\/en\/&#8221; global_colors_info=&#8221;{}&#8221;][\/et_pb_text][et_pb_text _builder_version=&#8221;4.23.1&#8243; _module_preset=&#8221;7f060081-e5c9-4297-ba06-54d303b727fc&#8221; min_height=&#8221;19px&#8221; custom_padding=&#8221;0px||||false|false&#8221; global_colors_info=&#8221;{}&#8221;]<\/p>\n<h3>Accessibility<\/h3>\n<p>[\/et_pb_text][et_pb_text _builder_version=&#8221;4.23.1&#8243; _module_preset=&#8221;7f060081-e5c9-4297-ba06-54d303b727fc&#8221; custom_margin=&#8221;||||false|false&#8221; global_colors_info=&#8221;{}&#8221;]Tactile paths and contrast markings.<br \/>\n<a href=\"https:\/\/www.tactileflooring.se\/en\/\" target=\"_blank\" rel=\"noopener\">Read more<\/a>[\/et_pb_text][\/et_pb_column][\/et_pb_row][et_pb_row column_structure=&#8221;1_2,1_4,1_4&#8243; use_custom_gutter=&#8221;on&#8221; gutter_width=&#8221;1&#8243; custom_padding_last_edited=&#8221;on|tablet&#8221; _builder_version=&#8221;4.23.1&#8243; _module_preset=&#8221;_initial&#8221; width=&#8221;89%&#8221; width_tablet=&#8221;95%&#8221; width_phone=&#8221;98%&#8221; custom_padding=&#8221;0px||20px||false|false&#8221; custom_padding_tablet=&#8221;0px||0px||false|false&#8221; custom_padding_phone=&#8221;0px||0px||false|false&#8221; global_colors_info=&#8221;{}&#8221;][et_pb_column type=&#8221;1_2&#8243; _builder_version=&#8221;4.22.0&#8243; _module_preset=&#8221;cbdfe5c8-731c-46b8-81d1-6c897e50427a&#8221; custom_padding=&#8221;||||false|false&#8221; global_colors_info=&#8221;{}&#8221;][et_pb_text _builder_version=&#8221;4.23.1&#8243; _module_preset=&#8221;4a215791-55fe-4d66-b8cf-b34cbb2aa114&#8243; background_image=&#8221;https:\/\/matting.se\/wp-content\/uploads\/2022\/01\/Industri-lager-och-butik-Matting-Solutions.jpg&#8221; custom_margin_tablet=&#8221;||0px||false|false&#8221; custom_margin_phone=&#8221;||0px||false|false&#8221; link_option_url=&#8221;https:\/\/www.comfortmats.se\/en\/&#8221; global_colors_info=&#8221;{}&#8221;][\/et_pb_text][et_pb_text _builder_version=&#8221;4.23.1&#8243; _module_preset=&#8221;7f060081-e5c9-4297-ba06-54d303b727fc&#8221; custom_padding=&#8221;0px||0px||false|false&#8221; global_colors_info=&#8221;{}&#8221;]<\/p>\n<h3>Industry, warehouses &amp; shops<\/h3>\n<p>[\/et_pb_text][et_pb_text _builder_version=&#8221;4.23.1&#8243; _module_preset=&#8221;7f060081-e5c9-4297-ba06-54d303b727fc&#8221; custom_margin=&#8221;||||false|false&#8221; global_colors_info=&#8221;{}&#8221;]<\/p>\n<p>Anti-fatigue mats for all environments.<br \/><a href=\"https:\/\/www.comfortmats.se\/en\/\" target=\"_blank\" rel=\"noopener\">Read more<\/a><\/p>\n<p>[\/et_pb_text][\/et_pb_column][et_pb_column type=&#8221;1_4&#8243; _builder_version=&#8221;4.22.0&#8243; _module_preset=&#8221;cbdfe5c8-731c-46b8-81d1-6c897e50427a&#8221; global_colors_info=&#8221;{}&#8221;][et_pb_text _builder_version=&#8221;4.23.1&#8243; _module_preset=&#8221;4a215791-55fe-4d66-b8cf-b34cbb2aa114&#8243; background_image=&#8221;https:\/\/matting.se\/wp-content\/uploads\/2022\/01\/Hundsporthallar-Matting-Solutions.jpg&#8221; background_position=&#8221;center_left&#8221; custom_margin_tablet=&#8221;||0px||false|false&#8221; custom_margin_phone=&#8221;||0px||false|false&#8221; hover_enabled=&#8221;0&#8243; global_colors_info=&#8221;{}&#8221; link_option_url=&#8221;https:\/\/www.agilitymat.se\/&#8221; link_option_url_new_window=&#8221;on&#8221; sticky_enabled=&#8221;0&#8243;][\/et_pb_text][et_pb_text _builder_version=&#8221;4.23.1&#8243; _module_preset=&#8221;7f060081-e5c9-4297-ba06-54d303b727fc&#8221; custom_padding=&#8221;||0px||false|false&#8221; global_colors_info=&#8221;{}&#8221;]<\/p>\n<h3>DOG SPORTS<\/h3>\n<p>[\/et_pb_text][et_pb_text _builder_version=&#8221;4.23.1&#8243; _module_preset=&#8221;7f060081-e5c9-4297-ba06-54d303b727fc&#8221; hover_enabled=&#8221;0&#8243; global_colors_info=&#8221;{}&#8221; sticky_enabled=&#8221;0&#8243;]<\/p>\n<p>Agility equipment and mats for dog sports.<br \/><a href=\"https:\/\/www.agilitymat.se\/\" target=\"_blank\" rel=\"noopener\">Read more<\/a><\/p>\n<p>[\/et_pb_text][\/et_pb_column][et_pb_column type=&#8221;1_4&#8243; _builder_version=&#8221;4.22.0&#8243; _module_preset=&#8221;cbdfe5c8-731c-46b8-81d1-6c897e50427a&#8221; global_colors_info=&#8221;{}&#8221; custom_css_main_element_last_edited=&#8221;on|tablet&#8221;][et_pb_text content_tablet=&#8221;<\/p>\n<h3>V\u00c4LKOMMEN<\/h3>\n<p>Till v\u00e5rt showroom p\u00e5 Studio B3<\/p>\n<p>&#8221; content_phone=&#8221;<\/p>\n<h3>V\u00c4LKOMMEN<\/h3>\n<p>Till v\u00e5rt showroom p\u00e5 Studio B3<\/p>\n<p>&#8221; content_last_edited=&#8221;on|desktop&#8221; _builder_version=&#8221;4.23.1&#8243; _module_preset=&#8221;4a215791-55fe-4d66-b8cf-b34cbb2aa114&#8243; background_image=&#8221;https:\/\/matting.se\/wp-content\/uploads\/2023\/09\/StudioB3_fasadskylt.jpg&#8221; background_position=&#8221;top_center&#8221; positioning=&#8221;relative&#8221; custom_margin_tablet=&#8221;||0px||false|false&#8221; custom_margin_phone=&#8221;||0px||false|false&#8221; custom_padding=&#8221;|||20px|false|false&#8221; link_option_url=&#8221;https:\/\/www.studiob3.se\/en\/&#8221; link_option_url_new_window=&#8221;on&#8221; hover_enabled=&#8221;0&#8243; custom_css_main_element=&#8221;display: flex;||flex-direction: column;||justify-content: flex-end;&#8221; global_colors_info=&#8221;{}&#8221; sticky_enabled=&#8221;0&#8243;]<\/p>\n<h3 style=\"padding-left: 20px; text-align: left;\">Welcome to Studio B3<\/h3>\n<p style=\"padding-left: 20px; padding-bottom: 50px;\">To our showroom at Studio B3<\/p>\n<p>[\/et_pb_text][et_pb_text _builder_version=&#8221;4.23.1&#8243; _module_preset=&#8221;7f060081-e5c9-4297-ba06-54d303b727fc&#8221; custom_padding=&#8221;||0px||false|false&#8221; link_option_url=&#8221;https:\/\/www.studiob3.se\/&#8221; global_colors_info=&#8221;{}&#8221;]<\/p>\n<h3>Studio B3<\/h3>\n<p>[\/et_pb_text][et_pb_text _builder_version=&#8221;4.23.1&#8243; _module_preset=&#8221;7f060081-e5c9-4297-ba06-54d303b727fc&#8221; hover_enabled=&#8221;0&#8243; global_colors_info=&#8221;{}&#8221; sticky_enabled=&#8221;0&#8243;]Visit our showroom.<br \/>\n<a href=\"https:\/\/www.studiob3.se\/en\/\" target=\"_blank\" rel=\"noopener\">Read more<\/a>[\/et_pb_text][\/et_pb_column][\/et_pb_row][\/et_pb_section]<\/p>\n","protected":false},"excerpt":{"rendered":"<p>MATTING SOLUTIONS\/BUSINESS SUPPLIES &#8211; ACCESSIBLE, SUSTAINABLE AND SAFE ENVIRONMENTS.- ATTRACTIVE, ERGONOMIC AND SUSTAINABLE WORKPLACES.Matting Solutions has a focus on concepts that provide accessible, functional and safe public entrances and environments. At Matting Business Supplies, we focus on concepts to create attractive, ergonomic and sustainable workplaces. We have accumulated extensive knowledge and expertise over many years. [&hellip;]<\/p>\n","protected":false},"author":10,"featured_media":0,"parent":0,"menu_order":0,"comment_status":"closed","ping_status":"closed","template":"","meta":{"_et_pb_use_builder":"on","_et_pb_old_content":"","_et_gb_content_width":"","footnotes":""},"class_list":["post-246086","page","type-page","status-publish","hentry"],"yoast_head":"<!-- This site is optimized with the Yoast SEO plugin v25.6 - https:\/\/yoast.com\/wordpress\/plugins\/seo\/ -->\n<title>Matting Solutions - Matting<\/title>\n<meta name=\"description\" content=\"Matting - Uppt\u00e4ck Mattings h\u00e5llbara koncept och produkter f\u00f6r publika milj\u00f6er, arbetsplatser och skolor\" \/>\n<meta name=\"robots\" content=\"index, follow, max-snippet:-1, max-image-preview:large, max-video-preview:-1\" \/>\n<link rel=\"canonical\" href=\"https:\/\/matting.se\/en\/matting-solutions\/\" \/>\n<meta property=\"og:locale\" content=\"en_US\" \/>\n<meta property=\"og:type\" content=\"article\" \/>\n<meta property=\"og:title\" content=\"Matting Solutions - Matting\" \/>\n<meta property=\"og:description\" content=\"Matting - Uppt\u00e4ck Mattings h\u00e5llbara koncept och produkter f\u00f6r publika milj\u00f6er, arbetsplatser och skolor\" \/>\n<meta property=\"og:url\" content=\"https:\/\/matting.se\/en\/matting-solutions\/\" \/>\n<meta property=\"og:site_name\" content=\"Matting\" \/>\n<meta property=\"article:modified_time\" content=\"2024-06-27T07:54:51+00:00\" \/>\n<meta name=\"twitter:card\" content=\"summary_large_image\" \/>\n<meta name=\"twitter:label1\" content=\"Est. reading time\" \/>\n\t<meta name=\"twitter:data1\" content=\"7 minutes\" \/>\n<script type=\"application\/ld+json\" class=\"yoast-schema-graph\">{\"@context\":\"https:\/\/schema.org\",\"@graph\":[{\"@type\":\"WebPage\",\"@id\":\"https:\/\/matting.se\/en\/matting-solutions\/\",\"url\":\"https:\/\/matting.se\/en\/matting-solutions\/\",\"name\":\"Matting Solutions - Matting\",\"isPartOf\":{\"@id\":\"https:\/\/matting.se\/en\/#website\"},\"datePublished\":\"2023-09-14T07:36:48+00:00\",\"dateModified\":\"2024-06-27T07:54:51+00:00\",\"description\":\"Matting - Uppt\u00e4ck Mattings h\u00e5llbara koncept och produkter f\u00f6r publika milj\u00f6er, arbetsplatser och skolor\",\"breadcrumb\":{\"@id\":\"https:\/\/matting.se\/en\/matting-solutions\/#breadcrumb\"},\"inLanguage\":\"en-US\",\"potentialAction\":[{\"@type\":\"ReadAction\",\"target\":[\"https:\/\/matting.se\/en\/matting-solutions\/\"]}]},{\"@type\":\"BreadcrumbList\",\"@id\":\"https:\/\/matting.se\/en\/matting-solutions\/#breadcrumb\",\"itemListElement\":[{\"@type\":\"ListItem\",\"position\":1,\"name\":\"Hem\",\"item\":\"https:\/\/matting.se\/en\/\"},{\"@type\":\"ListItem\",\"position\":2,\"name\":\"Matting Solutions\"}]},{\"@type\":\"WebSite\",\"@id\":\"https:\/\/matting.se\/en\/#website\",\"url\":\"https:\/\/matting.se\/en\/\",\"name\":\"Matting\",\"description\":\"\",\"potentialAction\":[{\"@type\":\"SearchAction\",\"target\":{\"@type\":\"EntryPoint\",\"urlTemplate\":\"https:\/\/matting.se\/en\/?s={search_term_string}\"},\"query-input\":{\"@type\":\"PropertyValueSpecification\",\"valueRequired\":true,\"valueName\":\"search_term_string\"}}],\"inLanguage\":\"en-US\"}]}<\/script>\n<!-- \/ Yoast SEO plugin. -->","yoast_head_json":{"title":"Matting Solutions - Matting","description":"Matting - Uppt\u00e4ck Mattings h\u00e5llbara koncept och produkter f\u00f6r publika milj\u00f6er, arbetsplatser och skolor","robots":{"index":"index","follow":"follow","max-snippet":"max-snippet:-1","max-image-preview":"max-image-preview:large","max-video-preview":"max-video-preview:-1"},"canonical":"https:\/\/matting.se\/en\/matting-solutions\/","og_locale":"en_US","og_type":"article","og_title":"Matting Solutions - Matting","og_description":"Matting - Uppt\u00e4ck Mattings h\u00e5llbara koncept och produkter f\u00f6r publika milj\u00f6er, arbetsplatser och skolor","og_url":"https:\/\/matting.se\/en\/matting-solutions\/","og_site_name":"Matting","article_modified_time":"2024-06-27T07:54:51+00:00","twitter_card":"summary_large_image","twitter_misc":{"Est. reading time":"7 minutes"},"schema":{"@context":"https:\/\/schema.org","@graph":[{"@type":"WebPage","@id":"https:\/\/matting.se\/en\/matting-solutions\/","url":"https:\/\/matting.se\/en\/matting-solutions\/","name":"Matting Solutions - Matting","isPartOf":{"@id":"https:\/\/matting.se\/en\/#website"},"datePublished":"2023-09-14T07:36:48+00:00","dateModified":"2024-06-27T07:54:51+00:00","description":"Matting - Uppt\u00e4ck Mattings h\u00e5llbara koncept och produkter f\u00f6r publika milj\u00f6er, arbetsplatser och skolor","breadcrumb":{"@id":"https:\/\/matting.se\/en\/matting-solutions\/#breadcrumb"},"inLanguage":"en-US","potentialAction":[{"@type":"ReadAction","target":["https:\/\/matting.se\/en\/matting-solutions\/"]}]},{"@type":"BreadcrumbList","@id":"https:\/\/matting.se\/en\/matting-solutions\/#breadcrumb","itemListElement":[{"@type":"ListItem","position":1,"name":"Hem","item":"https:\/\/matting.se\/en\/"},{"@type":"ListItem","position":2,"name":"Matting Solutions"}]},{"@type":"WebSite","@id":"https:\/\/matting.se\/en\/#website","url":"https:\/\/matting.se\/en\/","name":"Matting","description":"","potentialAction":[{"@type":"SearchAction","target":{"@type":"EntryPoint","urlTemplate":"https:\/\/matting.se\/en\/?s={search_term_string}"},"query-input":{"@type":"PropertyValueSpecification","valueRequired":true,"valueName":"search_term_string"}}],"inLanguage":"en-US"}]}},"_links":{"self":[{"href":"https:\/\/matting.se\/en\/wp-json\/wp\/v2\/pages\/246086","targetHints":{"allow":["GET"]}}],"collection":[{"href":"https:\/\/matting.se\/en\/wp-json\/wp\/v2\/pages"}],"about":[{"href":"https:\/\/matting.se\/en\/wp-json\/wp\/v2\/types\/page"}],"author":[{"embeddable":true,"href":"https:\/\/matting.se\/en\/wp-json\/wp\/v2\/users\/10"}],"replies":[{"embeddable":true,"href":"https:\/\/matting.se\/en\/wp-json\/wp\/v2\/comments?post=246086"}],"version-history":[{"count":4,"href":"https:\/\/matting.se\/en\/wp-json\/wp\/v2\/pages\/246086\/revisions"}],"predecessor-version":[{"id":251483,"href":"https:\/\/matting.se\/en\/wp-json\/wp\/v2\/pages\/246086\/revisions\/251483"}],"wp:attachment":[{"href":"https:\/\/matting.se\/en\/wp-json\/wp\/v2\/media?parent=246086"}],"curies":[{"name":"wp","href":"https:\/\/api.w.org\/{rel}","templated":true}]}}