{"id":245972,"date":"2023-08-21T09:21:25","date_gmt":"2023-08-21T08:21:25","guid":{"rendered":"https:\/\/matting.se\/matting-design-sustainability-and-knowledge\/"},"modified":"2025-03-18T13:40:20","modified_gmt":"2025-03-18T12:40:20","slug":"matting-design-sustainability-and-knowledge","status":"publish","type":"page","link":"https:\/\/matting.se\/en\/","title":{"rendered":"MATTING &#8211; DESIGN, SUSTAINABILITY AND KNOWLEDGE"},"content":{"rendered":"<p>[et_pb_section fb_built=&#8221;1&#8243; _builder_version=&#8221;4.22.0&#8243; _module_preset=&#8221;default&#8221; custom_padding=&#8221;0px||0px||true|false&#8221; custom_padding_tablet=&#8221;0px||0px||true|false&#8221; custom_padding_phone=&#8221;0px||0px||true|false&#8221; global_colors_info=&#8221;{}&#8221;][et_pb_row column_structure=&#8221;1_2,1_2&#8243; use_custom_gutter=&#8221;on&#8221; gutter_width=&#8221;1&#8243; make_equal=&#8221;on&#8221; _builder_version=&#8221;4.23.1&#8243; _module_preset=&#8221;default&#8221; width=&#8221;100%&#8221; width_tablet=&#8221;100%&#8221; max_width=&#8221;100%&#8221; custom_padding=&#8221;0px||0px||true|false&#8221; global_colors_info=&#8221;{}&#8221;][et_pb_column type=&#8221;1_2&#8243; _builder_version=&#8221;4.23.1&#8243; _module_preset=&#8221;default&#8221; background_color=&#8221;rgba(100,97,93,0.15)&#8221; background_image=&#8221;https:\/\/matting.se\/wp-content\/uploads\/2023\/09\/heroDESK_96x62cm_white_CHOICE_small_office_landscape.jpg&#8221; background_position=&#8221;center_left&#8221; background_blend=&#8221;multiply&#8221; custom_padding=&#8221;||||false|false&#8221; link_option_url=&#8221;https:\/\/matting.se\/en\/matting-interior\/&#8221; custom_css_main_element=&#8221;display: flex;||flex-direction: column;||justify-content: center;&#8221; border_color_bottom=&#8221;#FFFFFF&#8221; border_width_bottom_tablet=&#8221;&#8221; border_width_bottom_phone=&#8221;10px&#8221; border_width_bottom_last_edited=&#8221;on|phone&#8221; global_colors_info=&#8221;{}&#8221; custom_css_main_element_last_edited=&#8221;on|phone&#8221; custom_css_main_element_tablet=&#8221;width: 50% !important;&#8221; custom_css_main_element_phone=&#8221;width: 100% !important;&#8221;][et_pb_text _builder_version=&#8221;4.23.1&#8243; _module_preset=&#8221;c40a640c-839a-46fb-a40a-1fd05dae2395&#8243; custom_css_main_element=&#8221;display: flex;||flex-direction: column;||justify-content: center;&#8221; global_colors_info=&#8221;{}&#8221;]<\/p>\n<h2>MATTING INTERIOR<\/h2>\n<p>Furnishings for a healthy workplace and active study environment.<\/p>\n<p>[\/et_pb_text][\/et_pb_column][et_pb_column type=&#8221;1_2&#8243; _builder_version=&#8221;4.23.1&#8243; _module_preset=&#8221;default&#8221; background_image=&#8221;https:\/\/matting.se\/wp-content\/uploads\/2023\/09\/Quality-View-Hyllie-Malmo_5772_4x5-gigapixel-very_compressed-scale-2_00x.jpg&#8221; background_position=&#8221;center_left&#8221; link_option_url=&#8221;https:\/\/matting.se\/en\/matting-solutions\/&#8221; custom_css_main_element=&#8221;display: flex;||flex-direction: column;||justify-content: center;&#8221; global_colors_info=&#8221;{}&#8221; custom_css_main_element_last_edited=&#8221;on|phone&#8221; custom_css_main_element_tablet=&#8221;width: 50% !important;&#8221; custom_css_main_element_phone=&#8221;width: 100% !important;&#8221;][et_pb_text _builder_version=&#8221;4.23.1&#8243; _module_preset=&#8221;c40a640c-839a-46fb-a40a-1fd05dae2395&#8243; custom_css_main_element=&#8221;display: flex;||flex-direction: column;||justify-content: center;&#8221; global_colors_info=&#8221;{}&#8221;]<\/p>\n<h2>MATTING SOLUTIONS \/<br \/>BUSINESS SUPPLIES<\/h2>\n<p>&#8211; Entrance mats, tactile pathways and workplace mats.<br \/>&#8211; Attractive, ergonomic and sustainable workplaces.<\/p>\n<p>[\/et_pb_text][\/et_pb_column][\/et_pb_row][\/et_pb_section][et_pb_section fb_built=&#8221;1&#8243; module_id=&#8221;#about-us&#8221; _builder_version=&#8221;4.22.0&#8243; _module_preset=&#8221;default&#8221; custom_padding_tablet=&#8221;20px||20px||true|false&#8221; custom_padding_phone=&#8221;10px||10px||true|false&#8221; global_colors_info=&#8221;{}&#8221;][et_pb_row _builder_version=&#8221;4.22.0&#8243; _module_preset=&#8221;default&#8221; global_colors_info=&#8221;{}&#8221;][et_pb_column type=&#8221;4_4&#8243; _builder_version=&#8221;4.22.0&#8243; _module_preset=&#8221;default&#8221; global_colors_info=&#8221;{}&#8221;][et_pb_text _builder_version=&#8221;4.23.1&#8243; _module_preset=&#8221;default&#8221; text_orientation=&#8221;center&#8221; max_width=&#8221;950px&#8221; module_alignment=&#8221;center&#8221; hover_enabled=&#8221;0&#8243; global_colors_info=&#8221;{}&#8221; sticky_enabled=&#8221;0&#8243;]<\/p>\n<p>Matting AB is one of the Nordic region&#8217;s leading suppliers of ergonomics products, lighting, standing mats and entrance and workplace mats. With our wide and stocked range, we offer fast deliveries of smart and efficient solutions &#8211; from the entrance to the workplace.<\/p>\n<p>We also offer a wide range of made-to-order entrance solutions and tactile pathways for projects and other customised solutions.<\/p>\n<p>[\/et_pb_text][\/et_pb_column][\/et_pb_row][\/et_pb_section]<\/p>\n","protected":false},"excerpt":{"rendered":"<p>MATTING INTERIOR Furnishings for a healthy workplace and active study environment.MATTING SOLUTIONS \/BUSINESS SUPPLIES &#8211; Entrance mats, tactile pathways and workplace mats.- Attractive, ergonomic and sustainable workplaces.Matting AB is one of the Nordic region&#8217;s leading suppliers of ergonomics products, lighting, standing mats and entrance and workplace mats. With our wide and stocked range, we offer [&hellip;]<\/p>\n","protected":false},"author":10,"featured_media":0,"parent":0,"menu_order":0,"comment_status":"closed","ping_status":"closed","template":"","meta":{"_et_pb_use_builder":"on","_et_pb_old_content":"","_et_gb_content_width":"","footnotes":""},"class_list":["post-245972","page","type-page","status-publish","hentry"],"yoast_head":"<!-- This site is optimized with the Yoast SEO plugin v25.6 - https:\/\/yoast.com\/wordpress\/plugins\/seo\/ -->\n<title>MATTING - DESIGN, SUSTAINABILITY AND KNOWLEDGE -<\/title>\n<meta name=\"description\" content=\"Matting - Uppt\u00e4ck Mattings h\u00e5llbara koncept och produkter f\u00f6r publika milj\u00f6er, arbetsplatser och skolor\" \/>\n<meta name=\"robots\" content=\"index, follow, max-snippet:-1, max-image-preview:large, max-video-preview:-1\" \/>\n<link rel=\"canonical\" href=\"https:\/\/matting.se\/en\/\" \/>\n<meta property=\"og:locale\" content=\"en_US\" \/>\n<meta property=\"og:type\" content=\"article\" \/>\n<meta property=\"og:title\" content=\"MATTING - DESIGN, SUSTAINABILITY AND KNOWLEDGE -\" \/>\n<meta property=\"og:description\" content=\"Matting - Uppt\u00e4ck Mattings h\u00e5llbara koncept och produkter f\u00f6r publika milj\u00f6er, arbetsplatser och skolor\" \/>\n<meta property=\"og:url\" content=\"https:\/\/matting.se\/en\/\" \/>\n<meta property=\"og:site_name\" content=\"Matting\" \/>\n<meta property=\"article:modified_time\" content=\"2025-03-18T12:40:20+00:00\" \/>\n<meta name=\"twitter:card\" content=\"summary_large_image\" \/>\n<meta name=\"twitter:label1\" content=\"Est. reading time\" \/>\n\t<meta name=\"twitter:data1\" content=\"1 minute\" \/>\n<script type=\"application\/ld+json\" class=\"yoast-schema-graph\">{\"@context\":\"https:\/\/schema.org\",\"@graph\":[{\"@type\":\"WebPage\",\"@id\":\"https:\/\/matting.se\/en\/\",\"url\":\"https:\/\/matting.se\/en\/\",\"name\":\"MATTING - DESIGN, SUSTAINABILITY AND KNOWLEDGE -\",\"isPartOf\":{\"@id\":\"https:\/\/matting.se\/en\/#website\"},\"datePublished\":\"2023-08-21T08:21:25+00:00\",\"dateModified\":\"2025-03-18T12:40:20+00:00\",\"description\":\"Matting - Uppt\u00e4ck Mattings h\u00e5llbara koncept och produkter f\u00f6r publika milj\u00f6er, arbetsplatser och skolor\",\"breadcrumb\":{\"@id\":\"https:\/\/matting.se\/en\/#breadcrumb\"},\"inLanguage\":\"en-US\",\"potentialAction\":[{\"@type\":\"ReadAction\",\"target\":[\"https:\/\/matting.se\/en\/\"]}]},{\"@type\":\"BreadcrumbList\",\"@id\":\"https:\/\/matting.se\/en\/#breadcrumb\",\"itemListElement\":[{\"@type\":\"ListItem\",\"position\":1,\"name\":\"Hem\",\"item\":\"https:\/\/matting.se\/en\/\"},{\"@type\":\"ListItem\",\"position\":2,\"name\":\"MATTING &#8211; DESIGN, SUSTAINABILITY AND KNOWLEDGE\"}]},{\"@type\":\"WebSite\",\"@id\":\"https:\/\/matting.se\/en\/#website\",\"url\":\"https:\/\/matting.se\/en\/\",\"name\":\"Matting\",\"description\":\"\",\"potentialAction\":[{\"@type\":\"SearchAction\",\"target\":{\"@type\":\"EntryPoint\",\"urlTemplate\":\"https:\/\/matting.se\/en\/?s={search_term_string}\"},\"query-input\":{\"@type\":\"PropertyValueSpecification\",\"valueRequired\":true,\"valueName\":\"search_term_string\"}}],\"inLanguage\":\"en-US\"}]}<\/script>\n<!-- \/ Yoast SEO plugin. -->","yoast_head_json":{"title":"MATTING - DESIGN, SUSTAINABILITY AND KNOWLEDGE -","description":"Matting - Uppt\u00e4ck Mattings h\u00e5llbara koncept och produkter f\u00f6r publika milj\u00f6er, arbetsplatser och skolor","robots":{"index":"index","follow":"follow","max-snippet":"max-snippet:-1","max-image-preview":"max-image-preview:large","max-video-preview":"max-video-preview:-1"},"canonical":"https:\/\/matting.se\/en\/","og_locale":"en_US","og_type":"article","og_title":"MATTING - DESIGN, SUSTAINABILITY AND KNOWLEDGE -","og_description":"Matting - Uppt\u00e4ck Mattings h\u00e5llbara koncept och produkter f\u00f6r publika milj\u00f6er, arbetsplatser och skolor","og_url":"https:\/\/matting.se\/en\/","og_site_name":"Matting","article_modified_time":"2025-03-18T12:40:20+00:00","twitter_card":"summary_large_image","twitter_misc":{"Est. reading time":"1 minute"},"schema":{"@context":"https:\/\/schema.org","@graph":[{"@type":"WebPage","@id":"https:\/\/matting.se\/en\/","url":"https:\/\/matting.se\/en\/","name":"MATTING - DESIGN, SUSTAINABILITY AND KNOWLEDGE -","isPartOf":{"@id":"https:\/\/matting.se\/en\/#website"},"datePublished":"2023-08-21T08:21:25+00:00","dateModified":"2025-03-18T12:40:20+00:00","description":"Matting - Uppt\u00e4ck Mattings h\u00e5llbara koncept och produkter f\u00f6r publika milj\u00f6er, arbetsplatser och skolor","breadcrumb":{"@id":"https:\/\/matting.se\/en\/#breadcrumb"},"inLanguage":"en-US","potentialAction":[{"@type":"ReadAction","target":["https:\/\/matting.se\/en\/"]}]},{"@type":"BreadcrumbList","@id":"https:\/\/matting.se\/en\/#breadcrumb","itemListElement":[{"@type":"ListItem","position":1,"name":"Hem","item":"https:\/\/matting.se\/en\/"},{"@type":"ListItem","position":2,"name":"MATTING &#8211; DESIGN, SUSTAINABILITY AND KNOWLEDGE"}]},{"@type":"WebSite","@id":"https:\/\/matting.se\/en\/#website","url":"https:\/\/matting.se\/en\/","name":"Matting","description":"","potentialAction":[{"@type":"SearchAction","target":{"@type":"EntryPoint","urlTemplate":"https:\/\/matting.se\/en\/?s={search_term_string}"},"query-input":{"@type":"PropertyValueSpecification","valueRequired":true,"valueName":"search_term_string"}}],"inLanguage":"en-US"}]}},"_links":{"self":[{"href":"https:\/\/matting.se\/en\/wp-json\/wp\/v2\/pages\/245972","targetHints":{"allow":["GET"]}}],"collection":[{"href":"https:\/\/matting.se\/en\/wp-json\/wp\/v2\/pages"}],"about":[{"href":"https:\/\/matting.se\/en\/wp-json\/wp\/v2\/types\/page"}],"author":[{"embeddable":true,"href":"https:\/\/matting.se\/en\/wp-json\/wp\/v2\/users\/10"}],"replies":[{"embeddable":true,"href":"https:\/\/matting.se\/en\/wp-json\/wp\/v2\/comments?post=245972"}],"version-history":[{"count":6,"href":"https:\/\/matting.se\/en\/wp-json\/wp\/v2\/pages\/245972\/revisions"}],"predecessor-version":[{"id":252611,"href":"https:\/\/matting.se\/en\/wp-json\/wp\/v2\/pages\/245972\/revisions\/252611"}],"wp:attachment":[{"href":"https:\/\/matting.se\/en\/wp-json\/wp\/v2\/media?parent=245972"}],"curies":[{"name":"wp","href":"https:\/\/api.w.org\/{rel}","templated":true}]}}