{"id":245948,"date":"2022-01-18T10:32:45","date_gmt":"2022-01-18T10:32:45","guid":{"rendered":"https:\/\/matting.se\/privacy-policy\/"},"modified":"2023-12-06T08:57:49","modified_gmt":"2023-12-06T08:57:49","slug":"privacy-policy","status":"publish","type":"page","link":"https:\/\/matting.se\/en\/privacy-policy\/","title":{"rendered":"Privacy policy"},"content":{"rendered":"<p>[et_pb_section fb_built=&#8221;1&#8243; _builder_version=&#8221;4.16&#8243; _module_preset=&#8221;default&#8221; global_colors_info=&#8221;{}&#8221;][et_pb_row _builder_version=&#8221;4.16&#8243; _module_preset=&#8221;4c994dae-8592-4a5d-8982-751f0e6c123f&#8221; max_width=&#8221;850px&#8221; module_alignment=&#8221;center&#8221; global_colors_info=&#8221;{}&#8221;][et_pb_column type=&#8221;4_4&#8243; _builder_version=&#8221;4.16&#8243; _module_preset=&#8221;default&#8221; global_colors_info=&#8221;{}&#8221;][et_pb_text _builder_version=&#8221;4.16&#8243; _module_preset=&#8221;70555b8e-37fe-4efc-96b1-07ae11345865&#8243; global_colors_info=&#8221;{}&#8221;]<\/p>\n<h1>Personal data policy<br \/>Matting AB<\/h1>\n<p style=\"text-align: right\">230118<\/p>\n<h2>PROTECTION OF PERSONAL INFORMATION<\/h2>\n<p>All processing of personal data is done in accordance with the General Data Protection Regulation (GDPR). Matting AB saves personal data, such as e-mail addresses, names, addresses and telephone numbers when there is a contract or with the support of another balance of interests, e.g., a contractual agreement. based on your professional role and\/or the sector you belong to.<br \/>We use the technology for web portals and pages that are part of its platform to provide you, the user, with the safest and best online experience possible. As a user or visitor to any Matting AB website, you accept these guidelines as described in these terms and conditions.<\/p>\n<p>Information about the user&#8217;s hardware and software may be automatically collected by Matting AB. It may contain information such as: IP address, browser type, domain, access time and external web address.<\/p>\n<p>&nbsp;<\/p>\n<h2>USE OF PERSONAL INFORMATION<\/h2>\n<p>Matting AB collects and uses personal data about the user as described above in order to perform the transaction and deliver products and services.<br \/>Matting AB also uses the information to inform you about products and services available from us. For this purpose, the information may be disclosed to Matting AB&#8217;s partners. You have the right to access the personal data recorded about you. If the information is incorrect or irrelevant, please contact us for correction. We have procedures to keep our records up to date and they are cleared at regular intervals.<\/p>\n<p>We may share your personal data with our data processors (e.g. web agency, accounting firm, partners, etc. who handle personal data on our behalf) and only in cases where it is necessary to fulfill our commitment. We sign contracts with all data processors. Data sent to independent data controllers are subject to that company&#8217;s privacy policy and personal data management.<\/p>\n<p>Newsletters and invitations: to respond to your interest in receiving offers, information and news from us.<\/p>\n<ul>\n<li>Processing operations carried out: Sending of newsletters and information.<\/li>\n<li>Personal data stored: Name, company, title, city and email.<\/li>\n<li>Legal basis: balancing of interests. The processing is carried out to meet your legitimate interest in receiving relevant offers, information and news from us.<\/li>\n<li>Storage: The data is stored in our account in our mailing program until you choose to unsubscribe.<\/li>\n<\/ul>\n<p>&nbsp;<\/p>\n<h2>USE OF COOKIES<\/h2>\n<p>Matting AB&#8217;s websites use &#8220;cookies&#8221;. A cookie is a text file placed on your hard drive by Matting AB&#8217;s web server. We use cookies to save you time when using our web portal. We will not disclose any information collected in this way to third parties.<\/p>\n<p>&nbsp;<\/p>\n<h2>SECURITY<\/h2>\n<p>We handle all personal information in a professional manner, protecting it from unauthorized access or use. Where we use external system providers, we have Processing Agreements with them to ensure that the data they process on our behalf is protected.<\/p>\n<p>&nbsp;<\/p>\n<h2>CHANGES TO THIS POLICY<\/h2>\n<p>Matting AB may update these terms and conditions, e.g.. to changes in legislation or other changes.<\/p>\n<p>&nbsp;<\/p>\n<h2>CONTACT<\/h2>\n<p>For questions about Matting AB&#8217;s processing of information, please contact us at <a href=\"mailto:personuppgift@matting.se\">personuppgift@matting.se<\/a>.<\/p>\n<p>[\/et_pb_text][\/et_pb_column][\/et_pb_row][\/et_pb_section]<\/p>\n","protected":false},"excerpt":{"rendered":"<p>Personal data policyMatting AB 230118 PROTECTION OF PERSONAL INFORMATION All processing of personal data is done in accordance with the General Data Protection Regulation (GDPR). Matting AB saves personal data, such as e-mail addresses, names, addresses and telephone numbers when there is a contract or with the support of another balance of interests, e.g., a [&hellip;]<\/p>\n","protected":false},"author":10,"featured_media":0,"parent":0,"menu_order":0,"comment_status":"closed","ping_status":"closed","template":"","meta":{"_et_pb_use_builder":"on","_et_pb_old_content":"","_et_gb_content_width":"","footnotes":""},"class_list":["post-245948","page","type-page","status-publish","hentry"],"yoast_head":"<!-- This site is optimized with the Yoast SEO plugin v25.6 - https:\/\/yoast.com\/wordpress\/plugins\/seo\/ -->\n<title>Privacy policy - Matting<\/title>\n<meta name=\"description\" content=\"Matting - Uppt\u00e4ck Mattings h\u00e5llbara koncept och produkter f\u00f6r publika milj\u00f6er, arbetsplatser och skolor\" \/>\n<meta name=\"robots\" content=\"index, follow, max-snippet:-1, max-image-preview:large, max-video-preview:-1\" \/>\n<link rel=\"canonical\" href=\"https:\/\/matting.se\/en\/privacy-policy\/\" \/>\n<meta property=\"og:locale\" content=\"en_US\" \/>\n<meta property=\"og:type\" content=\"article\" \/>\n<meta property=\"og:title\" content=\"Privacy policy - Matting\" \/>\n<meta property=\"og:description\" content=\"Matting - Uppt\u00e4ck Mattings h\u00e5llbara koncept och produkter f\u00f6r publika milj\u00f6er, arbetsplatser och skolor\" \/>\n<meta property=\"og:url\" content=\"https:\/\/matting.se\/en\/privacy-policy\/\" \/>\n<meta property=\"og:site_name\" content=\"Matting\" \/>\n<meta property=\"article:modified_time\" content=\"2023-12-06T08:57:49+00:00\" \/>\n<meta name=\"twitter:card\" content=\"summary_large_image\" \/>\n<meta name=\"twitter:label1\" content=\"Est. reading time\" \/>\n\t<meta name=\"twitter:data1\" content=\"3 minutes\" \/>\n<script type=\"application\/ld+json\" class=\"yoast-schema-graph\">{\"@context\":\"https:\/\/schema.org\",\"@graph\":[{\"@type\":\"WebPage\",\"@id\":\"https:\/\/matting.se\/en\/privacy-policy\/\",\"url\":\"https:\/\/matting.se\/en\/privacy-policy\/\",\"name\":\"Privacy policy - Matting\",\"isPartOf\":{\"@id\":\"https:\/\/matting.se\/en\/#website\"},\"datePublished\":\"2022-01-18T10:32:45+00:00\",\"dateModified\":\"2023-12-06T08:57:49+00:00\",\"description\":\"Matting - Uppt\u00e4ck Mattings h\u00e5llbara koncept och produkter f\u00f6r publika milj\u00f6er, arbetsplatser och skolor\",\"breadcrumb\":{\"@id\":\"https:\/\/matting.se\/en\/privacy-policy\/#breadcrumb\"},\"inLanguage\":\"en-US\",\"potentialAction\":[{\"@type\":\"ReadAction\",\"target\":[\"https:\/\/matting.se\/en\/privacy-policy\/\"]}]},{\"@type\":\"BreadcrumbList\",\"@id\":\"https:\/\/matting.se\/en\/privacy-policy\/#breadcrumb\",\"itemListElement\":[{\"@type\":\"ListItem\",\"position\":1,\"name\":\"Hem\",\"item\":\"https:\/\/matting.se\/en\/\"},{\"@type\":\"ListItem\",\"position\":2,\"name\":\"Privacy policy\"}]},{\"@type\":\"WebSite\",\"@id\":\"https:\/\/matting.se\/en\/#website\",\"url\":\"https:\/\/matting.se\/en\/\",\"name\":\"Matting\",\"description\":\"\",\"potentialAction\":[{\"@type\":\"SearchAction\",\"target\":{\"@type\":\"EntryPoint\",\"urlTemplate\":\"https:\/\/matting.se\/en\/?s={search_term_string}\"},\"query-input\":{\"@type\":\"PropertyValueSpecification\",\"valueRequired\":true,\"valueName\":\"search_term_string\"}}],\"inLanguage\":\"en-US\"}]}<\/script>\n<!-- \/ Yoast SEO plugin. -->","yoast_head_json":{"title":"Privacy policy - Matting","description":"Matting - Uppt\u00e4ck Mattings h\u00e5llbara koncept och produkter f\u00f6r publika milj\u00f6er, arbetsplatser och skolor","robots":{"index":"index","follow":"follow","max-snippet":"max-snippet:-1","max-image-preview":"max-image-preview:large","max-video-preview":"max-video-preview:-1"},"canonical":"https:\/\/matting.se\/en\/privacy-policy\/","og_locale":"en_US","og_type":"article","og_title":"Privacy policy - Matting","og_description":"Matting - Uppt\u00e4ck Mattings h\u00e5llbara koncept och produkter f\u00f6r publika milj\u00f6er, arbetsplatser och skolor","og_url":"https:\/\/matting.se\/en\/privacy-policy\/","og_site_name":"Matting","article_modified_time":"2023-12-06T08:57:49+00:00","twitter_card":"summary_large_image","twitter_misc":{"Est. reading time":"3 minutes"},"schema":{"@context":"https:\/\/schema.org","@graph":[{"@type":"WebPage","@id":"https:\/\/matting.se\/en\/privacy-policy\/","url":"https:\/\/matting.se\/en\/privacy-policy\/","name":"Privacy policy - Matting","isPartOf":{"@id":"https:\/\/matting.se\/en\/#website"},"datePublished":"2022-01-18T10:32:45+00:00","dateModified":"2023-12-06T08:57:49+00:00","description":"Matting - Uppt\u00e4ck Mattings h\u00e5llbara koncept och produkter f\u00f6r publika milj\u00f6er, arbetsplatser och skolor","breadcrumb":{"@id":"https:\/\/matting.se\/en\/privacy-policy\/#breadcrumb"},"inLanguage":"en-US","potentialAction":[{"@type":"ReadAction","target":["https:\/\/matting.se\/en\/privacy-policy\/"]}]},{"@type":"BreadcrumbList","@id":"https:\/\/matting.se\/en\/privacy-policy\/#breadcrumb","itemListElement":[{"@type":"ListItem","position":1,"name":"Hem","item":"https:\/\/matting.se\/en\/"},{"@type":"ListItem","position":2,"name":"Privacy policy"}]},{"@type":"WebSite","@id":"https:\/\/matting.se\/en\/#website","url":"https:\/\/matting.se\/en\/","name":"Matting","description":"","potentialAction":[{"@type":"SearchAction","target":{"@type":"EntryPoint","urlTemplate":"https:\/\/matting.se\/en\/?s={search_term_string}"},"query-input":{"@type":"PropertyValueSpecification","valueRequired":true,"valueName":"search_term_string"}}],"inLanguage":"en-US"}]}},"_links":{"self":[{"href":"https:\/\/matting.se\/en\/wp-json\/wp\/v2\/pages\/245948","targetHints":{"allow":["GET"]}}],"collection":[{"href":"https:\/\/matting.se\/en\/wp-json\/wp\/v2\/pages"}],"about":[{"href":"https:\/\/matting.se\/en\/wp-json\/wp\/v2\/types\/page"}],"author":[{"embeddable":true,"href":"https:\/\/matting.se\/en\/wp-json\/wp\/v2\/users\/10"}],"replies":[{"embeddable":true,"href":"https:\/\/matting.se\/en\/wp-json\/wp\/v2\/comments?post=245948"}],"version-history":[{"count":0,"href":"https:\/\/matting.se\/en\/wp-json\/wp\/v2\/pages\/245948\/revisions"}],"wp:attachment":[{"href":"https:\/\/matting.se\/en\/wp-json\/wp\/v2\/media?parent=245948"}],"curies":[{"name":"wp","href":"https:\/\/api.w.org\/{rel}","templated":true}]}}