{"id":252403,"date":"2021-05-24T12:31:32","date_gmt":"2021-05-24T11:31:32","guid":{"rendered":"https:\/\/matting.se\/produkt\/neos-klamfaste\/"},"modified":"2025-02-14T14:04:04","modified_gmt":"2025-02-14T13:04:04","slug":"neos-bordtvinge","status":"publish","type":"product","link":"https:\/\/matting.se\/da\/produkt\/neos-bordtvinge\/","title":{"rendered":"NEOS bordtvinge"},"content":{"rendered":"<p>NEOS er et innovativt belysningskoncept, der giver dig frihed til at bygge din lampe med de funktioner, du \u00f8nsker eller har brug for. NEOS-bordlampen kombinerer lang levetid og holdbarhed med stilfuldt design og moderne teknologi. En lampe, der b\u00e5de er klassisk og innovativ, med et stilrent design, men stadig med sit eget udtryk. NEOS kan bygges op.<\/p>\n<p>Du v\u00e6lger de muligheder, du vil have i din lampe, og sammens\u00e6tter din egen version. Den f\u00e5s i to modeller med lampearm og bordfod. Modellerne er X og Z. Der findes ogs\u00e5 en klemmemontering eller en gennemf\u00f8ringsmontering. NEOS f\u00e5s i flere farver.<\/p>\n<p>Dette produkt er\u00a0<strong>NEOS\u2019 bordtvinge<\/strong>. Den f\u00e5s i farverne Black, White og Forest Green. NEOS-klemmen er en klemme af h\u00f8j kvalitet, der passer til de fleste bordplader. Glem ikke at v\u00e6lge en model X eller Z lampearm for en komplet lampe.<\/p>\n<p>G\u00d8R DETTE:<br \/>\nTRIN 1 \u2013 V\u00c6LG LAMPEARM<br \/>\nX-armen giver dig en lampe med asymmetrisk lys, der flyder over et stort omr\u00e5de. Du f\u00e5r en justerbar farvetemperatur, s\u00e5 du kan skifte mellem varmt og koldt lys og justere det i l\u00f8bet af dagen (CCT).<br \/>\nMed Z-armen f\u00e5r du en lampe med et COB LED-modul, der giver en masse punktlys af h\u00f8j kvalitet p\u00e5 en centreret overflade. Begge modeller har lysd\u00e6mper og timer.<\/p>\n<p>TRIN 2 \u2013 V\u00c6LG BORDFOD ELLER BESLAG<br \/>\nN\u00e5r du har valgt bordarm, skal du v\u00e6lge bordfod eller beslag. Du kan v\u00e6lge mellem vores to modeller af bordf\u00f8dder:<br \/>\n\u2013 NEOS X-bordfoden har QI-opladning og ogs\u00e5 en ekstra USB-opladning til mobile enheder.<br \/>\n\u2013 NEOS Z bordunderstel er et enkelt og stilrent bordunderstel. eller v\u00e6lg en klemmemontering eller en gennemf\u00f8ringsmontering (stift) for at spare bordplads.<\/p>\n<p>Design: Peter Mattisson<\/p>\n","protected":false},"excerpt":{"rendered":"<p>NEOS er et innovativt belysningskoncept, der giver dig frihed til at bygge din lampe med de funktioner, du \u00f8nsker eller har brug for. NEOS-bordlampen kombinerer lang levetid og holdbarhed med stilfuldt design og moderne teknologi. En lampe, der b\u00e5de er klassisk og innovativ, med et stilrent design, men stadig med sit eget udtryk. NEOS kan [&hellip;]<\/p>\n","protected":false},"featured_media":238918,"template":"","meta":{"_et_pb_use_builder":"off","_et_pb_old_content":"NEOS \u00e4r ett nyt\u00e4nkande lampkoncept som ger dig frihet att bygga din lampa med de funktioner du vill ha eller beh\u00f6ver.\r\nNEOS bordslampa kombinerar l\u00e5ng livsl\u00e4ngd och h\u00e5llbarhet med snygg design och modern teknik.\r\nEn lampa som \u00e4r b\u00e5de klassisk och innovativ, i stilren design men \u00e4nd\u00e5 med ett helt eget uttryck.\r\n\r\nNEOS \u00e4r byggbar. Du v\u00e4ljer de tillval du \u00f6nskar i din lampa och plockar ihop din egen version.\r\nDen finns i tv\u00e5 modeller i lamparm och bordsfot. Modellerna \u00e4r X och Z. Det finns ocks\u00e5 kl\u00e4mf\u00e4ste eller genomf\u00f6rningsf\u00e4ste.\r\nNEOS finns i flera f\u00e4rger.\r\n\r\nDenna produkt \u00e4r <strong>NEOS kl\u00e4mf\u00e4ste<\/strong>. Den finns i f\u00e4rgerna Black, White, Sandstone Grey, Sunset Gold och Forest Green.\r\nNEOS kl\u00e4mf\u00e4ste \u00e4r av h\u00f6g kvalitet som passar de flesta bordsskivor.\r\nGl\u00f6m inte att v\u00e4lja en lamparm av modell X eller Z f\u00f6r att f\u00e5 en komplett lampa.\r\n\r\nG\u00d6R S\u00c5 H\u00c4R:\r\nSTEG 1 - V\u00c4LJ LAMPARM\r\nMed X-armen f\u00e5r du en lampa med asymmetriskt ljus som fl\u00f6dar \u00f6ver stor yta. Du f\u00e5r st\u00e4llbar f\u00e4rgtemperatur s\u00e5 att du kan v\u00e4xla mellan varmt och kallt ljus och som du kan anpassa under dygnet (CCT).\r\nMed Z-armen f\u00e5r du en lampa med COB LED modul som ger mycket och h\u00f6gkvalitativt punktljus p\u00e5 en centrerad yta.\r\nI b\u00e5da modellerna ing\u00e5r dimmer och timer.\r\n\r\nSTEG 2 - V\u00c4LJ BORDSFOT ELLER F\u00c4STE\r\nEfter att du valt bordsarm v\u00e4ljer du bordsfot eller f\u00e4ste.\r\n\r\nDu kan v\u00e4lja mellan v\u00e5ra tv\u00e5 modeller av bordsfot:\r\n- NEOS X-bordsfot har QI-laddning och \u00e4ven en extra USB-laddning f\u00f6r mobila enheter.\r\n- NEOS Z-bordsfot \u00e4r en enkel, stilren bordsfot.\r\n\r\neller v\u00e4lj ett kl\u00e4mf\u00e4ste eller ett genomf\u00f6rningsf\u00e4ste (pin) f\u00f6r att spara bordsyta.\r\n\r\nDesign: Peter Mattisson","_et_gb_content_width":""},"product_brand":[],"product_cat":[248,186,249,250],"product_tag":[],"class_list":{"0":"post-252403","1":"product","2":"type-product","3":"status-publish","4":"has-post-thumbnail","6":"product_cat-belysning-til-skrivebordet","7":"product_cat-matting-interior-da","8":"product_cat-belysning-mi-da","9":"product_cat-belysning-til-skrivebordet-mi","11":"first","12":"instock","13":"taxable","14":"shipping-taxable","15":"purchasable","16":"product-type-variable","17":"has-default-attributes"},"yoast_head":"<!-- This site is optimized with the Yoast SEO plugin v25.6 - https:\/\/yoast.com\/wordpress\/plugins\/seo\/ -->\n<title>NEOS bordtvinge - Matting<\/title>\n<meta name=\"description\" content=\"NEOS bordtvinge - Se Mattings h\u00e5llbara koncept och produkter f\u00f6r publika milj\u00f6er, arbetsplatser och skolor.\" \/>\n<meta name=\"robots\" content=\"index, follow, max-snippet:-1, max-image-preview:large, max-video-preview:-1\" \/>\n<link rel=\"canonical\" href=\"https:\/\/matting.se\/da\/produkt\/neos-bordtvinge\/\" \/>\n<meta property=\"og:locale\" content=\"da_DK\" \/>\n<meta property=\"og:type\" content=\"article\" \/>\n<meta property=\"og:title\" content=\"NEOS bordtvinge - Matting\" \/>\n<meta property=\"og:description\" content=\"NEOS bordtvinge - Se Mattings h\u00e5llbara koncept och produkter f\u00f6r publika milj\u00f6er, arbetsplatser och skolor.\" \/>\n<meta property=\"og:url\" content=\"https:\/\/matting.se\/da\/produkt\/neos-bordtvinge\/\" \/>\n<meta property=\"og:site_name\" content=\"Matting\" \/>\n<meta property=\"article:modified_time\" content=\"2025-02-14T13:04:04+00:00\" \/>\n<meta property=\"og:image\" content=\"https:\/\/matting.se\/wp-content\/uploads\/2021\/05\/775104_NEOS_clamp_black_single.jpg\" \/>\n\t<meta property=\"og:image:width\" content=\"800\" \/>\n\t<meta property=\"og:image:height\" content=\"800\" \/>\n\t<meta property=\"og:image:type\" content=\"image\/jpeg\" \/>\n<meta name=\"twitter:card\" content=\"summary_large_image\" \/>\n<meta name=\"twitter:label1\" content=\"Estimeret l\u00e6setid\" \/>\n\t<meta name=\"twitter:data1\" content=\"2 minutter\" \/>\n<script type=\"application\/ld+json\" class=\"yoast-schema-graph\">{\"@context\":\"https:\/\/schema.org\",\"@graph\":[{\"@type\":[\"WebPage\",\"ItemPage\"],\"@id\":\"https:\/\/matting.se\/da\/produkt\/neos-bordtvinge\/\",\"url\":\"https:\/\/matting.se\/da\/produkt\/neos-bordtvinge\/\",\"name\":\"NEOS bordtvinge - Matting\",\"isPartOf\":{\"@id\":\"https:\/\/matting.se\/da\/#website\"},\"primaryImageOfPage\":{\"@id\":\"https:\/\/matting.se\/da\/produkt\/neos-bordtvinge\/#primaryimage\"},\"image\":{\"@id\":\"https:\/\/matting.se\/da\/produkt\/neos-bordtvinge\/#primaryimage\"},\"thumbnailUrl\":\"https:\/\/matting.se\/wp-content\/uploads\/2021\/05\/775104_NEOS_clamp_black_single.jpg\",\"datePublished\":\"2021-05-24T11:31:32+00:00\",\"dateModified\":\"2025-02-14T13:04:04+00:00\",\"description\":\"NEOS bordtvinge - Se Mattings h\u00e5llbara koncept och produkter f\u00f6r publika milj\u00f6er, arbetsplatser och skolor.\",\"breadcrumb\":{\"@id\":\"https:\/\/matting.se\/da\/produkt\/neos-bordtvinge\/#breadcrumb\"},\"inLanguage\":\"da-DK\",\"potentialAction\":[{\"@type\":\"ReadAction\",\"target\":[\"https:\/\/matting.se\/da\/produkt\/neos-bordtvinge\/\"]}]},{\"@type\":\"ImageObject\",\"inLanguage\":\"da-DK\",\"@id\":\"https:\/\/matting.se\/da\/produkt\/neos-bordtvinge\/#primaryimage\",\"url\":\"https:\/\/matting.se\/wp-content\/uploads\/2021\/05\/775104_NEOS_clamp_black_single.jpg\",\"contentUrl\":\"https:\/\/matting.se\/wp-content\/uploads\/2021\/05\/775104_NEOS_clamp_black_single.jpg\",\"width\":800,\"height\":800},{\"@type\":\"BreadcrumbList\",\"@id\":\"https:\/\/matting.se\/da\/produkt\/neos-bordtvinge\/#breadcrumb\",\"itemListElement\":[{\"@type\":\"ListItem\",\"position\":1,\"name\":\"Hem\",\"item\":\"https:\/\/matting.se\/da\/\"},{\"@type\":\"ListItem\",\"position\":2,\"name\":\"Shop\",\"item\":\"https:\/\/matting.se\/shop\/\"},{\"@type\":\"ListItem\",\"position\":3,\"name\":\"Matting Interior\",\"item\":\"https:\/\/matting.se\/da\/produkt-kategori\/matting-interior-da\/\"},{\"@type\":\"ListItem\",\"position\":4,\"name\":\"Belysning\",\"item\":\"https:\/\/matting.se\/da\/produkt-kategori\/matting-interior-da\/belysning-mi-da\/\"},{\"@type\":\"ListItem\",\"position\":5,\"name\":\"Belysning til skrivebordet MI\",\"item\":\"https:\/\/matting.se\/da\/produkt-kategori\/matting-interior-da\/belysning-mi-da\/belysning-til-skrivebordet-mi\/\"},{\"@type\":\"ListItem\",\"position\":6,\"name\":\"NEOS bordtvinge\"}]},{\"@type\":\"WebSite\",\"@id\":\"https:\/\/matting.se\/da\/#website\",\"url\":\"https:\/\/matting.se\/da\/\",\"name\":\"Matting\",\"description\":\"\",\"potentialAction\":[{\"@type\":\"SearchAction\",\"target\":{\"@type\":\"EntryPoint\",\"urlTemplate\":\"https:\/\/matting.se\/da\/?s={search_term_string}\"},\"query-input\":{\"@type\":\"PropertyValueSpecification\",\"valueRequired\":true,\"valueName\":\"search_term_string\"}}],\"inLanguage\":\"da-DK\"}]}<\/script>\n<!-- \/ Yoast SEO plugin. -->","yoast_head_json":{"title":"NEOS bordtvinge - Matting","description":"NEOS bordtvinge - Se Mattings h\u00e5llbara koncept och produkter f\u00f6r publika milj\u00f6er, arbetsplatser och skolor.","robots":{"index":"index","follow":"follow","max-snippet":"max-snippet:-1","max-image-preview":"max-image-preview:large","max-video-preview":"max-video-preview:-1"},"canonical":"https:\/\/matting.se\/da\/produkt\/neos-bordtvinge\/","og_locale":"da_DK","og_type":"article","og_title":"NEOS bordtvinge - Matting","og_description":"NEOS bordtvinge - Se Mattings h\u00e5llbara koncept och produkter f\u00f6r publika milj\u00f6er, arbetsplatser och skolor.","og_url":"https:\/\/matting.se\/da\/produkt\/neos-bordtvinge\/","og_site_name":"Matting","article_modified_time":"2025-02-14T13:04:04+00:00","og_image":[{"width":800,"height":800,"url":"https:\/\/matting.se\/wp-content\/uploads\/2021\/05\/775104_NEOS_clamp_black_single.jpg","type":"image\/jpeg"}],"twitter_card":"summary_large_image","twitter_misc":{"Estimeret l\u00e6setid":"2 minutter"},"schema":{"@context":"https:\/\/schema.org","@graph":[{"@type":["WebPage","ItemPage"],"@id":"https:\/\/matting.se\/da\/produkt\/neos-bordtvinge\/","url":"https:\/\/matting.se\/da\/produkt\/neos-bordtvinge\/","name":"NEOS bordtvinge - Matting","isPartOf":{"@id":"https:\/\/matting.se\/da\/#website"},"primaryImageOfPage":{"@id":"https:\/\/matting.se\/da\/produkt\/neos-bordtvinge\/#primaryimage"},"image":{"@id":"https:\/\/matting.se\/da\/produkt\/neos-bordtvinge\/#primaryimage"},"thumbnailUrl":"https:\/\/matting.se\/wp-content\/uploads\/2021\/05\/775104_NEOS_clamp_black_single.jpg","datePublished":"2021-05-24T11:31:32+00:00","dateModified":"2025-02-14T13:04:04+00:00","description":"NEOS bordtvinge - Se Mattings h\u00e5llbara koncept och produkter f\u00f6r publika milj\u00f6er, arbetsplatser och skolor.","breadcrumb":{"@id":"https:\/\/matting.se\/da\/produkt\/neos-bordtvinge\/#breadcrumb"},"inLanguage":"da-DK","potentialAction":[{"@type":"ReadAction","target":["https:\/\/matting.se\/da\/produkt\/neos-bordtvinge\/"]}]},{"@type":"ImageObject","inLanguage":"da-DK","@id":"https:\/\/matting.se\/da\/produkt\/neos-bordtvinge\/#primaryimage","url":"https:\/\/matting.se\/wp-content\/uploads\/2021\/05\/775104_NEOS_clamp_black_single.jpg","contentUrl":"https:\/\/matting.se\/wp-content\/uploads\/2021\/05\/775104_NEOS_clamp_black_single.jpg","width":800,"height":800},{"@type":"BreadcrumbList","@id":"https:\/\/matting.se\/da\/produkt\/neos-bordtvinge\/#breadcrumb","itemListElement":[{"@type":"ListItem","position":1,"name":"Hem","item":"https:\/\/matting.se\/da\/"},{"@type":"ListItem","position":2,"name":"Shop","item":"https:\/\/matting.se\/shop\/"},{"@type":"ListItem","position":3,"name":"Matting Interior","item":"https:\/\/matting.se\/da\/produkt-kategori\/matting-interior-da\/"},{"@type":"ListItem","position":4,"name":"Belysning","item":"https:\/\/matting.se\/da\/produkt-kategori\/matting-interior-da\/belysning-mi-da\/"},{"@type":"ListItem","position":5,"name":"Belysning til skrivebordet MI","item":"https:\/\/matting.se\/da\/produkt-kategori\/matting-interior-da\/belysning-mi-da\/belysning-til-skrivebordet-mi\/"},{"@type":"ListItem","position":6,"name":"NEOS bordtvinge"}]},{"@type":"WebSite","@id":"https:\/\/matting.se\/da\/#website","url":"https:\/\/matting.se\/da\/","name":"Matting","description":"","potentialAction":[{"@type":"SearchAction","target":{"@type":"EntryPoint","urlTemplate":"https:\/\/matting.se\/da\/?s={search_term_string}"},"query-input":{"@type":"PropertyValueSpecification","valueRequired":true,"valueName":"search_term_string"}}],"inLanguage":"da-DK"}]}},"_links":{"self":[{"href":"https:\/\/matting.se\/da\/wp-json\/wp\/v2\/product\/252403","targetHints":{"allow":["GET"]}}],"collection":[{"href":"https:\/\/matting.se\/da\/wp-json\/wp\/v2\/product"}],"about":[{"href":"https:\/\/matting.se\/da\/wp-json\/wp\/v2\/types\/product"}],"wp:featuredmedia":[{"embeddable":true,"href":"https:\/\/matting.se\/da\/wp-json\/wp\/v2\/media\/238918"}],"wp:attachment":[{"href":"https:\/\/matting.se\/da\/wp-json\/wp\/v2\/media?parent=252403"}],"wp:term":[{"taxonomy":"product_brand","embeddable":true,"href":"https:\/\/matting.se\/da\/wp-json\/wp\/v2\/product_brand?post=252403"},{"taxonomy":"product_cat","embeddable":true,"href":"https:\/\/matting.se\/da\/wp-json\/wp\/v2\/product_cat?post=252403"},{"taxonomy":"product_tag","embeddable":true,"href":"https:\/\/matting.se\/da\/wp-json\/wp\/v2\/product_tag?post=252403"}],"curies":[{"name":"wp","href":"https:\/\/api.w.org\/{rel}","templated":true}]}}