{"id":252190,"date":"2023-08-17T13:34:28","date_gmt":"2023-08-17T12:34:28","guid":{"rendered":"https:\/\/matting.se\/produkt\/madrid-skrivebordslampe\/"},"modified":"2023-08-17T13:34:28","modified_gmt":"2023-08-17T12:34:28","slug":"madrid-skrivebordslampe","status":"publish","type":"product","link":"https:\/\/matting.se\/da\/produkt\/madrid-skrivebordslampe\/","title":{"rendered":"MADRID skrivebordslampe"},"content":{"rendered":"<p class=\"p1\">MADRID med COB LED-teknologi er en skrivebordslampe med lang r\u00e6kkevidde og kraftigt lys. Lampehoved og bordfod i et stilfuldt, kvadratisk design. Smart 4-trins ber\u00f8ringsd\u00e6mper p\u00e5 lampehovedet.<\/p>\n<p class=\"p1\">Et fastsp\u00e6ndingsbeslag f\u00e5s som ekstraudstyr.<\/p>\n","protected":false},"excerpt":{"rendered":"<p>MADRID med COB LED-teknologi er en skrivebordslampe med lang r\u00e6kkevidde og kraftigt lys. Lampehoved og bordfod i et stilfuldt, kvadratisk design. Smart 4-trins ber\u00f8ringsd\u00e6mper p\u00e5 lampehovedet. Et fastsp\u00e6ndingsbeslag f\u00e5s som ekstraudstyr.<\/p>\n","protected":false},"featured_media":241801,"template":"","meta":{"_et_pb_use_builder":"","_et_pb_old_content":"","_et_gb_content_width":""},"product_brand":[],"product_cat":[294,186,249,250],"product_tag":[],"class_list":{"0":"post-252190","1":"product","2":"type-product","3":"status-publish","4":"has-post-thumbnail","6":"product_cat-ikke-kategoriseret","7":"product_cat-matting-interior-da","8":"product_cat-belysning-mi-da","9":"product_cat-belysning-til-skrivebordet-mi","11":"first","12":"instock","13":"taxable","14":"shipping-taxable","15":"purchasable","16":"product-type-variable","17":"has-default-attributes"},"yoast_head":"<!-- This site is optimized with the Yoast SEO plugin v25.6 - https:\/\/yoast.com\/wordpress\/plugins\/seo\/ -->\n<title>MADRID skrivebordslampe - Matting<\/title>\n<meta name=\"description\" content=\"MADRID skrivebordslampe - Se Mattings h\u00e5llbara koncept och produkter f\u00f6r publika milj\u00f6er, arbetsplatser och skolor.\" \/>\n<meta name=\"robots\" content=\"index, follow, max-snippet:-1, max-image-preview:large, max-video-preview:-1\" \/>\n<link rel=\"canonical\" href=\"https:\/\/matting.se\/da\/produkt\/madrid-skrivebordslampe\/\" \/>\n<meta property=\"og:locale\" content=\"da_DK\" \/>\n<meta property=\"og:type\" content=\"article\" \/>\n<meta property=\"og:title\" content=\"MADRID skrivebordslampe - Matting\" \/>\n<meta property=\"og:description\" content=\"MADRID skrivebordslampe - Se Mattings h\u00e5llbara koncept och produkter f\u00f6r publika milj\u00f6er, arbetsplatser och skolor.\" \/>\n<meta property=\"og:url\" content=\"https:\/\/matting.se\/da\/produkt\/madrid-skrivebordslampe\/\" \/>\n<meta property=\"og:site_name\" content=\"Matting\" \/>\n<meta property=\"og:image\" content=\"https:\/\/matting.se\/wp-content\/uploads\/2023\/08\/775928_MADRID_skrivbordslampa_black_side.jpg\" \/>\n\t<meta property=\"og:image:width\" content=\"800\" \/>\n\t<meta property=\"og:image:height\" content=\"800\" \/>\n\t<meta property=\"og:image:type\" content=\"image\/jpeg\" \/>\n<meta name=\"twitter:card\" content=\"summary_large_image\" \/>\n<script type=\"application\/ld+json\" class=\"yoast-schema-graph\">{\"@context\":\"https:\/\/schema.org\",\"@graph\":[{\"@type\":[\"WebPage\",\"ItemPage\"],\"@id\":\"https:\/\/matting.se\/da\/produkt\/madrid-skrivebordslampe\/\",\"url\":\"https:\/\/matting.se\/da\/produkt\/madrid-skrivebordslampe\/\",\"name\":\"MADRID skrivebordslampe - Matting\",\"isPartOf\":{\"@id\":\"https:\/\/matting.se\/da\/#website\"},\"primaryImageOfPage\":{\"@id\":\"https:\/\/matting.se\/da\/produkt\/madrid-skrivebordslampe\/#primaryimage\"},\"image\":{\"@id\":\"https:\/\/matting.se\/da\/produkt\/madrid-skrivebordslampe\/#primaryimage\"},\"thumbnailUrl\":\"https:\/\/matting.se\/wp-content\/uploads\/2023\/08\/775928_MADRID_skrivbordslampa_black_side.jpg\",\"datePublished\":\"2023-08-17T12:34:28+00:00\",\"description\":\"MADRID skrivebordslampe - Se Mattings h\u00e5llbara koncept och produkter f\u00f6r publika milj\u00f6er, arbetsplatser och skolor.\",\"breadcrumb\":{\"@id\":\"https:\/\/matting.se\/da\/produkt\/madrid-skrivebordslampe\/#breadcrumb\"},\"inLanguage\":\"da-DK\",\"potentialAction\":[{\"@type\":\"ReadAction\",\"target\":[\"https:\/\/matting.se\/da\/produkt\/madrid-skrivebordslampe\/\"]}]},{\"@type\":\"ImageObject\",\"inLanguage\":\"da-DK\",\"@id\":\"https:\/\/matting.se\/da\/produkt\/madrid-skrivebordslampe\/#primaryimage\",\"url\":\"https:\/\/matting.se\/wp-content\/uploads\/2023\/08\/775928_MADRID_skrivbordslampa_black_side.jpg\",\"contentUrl\":\"https:\/\/matting.se\/wp-content\/uploads\/2023\/08\/775928_MADRID_skrivbordslampa_black_side.jpg\",\"width\":800,\"height\":800,\"caption\":\"MADRID med COB LED-teknologi er en skrivebordslampe med lang r\u00e6kkevidde og kraftigt lys.\"},{\"@type\":\"BreadcrumbList\",\"@id\":\"https:\/\/matting.se\/da\/produkt\/madrid-skrivebordslampe\/#breadcrumb\",\"itemListElement\":[{\"@type\":\"ListItem\",\"position\":1,\"name\":\"Hem\",\"item\":\"https:\/\/matting.se\/da\/\"},{\"@type\":\"ListItem\",\"position\":2,\"name\":\"Shop\",\"item\":\"https:\/\/matting.se\/shop\/\"},{\"@type\":\"ListItem\",\"position\":3,\"name\":\"MADRID skrivebordslampe\"}]},{\"@type\":\"WebSite\",\"@id\":\"https:\/\/matting.se\/da\/#website\",\"url\":\"https:\/\/matting.se\/da\/\",\"name\":\"Matting\",\"description\":\"\",\"potentialAction\":[{\"@type\":\"SearchAction\",\"target\":{\"@type\":\"EntryPoint\",\"urlTemplate\":\"https:\/\/matting.se\/da\/?s={search_term_string}\"},\"query-input\":{\"@type\":\"PropertyValueSpecification\",\"valueRequired\":true,\"valueName\":\"search_term_string\"}}],\"inLanguage\":\"da-DK\"}]}<\/script>\n<!-- \/ Yoast SEO plugin. -->","yoast_head_json":{"title":"MADRID skrivebordslampe - Matting","description":"MADRID skrivebordslampe - Se Mattings h\u00e5llbara koncept och produkter f\u00f6r publika milj\u00f6er, arbetsplatser och skolor.","robots":{"index":"index","follow":"follow","max-snippet":"max-snippet:-1","max-image-preview":"max-image-preview:large","max-video-preview":"max-video-preview:-1"},"canonical":"https:\/\/matting.se\/da\/produkt\/madrid-skrivebordslampe\/","og_locale":"da_DK","og_type":"article","og_title":"MADRID skrivebordslampe - Matting","og_description":"MADRID skrivebordslampe - Se Mattings h\u00e5llbara koncept och produkter f\u00f6r publika milj\u00f6er, arbetsplatser och skolor.","og_url":"https:\/\/matting.se\/da\/produkt\/madrid-skrivebordslampe\/","og_site_name":"Matting","og_image":[{"width":800,"height":800,"url":"https:\/\/matting.se\/wp-content\/uploads\/2023\/08\/775928_MADRID_skrivbordslampa_black_side.jpg","type":"image\/jpeg"}],"twitter_card":"summary_large_image","schema":{"@context":"https:\/\/schema.org","@graph":[{"@type":["WebPage","ItemPage"],"@id":"https:\/\/matting.se\/da\/produkt\/madrid-skrivebordslampe\/","url":"https:\/\/matting.se\/da\/produkt\/madrid-skrivebordslampe\/","name":"MADRID skrivebordslampe - Matting","isPartOf":{"@id":"https:\/\/matting.se\/da\/#website"},"primaryImageOfPage":{"@id":"https:\/\/matting.se\/da\/produkt\/madrid-skrivebordslampe\/#primaryimage"},"image":{"@id":"https:\/\/matting.se\/da\/produkt\/madrid-skrivebordslampe\/#primaryimage"},"thumbnailUrl":"https:\/\/matting.se\/wp-content\/uploads\/2023\/08\/775928_MADRID_skrivbordslampa_black_side.jpg","datePublished":"2023-08-17T12:34:28+00:00","description":"MADRID skrivebordslampe - Se Mattings h\u00e5llbara koncept och produkter f\u00f6r publika milj\u00f6er, arbetsplatser och skolor.","breadcrumb":{"@id":"https:\/\/matting.se\/da\/produkt\/madrid-skrivebordslampe\/#breadcrumb"},"inLanguage":"da-DK","potentialAction":[{"@type":"ReadAction","target":["https:\/\/matting.se\/da\/produkt\/madrid-skrivebordslampe\/"]}]},{"@type":"ImageObject","inLanguage":"da-DK","@id":"https:\/\/matting.se\/da\/produkt\/madrid-skrivebordslampe\/#primaryimage","url":"https:\/\/matting.se\/wp-content\/uploads\/2023\/08\/775928_MADRID_skrivbordslampa_black_side.jpg","contentUrl":"https:\/\/matting.se\/wp-content\/uploads\/2023\/08\/775928_MADRID_skrivbordslampa_black_side.jpg","width":800,"height":800,"caption":"MADRID med COB LED-teknologi er en skrivebordslampe med lang r\u00e6kkevidde og kraftigt lys."},{"@type":"BreadcrumbList","@id":"https:\/\/matting.se\/da\/produkt\/madrid-skrivebordslampe\/#breadcrumb","itemListElement":[{"@type":"ListItem","position":1,"name":"Hem","item":"https:\/\/matting.se\/da\/"},{"@type":"ListItem","position":2,"name":"Shop","item":"https:\/\/matting.se\/shop\/"},{"@type":"ListItem","position":3,"name":"MADRID skrivebordslampe"}]},{"@type":"WebSite","@id":"https:\/\/matting.se\/da\/#website","url":"https:\/\/matting.se\/da\/","name":"Matting","description":"","potentialAction":[{"@type":"SearchAction","target":{"@type":"EntryPoint","urlTemplate":"https:\/\/matting.se\/da\/?s={search_term_string}"},"query-input":{"@type":"PropertyValueSpecification","valueRequired":true,"valueName":"search_term_string"}}],"inLanguage":"da-DK"}]}},"_links":{"self":[{"href":"https:\/\/matting.se\/da\/wp-json\/wp\/v2\/product\/252190","targetHints":{"allow":["GET"]}}],"collection":[{"href":"https:\/\/matting.se\/da\/wp-json\/wp\/v2\/product"}],"about":[{"href":"https:\/\/matting.se\/da\/wp-json\/wp\/v2\/types\/product"}],"wp:featuredmedia":[{"embeddable":true,"href":"https:\/\/matting.se\/da\/wp-json\/wp\/v2\/media\/241801"}],"wp:attachment":[{"href":"https:\/\/matting.se\/da\/wp-json\/wp\/v2\/media?parent=252190"}],"wp:term":[{"taxonomy":"product_brand","embeddable":true,"href":"https:\/\/matting.se\/da\/wp-json\/wp\/v2\/product_brand?post=252190"},{"taxonomy":"product_cat","embeddable":true,"href":"https:\/\/matting.se\/da\/wp-json\/wp\/v2\/product_cat?post=252190"},{"taxonomy":"product_tag","embeddable":true,"href":"https:\/\/matting.se\/da\/wp-json\/wp\/v2\/product_tag?post=252190"}],"curies":[{"name":"wp","href":"https:\/\/api.w.org\/{rel}","templated":true}]}}