{"id":252074,"date":"2021-06-08T09:06:17","date_gmt":"2021-06-08T08:06:17","guid":{"rendered":"https:\/\/matting.se\/produkt\/neos-z-lampearm\/"},"modified":"2021-06-08T09:06:17","modified_gmt":"2021-06-08T08:06:17","slug":"neos-z-lampearm","status":"publish","type":"product","link":"https:\/\/matting.se\/da\/produkt\/neos-z-lampearm\/","title":{"rendered":"NEOS Z-lampearm"},"content":{"rendered":"<p>NEOS er et innovativt belysningskoncept, der giver dig frihed til at bygge din lampe med de funktioner, du \u00f8nsker eller har brug for. NEOS bordlampen kombinerer lang levetid og holdbarhed med stilfuldt design og moderne teknologi. En lampe, der b\u00e5de er klassisk og innovativ, med et stilrent design, men stadig med sit eget udtryk. NEOS kan bygges op. Du v\u00e6lger de muligheder, du vil have i din lampe, og sammens\u00e6tter din egen version. Den f\u00e5s i to modeller med lampearm og bordfod. Modellerne er X og Z. Der findes ogs\u00e5 en klemmemontering eller en gennemf\u00f8ringsmontering. NEOS f\u00e5s i flere farver. Dette produkt er <strong>NEOS Z-lampearmen<\/strong>. Den f\u00e5s i farverne Black, White og Sandstone Grey. NEOS Z har LED COB, som giver et spotlys med en st\u00e6rk lysstr\u00f8m over en centreret overflade. Den har ogs\u00e5 en lysd\u00e6mper med fire tilstande og en timer til 2, 4 eller 9 timer. NEOS Z er meget energieffektiv med F-m\u00e6rkning og 95 lumen\/watt. Glem ikke at v\u00e6lge en bordfod eller et beslag til lampearmen for at f\u00e5 en komplet lampe. G\u00d8R DETTE: STEG 1 &#8211; TRIN 1 \u2013 V\u00c6LG LAMPEARM X-armen giver dig en lampe med asymmetrisk lys, der flyder over et stort omr\u00e5de. Du f\u00e5r en justerbar farvetemperatur, s\u00e5 du kan skifte mellem varmt og koldt lys og justere det i l\u00f8bet af dagen (CCT). Med Z-armen f\u00e5r du en lampe med et LED COB-modul, der giver en masse punktlys af h\u00f8j kvalitet p\u00e5 en centreret overflade. Begge modeller har lysd\u00e6mper og timer. TRIN 2 &#8211; V\u00c6LG BORDFOD ELLER BESLAG N\u00e5r du har valgt bordarm, skal du v\u00e6lge bordfod eller beslag. Du kan v\u00e6lge mellem vores to modeller af bordf\u00f8dder: &#8211; NEOS X-bordfoden har QI-opladning og ogs\u00e5 en ekstra USB-opladning til mobile enheder. &#8211; NEOS Z bordunderstel er et enkelt og stilrent bordunderstel. Eller v\u00e6lg en klemmemontering eller en gennemf\u00f8ring (stift) for at spare bordplads. Design: Peter Mattisson<\/p>\n","protected":false},"excerpt":{"rendered":"<p>NEOS er et innovativt belysningskoncept, der giver dig frihed til at bygge din lampe med de funktioner, du \u00f8nsker eller har brug for. NEOS bordlampen kombinerer lang levetid og holdbarhed med stilfuldt design og moderne teknologi. En lampe, der b\u00e5de er klassisk og innovativ, med et stilrent design, men stadig med sit eget udtryk. NEOS [&hellip;]<\/p>\n","protected":false},"featured_media":239506,"template":"","meta":{"_et_pb_use_builder":"off","_et_pb_old_content":"NEOS er et innovativt belysningskoncept, der giver dig frihed til at bygge din lampe med de funktioner, du \u00f8nsker eller har brug for. NEOS bordlampen kombinerer lang levetid og holdbarhed med stilfuldt design og moderne teknologi. En lampe, der b\u00e5de er klassisk og innovativ, med et stilrent design, men stadig med sit eget udtryk. NEOS kan bygges op. Du v\u00e6lger de muligheder, du vil have i din lampe, og sammens\u00e6tter din egen version. Den f\u00e5s i to modeller med lampearm og bordfod. Modellerne er X og Z. Der findes ogs\u00e5 en klemmemontering eller en gennemf\u00f8ringsmontering. NEOS f\u00e5s i flere farver. Dette produkt er <strong>NEOS Z-lampearmen<\/strong>. Den f\u00e5s i farverne Black, White og Sandstone Grey. NEOS Z har LED COB, som giver et spotlys med en st\u00e6rk lysstr\u00f8m over en centreret overflade. Den har ogs\u00e5 en lysd\u00e6mper med fire tilstande og en timer til 2, 4 eller 9 timer. NEOS Z er meget energieffektiv med F-m\u00e6rkning og 95 lumen\/watt. Glem ikke at v\u00e6lge en bordfod eller et beslag til lampearmen for at f\u00e5 en komplet lampe. G\u00d8R DETTE: STEG 1 - TRIN 1 \u2013 V\u00c6LG LAMPEARM X-armen giver dig en lampe med asymmetrisk lys, der flyder over et stort omr\u00e5de. Du f\u00e5r en justerbar farvetemperatur, s\u00e5 du kan skifte mellem varmt og koldt lys og justere det i l\u00f8bet af dagen (CCT). Med Z-armen f\u00e5r du en lampe med et LED COB-modul, der giver en masse punktlys af h\u00f8j kvalitet p\u00e5 en centreret overflade. Begge modeller har lysd\u00e6mper og timer. TRIN 2 - V\u00c6LG BORDFOD ELLER BESLAG N\u00e5r du har valgt bordarm, skal du v\u00e6lge bordfod eller beslag. Du kan v\u00e6lge mellem vores to modeller af bordf\u00f8dder: - NEOS X-bordfoden har QI-opladning og ogs\u00e5 en ekstra USB-opladning til mobile enheder. - NEOS Z bordunderstel er et enkelt og stilrent bordunderstel. Eller v\u00e6lg en klemmemontering eller en gennemf\u00f8ring (stift) for at spare bordplads. Design: Peter Mattisson","_et_gb_content_width":""},"product_brand":[],"product_cat":[248,186,249,250],"product_tag":[],"class_list":{"0":"post-252074","1":"product","2":"type-product","3":"status-publish","4":"has-post-thumbnail","6":"product_cat-belysning-til-skrivebordet","7":"product_cat-matting-interior-da","8":"product_cat-belysning-mi-da","9":"product_cat-belysning-til-skrivebordet-mi","11":"first","12":"instock","13":"taxable","14":"shipping-taxable","15":"purchasable","16":"product-type-variable","17":"has-default-attributes"},"yoast_head":"<!-- This site is optimized with the Yoast SEO plugin v25.6 - https:\/\/yoast.com\/wordpress\/plugins\/seo\/ -->\n<title>NEOS Z skrivebordsbelysning<\/title>\n<meta name=\"description\" content=\"NEOS er et belysningskoncept, der giver dig frihed til at bygge din lampe med de funktioner, du \u00f8nsker eller har brug for. NEOS bordlampen kombinerer lang levetid og holdbarhed med stilfuldt design og moderne teknologi. Du v\u00e6lger de muligheder, du vil have i din lampe, og sammens\u00e6tter din egen version. Den f\u00e5s i to modeller med lampearm og bordfod. Modellerne er X og Z.\" \/>\n<meta name=\"robots\" content=\"index, follow, max-snippet:-1, max-image-preview:large, max-video-preview:-1\" \/>\n<link rel=\"canonical\" href=\"https:\/\/matting.se\/da\/produkt\/neos-z-lampearm\/\" \/>\n<meta property=\"og:locale\" content=\"da_DK\" \/>\n<meta property=\"og:type\" content=\"article\" \/>\n<meta property=\"og:title\" content=\"NEOS Z skrivebordsbelysning\" \/>\n<meta property=\"og:description\" content=\"NEOS er et belysningskoncept, der giver dig frihed til at bygge din lampe med de funktioner, du \u00f8nsker eller har brug for. NEOS bordlampen kombinerer lang levetid og holdbarhed med stilfuldt design og moderne teknologi. Du v\u00e6lger de muligheder, du vil have i din lampe, og sammens\u00e6tter din egen version. Den f\u00e5s i to modeller med lampearm og bordfod. Modellerne er X og Z.\" \/>\n<meta property=\"og:url\" content=\"https:\/\/matting.se\/da\/produkt\/neos-z-lampearm\/\" \/>\n<meta property=\"og:site_name\" content=\"Matting\" \/>\n<meta property=\"og:image\" content=\"https:\/\/matting.se\/wp-content\/uploads\/2021\/06\/775101_NEOS_Z_arm_black_single.jpg\" \/>\n\t<meta property=\"og:image:width\" content=\"800\" \/>\n\t<meta property=\"og:image:height\" content=\"800\" \/>\n\t<meta property=\"og:image:type\" content=\"image\/jpeg\" \/>\n<meta name=\"twitter:card\" content=\"summary_large_image\" \/>\n<meta name=\"twitter:label1\" content=\"Estimeret l\u00e6setid\" \/>\n\t<meta name=\"twitter:data1\" content=\"2 minutter\" \/>\n<script type=\"application\/ld+json\" class=\"yoast-schema-graph\">{\"@context\":\"https:\/\/schema.org\",\"@graph\":[{\"@type\":[\"WebPage\",\"ItemPage\"],\"@id\":\"https:\/\/matting.se\/da\/produkt\/neos-z-lampearm\/\",\"url\":\"https:\/\/matting.se\/da\/produkt\/neos-z-lampearm\/\",\"name\":\"NEOS Z skrivebordsbelysning\",\"isPartOf\":{\"@id\":\"https:\/\/matting.se\/da\/#website\"},\"primaryImageOfPage\":{\"@id\":\"https:\/\/matting.se\/da\/produkt\/neos-z-lampearm\/#primaryimage\"},\"image\":{\"@id\":\"https:\/\/matting.se\/da\/produkt\/neos-z-lampearm\/#primaryimage\"},\"thumbnailUrl\":\"https:\/\/matting.se\/wp-content\/uploads\/2021\/06\/775101_NEOS_Z_arm_black_single.jpg\",\"datePublished\":\"2021-06-08T08:06:17+00:00\",\"description\":\"NEOS er et belysningskoncept, der giver dig frihed til at bygge din lampe med de funktioner, du \u00f8nsker eller har brug for. NEOS bordlampen kombinerer lang levetid og holdbarhed med stilfuldt design og moderne teknologi. Du v\u00e6lger de muligheder, du vil have i din lampe, og sammens\u00e6tter din egen version. Den f\u00e5s i to modeller med lampearm og bordfod. Modellerne er X og Z.\",\"breadcrumb\":{\"@id\":\"https:\/\/matting.se\/da\/produkt\/neos-z-lampearm\/#breadcrumb\"},\"inLanguage\":\"da-DK\",\"potentialAction\":[{\"@type\":\"ReadAction\",\"target\":[\"https:\/\/matting.se\/da\/produkt\/neos-z-lampearm\/\"]}]},{\"@type\":\"ImageObject\",\"inLanguage\":\"da-DK\",\"@id\":\"https:\/\/matting.se\/da\/produkt\/neos-z-lampearm\/#primaryimage\",\"url\":\"https:\/\/matting.se\/wp-content\/uploads\/2021\/06\/775101_NEOS_Z_arm_black_single.jpg\",\"contentUrl\":\"https:\/\/matting.se\/wp-content\/uploads\/2021\/06\/775101_NEOS_Z_arm_black_single.jpg\",\"width\":800,\"height\":800},{\"@type\":\"BreadcrumbList\",\"@id\":\"https:\/\/matting.se\/da\/produkt\/neos-z-lampearm\/#breadcrumb\",\"itemListElement\":[{\"@type\":\"ListItem\",\"position\":1,\"name\":\"Hem\",\"item\":\"https:\/\/matting.se\/da\/\"},{\"@type\":\"ListItem\",\"position\":2,\"name\":\"Shop\",\"item\":\"https:\/\/matting.se\/shop\/\"},{\"@type\":\"ListItem\",\"position\":3,\"name\":\"NEOS Z-lampearm\"}]},{\"@type\":\"WebSite\",\"@id\":\"https:\/\/matting.se\/da\/#website\",\"url\":\"https:\/\/matting.se\/da\/\",\"name\":\"Matting\",\"description\":\"\",\"potentialAction\":[{\"@type\":\"SearchAction\",\"target\":{\"@type\":\"EntryPoint\",\"urlTemplate\":\"https:\/\/matting.se\/da\/?s={search_term_string}\"},\"query-input\":{\"@type\":\"PropertyValueSpecification\",\"valueRequired\":true,\"valueName\":\"search_term_string\"}}],\"inLanguage\":\"da-DK\"}]}<\/script>\n<!-- \/ Yoast SEO plugin. -->","yoast_head_json":{"title":"NEOS Z skrivebordsbelysning","description":"NEOS er et belysningskoncept, der giver dig frihed til at bygge din lampe med de funktioner, du \u00f8nsker eller har brug for. NEOS bordlampen kombinerer lang levetid og holdbarhed med stilfuldt design og moderne teknologi. Du v\u00e6lger de muligheder, du vil have i din lampe, og sammens\u00e6tter din egen version. Den f\u00e5s i to modeller med lampearm og bordfod. Modellerne er X og Z.","robots":{"index":"index","follow":"follow","max-snippet":"max-snippet:-1","max-image-preview":"max-image-preview:large","max-video-preview":"max-video-preview:-1"},"canonical":"https:\/\/matting.se\/da\/produkt\/neos-z-lampearm\/","og_locale":"da_DK","og_type":"article","og_title":"NEOS Z skrivebordsbelysning","og_description":"NEOS er et belysningskoncept, der giver dig frihed til at bygge din lampe med de funktioner, du \u00f8nsker eller har brug for. NEOS bordlampen kombinerer lang levetid og holdbarhed med stilfuldt design og moderne teknologi. Du v\u00e6lger de muligheder, du vil have i din lampe, og sammens\u00e6tter din egen version. Den f\u00e5s i to modeller med lampearm og bordfod. Modellerne er X og Z.","og_url":"https:\/\/matting.se\/da\/produkt\/neos-z-lampearm\/","og_site_name":"Matting","og_image":[{"width":800,"height":800,"url":"https:\/\/matting.se\/wp-content\/uploads\/2021\/06\/775101_NEOS_Z_arm_black_single.jpg","type":"image\/jpeg"}],"twitter_card":"summary_large_image","twitter_misc":{"Estimeret l\u00e6setid":"2 minutter"},"schema":{"@context":"https:\/\/schema.org","@graph":[{"@type":["WebPage","ItemPage"],"@id":"https:\/\/matting.se\/da\/produkt\/neos-z-lampearm\/","url":"https:\/\/matting.se\/da\/produkt\/neos-z-lampearm\/","name":"NEOS Z skrivebordsbelysning","isPartOf":{"@id":"https:\/\/matting.se\/da\/#website"},"primaryImageOfPage":{"@id":"https:\/\/matting.se\/da\/produkt\/neos-z-lampearm\/#primaryimage"},"image":{"@id":"https:\/\/matting.se\/da\/produkt\/neos-z-lampearm\/#primaryimage"},"thumbnailUrl":"https:\/\/matting.se\/wp-content\/uploads\/2021\/06\/775101_NEOS_Z_arm_black_single.jpg","datePublished":"2021-06-08T08:06:17+00:00","description":"NEOS er et belysningskoncept, der giver dig frihed til at bygge din lampe med de funktioner, du \u00f8nsker eller har brug for. NEOS bordlampen kombinerer lang levetid og holdbarhed med stilfuldt design og moderne teknologi. Du v\u00e6lger de muligheder, du vil have i din lampe, og sammens\u00e6tter din egen version. Den f\u00e5s i to modeller med lampearm og bordfod. Modellerne er X og Z.","breadcrumb":{"@id":"https:\/\/matting.se\/da\/produkt\/neos-z-lampearm\/#breadcrumb"},"inLanguage":"da-DK","potentialAction":[{"@type":"ReadAction","target":["https:\/\/matting.se\/da\/produkt\/neos-z-lampearm\/"]}]},{"@type":"ImageObject","inLanguage":"da-DK","@id":"https:\/\/matting.se\/da\/produkt\/neos-z-lampearm\/#primaryimage","url":"https:\/\/matting.se\/wp-content\/uploads\/2021\/06\/775101_NEOS_Z_arm_black_single.jpg","contentUrl":"https:\/\/matting.se\/wp-content\/uploads\/2021\/06\/775101_NEOS_Z_arm_black_single.jpg","width":800,"height":800},{"@type":"BreadcrumbList","@id":"https:\/\/matting.se\/da\/produkt\/neos-z-lampearm\/#breadcrumb","itemListElement":[{"@type":"ListItem","position":1,"name":"Hem","item":"https:\/\/matting.se\/da\/"},{"@type":"ListItem","position":2,"name":"Shop","item":"https:\/\/matting.se\/shop\/"},{"@type":"ListItem","position":3,"name":"NEOS Z-lampearm"}]},{"@type":"WebSite","@id":"https:\/\/matting.se\/da\/#website","url":"https:\/\/matting.se\/da\/","name":"Matting","description":"","potentialAction":[{"@type":"SearchAction","target":{"@type":"EntryPoint","urlTemplate":"https:\/\/matting.se\/da\/?s={search_term_string}"},"query-input":{"@type":"PropertyValueSpecification","valueRequired":true,"valueName":"search_term_string"}}],"inLanguage":"da-DK"}]}},"_links":{"self":[{"href":"https:\/\/matting.se\/da\/wp-json\/wp\/v2\/product\/252074","targetHints":{"allow":["GET"]}}],"collection":[{"href":"https:\/\/matting.se\/da\/wp-json\/wp\/v2\/product"}],"about":[{"href":"https:\/\/matting.se\/da\/wp-json\/wp\/v2\/types\/product"}],"wp:featuredmedia":[{"embeddable":true,"href":"https:\/\/matting.se\/da\/wp-json\/wp\/v2\/media\/239506"}],"wp:attachment":[{"href":"https:\/\/matting.se\/da\/wp-json\/wp\/v2\/media?parent=252074"}],"wp:term":[{"taxonomy":"product_brand","embeddable":true,"href":"https:\/\/matting.se\/da\/wp-json\/wp\/v2\/product_brand?post=252074"},{"taxonomy":"product_cat","embeddable":true,"href":"https:\/\/matting.se\/da\/wp-json\/wp\/v2\/product_cat?post=252074"},{"taxonomy":"product_tag","embeddable":true,"href":"https:\/\/matting.se\/da\/wp-json\/wp\/v2\/product_tag?post=252074"}],"curies":[{"name":"wp","href":"https:\/\/api.w.org\/{rel}","templated":true}]}}