{"id":252047,"date":"2023-08-17T13:34:28","date_gmt":"2023-08-17T12:34:28","guid":{"rendered":"https:\/\/matting.se\/produkt\/valencia-skrivebordslampe\/"},"modified":"2023-08-17T13:34:28","modified_gmt":"2023-08-17T12:34:28","slug":"valencia-skrivebordslampe","status":"publish","type":"product","link":"https:\/\/matting.se\/da\/produkt\/valencia-skrivebordslampe\/","title":{"rendered":"VALENCIA skrivebordslampe"},"content":{"rendered":"<p>VALENCIA er en asymmetrisk skrivebordslampe til arbejdspladsen, hvor der stilles h\u00f8je krav til funktionalitet og design. Mulighed for at v\u00e6lge automatisk slukning med timer, hvilket sparer energi. Knapperne er smart placeret p\u00e5 undersiden af lampehovedet. Timer p\u00e5 2, 4 og 9 timer.<\/p>\n","protected":false},"excerpt":{"rendered":"<p>VALENCIA er en asymmetrisk skrivebordslampe til arbejdspladsen, hvor der stilles h\u00f8je krav til funktionalitet og design. Mulighed for at v\u00e6lge automatisk slukning med timer, hvilket sparer energi. Knapperne er smart placeret p\u00e5 undersiden af lampehovedet. Timer p\u00e5 2, 4 og 9 timer.<\/p>\n","protected":false},"featured_media":242074,"template":"","meta":{"_et_pb_use_builder":"off","_et_pb_old_content":"<p class=\"p1\"><span class=\"s1\">VALENCIA er en asymmetrisk skrivebordslampe til arbejdspladsen, hvor der stilles h\u00f8je krav til funktionalitet og design.<span class=\"Apple-converted-space\">  Mulighed for at v\u00e6lge automatisk slukning med timer, hvilket sparer energi. Knapperne er smart placeret p\u00e5 undersiden af lampehovedet. T<\/span><\/span><span class=\"s1\">imer i 2, 4 og 9 timer.<\/span><\/p>","_et_gb_content_width":""},"product_brand":[],"product_cat":[186,249,250],"product_tag":[],"class_list":{"0":"post-252047","1":"product","2":"type-product","3":"status-publish","4":"has-post-thumbnail","6":"product_cat-matting-interior-da","7":"product_cat-belysning-mi-da","8":"product_cat-belysning-til-skrivebordet-mi","10":"first","11":"instock","12":"taxable","13":"shipping-taxable","14":"purchasable","15":"product-type-variable","16":"has-default-attributes"},"yoast_head":"<!-- This site is optimized with the Yoast SEO plugin v25.6 - https:\/\/yoast.com\/wordpress\/plugins\/seo\/ -->\n<title>VALENCIA skrivebordslampe - Matting<\/title>\n<meta name=\"description\" content=\"VALENCIA skrivebordslampe - Se Mattings h\u00e5llbara koncept och produkter f\u00f6r publika milj\u00f6er, arbetsplatser och skolor.\" \/>\n<meta name=\"robots\" content=\"index, follow, max-snippet:-1, max-image-preview:large, max-video-preview:-1\" \/>\n<link rel=\"canonical\" href=\"https:\/\/matting.se\/da\/produkt\/valencia-skrivebordslampe\/\" \/>\n<meta property=\"og:locale\" content=\"da_DK\" \/>\n<meta property=\"og:type\" content=\"article\" \/>\n<meta property=\"og:title\" content=\"VALENCIA skrivebordslampe - Matting\" \/>\n<meta property=\"og:description\" content=\"VALENCIA skrivebordslampe - Se Mattings h\u00e5llbara koncept och produkter f\u00f6r publika milj\u00f6er, arbetsplatser och skolor.\" \/>\n<meta property=\"og:url\" content=\"https:\/\/matting.se\/da\/produkt\/valencia-skrivebordslampe\/\" \/>\n<meta property=\"og:site_name\" content=\"Matting\" \/>\n<meta property=\"og:image\" content=\"https:\/\/matting.se\/wp-content\/uploads\/2023\/08\/775800_VALENCIA_black_side.jpg\" \/>\n\t<meta property=\"og:image:width\" content=\"800\" \/>\n\t<meta property=\"og:image:height\" content=\"800\" \/>\n\t<meta property=\"og:image:type\" content=\"image\/jpeg\" \/>\n<meta name=\"twitter:card\" content=\"summary_large_image\" \/>\n<script type=\"application\/ld+json\" class=\"yoast-schema-graph\">{\"@context\":\"https:\/\/schema.org\",\"@graph\":[{\"@type\":[\"WebPage\",\"ItemPage\"],\"@id\":\"https:\/\/matting.se\/da\/produkt\/valencia-skrivebordslampe\/\",\"url\":\"https:\/\/matting.se\/da\/produkt\/valencia-skrivebordslampe\/\",\"name\":\"VALENCIA skrivebordslampe - Matting\",\"isPartOf\":{\"@id\":\"https:\/\/matting.se\/da\/#website\"},\"primaryImageOfPage\":{\"@id\":\"https:\/\/matting.se\/da\/produkt\/valencia-skrivebordslampe\/#primaryimage\"},\"image\":{\"@id\":\"https:\/\/matting.se\/da\/produkt\/valencia-skrivebordslampe\/#primaryimage\"},\"thumbnailUrl\":\"https:\/\/matting.se\/wp-content\/uploads\/2023\/08\/775900_VALENCIA_clamp_black_side.jpg\",\"datePublished\":\"2023-08-17T12:34:28+00:00\",\"description\":\"VALENCIA skrivebordslampe - Se Mattings h\u00e5llbara koncept och produkter f\u00f6r publika milj\u00f6er, arbetsplatser och skolor.\",\"breadcrumb\":{\"@id\":\"https:\/\/matting.se\/da\/produkt\/valencia-skrivebordslampe\/#breadcrumb\"},\"inLanguage\":\"da-DK\",\"potentialAction\":[{\"@type\":\"ReadAction\",\"target\":[\"https:\/\/matting.se\/da\/produkt\/valencia-skrivebordslampe\/\"]}]},{\"@type\":\"ImageObject\",\"inLanguage\":\"da-DK\",\"@id\":\"https:\/\/matting.se\/da\/produkt\/valencia-skrivebordslampe\/#primaryimage\",\"url\":\"https:\/\/matting.se\/wp-content\/uploads\/2023\/08\/775900_VALENCIA_clamp_black_side.jpg\",\"contentUrl\":\"https:\/\/matting.se\/wp-content\/uploads\/2023\/08\/775900_VALENCIA_clamp_black_side.jpg\",\"width\":800,\"height\":800},{\"@type\":\"BreadcrumbList\",\"@id\":\"https:\/\/matting.se\/da\/produkt\/valencia-skrivebordslampe\/#breadcrumb\",\"itemListElement\":[{\"@type\":\"ListItem\",\"position\":1,\"name\":\"Hem\",\"item\":\"https:\/\/matting.se\/da\/\"},{\"@type\":\"ListItem\",\"position\":2,\"name\":\"Shop\",\"item\":\"https:\/\/matting.se\/shop\/\"},{\"@type\":\"ListItem\",\"position\":3,\"name\":\"VALENCIA skrivebordslampe\"}]},{\"@type\":\"WebSite\",\"@id\":\"https:\/\/matting.se\/da\/#website\",\"url\":\"https:\/\/matting.se\/da\/\",\"name\":\"Matting\",\"description\":\"\",\"potentialAction\":[{\"@type\":\"SearchAction\",\"target\":{\"@type\":\"EntryPoint\",\"urlTemplate\":\"https:\/\/matting.se\/da\/?s={search_term_string}\"},\"query-input\":{\"@type\":\"PropertyValueSpecification\",\"valueRequired\":true,\"valueName\":\"search_term_string\"}}],\"inLanguage\":\"da-DK\"}]}<\/script>\n<!-- \/ Yoast SEO plugin. -->","yoast_head_json":{"title":"VALENCIA skrivebordslampe - Matting","description":"VALENCIA skrivebordslampe - Se Mattings h\u00e5llbara koncept och produkter f\u00f6r publika milj\u00f6er, arbetsplatser och skolor.","robots":{"index":"index","follow":"follow","max-snippet":"max-snippet:-1","max-image-preview":"max-image-preview:large","max-video-preview":"max-video-preview:-1"},"canonical":"https:\/\/matting.se\/da\/produkt\/valencia-skrivebordslampe\/","og_locale":"da_DK","og_type":"article","og_title":"VALENCIA skrivebordslampe - Matting","og_description":"VALENCIA skrivebordslampe - Se Mattings h\u00e5llbara koncept och produkter f\u00f6r publika milj\u00f6er, arbetsplatser och skolor.","og_url":"https:\/\/matting.se\/da\/produkt\/valencia-skrivebordslampe\/","og_site_name":"Matting","og_image":[{"width":800,"height":800,"url":"https:\/\/matting.se\/wp-content\/uploads\/2023\/08\/775800_VALENCIA_black_side.jpg","type":"image\/jpeg"}],"twitter_card":"summary_large_image","schema":{"@context":"https:\/\/schema.org","@graph":[{"@type":["WebPage","ItemPage"],"@id":"https:\/\/matting.se\/da\/produkt\/valencia-skrivebordslampe\/","url":"https:\/\/matting.se\/da\/produkt\/valencia-skrivebordslampe\/","name":"VALENCIA skrivebordslampe - Matting","isPartOf":{"@id":"https:\/\/matting.se\/da\/#website"},"primaryImageOfPage":{"@id":"https:\/\/matting.se\/da\/produkt\/valencia-skrivebordslampe\/#primaryimage"},"image":{"@id":"https:\/\/matting.se\/da\/produkt\/valencia-skrivebordslampe\/#primaryimage"},"thumbnailUrl":"https:\/\/matting.se\/wp-content\/uploads\/2023\/08\/775900_VALENCIA_clamp_black_side.jpg","datePublished":"2023-08-17T12:34:28+00:00","description":"VALENCIA skrivebordslampe - Se Mattings h\u00e5llbara koncept och produkter f\u00f6r publika milj\u00f6er, arbetsplatser och skolor.","breadcrumb":{"@id":"https:\/\/matting.se\/da\/produkt\/valencia-skrivebordslampe\/#breadcrumb"},"inLanguage":"da-DK","potentialAction":[{"@type":"ReadAction","target":["https:\/\/matting.se\/da\/produkt\/valencia-skrivebordslampe\/"]}]},{"@type":"ImageObject","inLanguage":"da-DK","@id":"https:\/\/matting.se\/da\/produkt\/valencia-skrivebordslampe\/#primaryimage","url":"https:\/\/matting.se\/wp-content\/uploads\/2023\/08\/775900_VALENCIA_clamp_black_side.jpg","contentUrl":"https:\/\/matting.se\/wp-content\/uploads\/2023\/08\/775900_VALENCIA_clamp_black_side.jpg","width":800,"height":800},{"@type":"BreadcrumbList","@id":"https:\/\/matting.se\/da\/produkt\/valencia-skrivebordslampe\/#breadcrumb","itemListElement":[{"@type":"ListItem","position":1,"name":"Hem","item":"https:\/\/matting.se\/da\/"},{"@type":"ListItem","position":2,"name":"Shop","item":"https:\/\/matting.se\/shop\/"},{"@type":"ListItem","position":3,"name":"VALENCIA skrivebordslampe"}]},{"@type":"WebSite","@id":"https:\/\/matting.se\/da\/#website","url":"https:\/\/matting.se\/da\/","name":"Matting","description":"","potentialAction":[{"@type":"SearchAction","target":{"@type":"EntryPoint","urlTemplate":"https:\/\/matting.se\/da\/?s={search_term_string}"},"query-input":{"@type":"PropertyValueSpecification","valueRequired":true,"valueName":"search_term_string"}}],"inLanguage":"da-DK"}]}},"_links":{"self":[{"href":"https:\/\/matting.se\/da\/wp-json\/wp\/v2\/product\/252047","targetHints":{"allow":["GET"]}}],"collection":[{"href":"https:\/\/matting.se\/da\/wp-json\/wp\/v2\/product"}],"about":[{"href":"https:\/\/matting.se\/da\/wp-json\/wp\/v2\/types\/product"}],"wp:featuredmedia":[{"embeddable":true,"href":"https:\/\/matting.se\/da\/wp-json\/wp\/v2\/media\/242074"}],"wp:attachment":[{"href":"https:\/\/matting.se\/da\/wp-json\/wp\/v2\/media?parent=252047"}],"wp:term":[{"taxonomy":"product_brand","embeddable":true,"href":"https:\/\/matting.se\/da\/wp-json\/wp\/v2\/product_brand?post=252047"},{"taxonomy":"product_cat","embeddable":true,"href":"https:\/\/matting.se\/da\/wp-json\/wp\/v2\/product_cat?post=252047"},{"taxonomy":"product_tag","embeddable":true,"href":"https:\/\/matting.se\/da\/wp-json\/wp\/v2\/product_tag?post=252047"}],"curies":[{"name":"wp","href":"https:\/\/api.w.org\/{rel}","templated":true}]}}