{"id":251878,"date":"2023-09-28T08:59:28","date_gmt":"2023-09-28T07:59:28","guid":{"rendered":"https:\/\/matting.se\/produkt\/earth-gulvbeskyttelse\/"},"modified":"2025-07-03T08:57:39","modified_gmt":"2025-07-03T07:57:39","slug":"earth-gulvbeskyttelse","status":"publish","type":"product","link":"https:\/\/matting.se\/da\/produkt\/earth-gulvbeskyttelse\/","title":{"rendered":"EARTH gulvbeskyttelse"},"content":{"rendered":"<p class=\"p1\">EARTH gulvbeskyttelse<b> <\/b>er et stoleunderlag i tekstil af h\u00f8j kvalitet med matchende tynd kantb\u00e5nd. En gulvbeskytter beskytter gulvet mod slitage og snavs. Beskyttelse af jordgulve er velegnet til b\u00e5de offentlige og private milj\u00f8er.<\/p>\n<p class=\"p1\">Vores tekstilgulvbeskyttere er nemme at vedligeholde, da de er t\u00e6tte, slidst\u00e6rke og nemme at st\u00f8vsuge. Garnet af 100 % polyamid g\u00f8r det slidst\u00e6rkt og velegnet til kontorstolshjul. Underlaget er let stribet og f\u00e5s i flere farver.<\/p>\n<p class=\"p1\">Materiale: Luv 100% polyamid, bagside Actionback, kantb\u00e5nd 100 % polyester. Antistatisk behandlet.<\/p>\n<p><em>For et billede af kantb\u00e5nd, se Mocca.<\/em><\/p>\n","protected":false},"excerpt":{"rendered":"<p>EARTH gulvbeskyttelse er et stoleunderlag i tekstil af h\u00f8j kvalitet med matchende tynd kantb\u00e5nd. En gulvbeskytter beskytter gulvet mod slitage og snavs. Beskyttelse af jordgulve er velegnet til b\u00e5de offentlige og private milj\u00f8er. Vores tekstilgulvbeskyttere er nemme at vedligeholde, da de er t\u00e6tte, slidst\u00e6rke og nemme at st\u00f8vsuge. Garnet af 100 % polyamid g\u00f8r det [&hellip;]<\/p>\n","protected":false},"featured_media":245503,"template":"","meta":{"_et_pb_use_builder":"","_et_pb_old_content":"","_et_gb_content_width":""},"product_brand":[],"product_cat":[186,307,308],"product_tag":[],"class_list":{"0":"post-251878","1":"product","2":"type-product","3":"status-publish","4":"has-post-thumbnail","6":"product_cat-matting-interior-da","7":"product_cat-beskyttelse-af-gulve-og-taepper-mi","8":"product_cat-gulvbeskyttelse-mi","10":"first","11":"instock","12":"taxable","13":"shipping-taxable","14":"purchasable","15":"product-type-variable","16":"has-default-attributes"},"yoast_head":"<!-- This site is optimized with the Yoast SEO plugin v25.6 - https:\/\/yoast.com\/wordpress\/plugins\/seo\/ -->\n<title>EARTH gulvbeskyttelse - tekstil<\/title>\n<meta name=\"description\" content=\"EARTH gulvbeskyttelse - Se Mattings h\u00e5llbara koncept och produkter f\u00f6r publika milj\u00f6er, arbetsplatser och skolor.\" \/>\n<meta name=\"robots\" content=\"index, follow, max-snippet:-1, max-image-preview:large, max-video-preview:-1\" \/>\n<link rel=\"canonical\" href=\"https:\/\/matting.se\/da\/produkt\/earth-gulvbeskyttelse\/\" \/>\n<meta property=\"og:locale\" content=\"da_DK\" \/>\n<meta property=\"og:type\" content=\"article\" \/>\n<meta property=\"og:title\" content=\"EARTH gulvbeskyttelse - tekstil\" \/>\n<meta property=\"og:description\" content=\"EARTH gulvbeskyttelse - Se Mattings h\u00e5llbara koncept och produkter f\u00f6r publika milj\u00f6er, arbetsplatser och skolor.\" \/>\n<meta property=\"og:url\" content=\"https:\/\/matting.se\/da\/produkt\/earth-gulvbeskyttelse\/\" \/>\n<meta property=\"og:site_name\" content=\"Matting\" \/>\n<meta property=\"article:modified_time\" content=\"2025-07-03T07:57:39+00:00\" \/>\n<meta property=\"og:image\" content=\"https:\/\/matting.se\/wp-content\/uploads\/2023\/09\/521025_EARTH_golvskydd_133x150_all.jpg\" \/>\n\t<meta property=\"og:image:width\" content=\"800\" \/>\n\t<meta property=\"og:image:height\" content=\"800\" \/>\n\t<meta property=\"og:image:type\" content=\"image\/jpeg\" \/>\n<meta name=\"twitter:card\" content=\"summary_large_image\" \/>\n<meta name=\"twitter:label1\" content=\"Estimeret l\u00e6setid\" \/>\n\t<meta name=\"twitter:data1\" content=\"1 minut\" \/>\n<script type=\"application\/ld+json\" class=\"yoast-schema-graph\">{\"@context\":\"https:\/\/schema.org\",\"@graph\":[{\"@type\":[\"WebPage\",\"ItemPage\"],\"@id\":\"https:\/\/matting.se\/da\/produkt\/earth-gulvbeskyttelse\/\",\"url\":\"https:\/\/matting.se\/da\/produkt\/earth-gulvbeskyttelse\/\",\"name\":\"EARTH gulvbeskyttelse - tekstil\",\"isPartOf\":{\"@id\":\"https:\/\/matting.se\/da\/#website\"},\"primaryImageOfPage\":{\"@id\":\"https:\/\/matting.se\/da\/produkt\/earth-gulvbeskyttelse\/#primaryimage\"},\"image\":{\"@id\":\"https:\/\/matting.se\/da\/produkt\/earth-gulvbeskyttelse\/#primaryimage\"},\"thumbnailUrl\":\"https:\/\/matting.se\/wp-content\/uploads\/2023\/09\/521025_EARTH_golvskydd_133x150_all.jpg\",\"datePublished\":\"2023-09-28T07:59:28+00:00\",\"dateModified\":\"2025-07-03T07:57:39+00:00\",\"description\":\"EARTH gulvbeskyttelse - Se Mattings h\u00e5llbara koncept och produkter f\u00f6r publika milj\u00f6er, arbetsplatser och skolor.\",\"breadcrumb\":{\"@id\":\"https:\/\/matting.se\/da\/produkt\/earth-gulvbeskyttelse\/#breadcrumb\"},\"inLanguage\":\"da-DK\",\"potentialAction\":[{\"@type\":\"ReadAction\",\"target\":[\"https:\/\/matting.se\/da\/produkt\/earth-gulvbeskyttelse\/\"]}]},{\"@type\":\"ImageObject\",\"inLanguage\":\"da-DK\",\"@id\":\"https:\/\/matting.se\/da\/produkt\/earth-gulvbeskyttelse\/#primaryimage\",\"url\":\"https:\/\/matting.se\/wp-content\/uploads\/2023\/09\/521025_EARTH_golvskydd_133x150_all.jpg\",\"contentUrl\":\"https:\/\/matting.se\/wp-content\/uploads\/2023\/09\/521025_EARTH_golvskydd_133x150_all.jpg\",\"width\":800,\"height\":800,\"caption\":\"EARTH gulvbeskyttelse f\u00e5s i fem farvevarianter\"},{\"@type\":\"BreadcrumbList\",\"@id\":\"https:\/\/matting.se\/da\/produkt\/earth-gulvbeskyttelse\/#breadcrumb\",\"itemListElement\":[{\"@type\":\"ListItem\",\"position\":1,\"name\":\"Hem\",\"item\":\"https:\/\/matting.se\/da\/\"},{\"@type\":\"ListItem\",\"position\":2,\"name\":\"Shop\",\"item\":\"https:\/\/matting.se\/shop\/\"},{\"@type\":\"ListItem\",\"position\":3,\"name\":\"Matting Interior\",\"item\":\"https:\/\/matting.se\/da\/produkt-kategori\/matting-interior-da\/\"},{\"@type\":\"ListItem\",\"position\":4,\"name\":\"Beskyttelse af gulve og t\u00e6pper\",\"item\":\"https:\/\/matting.se\/da\/produkt-kategori\/matting-interior-da\/beskyttelse-af-gulve-og-taepper-mi\/\"},{\"@type\":\"ListItem\",\"position\":5,\"name\":\"EARTH gulvbeskyttelse\"}]},{\"@type\":\"WebSite\",\"@id\":\"https:\/\/matting.se\/da\/#website\",\"url\":\"https:\/\/matting.se\/da\/\",\"name\":\"Matting\",\"description\":\"\",\"potentialAction\":[{\"@type\":\"SearchAction\",\"target\":{\"@type\":\"EntryPoint\",\"urlTemplate\":\"https:\/\/matting.se\/da\/?s={search_term_string}\"},\"query-input\":{\"@type\":\"PropertyValueSpecification\",\"valueRequired\":true,\"valueName\":\"search_term_string\"}}],\"inLanguage\":\"da-DK\"}]}<\/script>\n<!-- \/ Yoast SEO plugin. -->","yoast_head_json":{"title":"EARTH gulvbeskyttelse - tekstil","description":"EARTH gulvbeskyttelse - Se Mattings h\u00e5llbara koncept och produkter f\u00f6r publika milj\u00f6er, arbetsplatser och skolor.","robots":{"index":"index","follow":"follow","max-snippet":"max-snippet:-1","max-image-preview":"max-image-preview:large","max-video-preview":"max-video-preview:-1"},"canonical":"https:\/\/matting.se\/da\/produkt\/earth-gulvbeskyttelse\/","og_locale":"da_DK","og_type":"article","og_title":"EARTH gulvbeskyttelse - tekstil","og_description":"EARTH gulvbeskyttelse - Se Mattings h\u00e5llbara koncept och produkter f\u00f6r publika milj\u00f6er, arbetsplatser och skolor.","og_url":"https:\/\/matting.se\/da\/produkt\/earth-gulvbeskyttelse\/","og_site_name":"Matting","article_modified_time":"2025-07-03T07:57:39+00:00","og_image":[{"width":800,"height":800,"url":"https:\/\/matting.se\/wp-content\/uploads\/2023\/09\/521025_EARTH_golvskydd_133x150_all.jpg","type":"image\/jpeg"}],"twitter_card":"summary_large_image","twitter_misc":{"Estimeret l\u00e6setid":"1 minut"},"schema":{"@context":"https:\/\/schema.org","@graph":[{"@type":["WebPage","ItemPage"],"@id":"https:\/\/matting.se\/da\/produkt\/earth-gulvbeskyttelse\/","url":"https:\/\/matting.se\/da\/produkt\/earth-gulvbeskyttelse\/","name":"EARTH gulvbeskyttelse - tekstil","isPartOf":{"@id":"https:\/\/matting.se\/da\/#website"},"primaryImageOfPage":{"@id":"https:\/\/matting.se\/da\/produkt\/earth-gulvbeskyttelse\/#primaryimage"},"image":{"@id":"https:\/\/matting.se\/da\/produkt\/earth-gulvbeskyttelse\/#primaryimage"},"thumbnailUrl":"https:\/\/matting.se\/wp-content\/uploads\/2023\/09\/521025_EARTH_golvskydd_133x150_all.jpg","datePublished":"2023-09-28T07:59:28+00:00","dateModified":"2025-07-03T07:57:39+00:00","description":"EARTH gulvbeskyttelse - Se Mattings h\u00e5llbara koncept och produkter f\u00f6r publika milj\u00f6er, arbetsplatser och skolor.","breadcrumb":{"@id":"https:\/\/matting.se\/da\/produkt\/earth-gulvbeskyttelse\/#breadcrumb"},"inLanguage":"da-DK","potentialAction":[{"@type":"ReadAction","target":["https:\/\/matting.se\/da\/produkt\/earth-gulvbeskyttelse\/"]}]},{"@type":"ImageObject","inLanguage":"da-DK","@id":"https:\/\/matting.se\/da\/produkt\/earth-gulvbeskyttelse\/#primaryimage","url":"https:\/\/matting.se\/wp-content\/uploads\/2023\/09\/521025_EARTH_golvskydd_133x150_all.jpg","contentUrl":"https:\/\/matting.se\/wp-content\/uploads\/2023\/09\/521025_EARTH_golvskydd_133x150_all.jpg","width":800,"height":800,"caption":"EARTH gulvbeskyttelse f\u00e5s i fem farvevarianter"},{"@type":"BreadcrumbList","@id":"https:\/\/matting.se\/da\/produkt\/earth-gulvbeskyttelse\/#breadcrumb","itemListElement":[{"@type":"ListItem","position":1,"name":"Hem","item":"https:\/\/matting.se\/da\/"},{"@type":"ListItem","position":2,"name":"Shop","item":"https:\/\/matting.se\/shop\/"},{"@type":"ListItem","position":3,"name":"Matting Interior","item":"https:\/\/matting.se\/da\/produkt-kategori\/matting-interior-da\/"},{"@type":"ListItem","position":4,"name":"Beskyttelse af gulve og t\u00e6pper","item":"https:\/\/matting.se\/da\/produkt-kategori\/matting-interior-da\/beskyttelse-af-gulve-og-taepper-mi\/"},{"@type":"ListItem","position":5,"name":"EARTH gulvbeskyttelse"}]},{"@type":"WebSite","@id":"https:\/\/matting.se\/da\/#website","url":"https:\/\/matting.se\/da\/","name":"Matting","description":"","potentialAction":[{"@type":"SearchAction","target":{"@type":"EntryPoint","urlTemplate":"https:\/\/matting.se\/da\/?s={search_term_string}"},"query-input":{"@type":"PropertyValueSpecification","valueRequired":true,"valueName":"search_term_string"}}],"inLanguage":"da-DK"}]}},"_links":{"self":[{"href":"https:\/\/matting.se\/da\/wp-json\/wp\/v2\/product\/251878","targetHints":{"allow":["GET"]}}],"collection":[{"href":"https:\/\/matting.se\/da\/wp-json\/wp\/v2\/product"}],"about":[{"href":"https:\/\/matting.se\/da\/wp-json\/wp\/v2\/types\/product"}],"wp:featuredmedia":[{"embeddable":true,"href":"https:\/\/matting.se\/da\/wp-json\/wp\/v2\/media\/245503"}],"wp:attachment":[{"href":"https:\/\/matting.se\/da\/wp-json\/wp\/v2\/media?parent=251878"}],"wp:term":[{"taxonomy":"product_brand","embeddable":true,"href":"https:\/\/matting.se\/da\/wp-json\/wp\/v2\/product_brand?post=251878"},{"taxonomy":"product_cat","embeddable":true,"href":"https:\/\/matting.se\/da\/wp-json\/wp\/v2\/product_cat?post=251878"},{"taxonomy":"product_tag","embeddable":true,"href":"https:\/\/matting.se\/da\/wp-json\/wp\/v2\/product_tag?post=251878"}],"curies":[{"name":"wp","href":"https:\/\/api.w.org\/{rel}","templated":true}]}}