{"id":251762,"date":"2023-08-17T13:34:26","date_gmt":"2023-08-17T12:34:26","guid":{"rendered":"https:\/\/matting.se\/produkt\/circle-staamaatte\/"},"modified":"2023-08-17T13:34:26","modified_gmt":"2023-08-17T12:34:26","slug":"circle-staamaatte","status":"publish","type":"product","link":"https:\/\/matting.se\/da\/produkt\/circle-staamaatte\/","title":{"rendered":"CIRCLE st\u00e5m\u00e5tte"},"content":{"rendered":"<p><strong>StandUp CIRCLE<\/strong> er en PVC-fri, ergonomisk og holdbar st\u00e5m\u00e5tte i h\u00f8j kvalitet med en tyk og bl\u00f8d kerne (PU). Tekstiltop i genanvendt PET. <\/p>\n<ul>\n<li class=\"p1\">\u00d8je til oph\u00e6ngning<\/li>\n<li class=\"p1\">Affaset kant<\/li>\n<li class=\"p1\">Ftalatfri<\/li>\n<\/ul>\n<p> CRICLE er en lille og p\u00e6n st\u00e5m\u00e5tte, der er designet til at fungere s\u00e6rligt godt sammen med h\u00e6ve-s\u00e6nkeborde. Med en ekstra tyk og bl\u00f8d kerne, der giver god belastningsergonomi ved st\u00e5ende arbejde, g\u00f8r den m\u00e5tten b\u00e5de st\u00f8dabsorberende og meget aflastende. Med en stilfuld tekstil-lignende overflade lavet af genanvendt PET og i flere diskrete farver. M\u00e5tten er ideelt til st\u00e5borde p\u00e5 kontorer, i receptioner, butikker og p\u00e5 hjemmekontoret.<\/p>\n","protected":false},"excerpt":{"rendered":"<p>StandUp CIRCLE er en PVC-fri, ergonomisk og holdbar st\u00e5m\u00e5tte i h\u00f8j kvalitet med en tyk og bl\u00f8d kerne (PU). Tekstiltop i genanvendt PET. \u00d8je til oph\u00e6ngning Affaset kant Ftalatfri CRICLE er en lille og p\u00e6n st\u00e5m\u00e5tte, der er designet til at fungere s\u00e6rligt godt sammen med h\u00e6ve-s\u00e6nkeborde. Med en ekstra tyk og bl\u00f8d kerne, der [&hellip;]<\/p>\n","protected":false},"featured_media":242485,"template":"","meta":{"_et_pb_use_builder":"","_et_pb_old_content":"","_et_gb_content_width":""},"product_brand":[],"product_cat":[200,186,201,203],"product_tag":[],"class_list":{"0":"post-251762","1":"product","2":"type-product","3":"status-publish","4":"has-post-thumbnail","6":"product_cat-staende-matter","7":"product_cat-matting-interior-da","8":"product_cat-stamatter-og-balancebraetter-mi","9":"product_cat-stamatter-mi","11":"first","12":"instock","13":"taxable","14":"shipping-taxable","15":"purchasable","16":"product-type-variable","17":"has-default-attributes"},"yoast_head":"<!-- This site is optimized with the Yoast SEO plugin v25.6 - https:\/\/yoast.com\/wordpress\/plugins\/seo\/ -->\n<title>CIRCLE st\u00e5m\u00e5tte - Matting<\/title>\n<meta name=\"description\" content=\"CIRCLE st\u00e5m\u00e5tte - Se Mattings h\u00e5llbara koncept och produkter f\u00f6r publika milj\u00f6er, arbetsplatser och skolor.\" \/>\n<meta name=\"robots\" content=\"index, follow, max-snippet:-1, max-image-preview:large, max-video-preview:-1\" \/>\n<link rel=\"canonical\" href=\"https:\/\/matting.se\/da\/produkt\/circle-staamaatte\/\" \/>\n<meta property=\"og:locale\" content=\"da_DK\" \/>\n<meta property=\"og:type\" content=\"article\" \/>\n<meta property=\"og:title\" content=\"CIRCLE st\u00e5m\u00e5tte - Matting\" \/>\n<meta property=\"og:description\" content=\"CIRCLE st\u00e5m\u00e5tte - Se Mattings h\u00e5llbara koncept och produkter f\u00f6r publika milj\u00f6er, arbetsplatser och skolor.\" \/>\n<meta property=\"og:url\" content=\"https:\/\/matting.se\/da\/produkt\/circle-staamaatte\/\" \/>\n<meta property=\"og:site_name\" content=\"Matting\" \/>\n<meta property=\"og:image\" content=\"https:\/\/matting.se\/wp-content\/uploads\/2023\/08\/381987_CIRCLE_mat_white-ash_top.jpg\" \/>\n\t<meta property=\"og:image:width\" content=\"800\" \/>\n\t<meta property=\"og:image:height\" content=\"800\" \/>\n\t<meta property=\"og:image:type\" content=\"image\/jpeg\" \/>\n<meta name=\"twitter:card\" content=\"summary_large_image\" \/>\n<meta name=\"twitter:label1\" content=\"Estimeret l\u00e6setid\" \/>\n\t<meta name=\"twitter:data1\" content=\"1 minut\" \/>\n<script type=\"application\/ld+json\" class=\"yoast-schema-graph\">{\"@context\":\"https:\/\/schema.org\",\"@graph\":[{\"@type\":[\"WebPage\",\"ItemPage\"],\"@id\":\"https:\/\/matting.se\/da\/produkt\/circle-staamaatte\/\",\"url\":\"https:\/\/matting.se\/da\/produkt\/circle-staamaatte\/\",\"name\":\"CIRCLE st\u00e5m\u00e5tte - Matting\",\"isPartOf\":{\"@id\":\"https:\/\/matting.se\/da\/#website\"},\"primaryImageOfPage\":{\"@id\":\"https:\/\/matting.se\/da\/produkt\/circle-staamaatte\/#primaryimage\"},\"image\":{\"@id\":\"https:\/\/matting.se\/da\/produkt\/circle-staamaatte\/#primaryimage\"},\"thumbnailUrl\":\"https:\/\/matting.se\/wp-content\/uploads\/2023\/08\/381987_CIRCLE_mat_white-ash_top.jpg\",\"datePublished\":\"2023-08-17T12:34:26+00:00\",\"description\":\"CIRCLE st\u00e5m\u00e5tte - Se Mattings h\u00e5llbara koncept och produkter f\u00f6r publika milj\u00f6er, arbetsplatser och skolor.\",\"breadcrumb\":{\"@id\":\"https:\/\/matting.se\/da\/produkt\/circle-staamaatte\/#breadcrumb\"},\"inLanguage\":\"da-DK\",\"potentialAction\":[{\"@type\":\"ReadAction\",\"target\":[\"https:\/\/matting.se\/da\/produkt\/circle-staamaatte\/\"]}]},{\"@type\":\"ImageObject\",\"inLanguage\":\"da-DK\",\"@id\":\"https:\/\/matting.se\/da\/produkt\/circle-staamaatte\/#primaryimage\",\"url\":\"https:\/\/matting.se\/wp-content\/uploads\/2023\/08\/381987_CIRCLE_mat_white-ash_top.jpg\",\"contentUrl\":\"https:\/\/matting.se\/wp-content\/uploads\/2023\/08\/381987_CIRCLE_mat_white-ash_top.jpg\",\"width\":800,\"height\":800,\"caption\":\"StandUp CIRCLE er en aflastende, ergonomisk og holdbar st\u00e5m\u00e5tte af h\u00f8j kvalitet med en tyk og bl\u00f8d kerne. Tekstiltop i genanvendt PET. \u00d8je til oph\u00e6ngning.\"},{\"@type\":\"BreadcrumbList\",\"@id\":\"https:\/\/matting.se\/da\/produkt\/circle-staamaatte\/#breadcrumb\",\"itemListElement\":[{\"@type\":\"ListItem\",\"position\":1,\"name\":\"Hem\",\"item\":\"https:\/\/matting.se\/da\/\"},{\"@type\":\"ListItem\",\"position\":2,\"name\":\"Shop\",\"item\":\"https:\/\/matting.se\/shop\/\"},{\"@type\":\"ListItem\",\"position\":3,\"name\":\"CIRCLE st\u00e5m\u00e5tte\"}]},{\"@type\":\"WebSite\",\"@id\":\"https:\/\/matting.se\/da\/#website\",\"url\":\"https:\/\/matting.se\/da\/\",\"name\":\"Matting\",\"description\":\"\",\"potentialAction\":[{\"@type\":\"SearchAction\",\"target\":{\"@type\":\"EntryPoint\",\"urlTemplate\":\"https:\/\/matting.se\/da\/?s={search_term_string}\"},\"query-input\":{\"@type\":\"PropertyValueSpecification\",\"valueRequired\":true,\"valueName\":\"search_term_string\"}}],\"inLanguage\":\"da-DK\"}]}<\/script>\n<!-- \/ Yoast SEO plugin. -->","yoast_head_json":{"title":"CIRCLE st\u00e5m\u00e5tte - Matting","description":"CIRCLE st\u00e5m\u00e5tte - Se Mattings h\u00e5llbara koncept och produkter f\u00f6r publika milj\u00f6er, arbetsplatser och skolor.","robots":{"index":"index","follow":"follow","max-snippet":"max-snippet:-1","max-image-preview":"max-image-preview:large","max-video-preview":"max-video-preview:-1"},"canonical":"https:\/\/matting.se\/da\/produkt\/circle-staamaatte\/","og_locale":"da_DK","og_type":"article","og_title":"CIRCLE st\u00e5m\u00e5tte - Matting","og_description":"CIRCLE st\u00e5m\u00e5tte - Se Mattings h\u00e5llbara koncept och produkter f\u00f6r publika milj\u00f6er, arbetsplatser och skolor.","og_url":"https:\/\/matting.se\/da\/produkt\/circle-staamaatte\/","og_site_name":"Matting","og_image":[{"width":800,"height":800,"url":"https:\/\/matting.se\/wp-content\/uploads\/2023\/08\/381987_CIRCLE_mat_white-ash_top.jpg","type":"image\/jpeg"}],"twitter_card":"summary_large_image","twitter_misc":{"Estimeret l\u00e6setid":"1 minut"},"schema":{"@context":"https:\/\/schema.org","@graph":[{"@type":["WebPage","ItemPage"],"@id":"https:\/\/matting.se\/da\/produkt\/circle-staamaatte\/","url":"https:\/\/matting.se\/da\/produkt\/circle-staamaatte\/","name":"CIRCLE st\u00e5m\u00e5tte - Matting","isPartOf":{"@id":"https:\/\/matting.se\/da\/#website"},"primaryImageOfPage":{"@id":"https:\/\/matting.se\/da\/produkt\/circle-staamaatte\/#primaryimage"},"image":{"@id":"https:\/\/matting.se\/da\/produkt\/circle-staamaatte\/#primaryimage"},"thumbnailUrl":"https:\/\/matting.se\/wp-content\/uploads\/2023\/08\/381987_CIRCLE_mat_white-ash_top.jpg","datePublished":"2023-08-17T12:34:26+00:00","description":"CIRCLE st\u00e5m\u00e5tte - Se Mattings h\u00e5llbara koncept och produkter f\u00f6r publika milj\u00f6er, arbetsplatser och skolor.","breadcrumb":{"@id":"https:\/\/matting.se\/da\/produkt\/circle-staamaatte\/#breadcrumb"},"inLanguage":"da-DK","potentialAction":[{"@type":"ReadAction","target":["https:\/\/matting.se\/da\/produkt\/circle-staamaatte\/"]}]},{"@type":"ImageObject","inLanguage":"da-DK","@id":"https:\/\/matting.se\/da\/produkt\/circle-staamaatte\/#primaryimage","url":"https:\/\/matting.se\/wp-content\/uploads\/2023\/08\/381987_CIRCLE_mat_white-ash_top.jpg","contentUrl":"https:\/\/matting.se\/wp-content\/uploads\/2023\/08\/381987_CIRCLE_mat_white-ash_top.jpg","width":800,"height":800,"caption":"StandUp CIRCLE er en aflastende, ergonomisk og holdbar st\u00e5m\u00e5tte af h\u00f8j kvalitet med en tyk og bl\u00f8d kerne. Tekstiltop i genanvendt PET. \u00d8je til oph\u00e6ngning."},{"@type":"BreadcrumbList","@id":"https:\/\/matting.se\/da\/produkt\/circle-staamaatte\/#breadcrumb","itemListElement":[{"@type":"ListItem","position":1,"name":"Hem","item":"https:\/\/matting.se\/da\/"},{"@type":"ListItem","position":2,"name":"Shop","item":"https:\/\/matting.se\/shop\/"},{"@type":"ListItem","position":3,"name":"CIRCLE st\u00e5m\u00e5tte"}]},{"@type":"WebSite","@id":"https:\/\/matting.se\/da\/#website","url":"https:\/\/matting.se\/da\/","name":"Matting","description":"","potentialAction":[{"@type":"SearchAction","target":{"@type":"EntryPoint","urlTemplate":"https:\/\/matting.se\/da\/?s={search_term_string}"},"query-input":{"@type":"PropertyValueSpecification","valueRequired":true,"valueName":"search_term_string"}}],"inLanguage":"da-DK"}]}},"_links":{"self":[{"href":"https:\/\/matting.se\/da\/wp-json\/wp\/v2\/product\/251762","targetHints":{"allow":["GET"]}}],"collection":[{"href":"https:\/\/matting.se\/da\/wp-json\/wp\/v2\/product"}],"about":[{"href":"https:\/\/matting.se\/da\/wp-json\/wp\/v2\/types\/product"}],"wp:featuredmedia":[{"embeddable":true,"href":"https:\/\/matting.se\/da\/wp-json\/wp\/v2\/media\/242485"}],"wp:attachment":[{"href":"https:\/\/matting.se\/da\/wp-json\/wp\/v2\/media?parent=251762"}],"wp:term":[{"taxonomy":"product_brand","embeddable":true,"href":"https:\/\/matting.se\/da\/wp-json\/wp\/v2\/product_brand?post=251762"},{"taxonomy":"product_cat","embeddable":true,"href":"https:\/\/matting.se\/da\/wp-json\/wp\/v2\/product_cat?post=251762"},{"taxonomy":"product_tag","embeddable":true,"href":"https:\/\/matting.se\/da\/wp-json\/wp\/v2\/product_tag?post=251762"}],"curies":[{"name":"wp","href":"https:\/\/api.w.org\/{rel}","templated":true}]}}