{"id":251651,"date":"2024-08-13T08:12:37","date_gmt":"2024-08-13T07:12:37","guid":{"rendered":"https:\/\/matting.se\/produkt\/desk-fix-stel\/"},"modified":"2024-08-15T15:00:22","modified_gmt":"2024-08-15T14:00:22","slug":"desk-fix-stel","status":"publish","type":"product","link":"https:\/\/matting.se\/da\/produkt\/desk-fix-stel\/","title":{"rendered":"DESK FIX stel"},"content":{"rendered":"<p class=\"p1\">For at du kan skabe et komplet interi\u00f8r med vores StandUp DESK-bordserie, har vi ud over vores h\u00f8jdejusterbare stel ogs\u00e5 stel med faste h\u00f8jdem\u00e5l. Vores faste bordstel StandUp DESK FIX er en nyhed i vores bordserie, som f\u00e5s i tre forskellige bredder og to h\u00f8jder. Bordene er velegnede til arbejdspladsen, hjemmekontoret eller klassev\u00e6relset som b\u00e6nk, gruppe- eller l\u00e6rerbord.  <\/p>\n<p class=\"p1\">DESK FIX-stellene f\u00e5s i tre modeller: 700, 900 og 1200 og i to faste h\u00f8jder: 680 mm og 880 mm.<\/p>\n<ul>\n<li class=\"p1\"><span class=\"s1\">DESK FIX-stel 700 passer til vores mindre DESKTOP- og BLOSSOM-bordeplader (L:700 mm).<\/span><\/li>\n<li class=\"p1\"><span class=\"s2\">DESK FIX-stel 900 passer til vores bredere DESKTOP- og TRAPETS-bordeplader (L:940-960 mm).<\/span><\/li>\n<li class=\"p1\">DESK FIX-stel 1200 passer til vores st\u00f8rste DESKTOP-bordeplader (L:1200 mm).<\/li>\n<li class=\"p1\">V\u00e6lg farve p\u00e5 stellet og derefter materiale og farve p\u00e5 bordpladen.<\/li>\n<li class=\"p1\">Hjul p\u00e5 forbenene og foldeskive f\u00e5s som ekstraudstyr til vores 700- og 900-stellene.<\/li>\n<li>Pulverlakeret finstruktur. Justerbare ben. Med krog.  <\/li>\n<\/ul>\n<p class=\"p1\">Designet er det samme som vores h\u00f8jdejusterbare borde, med den forskel at bordet ikke har den h\u00f8jdejusterbare top, men ellers i samme h\u00f8je kvalitet. StandUp DESK FIX har ligesom DESK en p\u00e6n, handy st\u00f8rrelse, der g\u00f8r dem meget nemme at placere og anvende i indretningen. De faste stativer kan f\u00e5s med hjul i forbenene (g\u00e6lder for 700 og 900). Stellet leveres usamlet i en flad pakke og samles nemt med kun fire skruer.   <\/p>\n<p class=\"p1\">Vores StandUp-bordkollektioner er designet til at v\u00e6re b\u00e6redygtige og tage vare p\u00e5 natur og mennesker med et lavt CO<sub>2<\/sub>-fodaftryk og et cirkul\u00e6rt design, der giver en lang levetid. Bordene er lette, og alle dele er udskiftelige komponenter, s\u00e5 bordet kan holde i generationer. <span class=\"Apple-converted-space\">StandUp<\/span> DESK FIX-stativerne er M\u00f6belfakta-m\u00e6rkede* og svenskproducerede i b\u00e6redygtige materialer.  Designet af Dan Ihreborn.<\/p>\n<p><em>*M\u00f8belfaktam\u00e6rket g\u00e6lder kun, n\u00e5r stellet er installeret med den specificerede MATTING-bordplade.<\/em><\/p>\n","protected":false},"excerpt":{"rendered":"<p>For at du kan skabe et komplet interi\u00f8r med vores StandUp DESK-bordserie, har vi ud over vores h\u00f8jdejusterbare stel ogs\u00e5 stel med faste h\u00f8jdem\u00e5l. Vores faste bordstel StandUp DESK FIX er en nyhed i vores bordserie, som f\u00e5s i tre forskellige bredder og to h\u00f8jder. Bordene er velegnede til arbejdspladsen, hjemmekontoret eller klassev\u00e6relset som b\u00e6nk, [&hellip;]<\/p>\n","protected":false},"featured_media":251217,"template":"","meta":{"_et_pb_use_builder":"","_et_pb_old_content":"","_et_gb_content_width":""},"product_brand":[],"product_cat":[355,186,187],"product_tag":[],"class_list":{"0":"post-251651","1":"product","2":"type-product","3":"status-publish","4":"has-post-thumbnail","6":"product_cat-stel-fast-hojde-mi","7":"product_cat-matting-interior-da","8":"product_cat-borde-og-tilbehor-mi","10":"first","11":"instock","12":"taxable","13":"shipping-taxable","14":"purchasable","15":"product-type-variable","16":"has-default-attributes"},"yoast_head":"<!-- This site is optimized with the Yoast SEO plugin v25.6 - https:\/\/yoast.com\/wordpress\/plugins\/seo\/ -->\n<title>DESK FIX stel - Matting<\/title>\n<meta name=\"description\" content=\"DESK FIX stel - Se Mattings h\u00e5llbara koncept och produkter f\u00f6r publika milj\u00f6er, arbetsplatser och skolor.\" \/>\n<meta name=\"robots\" content=\"index, follow, max-snippet:-1, max-image-preview:large, max-video-preview:-1\" \/>\n<link rel=\"canonical\" href=\"https:\/\/matting.se\/da\/produkt\/desk-fix-stel\/\" \/>\n<meta property=\"og:locale\" content=\"da_DK\" \/>\n<meta property=\"og:type\" content=\"article\" \/>\n<meta property=\"og:title\" content=\"DESK FIX stel - Matting\" \/>\n<meta property=\"og:description\" content=\"DESK FIX stel - Se Mattings h\u00e5llbara koncept och produkter f\u00f6r publika milj\u00f6er, arbetsplatser och skolor.\" \/>\n<meta property=\"og:url\" content=\"https:\/\/matting.se\/da\/produkt\/desk-fix-stel\/\" \/>\n<meta property=\"og:site_name\" content=\"Matting\" \/>\n<meta property=\"article:modified_time\" content=\"2024-08-15T14:00:22+00:00\" \/>\n<meta property=\"og:image\" content=\"https:\/\/matting.se\/wp-content\/uploads\/389585_FIX-frame_700_silver_RAL9006_H880_side.jpg\" \/>\n\t<meta property=\"og:image:width\" content=\"800\" \/>\n\t<meta property=\"og:image:height\" content=\"800\" \/>\n\t<meta property=\"og:image:type\" content=\"image\/jpeg\" \/>\n<meta name=\"twitter:card\" content=\"summary_large_image\" \/>\n<meta name=\"twitter:label1\" content=\"Estimeret l\u00e6setid\" \/>\n\t<meta name=\"twitter:data1\" content=\"2 minutter\" \/>\n<script type=\"application\/ld+json\" class=\"yoast-schema-graph\">{\"@context\":\"https:\/\/schema.org\",\"@graph\":[{\"@type\":[\"WebPage\",\"ItemPage\"],\"@id\":\"https:\/\/matting.se\/da\/produkt\/desk-fix-stel\/\",\"url\":\"https:\/\/matting.se\/da\/produkt\/desk-fix-stel\/\",\"name\":\"DESK FIX stel - Matting\",\"isPartOf\":{\"@id\":\"https:\/\/matting.se\/da\/#website\"},\"primaryImageOfPage\":{\"@id\":\"https:\/\/matting.se\/da\/produkt\/desk-fix-stel\/#primaryimage\"},\"image\":{\"@id\":\"https:\/\/matting.se\/da\/produkt\/desk-fix-stel\/#primaryimage\"},\"thumbnailUrl\":\"https:\/\/matting.se\/wp-content\/uploads\/389585_FIX-frame_700_silver_RAL9006_H880_side.jpg\",\"datePublished\":\"2024-08-13T07:12:37+00:00\",\"dateModified\":\"2024-08-15T14:00:22+00:00\",\"description\":\"DESK FIX stel - Se Mattings h\u00e5llbara koncept och produkter f\u00f6r publika milj\u00f6er, arbetsplatser och skolor.\",\"breadcrumb\":{\"@id\":\"https:\/\/matting.se\/da\/produkt\/desk-fix-stel\/#breadcrumb\"},\"inLanguage\":\"da-DK\",\"potentialAction\":[{\"@type\":\"ReadAction\",\"target\":[\"https:\/\/matting.se\/da\/produkt\/desk-fix-stel\/\"]}]},{\"@type\":\"ImageObject\",\"inLanguage\":\"da-DK\",\"@id\":\"https:\/\/matting.se\/da\/produkt\/desk-fix-stel\/#primaryimage\",\"url\":\"https:\/\/matting.se\/wp-content\/uploads\/389585_FIX-frame_700_silver_RAL9006_H880_side.jpg\",\"contentUrl\":\"https:\/\/matting.se\/wp-content\/uploads\/389585_FIX-frame_700_silver_RAL9006_H880_side.jpg\",\"width\":800,\"height\":800,\"caption\":\"StandUp FIX stativ 700, silver RAL 9006. Ett fast stativ i tv\u00e5 olika h\u00f6jder.\"},{\"@type\":\"BreadcrumbList\",\"@id\":\"https:\/\/matting.se\/da\/produkt\/desk-fix-stel\/#breadcrumb\",\"itemListElement\":[{\"@type\":\"ListItem\",\"position\":1,\"name\":\"Hem\",\"item\":\"https:\/\/matting.se\/da\/\"},{\"@type\":\"ListItem\",\"position\":2,\"name\":\"Shop\",\"item\":\"https:\/\/matting.se\/shop\/\"},{\"@type\":\"ListItem\",\"position\":3,\"name\":\"Matting Interior\",\"item\":\"https:\/\/matting.se\/da\/produkt-kategori\/matting-interior-da\/\"},{\"@type\":\"ListItem\",\"position\":4,\"name\":\"DESK FIX stel\"}]},{\"@type\":\"WebSite\",\"@id\":\"https:\/\/matting.se\/da\/#website\",\"url\":\"https:\/\/matting.se\/da\/\",\"name\":\"Matting\",\"description\":\"\",\"potentialAction\":[{\"@type\":\"SearchAction\",\"target\":{\"@type\":\"EntryPoint\",\"urlTemplate\":\"https:\/\/matting.se\/da\/?s={search_term_string}\"},\"query-input\":{\"@type\":\"PropertyValueSpecification\",\"valueRequired\":true,\"valueName\":\"search_term_string\"}}],\"inLanguage\":\"da-DK\"}]}<\/script>\n<!-- \/ Yoast SEO plugin. -->","yoast_head_json":{"title":"DESK FIX stel - Matting","description":"DESK FIX stel - Se Mattings h\u00e5llbara koncept och produkter f\u00f6r publika milj\u00f6er, arbetsplatser och skolor.","robots":{"index":"index","follow":"follow","max-snippet":"max-snippet:-1","max-image-preview":"max-image-preview:large","max-video-preview":"max-video-preview:-1"},"canonical":"https:\/\/matting.se\/da\/produkt\/desk-fix-stel\/","og_locale":"da_DK","og_type":"article","og_title":"DESK FIX stel - Matting","og_description":"DESK FIX stel - Se Mattings h\u00e5llbara koncept och produkter f\u00f6r publika milj\u00f6er, arbetsplatser och skolor.","og_url":"https:\/\/matting.se\/da\/produkt\/desk-fix-stel\/","og_site_name":"Matting","article_modified_time":"2024-08-15T14:00:22+00:00","og_image":[{"width":800,"height":800,"url":"https:\/\/matting.se\/wp-content\/uploads\/389585_FIX-frame_700_silver_RAL9006_H880_side.jpg","type":"image\/jpeg"}],"twitter_card":"summary_large_image","twitter_misc":{"Estimeret l\u00e6setid":"2 minutter"},"schema":{"@context":"https:\/\/schema.org","@graph":[{"@type":["WebPage","ItemPage"],"@id":"https:\/\/matting.se\/da\/produkt\/desk-fix-stel\/","url":"https:\/\/matting.se\/da\/produkt\/desk-fix-stel\/","name":"DESK FIX stel - Matting","isPartOf":{"@id":"https:\/\/matting.se\/da\/#website"},"primaryImageOfPage":{"@id":"https:\/\/matting.se\/da\/produkt\/desk-fix-stel\/#primaryimage"},"image":{"@id":"https:\/\/matting.se\/da\/produkt\/desk-fix-stel\/#primaryimage"},"thumbnailUrl":"https:\/\/matting.se\/wp-content\/uploads\/389585_FIX-frame_700_silver_RAL9006_H880_side.jpg","datePublished":"2024-08-13T07:12:37+00:00","dateModified":"2024-08-15T14:00:22+00:00","description":"DESK FIX stel - Se Mattings h\u00e5llbara koncept och produkter f\u00f6r publika milj\u00f6er, arbetsplatser och skolor.","breadcrumb":{"@id":"https:\/\/matting.se\/da\/produkt\/desk-fix-stel\/#breadcrumb"},"inLanguage":"da-DK","potentialAction":[{"@type":"ReadAction","target":["https:\/\/matting.se\/da\/produkt\/desk-fix-stel\/"]}]},{"@type":"ImageObject","inLanguage":"da-DK","@id":"https:\/\/matting.se\/da\/produkt\/desk-fix-stel\/#primaryimage","url":"https:\/\/matting.se\/wp-content\/uploads\/389585_FIX-frame_700_silver_RAL9006_H880_side.jpg","contentUrl":"https:\/\/matting.se\/wp-content\/uploads\/389585_FIX-frame_700_silver_RAL9006_H880_side.jpg","width":800,"height":800,"caption":"StandUp FIX stativ 700, silver RAL 9006. Ett fast stativ i tv\u00e5 olika h\u00f6jder."},{"@type":"BreadcrumbList","@id":"https:\/\/matting.se\/da\/produkt\/desk-fix-stel\/#breadcrumb","itemListElement":[{"@type":"ListItem","position":1,"name":"Hem","item":"https:\/\/matting.se\/da\/"},{"@type":"ListItem","position":2,"name":"Shop","item":"https:\/\/matting.se\/shop\/"},{"@type":"ListItem","position":3,"name":"Matting Interior","item":"https:\/\/matting.se\/da\/produkt-kategori\/matting-interior-da\/"},{"@type":"ListItem","position":4,"name":"DESK FIX stel"}]},{"@type":"WebSite","@id":"https:\/\/matting.se\/da\/#website","url":"https:\/\/matting.se\/da\/","name":"Matting","description":"","potentialAction":[{"@type":"SearchAction","target":{"@type":"EntryPoint","urlTemplate":"https:\/\/matting.se\/da\/?s={search_term_string}"},"query-input":{"@type":"PropertyValueSpecification","valueRequired":true,"valueName":"search_term_string"}}],"inLanguage":"da-DK"}]}},"_links":{"self":[{"href":"https:\/\/matting.se\/da\/wp-json\/wp\/v2\/product\/251651","targetHints":{"allow":["GET"]}}],"collection":[{"href":"https:\/\/matting.se\/da\/wp-json\/wp\/v2\/product"}],"about":[{"href":"https:\/\/matting.se\/da\/wp-json\/wp\/v2\/types\/product"}],"wp:featuredmedia":[{"embeddable":true,"href":"https:\/\/matting.se\/da\/wp-json\/wp\/v2\/media\/251217"}],"wp:attachment":[{"href":"https:\/\/matting.se\/da\/wp-json\/wp\/v2\/media?parent=251651"}],"wp:term":[{"taxonomy":"product_brand","embeddable":true,"href":"https:\/\/matting.se\/da\/wp-json\/wp\/v2\/product_brand?post=251651"},{"taxonomy":"product_cat","embeddable":true,"href":"https:\/\/matting.se\/da\/wp-json\/wp\/v2\/product_cat?post=251651"},{"taxonomy":"product_tag","embeddable":true,"href":"https:\/\/matting.se\/da\/wp-json\/wp\/v2\/product_tag?post=251651"}],"curies":[{"name":"wp","href":"https:\/\/api.w.org\/{rel}","templated":true}]}}