{"id":251457,"date":"2024-06-12T15:27:36","date_gmt":"2024-06-12T14:27:36","guid":{"rendered":"https:\/\/matting.se\/produkt\/t-stel\/"},"modified":"2024-06-20T11:07:43","modified_gmt":"2024-06-20T10:07:43","slug":"t-stel","status":"publish","type":"product","link":"https:\/\/matting.se\/da\/produkt\/t-stel\/","title":{"rendered":"T stel"},"content":{"rendered":"<p class=\"p1\">StandUp T har en slagl\u00e6ngde p\u00e5 45 cm, men med de justerbare f\u00f8dder kan du justere h\u00f8jden op til 48 cm, 69-117 cm (ekskl. bordplade). Stellet har et T-formet design. Dette, sammen med deres lave v\u00e6gt, g\u00f8r dem meget nemme at placere og nemme at indrette. De er designet med b\u00e6redygtighed for \u00f8je, uden ledninger eller milj\u00f8skadelige batterier. T-stellet er fremstillet i Sverige af holdbare materialer. Alle dele er udskiftelige, hvilket giver lang levetid. Med sin robuste konstruktion kan bordet ogs\u00e5 modst\u00e5 h\u00f8je belastninger, og med sin st\u00f8rre arbejdsflade er det ideelt til den faste arbejdsplads. Bordet er nemt at udstyre med monitorarme eller bordsk\u00e6rme.<\/p>\n<p class=\"p1\">StandUp T har en slagl\u00e6ngde p\u00e5 45 cm, men med de justerbare f\u00f8dder kan du justere h\u00f8jden op til 48 cm, 69-117 cm (ekskl. bordplade). Stellet har et T-formet design.<\/p>\n<p class=\"p1\">StandUp T f\u00e5s i st\u00f8rrelserne 1200 eller 1400 mm.<\/p>\n<p><b>B\u00c6REDYGTIGHED- OG PRODUKTFAKTA<\/b><\/p>\n<ul>\n<li>Lav materialev\u00e6gt, fri for ledninger og milj\u00f8skadelige batterier eller elektronisk affald for et lavere CO<sub>2<\/sub>-aftryk.<\/li>\n<li>H\u00f8j kvalitet med lang levetid.<\/li>\n<li>Standardbordplade med 100 % genbrugssp\u00e5nplade og valgfrit svanem\u00e6rket overfladelag.<\/li>\n<li>Nem at montere og reparere.<\/li>\n<li>100 % demonterbar og alle dele kan udskiftes.<\/li>\n<li>100 % genanvendelig og genbrugelig.<\/li>\n<li>T\u00e5ler h\u00f8je belastninger (standard EN 527-1-2011).<\/li>\n<li>Stor arbejdsplads og mulighed for at udstyre med monitorarm eller bordsk\u00e6rme.<\/li>\n<li>StandUp T f\u00e5s i 1200 eller 1400 mm, med bordplader fra 1200 -1500 mm.<\/li>\n<li>Kan f\u00e5s i s\u00e6rlige farver.<\/li>\n<li>Flade pakker reducerer affald og g\u00f8r transporten mere effektiv og b\u00e6redygtig.<\/li>\n<li>Fremstillet i Sverige.<\/li>\n<li>Fleksibel uden elektricitet.<\/li>\n<\/ul>\n<p><a href=\"https:\/\/matting.se\/matting-interior\/produkter\/#bordsskivor\">V\u00e6lg en bordplade<\/a> med en bredde p\u00e5 1200 eller 1400 for at f\u00e5 et passende stel.<\/p>\n","protected":false},"excerpt":{"rendered":"<p>StandUp T har en slagl\u00e6ngde p\u00e5 45 cm, men med de justerbare f\u00f8dder kan du justere h\u00f8jden op til 48 cm, 69-117 cm (ekskl. bordplade). Stellet har et T-formet design. Dette, sammen med deres lave v\u00e6gt, g\u00f8r dem meget nemme at placere og nemme at indrette. De er designet med b\u00e6redygtighed for \u00f8je, uden ledninger [&hellip;]<\/p>\n","protected":false},"featured_media":251106,"template":"","meta":{"_et_pb_use_builder":"","_et_pb_old_content":"","_et_gb_content_width":""},"product_brand":[],"product_cat":[186,187,300],"product_tag":[],"class_list":{"0":"post-251457","1":"product","2":"type-product","3":"status-publish","4":"has-post-thumbnail","6":"product_cat-matting-interior-da","7":"product_cat-borde-og-tilbehor-mi","8":"product_cat-hojdejusterbare-stativer-mi","10":"first","11":"instock","12":"taxable","13":"shipping-taxable","14":"purchasable","15":"product-type-variable","16":"has-default-attributes"},"yoast_head":"<!-- This site is optimized with the Yoast SEO plugin v25.6 - https:\/\/yoast.com\/wordpress\/plugins\/seo\/ -->\n<title>T stel - Matting<\/title>\n<meta name=\"description\" content=\"T stel - Se Mattings h\u00e5llbara koncept och produkter f\u00f6r publika milj\u00f6er, arbetsplatser och skolor.\" \/>\n<meta name=\"robots\" content=\"index, follow, max-snippet:-1, max-image-preview:large, max-video-preview:-1\" \/>\n<link rel=\"canonical\" href=\"https:\/\/matting.se\/da\/produkt\/t-stel\/\" \/>\n<meta property=\"og:locale\" content=\"da_DK\" \/>\n<meta property=\"og:type\" content=\"article\" \/>\n<meta property=\"og:title\" content=\"T stel - Matting\" \/>\n<meta property=\"og:description\" content=\"T stel - Se Mattings h\u00e5llbara koncept och produkter f\u00f6r publika milj\u00f6er, arbetsplatser och skolor.\" \/>\n<meta property=\"og:url\" content=\"https:\/\/matting.se\/da\/produkt\/t-stel\/\" \/>\n<meta property=\"og:site_name\" content=\"Matting\" \/>\n<meta property=\"article:modified_time\" content=\"2024-06-20T10:07:43+00:00\" \/>\n<meta property=\"og:image\" content=\"https:\/\/matting.se\/wp-content\/uploads\/384071_76_T-frame_1400_side.jpg\" \/>\n\t<meta property=\"og:image:width\" content=\"800\" \/>\n\t<meta property=\"og:image:height\" content=\"800\" \/>\n\t<meta property=\"og:image:type\" content=\"image\/jpeg\" \/>\n<meta name=\"twitter:card\" content=\"summary_large_image\" \/>\n<meta name=\"twitter:label1\" content=\"Estimeret l\u00e6setid\" \/>\n\t<meta name=\"twitter:data1\" content=\"1 minut\" \/>\n<script type=\"application\/ld+json\" class=\"yoast-schema-graph\">{\"@context\":\"https:\/\/schema.org\",\"@graph\":[{\"@type\":[\"WebPage\",\"ItemPage\"],\"@id\":\"https:\/\/matting.se\/da\/produkt\/t-stel\/\",\"url\":\"https:\/\/matting.se\/da\/produkt\/t-stel\/\",\"name\":\"T stel - Matting\",\"isPartOf\":{\"@id\":\"https:\/\/matting.se\/da\/#website\"},\"primaryImageOfPage\":{\"@id\":\"https:\/\/matting.se\/da\/produkt\/t-stel\/#primaryimage\"},\"image\":{\"@id\":\"https:\/\/matting.se\/da\/produkt\/t-stel\/#primaryimage\"},\"thumbnailUrl\":\"https:\/\/matting.se\/wp-content\/uploads\/384071_76_T-frame_1400_side.jpg\",\"datePublished\":\"2024-06-12T14:27:36+00:00\",\"dateModified\":\"2024-06-20T10:07:43+00:00\",\"description\":\"T stel - Se Mattings h\u00e5llbara koncept och produkter f\u00f6r publika milj\u00f6er, arbetsplatser och skolor.\",\"breadcrumb\":{\"@id\":\"https:\/\/matting.se\/da\/produkt\/t-stel\/#breadcrumb\"},\"inLanguage\":\"da-DK\",\"potentialAction\":[{\"@type\":\"ReadAction\",\"target\":[\"https:\/\/matting.se\/da\/produkt\/t-stel\/\"]}]},{\"@type\":\"ImageObject\",\"inLanguage\":\"da-DK\",\"@id\":\"https:\/\/matting.se\/da\/produkt\/t-stel\/#primaryimage\",\"url\":\"https:\/\/matting.se\/wp-content\/uploads\/384071_76_T-frame_1400_side.jpg\",\"contentUrl\":\"https:\/\/matting.se\/wp-content\/uploads\/384071_76_T-frame_1400_side.jpg\",\"width\":800,\"height\":800,\"caption\":\"StandUp T stel\"},{\"@type\":\"BreadcrumbList\",\"@id\":\"https:\/\/matting.se\/da\/produkt\/t-stel\/#breadcrumb\",\"itemListElement\":[{\"@type\":\"ListItem\",\"position\":1,\"name\":\"Hem\",\"item\":\"https:\/\/matting.se\/da\/\"},{\"@type\":\"ListItem\",\"position\":2,\"name\":\"Shop\",\"item\":\"https:\/\/matting.se\/shop\/\"},{\"@type\":\"ListItem\",\"position\":3,\"name\":\"Matting Interior\",\"item\":\"https:\/\/matting.se\/da\/produkt-kategori\/matting-interior-da\/\"},{\"@type\":\"ListItem\",\"position\":4,\"name\":\"Borde og tilbeh\u00f8r\",\"item\":\"https:\/\/matting.se\/da\/produkt-kategori\/matting-interior-da\/borde-og-tilbehor-mi\/\"},{\"@type\":\"ListItem\",\"position\":5,\"name\":\"H\u00f8jdejusterbare stativer MI\",\"item\":\"https:\/\/matting.se\/da\/produkt-kategori\/matting-interior-da\/borde-og-tilbehor-mi\/hojdejusterbare-stativer-mi\/\"},{\"@type\":\"ListItem\",\"position\":6,\"name\":\"T stel\"}]},{\"@type\":\"WebSite\",\"@id\":\"https:\/\/matting.se\/da\/#website\",\"url\":\"https:\/\/matting.se\/da\/\",\"name\":\"Matting\",\"description\":\"\",\"potentialAction\":[{\"@type\":\"SearchAction\",\"target\":{\"@type\":\"EntryPoint\",\"urlTemplate\":\"https:\/\/matting.se\/da\/?s={search_term_string}\"},\"query-input\":{\"@type\":\"PropertyValueSpecification\",\"valueRequired\":true,\"valueName\":\"search_term_string\"}}],\"inLanguage\":\"da-DK\"}]}<\/script>\n<!-- \/ Yoast SEO plugin. -->","yoast_head_json":{"title":"T stel - Matting","description":"T stel - Se Mattings h\u00e5llbara koncept och produkter f\u00f6r publika milj\u00f6er, arbetsplatser och skolor.","robots":{"index":"index","follow":"follow","max-snippet":"max-snippet:-1","max-image-preview":"max-image-preview:large","max-video-preview":"max-video-preview:-1"},"canonical":"https:\/\/matting.se\/da\/produkt\/t-stel\/","og_locale":"da_DK","og_type":"article","og_title":"T stel - Matting","og_description":"T stel - Se Mattings h\u00e5llbara koncept och produkter f\u00f6r publika milj\u00f6er, arbetsplatser och skolor.","og_url":"https:\/\/matting.se\/da\/produkt\/t-stel\/","og_site_name":"Matting","article_modified_time":"2024-06-20T10:07:43+00:00","og_image":[{"width":800,"height":800,"url":"https:\/\/matting.se\/wp-content\/uploads\/384071_76_T-frame_1400_side.jpg","type":"image\/jpeg"}],"twitter_card":"summary_large_image","twitter_misc":{"Estimeret l\u00e6setid":"1 minut"},"schema":{"@context":"https:\/\/schema.org","@graph":[{"@type":["WebPage","ItemPage"],"@id":"https:\/\/matting.se\/da\/produkt\/t-stel\/","url":"https:\/\/matting.se\/da\/produkt\/t-stel\/","name":"T stel - Matting","isPartOf":{"@id":"https:\/\/matting.se\/da\/#website"},"primaryImageOfPage":{"@id":"https:\/\/matting.se\/da\/produkt\/t-stel\/#primaryimage"},"image":{"@id":"https:\/\/matting.se\/da\/produkt\/t-stel\/#primaryimage"},"thumbnailUrl":"https:\/\/matting.se\/wp-content\/uploads\/384071_76_T-frame_1400_side.jpg","datePublished":"2024-06-12T14:27:36+00:00","dateModified":"2024-06-20T10:07:43+00:00","description":"T stel - Se Mattings h\u00e5llbara koncept och produkter f\u00f6r publika milj\u00f6er, arbetsplatser och skolor.","breadcrumb":{"@id":"https:\/\/matting.se\/da\/produkt\/t-stel\/#breadcrumb"},"inLanguage":"da-DK","potentialAction":[{"@type":"ReadAction","target":["https:\/\/matting.se\/da\/produkt\/t-stel\/"]}]},{"@type":"ImageObject","inLanguage":"da-DK","@id":"https:\/\/matting.se\/da\/produkt\/t-stel\/#primaryimage","url":"https:\/\/matting.se\/wp-content\/uploads\/384071_76_T-frame_1400_side.jpg","contentUrl":"https:\/\/matting.se\/wp-content\/uploads\/384071_76_T-frame_1400_side.jpg","width":800,"height":800,"caption":"StandUp T stel"},{"@type":"BreadcrumbList","@id":"https:\/\/matting.se\/da\/produkt\/t-stel\/#breadcrumb","itemListElement":[{"@type":"ListItem","position":1,"name":"Hem","item":"https:\/\/matting.se\/da\/"},{"@type":"ListItem","position":2,"name":"Shop","item":"https:\/\/matting.se\/shop\/"},{"@type":"ListItem","position":3,"name":"Matting Interior","item":"https:\/\/matting.se\/da\/produkt-kategori\/matting-interior-da\/"},{"@type":"ListItem","position":4,"name":"Borde og tilbeh\u00f8r","item":"https:\/\/matting.se\/da\/produkt-kategori\/matting-interior-da\/borde-og-tilbehor-mi\/"},{"@type":"ListItem","position":5,"name":"H\u00f8jdejusterbare stativer MI","item":"https:\/\/matting.se\/da\/produkt-kategori\/matting-interior-da\/borde-og-tilbehor-mi\/hojdejusterbare-stativer-mi\/"},{"@type":"ListItem","position":6,"name":"T stel"}]},{"@type":"WebSite","@id":"https:\/\/matting.se\/da\/#website","url":"https:\/\/matting.se\/da\/","name":"Matting","description":"","potentialAction":[{"@type":"SearchAction","target":{"@type":"EntryPoint","urlTemplate":"https:\/\/matting.se\/da\/?s={search_term_string}"},"query-input":{"@type":"PropertyValueSpecification","valueRequired":true,"valueName":"search_term_string"}}],"inLanguage":"da-DK"}]}},"_links":{"self":[{"href":"https:\/\/matting.se\/da\/wp-json\/wp\/v2\/product\/251457","targetHints":{"allow":["GET"]}}],"collection":[{"href":"https:\/\/matting.se\/da\/wp-json\/wp\/v2\/product"}],"about":[{"href":"https:\/\/matting.se\/da\/wp-json\/wp\/v2\/types\/product"}],"wp:featuredmedia":[{"embeddable":true,"href":"https:\/\/matting.se\/da\/wp-json\/wp\/v2\/media\/251106"}],"wp:attachment":[{"href":"https:\/\/matting.se\/da\/wp-json\/wp\/v2\/media?parent=251457"}],"wp:term":[{"taxonomy":"product_brand","embeddable":true,"href":"https:\/\/matting.se\/da\/wp-json\/wp\/v2\/product_brand?post=251457"},{"taxonomy":"product_cat","embeddable":true,"href":"https:\/\/matting.se\/da\/wp-json\/wp\/v2\/product_cat?post=251457"},{"taxonomy":"product_tag","embeddable":true,"href":"https:\/\/matting.se\/da\/wp-json\/wp\/v2\/product_tag?post=251457"}],"curies":[{"name":"wp","href":"https:\/\/api.w.org\/{rel}","templated":true}]}}