{"id":251049,"date":"2023-08-17T13:34:23","date_gmt":"2023-08-17T12:34:23","guid":{"rendered":"https:\/\/matting.se\/produkt\/desk-stel-med-krog\/"},"modified":"2023-08-17T13:34:23","modified_gmt":"2023-08-17T12:34:23","slug":"desk-stel-med-krog","status":"publish","type":"product","link":"https:\/\/matting.se\/da\/produkt\/desk-stel-med-krog\/","title":{"rendered":"DESK stel med krog"},"content":{"rendered":"<p class=\"p1\">StandUp DESK-stellene f\u00e5s i tre modeller: 700, 900 og 1200.<\/p>\n<ul>\n<li class=\"p1\">DESK stel 700 passer til vores mindre DESKTOP-plade.<\/li>\n<li class=\"p1\">DESK stel 900 til vores bredere DESKTOP- og TRAPETS-tavler (L:940-960 mm).<\/li>\n<li class=\"p1\">DESK stel 1200 passer til vores st\u00f8rste DESKTOP-skiver (L:1200 mm).<\/li>\n<\/ul>\n<p>V\u00e6lg farve p\u00e5 stellet og derefter materiale og farve p\u00e5 bordpladen.<\/p>\n<p>Hjul p\u00e5 forbenene og foldeskive f\u00e5s som ekstraudstyr til vores 700- og 900-stellene.<\/p>\n<p class=\"p1\">Stel 1200 er udstyret med et dobbelt greb. Stel 1200 er uden krog og <a href=\"https:\/\/matting.se\/produkt\/desk-stativ-utan-krok\/\">du finder dem her.<\/a><\/p>\n<p class=\"p1\">Designet af Dan Ihreborn.<\/p>\n","protected":false},"excerpt":{"rendered":"<p>StandUp DESK-stellene f\u00e5s i tre modeller: 700, 900 og 1200. DESK stel 700 passer til vores mindre DESKTOP-plade. DESK stel 900 til vores bredere DESKTOP- og TRAPETS-tavler (L:940-960 mm). DESK stel 1200 passer til vores st\u00f8rste DESKTOP-skiver (L:1200 mm). V\u00e6lg farve p\u00e5 stellet og derefter materiale og farve p\u00e5 bordpladen. Hjul p\u00e5 forbenene og foldeskive [&hellip;]<\/p>\n","protected":false},"featured_media":243025,"template":"","meta":{"_et_pb_use_builder":"","_et_pb_old_content":"","_et_gb_content_width":""},"product_brand":[],"product_cat":[186,187,300],"product_tag":[],"class_list":{"0":"post-251049","1":"product","2":"type-product","3":"status-publish","4":"has-post-thumbnail","6":"product_cat-matting-interior-da","7":"product_cat-borde-og-tilbehor-mi","8":"product_cat-hojdejusterbare-stativer-mi","10":"first","11":"instock","12":"taxable","13":"shipping-taxable","14":"purchasable","15":"product-type-variable","16":"has-default-attributes"},"yoast_head":"<!-- This site is optimized with the Yoast SEO plugin v25.6 - https:\/\/yoast.com\/wordpress\/plugins\/seo\/ -->\n<title>DESK stel med krog - Matting<\/title>\n<meta name=\"description\" content=\"DESK stel med krog - Se Mattings h\u00e5llbara koncept och produkter f\u00f6r publika milj\u00f6er, arbetsplatser och skolor.\" \/>\n<meta name=\"robots\" content=\"index, follow, max-snippet:-1, max-image-preview:large, max-video-preview:-1\" \/>\n<link rel=\"canonical\" href=\"https:\/\/matting.se\/da\/produkt\/desk-stel-med-krog\/\" \/>\n<meta property=\"og:locale\" content=\"da_DK\" \/>\n<meta property=\"og:type\" content=\"article\" \/>\n<meta property=\"og:title\" content=\"DESK stel med krog - Matting\" \/>\n<meta property=\"og:description\" content=\"DESK stel med krog - Se Mattings h\u00e5llbara koncept och produkter f\u00f6r publika milj\u00f6er, arbetsplatser och skolor.\" \/>\n<meta property=\"og:url\" content=\"https:\/\/matting.se\/da\/produkt\/desk-stel-med-krog\/\" \/>\n<meta property=\"og:site_name\" content=\"Matting\" \/>\n<meta property=\"og:image\" content=\"https:\/\/matting.se\/wp-content\/uploads\/2023\/08\/384049_DESK-FRAME_700_white_side.jpg\" \/>\n\t<meta property=\"og:image:width\" content=\"800\" \/>\n\t<meta property=\"og:image:height\" content=\"800\" \/>\n\t<meta property=\"og:image:type\" content=\"image\/jpeg\" \/>\n<meta name=\"twitter:card\" content=\"summary_large_image\" \/>\n<script type=\"application\/ld+json\" class=\"yoast-schema-graph\">{\"@context\":\"https:\/\/schema.org\",\"@graph\":[{\"@type\":[\"WebPage\",\"ItemPage\"],\"@id\":\"https:\/\/matting.se\/da\/produkt\/desk-stel-med-krog\/\",\"url\":\"https:\/\/matting.se\/da\/produkt\/desk-stel-med-krog\/\",\"name\":\"DESK stel med krog - Matting\",\"isPartOf\":{\"@id\":\"https:\/\/matting.se\/da\/#website\"},\"primaryImageOfPage\":{\"@id\":\"https:\/\/matting.se\/da\/produkt\/desk-stel-med-krog\/#primaryimage\"},\"image\":{\"@id\":\"https:\/\/matting.se\/da\/produkt\/desk-stel-med-krog\/#primaryimage\"},\"thumbnailUrl\":\"https:\/\/matting.se\/wp-content\/uploads\/2023\/08\/384049_DESK-FRAME_700_white_side.jpg\",\"datePublished\":\"2023-08-17T12:34:23+00:00\",\"description\":\"DESK stel med krog - Se Mattings h\u00e5llbara koncept och produkter f\u00f6r publika milj\u00f6er, arbetsplatser och skolor.\",\"breadcrumb\":{\"@id\":\"https:\/\/matting.se\/da\/produkt\/desk-stel-med-krog\/#breadcrumb\"},\"inLanguage\":\"da-DK\",\"potentialAction\":[{\"@type\":\"ReadAction\",\"target\":[\"https:\/\/matting.se\/da\/produkt\/desk-stel-med-krog\/\"]}]},{\"@type\":\"ImageObject\",\"inLanguage\":\"da-DK\",\"@id\":\"https:\/\/matting.se\/da\/produkt\/desk-stel-med-krog\/#primaryimage\",\"url\":\"https:\/\/matting.se\/wp-content\/uploads\/2023\/08\/384049_DESK-FRAME_700_white_side.jpg\",\"contentUrl\":\"https:\/\/matting.se\/wp-content\/uploads\/2023\/08\/384049_DESK-FRAME_700_white_side.jpg\",\"width\":800,\"height\":800,\"caption\":\"StandUp DESK stel 700. Stel 700 passer til vores mindre DESKTOP- og BLOSSOM-plade. Med en fast sidekrog.\"},{\"@type\":\"BreadcrumbList\",\"@id\":\"https:\/\/matting.se\/da\/produkt\/desk-stel-med-krog\/#breadcrumb\",\"itemListElement\":[{\"@type\":\"ListItem\",\"position\":1,\"name\":\"Hem\",\"item\":\"https:\/\/matting.se\/da\/\"},{\"@type\":\"ListItem\",\"position\":2,\"name\":\"Shop\",\"item\":\"https:\/\/matting.se\/shop\/\"},{\"@type\":\"ListItem\",\"position\":3,\"name\":\"Matting Interior\",\"item\":\"https:\/\/matting.se\/da\/produkt-kategori\/matting-interior-da\/\"},{\"@type\":\"ListItem\",\"position\":4,\"name\":\"Borde og tilbeh\u00f8r\",\"item\":\"https:\/\/matting.se\/da\/produkt-kategori\/matting-interior-da\/borde-og-tilbehor-mi\/\"},{\"@type\":\"ListItem\",\"position\":5,\"name\":\"H\u00f8jdejusterbare stativer MI\",\"item\":\"https:\/\/matting.se\/da\/produkt-kategori\/matting-interior-da\/borde-og-tilbehor-mi\/hojdejusterbare-stativer-mi\/\"},{\"@type\":\"ListItem\",\"position\":6,\"name\":\"DESK stel med krog\"}]},{\"@type\":\"WebSite\",\"@id\":\"https:\/\/matting.se\/da\/#website\",\"url\":\"https:\/\/matting.se\/da\/\",\"name\":\"Matting\",\"description\":\"\",\"potentialAction\":[{\"@type\":\"SearchAction\",\"target\":{\"@type\":\"EntryPoint\",\"urlTemplate\":\"https:\/\/matting.se\/da\/?s={search_term_string}\"},\"query-input\":{\"@type\":\"PropertyValueSpecification\",\"valueRequired\":true,\"valueName\":\"search_term_string\"}}],\"inLanguage\":\"da-DK\"}]}<\/script>\n<!-- \/ Yoast SEO plugin. -->","yoast_head_json":{"title":"DESK stel med krog - Matting","description":"DESK stel med krog - Se Mattings h\u00e5llbara koncept och produkter f\u00f6r publika milj\u00f6er, arbetsplatser och skolor.","robots":{"index":"index","follow":"follow","max-snippet":"max-snippet:-1","max-image-preview":"max-image-preview:large","max-video-preview":"max-video-preview:-1"},"canonical":"https:\/\/matting.se\/da\/produkt\/desk-stel-med-krog\/","og_locale":"da_DK","og_type":"article","og_title":"DESK stel med krog - Matting","og_description":"DESK stel med krog - Se Mattings h\u00e5llbara koncept och produkter f\u00f6r publika milj\u00f6er, arbetsplatser och skolor.","og_url":"https:\/\/matting.se\/da\/produkt\/desk-stel-med-krog\/","og_site_name":"Matting","og_image":[{"width":800,"height":800,"url":"https:\/\/matting.se\/wp-content\/uploads\/2023\/08\/384049_DESK-FRAME_700_white_side.jpg","type":"image\/jpeg"}],"twitter_card":"summary_large_image","schema":{"@context":"https:\/\/schema.org","@graph":[{"@type":["WebPage","ItemPage"],"@id":"https:\/\/matting.se\/da\/produkt\/desk-stel-med-krog\/","url":"https:\/\/matting.se\/da\/produkt\/desk-stel-med-krog\/","name":"DESK stel med krog - Matting","isPartOf":{"@id":"https:\/\/matting.se\/da\/#website"},"primaryImageOfPage":{"@id":"https:\/\/matting.se\/da\/produkt\/desk-stel-med-krog\/#primaryimage"},"image":{"@id":"https:\/\/matting.se\/da\/produkt\/desk-stel-med-krog\/#primaryimage"},"thumbnailUrl":"https:\/\/matting.se\/wp-content\/uploads\/2023\/08\/384049_DESK-FRAME_700_white_side.jpg","datePublished":"2023-08-17T12:34:23+00:00","description":"DESK stel med krog - Se Mattings h\u00e5llbara koncept och produkter f\u00f6r publika milj\u00f6er, arbetsplatser och skolor.","breadcrumb":{"@id":"https:\/\/matting.se\/da\/produkt\/desk-stel-med-krog\/#breadcrumb"},"inLanguage":"da-DK","potentialAction":[{"@type":"ReadAction","target":["https:\/\/matting.se\/da\/produkt\/desk-stel-med-krog\/"]}]},{"@type":"ImageObject","inLanguage":"da-DK","@id":"https:\/\/matting.se\/da\/produkt\/desk-stel-med-krog\/#primaryimage","url":"https:\/\/matting.se\/wp-content\/uploads\/2023\/08\/384049_DESK-FRAME_700_white_side.jpg","contentUrl":"https:\/\/matting.se\/wp-content\/uploads\/2023\/08\/384049_DESK-FRAME_700_white_side.jpg","width":800,"height":800,"caption":"StandUp DESK stel 700. Stel 700 passer til vores mindre DESKTOP- og BLOSSOM-plade. Med en fast sidekrog."},{"@type":"BreadcrumbList","@id":"https:\/\/matting.se\/da\/produkt\/desk-stel-med-krog\/#breadcrumb","itemListElement":[{"@type":"ListItem","position":1,"name":"Hem","item":"https:\/\/matting.se\/da\/"},{"@type":"ListItem","position":2,"name":"Shop","item":"https:\/\/matting.se\/shop\/"},{"@type":"ListItem","position":3,"name":"Matting Interior","item":"https:\/\/matting.se\/da\/produkt-kategori\/matting-interior-da\/"},{"@type":"ListItem","position":4,"name":"Borde og tilbeh\u00f8r","item":"https:\/\/matting.se\/da\/produkt-kategori\/matting-interior-da\/borde-og-tilbehor-mi\/"},{"@type":"ListItem","position":5,"name":"H\u00f8jdejusterbare stativer MI","item":"https:\/\/matting.se\/da\/produkt-kategori\/matting-interior-da\/borde-og-tilbehor-mi\/hojdejusterbare-stativer-mi\/"},{"@type":"ListItem","position":6,"name":"DESK stel med krog"}]},{"@type":"WebSite","@id":"https:\/\/matting.se\/da\/#website","url":"https:\/\/matting.se\/da\/","name":"Matting","description":"","potentialAction":[{"@type":"SearchAction","target":{"@type":"EntryPoint","urlTemplate":"https:\/\/matting.se\/da\/?s={search_term_string}"},"query-input":{"@type":"PropertyValueSpecification","valueRequired":true,"valueName":"search_term_string"}}],"inLanguage":"da-DK"}]}},"_links":{"self":[{"href":"https:\/\/matting.se\/da\/wp-json\/wp\/v2\/product\/251049","targetHints":{"allow":["GET"]}}],"collection":[{"href":"https:\/\/matting.se\/da\/wp-json\/wp\/v2\/product"}],"about":[{"href":"https:\/\/matting.se\/da\/wp-json\/wp\/v2\/types\/product"}],"wp:featuredmedia":[{"embeddable":true,"href":"https:\/\/matting.se\/da\/wp-json\/wp\/v2\/media\/243025"}],"wp:attachment":[{"href":"https:\/\/matting.se\/da\/wp-json\/wp\/v2\/media?parent=251049"}],"wp:term":[{"taxonomy":"product_brand","embeddable":true,"href":"https:\/\/matting.se\/da\/wp-json\/wp\/v2\/product_brand?post=251049"},{"taxonomy":"product_cat","embeddable":true,"href":"https:\/\/matting.se\/da\/wp-json\/wp\/v2\/product_cat?post=251049"},{"taxonomy":"product_tag","embeddable":true,"href":"https:\/\/matting.se\/da\/wp-json\/wp\/v2\/product_tag?post=251049"}],"curies":[{"name":"wp","href":"https:\/\/api.w.org\/{rel}","templated":true}]}}