{"id":251034,"date":"2023-08-17T13:34:23","date_gmt":"2023-08-17T12:34:23","guid":{"rendered":"https:\/\/matting.se\/produkt\/blossom-stel\/"},"modified":"2024-05-06T09:46:25","modified_gmt":"2024-05-06T08:46:25","slug":"blossom-stel","status":"publish","type":"product","link":"https:\/\/matting.se\/da\/produkt\/blossom-stel\/","title":{"rendered":"BLOSSOM stel"},"content":{"rendered":"<p>StandUp BLOSSOM-stelet passer til vores BLOSSOM-diske. Stelet har en fast sidekrog.<\/p>\n<p>BLOSSOM er en del af vores h\u00f8jdejusterbare StandUp-bordserie uden elektricitet. Bordet h\u00e6ves og s\u00e6nkes nemt, hurtigt og lydl\u00f8st med en gasfjeder via h\u00e5ndtaget p\u00e5 siden og er designet til at blomstre i forskellige formationer. Skiven kan drejes i to forskellige retninger, s\u00e5 man kan skabe gruppeborde, projektomr\u00e5der og forskellige formationer, der er tilpasset rummet og kan flyttes rundt efter behov. BLOSSOM er et fleksibelt bord, hvor det samme bord kan bruges b\u00e5de som et enkelt bord eller til at danne et gruppebord. Bordet er velegnet til arbejdspladsen, konferenceomr\u00e5der eller klassev\u00e6relset.<\/p>\n<p>Bordet er designet med b\u00e6redygtighed for \u00f8je, uden ledninger eller milj\u00f8skadelige batterier.<\/p>\n<p>Hjul i forbenene og en foldeskive f\u00e5s som ekstraudstyr til stellet. V\u00e6lg farve p\u00e5 stativet og derefter <a href=\"https:\/\/matting.se\/da\/produkt\/blossom-disk\/\" target=\"_blank\" rel=\"noopener\">materiale og farve p\u00e5 panel<\/a> og kant.<\/p>\n<p>Designet af Dan Ihreborn.<\/p>\n<p><i>*M\u00f8belfaktam\u00e6rket g\u00e6lder kun, n\u00e5r stellet er installeret med den specificerede MATTING-bordplade.<\/i><\/p>\n","protected":false},"excerpt":{"rendered":"<p>StandUp BLOSSOM-stelet passer til vores BLOSSOM-diske. Stelet har en fast sidekrog. BLOSSOM er en del af vores h\u00f8jdejusterbare StandUp-bordserie uden elektricitet. Bordet h\u00e6ves og s\u00e6nkes nemt, hurtigt og lydl\u00f8st med en gasfjeder via h\u00e5ndtaget p\u00e5 siden og er designet til at blomstre i forskellige formationer. Skiven kan drejes i to forskellige retninger, s\u00e5 man kan [&hellip;]<\/p>\n","protected":false},"featured_media":243013,"template":"","meta":{"_et_pb_use_builder":"","_et_pb_old_content":"","_et_gb_content_width":""},"product_brand":[],"product_cat":[186,187,300],"product_tag":[],"class_list":{"0":"post-251034","1":"product","2":"type-product","3":"status-publish","4":"has-post-thumbnail","6":"product_cat-matting-interior-da","7":"product_cat-borde-og-tilbehor-mi","8":"product_cat-hojdejusterbare-stativer-mi","10":"first","11":"instock","12":"taxable","13":"shipping-taxable","14":"purchasable","15":"product-type-variable","16":"has-default-attributes"},"yoast_head":"<!-- This site is optimized with the Yoast SEO plugin v25.6 - https:\/\/yoast.com\/wordpress\/plugins\/seo\/ -->\n<title>BLOSSOM stel - Matting<\/title>\n<meta name=\"description\" content=\"BLOSSOM stel - Se Mattings h\u00e5llbara koncept och produkter f\u00f6r publika milj\u00f6er, arbetsplatser och skolor.\" \/>\n<meta name=\"robots\" content=\"index, follow, max-snippet:-1, max-image-preview:large, max-video-preview:-1\" \/>\n<link rel=\"canonical\" href=\"https:\/\/matting.se\/da\/produkt\/blossom-stel\/\" \/>\n<meta property=\"og:locale\" content=\"da_DK\" \/>\n<meta property=\"og:type\" content=\"article\" \/>\n<meta property=\"og:title\" content=\"BLOSSOM stel - Matting\" \/>\n<meta property=\"og:description\" content=\"BLOSSOM stel - Se Mattings h\u00e5llbara koncept och produkter f\u00f6r publika milj\u00f6er, arbetsplatser och skolor.\" \/>\n<meta property=\"og:url\" content=\"https:\/\/matting.se\/da\/produkt\/blossom-stel\/\" \/>\n<meta property=\"og:site_name\" content=\"Matting\" \/>\n<meta property=\"article:modified_time\" content=\"2024-05-06T08:46:25+00:00\" \/>\n<meta property=\"og:image\" content=\"https:\/\/matting.se\/wp-content\/uploads\/2023\/08\/384047_DESK-FRAME_no_hook_700_white_side.jpg\" \/>\n\t<meta property=\"og:image:width\" content=\"800\" \/>\n\t<meta property=\"og:image:height\" content=\"800\" \/>\n\t<meta property=\"og:image:type\" content=\"image\/jpeg\" \/>\n<meta name=\"twitter:card\" content=\"summary_large_image\" \/>\n<meta name=\"twitter:label1\" content=\"Estimeret l\u00e6setid\" \/>\n\t<meta name=\"twitter:data1\" content=\"1 minut\" \/>\n<script type=\"application\/ld+json\" class=\"yoast-schema-graph\">{\"@context\":\"https:\/\/schema.org\",\"@graph\":[{\"@type\":[\"WebPage\",\"ItemPage\"],\"@id\":\"https:\/\/matting.se\/da\/produkt\/blossom-stel\/\",\"url\":\"https:\/\/matting.se\/da\/produkt\/blossom-stel\/\",\"name\":\"BLOSSOM stel - Matting\",\"isPartOf\":{\"@id\":\"https:\/\/matting.se\/da\/#website\"},\"primaryImageOfPage\":{\"@id\":\"https:\/\/matting.se\/da\/produkt\/blossom-stel\/#primaryimage\"},\"image\":{\"@id\":\"https:\/\/matting.se\/da\/produkt\/blossom-stel\/#primaryimage\"},\"thumbnailUrl\":\"https:\/\/matting.se\/wp-content\/uploads\/2023\/08\/384047_DESK-FRAME_no_hook_700_white_side.jpg\",\"datePublished\":\"2023-08-17T12:34:23+00:00\",\"dateModified\":\"2024-05-06T08:46:25+00:00\",\"description\":\"BLOSSOM stel - Se Mattings h\u00e5llbara koncept och produkter f\u00f6r publika milj\u00f6er, arbetsplatser och skolor.\",\"breadcrumb\":{\"@id\":\"https:\/\/matting.se\/da\/produkt\/blossom-stel\/#breadcrumb\"},\"inLanguage\":\"da-DK\",\"potentialAction\":[{\"@type\":\"ReadAction\",\"target\":[\"https:\/\/matting.se\/da\/produkt\/blossom-stel\/\"]}]},{\"@type\":\"ImageObject\",\"inLanguage\":\"da-DK\",\"@id\":\"https:\/\/matting.se\/da\/produkt\/blossom-stel\/#primaryimage\",\"url\":\"https:\/\/matting.se\/wp-content\/uploads\/2023\/08\/384047_DESK-FRAME_no_hook_700_white_side.jpg\",\"contentUrl\":\"https:\/\/matting.se\/wp-content\/uploads\/2023\/08\/384047_DESK-FRAME_no_hook_700_white_side.jpg\",\"width\":800,\"height\":800,\"caption\":\"StandUp DESK stel 700. Stel 700 passer til vores mindre DESKTOP- og BLOSSOM-plade. Uden en fast sidekrog.\"},{\"@type\":\"BreadcrumbList\",\"@id\":\"https:\/\/matting.se\/da\/produkt\/blossom-stel\/#breadcrumb\",\"itemListElement\":[{\"@type\":\"ListItem\",\"position\":1,\"name\":\"Hem\",\"item\":\"https:\/\/matting.se\/da\/\"},{\"@type\":\"ListItem\",\"position\":2,\"name\":\"Shop\",\"item\":\"https:\/\/matting.se\/shop\/\"},{\"@type\":\"ListItem\",\"position\":3,\"name\":\"Matting Interior\",\"item\":\"https:\/\/matting.se\/da\/produkt-kategori\/matting-interior-da\/\"},{\"@type\":\"ListItem\",\"position\":4,\"name\":\"Borde og tilbeh\u00f8r\",\"item\":\"https:\/\/matting.se\/da\/produkt-kategori\/matting-interior-da\/borde-og-tilbehor-mi\/\"},{\"@type\":\"ListItem\",\"position\":5,\"name\":\"H\u00f8jdejusterbare stativer MI\",\"item\":\"https:\/\/matting.se\/da\/produkt-kategori\/matting-interior-da\/borde-og-tilbehor-mi\/hojdejusterbare-stativer-mi\/\"},{\"@type\":\"ListItem\",\"position\":6,\"name\":\"BLOSSOM stel\"}]},{\"@type\":\"WebSite\",\"@id\":\"https:\/\/matting.se\/da\/#website\",\"url\":\"https:\/\/matting.se\/da\/\",\"name\":\"Matting\",\"description\":\"\",\"potentialAction\":[{\"@type\":\"SearchAction\",\"target\":{\"@type\":\"EntryPoint\",\"urlTemplate\":\"https:\/\/matting.se\/da\/?s={search_term_string}\"},\"query-input\":{\"@type\":\"PropertyValueSpecification\",\"valueRequired\":true,\"valueName\":\"search_term_string\"}}],\"inLanguage\":\"da-DK\"}]}<\/script>\n<!-- \/ Yoast SEO plugin. -->","yoast_head_json":{"title":"BLOSSOM stel - Matting","description":"BLOSSOM stel - Se Mattings h\u00e5llbara koncept och produkter f\u00f6r publika milj\u00f6er, arbetsplatser och skolor.","robots":{"index":"index","follow":"follow","max-snippet":"max-snippet:-1","max-image-preview":"max-image-preview:large","max-video-preview":"max-video-preview:-1"},"canonical":"https:\/\/matting.se\/da\/produkt\/blossom-stel\/","og_locale":"da_DK","og_type":"article","og_title":"BLOSSOM stel - Matting","og_description":"BLOSSOM stel - Se Mattings h\u00e5llbara koncept och produkter f\u00f6r publika milj\u00f6er, arbetsplatser och skolor.","og_url":"https:\/\/matting.se\/da\/produkt\/blossom-stel\/","og_site_name":"Matting","article_modified_time":"2024-05-06T08:46:25+00:00","og_image":[{"width":800,"height":800,"url":"https:\/\/matting.se\/wp-content\/uploads\/2023\/08\/384047_DESK-FRAME_no_hook_700_white_side.jpg","type":"image\/jpeg"}],"twitter_card":"summary_large_image","twitter_misc":{"Estimeret l\u00e6setid":"1 minut"},"schema":{"@context":"https:\/\/schema.org","@graph":[{"@type":["WebPage","ItemPage"],"@id":"https:\/\/matting.se\/da\/produkt\/blossom-stel\/","url":"https:\/\/matting.se\/da\/produkt\/blossom-stel\/","name":"BLOSSOM stel - Matting","isPartOf":{"@id":"https:\/\/matting.se\/da\/#website"},"primaryImageOfPage":{"@id":"https:\/\/matting.se\/da\/produkt\/blossom-stel\/#primaryimage"},"image":{"@id":"https:\/\/matting.se\/da\/produkt\/blossom-stel\/#primaryimage"},"thumbnailUrl":"https:\/\/matting.se\/wp-content\/uploads\/2023\/08\/384047_DESK-FRAME_no_hook_700_white_side.jpg","datePublished":"2023-08-17T12:34:23+00:00","dateModified":"2024-05-06T08:46:25+00:00","description":"BLOSSOM stel - Se Mattings h\u00e5llbara koncept och produkter f\u00f6r publika milj\u00f6er, arbetsplatser och skolor.","breadcrumb":{"@id":"https:\/\/matting.se\/da\/produkt\/blossom-stel\/#breadcrumb"},"inLanguage":"da-DK","potentialAction":[{"@type":"ReadAction","target":["https:\/\/matting.se\/da\/produkt\/blossom-stel\/"]}]},{"@type":"ImageObject","inLanguage":"da-DK","@id":"https:\/\/matting.se\/da\/produkt\/blossom-stel\/#primaryimage","url":"https:\/\/matting.se\/wp-content\/uploads\/2023\/08\/384047_DESK-FRAME_no_hook_700_white_side.jpg","contentUrl":"https:\/\/matting.se\/wp-content\/uploads\/2023\/08\/384047_DESK-FRAME_no_hook_700_white_side.jpg","width":800,"height":800,"caption":"StandUp DESK stel 700. Stel 700 passer til vores mindre DESKTOP- og BLOSSOM-plade. Uden en fast sidekrog."},{"@type":"BreadcrumbList","@id":"https:\/\/matting.se\/da\/produkt\/blossom-stel\/#breadcrumb","itemListElement":[{"@type":"ListItem","position":1,"name":"Hem","item":"https:\/\/matting.se\/da\/"},{"@type":"ListItem","position":2,"name":"Shop","item":"https:\/\/matting.se\/shop\/"},{"@type":"ListItem","position":3,"name":"Matting Interior","item":"https:\/\/matting.se\/da\/produkt-kategori\/matting-interior-da\/"},{"@type":"ListItem","position":4,"name":"Borde og tilbeh\u00f8r","item":"https:\/\/matting.se\/da\/produkt-kategori\/matting-interior-da\/borde-og-tilbehor-mi\/"},{"@type":"ListItem","position":5,"name":"H\u00f8jdejusterbare stativer MI","item":"https:\/\/matting.se\/da\/produkt-kategori\/matting-interior-da\/borde-og-tilbehor-mi\/hojdejusterbare-stativer-mi\/"},{"@type":"ListItem","position":6,"name":"BLOSSOM stel"}]},{"@type":"WebSite","@id":"https:\/\/matting.se\/da\/#website","url":"https:\/\/matting.se\/da\/","name":"Matting","description":"","potentialAction":[{"@type":"SearchAction","target":{"@type":"EntryPoint","urlTemplate":"https:\/\/matting.se\/da\/?s={search_term_string}"},"query-input":{"@type":"PropertyValueSpecification","valueRequired":true,"valueName":"search_term_string"}}],"inLanguage":"da-DK"}]}},"_links":{"self":[{"href":"https:\/\/matting.se\/da\/wp-json\/wp\/v2\/product\/251034","targetHints":{"allow":["GET"]}}],"collection":[{"href":"https:\/\/matting.se\/da\/wp-json\/wp\/v2\/product"}],"about":[{"href":"https:\/\/matting.se\/da\/wp-json\/wp\/v2\/types\/product"}],"wp:featuredmedia":[{"embeddable":true,"href":"https:\/\/matting.se\/da\/wp-json\/wp\/v2\/media\/243013"}],"wp:attachment":[{"href":"https:\/\/matting.se\/da\/wp-json\/wp\/v2\/media?parent=251034"}],"wp:term":[{"taxonomy":"product_brand","embeddable":true,"href":"https:\/\/matting.se\/da\/wp-json\/wp\/v2\/product_brand?post=251034"},{"taxonomy":"product_cat","embeddable":true,"href":"https:\/\/matting.se\/da\/wp-json\/wp\/v2\/product_cat?post=251034"},{"taxonomy":"product_tag","embeddable":true,"href":"https:\/\/matting.se\/da\/wp-json\/wp\/v2\/product_tag?post=251034"}],"curies":[{"name":"wp","href":"https:\/\/api.w.org\/{rel}","templated":true}]}}