{"id":250297,"date":"2022-02-03T07:39:06","date_gmt":"2022-02-03T06:39:06","guid":{"rendered":"https:\/\/matting.se\/produkt\/choice-stol\/"},"modified":"2024-03-12T16:01:33","modified_gmt":"2024-03-12T15:01:33","slug":"choice-stol","status":"publish","type":"product","link":"https:\/\/matting.se\/da\/produkt\/choice-stol\/","title":{"rendered":"CHOICE stol"},"content":{"rendered":"<p>StandUp CHOICE stolen er designet med en ny generation af design i funktion og \u00e6stetik. CHOICE-stolen g\u00f8r det nemt at skifte mellem at st\u00e5 og hvile, s\u00e5 du f\u00e5r en sund og aktiv livsstil. CHOICE har et bev\u00e6geligt s\u00e6de og fleksibel s\u00e6deh\u00f8jde, specielt designet til h\u00e6ve-s\u00e6nke-borde. Med sit enkle og skandinaviske design passer CHOICE stolen ind i mange forskellige milj\u00f8er. CHOICE kan stables og er nem at stille v\u00e6k. Maksimal v\u00e6gt 130 kg.<\/p>\n<p>&#8211; Valgfri fleksibel s\u00e6deh\u00f8jde<br \/>\n&#8211; Aftageligt polstret s\u00e6de med velcrolukning<br \/>\n&#8211; Mobilitet af s\u00e6det<br \/>\n&#8211; Modvirker en statisk siddestilling<br \/>\n&#8211; Praktisk og let at l\u00e6gge v\u00e6k<br \/>\n&#8211; Kan stables og er let at gemme v\u00e6k<br \/>\n&#8211; Udskiftelige dele og genanvendelige for lang levetid<br \/>\n&#8211; 5 \u00e5rs garanti<\/p>\n<p>En polstret stolehynde f\u00e5s som ekstraudstyr i flere stoffer og farver.<\/p>\n<p>StandUp CHOICE er fremstillet i Sverige af b\u00e6redygtige materialer.<br \/>\nDesign: Dan Ihreborn.<\/p>\n<p><a href=\"https:\/\/matting.se\/wp-content\/uploads\/2024\/02\/MATTING-INTERIOR_2024_SE.pdf\" target=\"_blank\" rel=\"noopener\">Brochure MATTING INTERIOR<\/a><br \/>\n<a href=\"https:\/\/matting.se\/wp-content\/uploads\/2022\/03\/StandUp-CHOICE-broschyr_SE.pdf\" target=\"_blank\" rel=\"noopener\">Brochure StandUp CHOICE<\/a><\/p>\n","protected":false},"excerpt":{"rendered":"<p>StandUp CHOICE stolen er designet med en ny generation af design i funktion og \u00e6stetik. CHOICE-stolen g\u00f8r det nemt at skifte mellem at st\u00e5 og hvile, s\u00e5 du f\u00e5r en sund og aktiv livsstil. CHOICE har et bev\u00e6geligt s\u00e6de og fleksibel s\u00e6deh\u00f8jde, specielt designet til h\u00e6ve-s\u00e6nke-borde. Med sit enkle og skandinaviske design passer CHOICE stolen [&hellip;]<\/p>\n","protected":false},"featured_media":240907,"template":"","meta":{"_et_pb_use_builder":"","_et_pb_old_content":"","_et_gb_content_width":""},"product_brand":[],"product_cat":[220,186,221,285],"product_tag":[],"class_list":{"0":"post-250297","1":"product","2":"type-product","3":"status-publish","4":"has-post-thumbnail","6":"product_cat-mobler-da","7":"product_cat-matting-interior-da","8":"product_cat-siddemobler-mi","9":"product_cat-stol-mi","11":"first","12":"instock","13":"taxable","14":"shipping-taxable","15":"purchasable","16":"product-type-variable","17":"has-default-attributes"},"yoast_head":"<!-- This site is optimized with the Yoast SEO plugin v25.6 - https:\/\/yoast.com\/wordpress\/plugins\/seo\/ -->\n<title>CHOICE stol - Matting<\/title>\n<meta name=\"description\" content=\"CHOICE stol - Se Mattings h\u00e5llbara koncept och produkter f\u00f6r publika milj\u00f6er, arbetsplatser och skolor.\" \/>\n<meta name=\"robots\" content=\"index, follow, max-snippet:-1, max-image-preview:large, max-video-preview:-1\" \/>\n<link rel=\"canonical\" href=\"https:\/\/matting.se\/da\/produkt\/choice-stol\/\" \/>\n<meta property=\"og:locale\" content=\"da_DK\" \/>\n<meta property=\"og:type\" content=\"article\" \/>\n<meta property=\"og:title\" content=\"CHOICE stol - Matting\" \/>\n<meta property=\"og:description\" content=\"CHOICE stol - Se Mattings h\u00e5llbara koncept och produkter f\u00f6r publika milj\u00f6er, arbetsplatser och skolor.\" \/>\n<meta property=\"og:url\" content=\"https:\/\/matting.se\/da\/produkt\/choice-stol\/\" \/>\n<meta property=\"og:site_name\" content=\"Matting\" \/>\n<meta property=\"article:modified_time\" content=\"2024-03-12T15:01:33+00:00\" \/>\n<meta property=\"og:image\" content=\"https:\/\/matting.se\/wp-content\/uploads\/2022\/02\/CHOICES_chair_sandstone_front.gif\" \/>\n\t<meta property=\"og:image:width\" content=\"800\" \/>\n\t<meta property=\"og:image:height\" content=\"800\" \/>\n\t<meta property=\"og:image:type\" content=\"image\/gif\" \/>\n<meta name=\"twitter:card\" content=\"summary_large_image\" \/>\n<meta name=\"twitter:label1\" content=\"Estimeret l\u00e6setid\" \/>\n\t<meta name=\"twitter:data1\" content=\"1 minut\" \/>\n<script type=\"application\/ld+json\" class=\"yoast-schema-graph\">{\"@context\":\"https:\/\/schema.org\",\"@graph\":[{\"@type\":[\"WebPage\",\"ItemPage\"],\"@id\":\"https:\/\/matting.se\/da\/produkt\/choice-stol\/\",\"url\":\"https:\/\/matting.se\/da\/produkt\/choice-stol\/\",\"name\":\"CHOICE stol - Matting\",\"isPartOf\":{\"@id\":\"https:\/\/matting.se\/da\/#website\"},\"primaryImageOfPage\":{\"@id\":\"https:\/\/matting.se\/da\/produkt\/choice-stol\/#primaryimage\"},\"image\":{\"@id\":\"https:\/\/matting.se\/da\/produkt\/choice-stol\/#primaryimage\"},\"thumbnailUrl\":\"https:\/\/matting.se\/wp-content\/uploads\/2022\/02\/CHOICES_chair_sandstone_front.gif\",\"datePublished\":\"2022-02-03T06:39:06+00:00\",\"dateModified\":\"2024-03-12T15:01:33+00:00\",\"description\":\"CHOICE stol - Se Mattings h\u00e5llbara koncept och produkter f\u00f6r publika milj\u00f6er, arbetsplatser och skolor.\",\"breadcrumb\":{\"@id\":\"https:\/\/matting.se\/da\/produkt\/choice-stol\/#breadcrumb\"},\"inLanguage\":\"da-DK\",\"potentialAction\":[{\"@type\":\"ReadAction\",\"target\":[\"https:\/\/matting.se\/da\/produkt\/choice-stol\/\"]}]},{\"@type\":\"ImageObject\",\"inLanguage\":\"da-DK\",\"@id\":\"https:\/\/matting.se\/da\/produkt\/choice-stol\/#primaryimage\",\"url\":\"https:\/\/matting.se\/wp-content\/uploads\/2022\/02\/CHOICES_chair_sandstone_front.gif\",\"contentUrl\":\"https:\/\/matting.se\/wp-content\/uploads\/2022\/02\/CHOICES_chair_sandstone_front.gif\",\"width\":800,\"height\":800},{\"@type\":\"BreadcrumbList\",\"@id\":\"https:\/\/matting.se\/da\/produkt\/choice-stol\/#breadcrumb\",\"itemListElement\":[{\"@type\":\"ListItem\",\"position\":1,\"name\":\"Hem\",\"item\":\"https:\/\/matting.se\/da\/\"},{\"@type\":\"ListItem\",\"position\":2,\"name\":\"Shop\",\"item\":\"https:\/\/matting.se\/shop\/\"},{\"@type\":\"ListItem\",\"position\":3,\"name\":\"Matting Interior\",\"item\":\"https:\/\/matting.se\/da\/produkt-kategori\/matting-interior-da\/\"},{\"@type\":\"ListItem\",\"position\":4,\"name\":\"Siddem\u00f8bler\",\"item\":\"https:\/\/matting.se\/da\/produkt-kategori\/matting-interior-da\/siddemobler-mi\/\"},{\"@type\":\"ListItem\",\"position\":5,\"name\":\"Stol Mi\",\"item\":\"https:\/\/matting.se\/da\/produkt-kategori\/matting-interior-da\/siddemobler-mi\/stol-mi\/\"},{\"@type\":\"ListItem\",\"position\":6,\"name\":\"CHOICE stol\"}]},{\"@type\":\"WebSite\",\"@id\":\"https:\/\/matting.se\/da\/#website\",\"url\":\"https:\/\/matting.se\/da\/\",\"name\":\"Matting\",\"description\":\"\",\"potentialAction\":[{\"@type\":\"SearchAction\",\"target\":{\"@type\":\"EntryPoint\",\"urlTemplate\":\"https:\/\/matting.se\/da\/?s={search_term_string}\"},\"query-input\":{\"@type\":\"PropertyValueSpecification\",\"valueRequired\":true,\"valueName\":\"search_term_string\"}}],\"inLanguage\":\"da-DK\"}]}<\/script>\n<!-- \/ Yoast SEO plugin. -->","yoast_head_json":{"title":"CHOICE stol - Matting","description":"CHOICE stol - Se Mattings h\u00e5llbara koncept och produkter f\u00f6r publika milj\u00f6er, arbetsplatser och skolor.","robots":{"index":"index","follow":"follow","max-snippet":"max-snippet:-1","max-image-preview":"max-image-preview:large","max-video-preview":"max-video-preview:-1"},"canonical":"https:\/\/matting.se\/da\/produkt\/choice-stol\/","og_locale":"da_DK","og_type":"article","og_title":"CHOICE stol - Matting","og_description":"CHOICE stol - Se Mattings h\u00e5llbara koncept och produkter f\u00f6r publika milj\u00f6er, arbetsplatser och skolor.","og_url":"https:\/\/matting.se\/da\/produkt\/choice-stol\/","og_site_name":"Matting","article_modified_time":"2024-03-12T15:01:33+00:00","og_image":[{"width":800,"height":800,"url":"https:\/\/matting.se\/wp-content\/uploads\/2022\/02\/CHOICES_chair_sandstone_front.gif","type":"image\/gif"}],"twitter_card":"summary_large_image","twitter_misc":{"Estimeret l\u00e6setid":"1 minut"},"schema":{"@context":"https:\/\/schema.org","@graph":[{"@type":["WebPage","ItemPage"],"@id":"https:\/\/matting.se\/da\/produkt\/choice-stol\/","url":"https:\/\/matting.se\/da\/produkt\/choice-stol\/","name":"CHOICE stol - Matting","isPartOf":{"@id":"https:\/\/matting.se\/da\/#website"},"primaryImageOfPage":{"@id":"https:\/\/matting.se\/da\/produkt\/choice-stol\/#primaryimage"},"image":{"@id":"https:\/\/matting.se\/da\/produkt\/choice-stol\/#primaryimage"},"thumbnailUrl":"https:\/\/matting.se\/wp-content\/uploads\/2022\/02\/CHOICES_chair_sandstone_front.gif","datePublished":"2022-02-03T06:39:06+00:00","dateModified":"2024-03-12T15:01:33+00:00","description":"CHOICE stol - Se Mattings h\u00e5llbara koncept och produkter f\u00f6r publika milj\u00f6er, arbetsplatser och skolor.","breadcrumb":{"@id":"https:\/\/matting.se\/da\/produkt\/choice-stol\/#breadcrumb"},"inLanguage":"da-DK","potentialAction":[{"@type":"ReadAction","target":["https:\/\/matting.se\/da\/produkt\/choice-stol\/"]}]},{"@type":"ImageObject","inLanguage":"da-DK","@id":"https:\/\/matting.se\/da\/produkt\/choice-stol\/#primaryimage","url":"https:\/\/matting.se\/wp-content\/uploads\/2022\/02\/CHOICES_chair_sandstone_front.gif","contentUrl":"https:\/\/matting.se\/wp-content\/uploads\/2022\/02\/CHOICES_chair_sandstone_front.gif","width":800,"height":800},{"@type":"BreadcrumbList","@id":"https:\/\/matting.se\/da\/produkt\/choice-stol\/#breadcrumb","itemListElement":[{"@type":"ListItem","position":1,"name":"Hem","item":"https:\/\/matting.se\/da\/"},{"@type":"ListItem","position":2,"name":"Shop","item":"https:\/\/matting.se\/shop\/"},{"@type":"ListItem","position":3,"name":"Matting Interior","item":"https:\/\/matting.se\/da\/produkt-kategori\/matting-interior-da\/"},{"@type":"ListItem","position":4,"name":"Siddem\u00f8bler","item":"https:\/\/matting.se\/da\/produkt-kategori\/matting-interior-da\/siddemobler-mi\/"},{"@type":"ListItem","position":5,"name":"Stol Mi","item":"https:\/\/matting.se\/da\/produkt-kategori\/matting-interior-da\/siddemobler-mi\/stol-mi\/"},{"@type":"ListItem","position":6,"name":"CHOICE stol"}]},{"@type":"WebSite","@id":"https:\/\/matting.se\/da\/#website","url":"https:\/\/matting.se\/da\/","name":"Matting","description":"","potentialAction":[{"@type":"SearchAction","target":{"@type":"EntryPoint","urlTemplate":"https:\/\/matting.se\/da\/?s={search_term_string}"},"query-input":{"@type":"PropertyValueSpecification","valueRequired":true,"valueName":"search_term_string"}}],"inLanguage":"da-DK"}]}},"_links":{"self":[{"href":"https:\/\/matting.se\/da\/wp-json\/wp\/v2\/product\/250297","targetHints":{"allow":["GET"]}}],"collection":[{"href":"https:\/\/matting.se\/da\/wp-json\/wp\/v2\/product"}],"about":[{"href":"https:\/\/matting.se\/da\/wp-json\/wp\/v2\/types\/product"}],"wp:featuredmedia":[{"embeddable":true,"href":"https:\/\/matting.se\/da\/wp-json\/wp\/v2\/media\/240907"}],"wp:attachment":[{"href":"https:\/\/matting.se\/da\/wp-json\/wp\/v2\/media?parent=250297"}],"wp:term":[{"taxonomy":"product_brand","embeddable":true,"href":"https:\/\/matting.se\/da\/wp-json\/wp\/v2\/product_brand?post=250297"},{"taxonomy":"product_cat","embeddable":true,"href":"https:\/\/matting.se\/da\/wp-json\/wp\/v2\/product_cat?post=250297"},{"taxonomy":"product_tag","embeddable":true,"href":"https:\/\/matting.se\/da\/wp-json\/wp\/v2\/product_tag?post=250297"}],"curies":[{"name":"wp","href":"https:\/\/api.w.org\/{rel}","templated":true}]}}