{"id":250035,"date":"2023-09-07T08:38:04","date_gmt":"2023-09-07T07:38:04","guid":{"rendered":"https:\/\/matting.se\/produkt\/desktop-hoejtrykslaminat-plade-hpl\/"},"modified":"2023-09-07T08:38:04","modified_gmt":"2023-09-07T07:38:04","slug":"desktop-hoejtrykslaminat-plade-hpl","status":"publish","type":"product","link":"https:\/\/matting.se\/da\/produkt\/desktop-hoejtrykslaminat-plade-hpl\/","title":{"rendered":"DESKTOP h\u00f8jtrykslaminat plade (HPL)"},"content":{"rendered":"<p>DESKTOP-bordpladen i h\u00f8jtrykslaminat f\u00e5s i fire forskellige st\u00f8rrelser, der er skr\u00e6ddersyet til vores StandUp DESK-steller 700, 900 og 1200. Pladens overflade er lavet af h\u00f8jtrykslaminat med en kerne af MDF, og pladen f\u00e5s med b\u00e5de lige og affasede kanter.<\/p>\n<ul>\n<li>St\u00f8rrelsen 700 x 600 mm passer til DESK stel 700.<\/li>\n<li>St\u00f8rrelse 960 x 620 mm passer til DESK stel 900<\/li>\n<li>St\u00f8rrelsen 960 x 750 mm passer til DESK stel 900<\/li>\n<li>St\u00f8rrelse 1200 x 800 mm passer til DESK stel 1200 og StandUp T 1200<\/li>\n<li>St\u00f8rrelse 1400 x 800 mm passer til StandUp T 1400<\/li>\n<\/ul>\n<p>V\u00e6lg en bordplade og et matchende stel til et komplet bord.<\/p>\n<p>DESKTOP-bordplade f\u00e5s i flere varianter i forskellige st\u00f8rrelser. Pladerne har en kerne af 100% genanvendt sp\u00e5nplade eller mdf og forskellige overfladelag, de f\u00e5s med eller uden lydisolering.<\/p>\n<p>Vores plader f\u00e5s med affasede eller lige hj\u00f8rner.<\/p>\n","protected":false},"excerpt":{"rendered":"<p>DESKTOP-bordpladen i h\u00f8jtrykslaminat f\u00e5s i fire forskellige st\u00f8rrelser, der er skr\u00e6ddersyet til vores StandUp DESK-steller 700, 900 og 1200. Pladens overflade er lavet af h\u00f8jtrykslaminat med en kerne af MDF, og pladen f\u00e5s med b\u00e5de lige og affasede kanter. St\u00f8rrelsen 700 x 600 mm passer til DESK stel 700. St\u00f8rrelse 960 x 620 mm passer [&hellip;]<\/p>\n","protected":false},"featured_media":243946,"template":"","meta":{"_et_pb_use_builder":"","_et_pb_old_content":"","_et_gb_content_width":""},"product_brand":[],"product_cat":[186,187,303],"product_tag":[],"class_list":{"0":"post-250035","1":"product","2":"type-product","3":"status-publish","4":"has-post-thumbnail","6":"product_cat-matting-interior-da","7":"product_cat-borde-og-tilbehor-mi","8":"product_cat-bordplader-mi","10":"first","11":"instock","12":"taxable","13":"shipping-taxable","14":"purchasable","15":"product-type-variable","16":"has-default-attributes"},"yoast_head":"<!-- This site is optimized with the Yoast SEO plugin v25.6 - https:\/\/yoast.com\/wordpress\/plugins\/seo\/ -->\n<title>DESKTOP - bordplade i h\u00f8jtrykslaminat<\/title>\n<meta name=\"description\" content=\"DESKTOP-bordpladen i h\u00f8jtrykslaminat f\u00e5s i fire forskellige st\u00f8rrelser, der er skr\u00e6ddersyet til vores StandUp DESK-steller 700, 900 og 1200. Pladens overflade er lavet af h\u00f8jtrykslaminat med en kerne af MDF, og pladen f\u00e5s med b\u00e5de lige og affasede kanter.\" \/>\n<meta name=\"robots\" content=\"index, follow, max-snippet:-1, max-image-preview:large, max-video-preview:-1\" \/>\n<link rel=\"canonical\" href=\"https:\/\/matting.se\/da\/produkt\/desktop-hoejtrykslaminat-plade-hpl\/\" \/>\n<meta property=\"og:locale\" content=\"da_DK\" \/>\n<meta property=\"og:type\" content=\"article\" \/>\n<meta property=\"og:title\" content=\"DESKTOP - bordplade i h\u00f8jtrykslaminat\" \/>\n<meta property=\"og:description\" content=\"DESKTOP-bordpladen i h\u00f8jtrykslaminat f\u00e5s i fire forskellige st\u00f8rrelser, der er skr\u00e6ddersyet til vores StandUp DESK-steller 700, 900 og 1200. Pladens overflade er lavet af h\u00f8jtrykslaminat med en kerne af MDF, og pladen f\u00e5s med b\u00e5de lige og affasede kanter.\" \/>\n<meta property=\"og:url\" content=\"https:\/\/matting.se\/da\/produkt\/desktop-hoejtrykslaminat-plade-hpl\/\" \/>\n<meta property=\"og:site_name\" content=\"Matting\" \/>\n<meta property=\"og:image\" content=\"https:\/\/matting.se\/wp-content\/uploads\/2023\/09\/385049_DESKTOP_high-pressure-laminate_white_70x60_side.jpg\" \/>\n\t<meta property=\"og:image:width\" content=\"800\" \/>\n\t<meta property=\"og:image:height\" content=\"800\" \/>\n\t<meta property=\"og:image:type\" content=\"image\/jpeg\" \/>\n<meta name=\"twitter:card\" content=\"summary_large_image\" \/>\n<meta name=\"twitter:label1\" content=\"Estimeret l\u00e6setid\" \/>\n\t<meta name=\"twitter:data1\" content=\"1 minut\" \/>\n<script type=\"application\/ld+json\" class=\"yoast-schema-graph\">{\"@context\":\"https:\/\/schema.org\",\"@graph\":[{\"@type\":[\"WebPage\",\"ItemPage\"],\"@id\":\"https:\/\/matting.se\/da\/produkt\/desktop-hoejtrykslaminat-plade-hpl\/\",\"url\":\"https:\/\/matting.se\/da\/produkt\/desktop-hoejtrykslaminat-plade-hpl\/\",\"name\":\"DESKTOP - bordplade i h\u00f8jtrykslaminat\",\"isPartOf\":{\"@id\":\"https:\/\/matting.se\/da\/#website\"},\"primaryImageOfPage\":{\"@id\":\"https:\/\/matting.se\/da\/produkt\/desktop-hoejtrykslaminat-plade-hpl\/#primaryimage\"},\"image\":{\"@id\":\"https:\/\/matting.se\/da\/produkt\/desktop-hoejtrykslaminat-plade-hpl\/#primaryimage\"},\"thumbnailUrl\":\"https:\/\/matting.se\/wp-content\/uploads\/2023\/09\/385049_DESKTOP_high-pressure-laminate_white_70x60_side.jpg\",\"datePublished\":\"2023-09-07T07:38:04+00:00\",\"description\":\"DESKTOP-bordpladen i h\u00f8jtrykslaminat f\u00e5s i fire forskellige st\u00f8rrelser, der er skr\u00e6ddersyet til vores StandUp DESK-steller 700, 900 og 1200. Pladens overflade er lavet af h\u00f8jtrykslaminat med en kerne af MDF, og pladen f\u00e5s med b\u00e5de lige og affasede kanter.\",\"breadcrumb\":{\"@id\":\"https:\/\/matting.se\/da\/produkt\/desktop-hoejtrykslaminat-plade-hpl\/#breadcrumb\"},\"inLanguage\":\"da-DK\",\"potentialAction\":[{\"@type\":\"ReadAction\",\"target\":[\"https:\/\/matting.se\/da\/produkt\/desktop-hoejtrykslaminat-plade-hpl\/\"]}]},{\"@type\":\"ImageObject\",\"inLanguage\":\"da-DK\",\"@id\":\"https:\/\/matting.se\/da\/produkt\/desktop-hoejtrykslaminat-plade-hpl\/#primaryimage\",\"url\":\"https:\/\/matting.se\/wp-content\/uploads\/2023\/09\/385049_DESKTOP_high-pressure-laminate_white_70x60_side.jpg\",\"contentUrl\":\"https:\/\/matting.se\/wp-content\/uploads\/2023\/09\/385049_DESKTOP_high-pressure-laminate_white_70x60_side.jpg\",\"width\":800,\"height\":800,\"caption\":\"StandUp DESK med bordplade DESKTOP h\u00f8jtrykslaminat hvid 70x60 cm\"},{\"@type\":\"BreadcrumbList\",\"@id\":\"https:\/\/matting.se\/da\/produkt\/desktop-hoejtrykslaminat-plade-hpl\/#breadcrumb\",\"itemListElement\":[{\"@type\":\"ListItem\",\"position\":1,\"name\":\"Hem\",\"item\":\"https:\/\/matting.se\/da\/\"},{\"@type\":\"ListItem\",\"position\":2,\"name\":\"Shop\",\"item\":\"https:\/\/matting.se\/shop\/\"},{\"@type\":\"ListItem\",\"position\":3,\"name\":\"Matting Interior\",\"item\":\"https:\/\/matting.se\/da\/produkt-kategori\/matting-interior-da\/\"},{\"@type\":\"ListItem\",\"position\":4,\"name\":\"Borde og tilbeh\u00f8r\",\"item\":\"https:\/\/matting.se\/da\/produkt-kategori\/matting-interior-da\/borde-og-tilbehor-mi\/\"},{\"@type\":\"ListItem\",\"position\":5,\"name\":\"Bordplader MI\",\"item\":\"https:\/\/matting.se\/da\/produkt-kategori\/matting-interior-da\/borde-og-tilbehor-mi\/bordplader-mi\/\"},{\"@type\":\"ListItem\",\"position\":6,\"name\":\"DESKTOP h\u00f8jtrykslaminat plade (HPL)\"}]},{\"@type\":\"WebSite\",\"@id\":\"https:\/\/matting.se\/da\/#website\",\"url\":\"https:\/\/matting.se\/da\/\",\"name\":\"Matting\",\"description\":\"\",\"potentialAction\":[{\"@type\":\"SearchAction\",\"target\":{\"@type\":\"EntryPoint\",\"urlTemplate\":\"https:\/\/matting.se\/da\/?s={search_term_string}\"},\"query-input\":{\"@type\":\"PropertyValueSpecification\",\"valueRequired\":true,\"valueName\":\"search_term_string\"}}],\"inLanguage\":\"da-DK\"}]}<\/script>\n<!-- \/ Yoast SEO plugin. -->","yoast_head_json":{"title":"DESKTOP - bordplade i h\u00f8jtrykslaminat","description":"DESKTOP-bordpladen i h\u00f8jtrykslaminat f\u00e5s i fire forskellige st\u00f8rrelser, der er skr\u00e6ddersyet til vores StandUp DESK-steller 700, 900 og 1200. Pladens overflade er lavet af h\u00f8jtrykslaminat med en kerne af MDF, og pladen f\u00e5s med b\u00e5de lige og affasede kanter.","robots":{"index":"index","follow":"follow","max-snippet":"max-snippet:-1","max-image-preview":"max-image-preview:large","max-video-preview":"max-video-preview:-1"},"canonical":"https:\/\/matting.se\/da\/produkt\/desktop-hoejtrykslaminat-plade-hpl\/","og_locale":"da_DK","og_type":"article","og_title":"DESKTOP - bordplade i h\u00f8jtrykslaminat","og_description":"DESKTOP-bordpladen i h\u00f8jtrykslaminat f\u00e5s i fire forskellige st\u00f8rrelser, der er skr\u00e6ddersyet til vores StandUp DESK-steller 700, 900 og 1200. Pladens overflade er lavet af h\u00f8jtrykslaminat med en kerne af MDF, og pladen f\u00e5s med b\u00e5de lige og affasede kanter.","og_url":"https:\/\/matting.se\/da\/produkt\/desktop-hoejtrykslaminat-plade-hpl\/","og_site_name":"Matting","og_image":[{"width":800,"height":800,"url":"https:\/\/matting.se\/wp-content\/uploads\/2023\/09\/385049_DESKTOP_high-pressure-laminate_white_70x60_side.jpg","type":"image\/jpeg"}],"twitter_card":"summary_large_image","twitter_misc":{"Estimeret l\u00e6setid":"1 minut"},"schema":{"@context":"https:\/\/schema.org","@graph":[{"@type":["WebPage","ItemPage"],"@id":"https:\/\/matting.se\/da\/produkt\/desktop-hoejtrykslaminat-plade-hpl\/","url":"https:\/\/matting.se\/da\/produkt\/desktop-hoejtrykslaminat-plade-hpl\/","name":"DESKTOP - bordplade i h\u00f8jtrykslaminat","isPartOf":{"@id":"https:\/\/matting.se\/da\/#website"},"primaryImageOfPage":{"@id":"https:\/\/matting.se\/da\/produkt\/desktop-hoejtrykslaminat-plade-hpl\/#primaryimage"},"image":{"@id":"https:\/\/matting.se\/da\/produkt\/desktop-hoejtrykslaminat-plade-hpl\/#primaryimage"},"thumbnailUrl":"https:\/\/matting.se\/wp-content\/uploads\/2023\/09\/385049_DESKTOP_high-pressure-laminate_white_70x60_side.jpg","datePublished":"2023-09-07T07:38:04+00:00","description":"DESKTOP-bordpladen i h\u00f8jtrykslaminat f\u00e5s i fire forskellige st\u00f8rrelser, der er skr\u00e6ddersyet til vores StandUp DESK-steller 700, 900 og 1200. Pladens overflade er lavet af h\u00f8jtrykslaminat med en kerne af MDF, og pladen f\u00e5s med b\u00e5de lige og affasede kanter.","breadcrumb":{"@id":"https:\/\/matting.se\/da\/produkt\/desktop-hoejtrykslaminat-plade-hpl\/#breadcrumb"},"inLanguage":"da-DK","potentialAction":[{"@type":"ReadAction","target":["https:\/\/matting.se\/da\/produkt\/desktop-hoejtrykslaminat-plade-hpl\/"]}]},{"@type":"ImageObject","inLanguage":"da-DK","@id":"https:\/\/matting.se\/da\/produkt\/desktop-hoejtrykslaminat-plade-hpl\/#primaryimage","url":"https:\/\/matting.se\/wp-content\/uploads\/2023\/09\/385049_DESKTOP_high-pressure-laminate_white_70x60_side.jpg","contentUrl":"https:\/\/matting.se\/wp-content\/uploads\/2023\/09\/385049_DESKTOP_high-pressure-laminate_white_70x60_side.jpg","width":800,"height":800,"caption":"StandUp DESK med bordplade DESKTOP h\u00f8jtrykslaminat hvid 70x60 cm"},{"@type":"BreadcrumbList","@id":"https:\/\/matting.se\/da\/produkt\/desktop-hoejtrykslaminat-plade-hpl\/#breadcrumb","itemListElement":[{"@type":"ListItem","position":1,"name":"Hem","item":"https:\/\/matting.se\/da\/"},{"@type":"ListItem","position":2,"name":"Shop","item":"https:\/\/matting.se\/shop\/"},{"@type":"ListItem","position":3,"name":"Matting Interior","item":"https:\/\/matting.se\/da\/produkt-kategori\/matting-interior-da\/"},{"@type":"ListItem","position":4,"name":"Borde og tilbeh\u00f8r","item":"https:\/\/matting.se\/da\/produkt-kategori\/matting-interior-da\/borde-og-tilbehor-mi\/"},{"@type":"ListItem","position":5,"name":"Bordplader MI","item":"https:\/\/matting.se\/da\/produkt-kategori\/matting-interior-da\/borde-og-tilbehor-mi\/bordplader-mi\/"},{"@type":"ListItem","position":6,"name":"DESKTOP h\u00f8jtrykslaminat plade (HPL)"}]},{"@type":"WebSite","@id":"https:\/\/matting.se\/da\/#website","url":"https:\/\/matting.se\/da\/","name":"Matting","description":"","potentialAction":[{"@type":"SearchAction","target":{"@type":"EntryPoint","urlTemplate":"https:\/\/matting.se\/da\/?s={search_term_string}"},"query-input":{"@type":"PropertyValueSpecification","valueRequired":true,"valueName":"search_term_string"}}],"inLanguage":"da-DK"}]}},"_links":{"self":[{"href":"https:\/\/matting.se\/da\/wp-json\/wp\/v2\/product\/250035","targetHints":{"allow":["GET"]}}],"collection":[{"href":"https:\/\/matting.se\/da\/wp-json\/wp\/v2\/product"}],"about":[{"href":"https:\/\/matting.se\/da\/wp-json\/wp\/v2\/types\/product"}],"wp:featuredmedia":[{"embeddable":true,"href":"https:\/\/matting.se\/da\/wp-json\/wp\/v2\/media\/243946"}],"wp:attachment":[{"href":"https:\/\/matting.se\/da\/wp-json\/wp\/v2\/media?parent=250035"}],"wp:term":[{"taxonomy":"product_brand","embeddable":true,"href":"https:\/\/matting.se\/da\/wp-json\/wp\/v2\/product_brand?post=250035"},{"taxonomy":"product_cat","embeddable":true,"href":"https:\/\/matting.se\/da\/wp-json\/wp\/v2\/product_cat?post=250035"},{"taxonomy":"product_tag","embeddable":true,"href":"https:\/\/matting.se\/da\/wp-json\/wp\/v2\/product_tag?post=250035"}],"curies":[{"name":"wp","href":"https:\/\/api.w.org\/{rel}","templated":true}]}}