{"id":249955,"date":"2023-09-19T15:18:41","date_gmt":"2023-09-19T14:18:41","guid":{"rendered":"https:\/\/matting.se\/produkt\/stoleunderlag\/"},"modified":"2023-09-19T15:18:41","modified_gmt":"2023-09-19T14:18:41","slug":"stoleunderlag","status":"publish","type":"product","link":"https:\/\/matting.se\/da\/produkt\/stoleunderlag\/","title":{"rendered":"STOLEUNDERLAG"},"content":{"rendered":"<p>Stoleunderlagen beskytter t\u00e6pper mod slitage og snavs. Vores t\u00e6ppebeskyttere er helt PVC-fri. Beskytter gulvt\u00e6ppet mod kontorstolens hjul og f\u00e5r hjulene til at rulle mere j\u00e6vnt.<\/p>\n<p><strong>Stoleunderlag<\/strong> med pigge er velegnede til t\u00e6pper og bl\u00f8de gulve, hvor piggene griber fat i overfladen og holder t\u00e6ppebeskytteren p\u00e5 plads. Overfladen g\u00f8r det lettere for kontorstolens hjul at rulle, og det er vigtigt at sikre sig, at st\u00f8rrelsen er tilstr\u00e6kkelig til at forhindre hjulene i at glide ud over kanten. Det er ogs\u00e5 vigtigt at kontrollere, at piggens l\u00e6ngde ikke er l\u00e6ngere end t\u00e6ppets luv, i hvilket tilf\u00e6lde man v\u00e6lger en gulvbeskytter i stedet. Vi kan ikke anbefale at bruge en t\u00e6ppebeskytter p\u00e5 meget tykke t\u00e6pper, for at opn\u00e5 optimal effekt b\u00f8r t\u00e6ppets tykkelse h\u00f8jst v\u00e6re det dobbelte af luvens l\u00e6ngde.<\/p>\n<p class=\"p1\"><strong>STANDARD<\/strong> og <strong>PREMIUM<\/strong> t\u00e6ppebeskyttere fremstillet af gennemsigtig, milj\u00f8venlig, giftfri og genanvendt PET. Hver gulvbeskytter indeholder genanvendt PET svarende til op til 60 0,5 liters PET-flasker. Gulvbeskytteren har en skridsikker bagside.<\/p>\n","protected":false},"excerpt":{"rendered":"<p>Stoleunderlagen beskytter t\u00e6pper mod slitage og snavs. Vores t\u00e6ppebeskyttere er helt PVC-fri. Beskytter gulvt\u00e6ppet mod kontorstolens hjul og f\u00e5r hjulene til at rulle mere j\u00e6vnt. Stoleunderlag med pigge er velegnede til t\u00e6pper og bl\u00f8de gulve, hvor piggene griber fat i overfladen og holder t\u00e6ppebeskytteren p\u00e5 plads. Overfladen g\u00f8r det lettere for kontorstolens hjul at rulle, [&hellip;]<\/p>\n","protected":false},"featured_media":245215,"template":"","meta":{"_et_pb_use_builder":"","_et_pb_old_content":"","_et_gb_content_width":""},"product_brand":[],"product_cat":[186,307,315],"product_tag":[],"class_list":{"0":"post-249955","1":"product","2":"type-product","3":"status-publish","4":"has-post-thumbnail","6":"product_cat-matting-interior-da","7":"product_cat-beskyttelse-af-gulve-og-taepper-mi","8":"product_cat-taeppebeskyttelse-mi","10":"first","11":"instock","12":"taxable","13":"shipping-taxable","14":"purchasable","15":"product-type-variable","16":"has-default-attributes"},"yoast_head":"<!-- This site is optimized with the Yoast SEO plugin v25.6 - https:\/\/yoast.com\/wordpress\/plugins\/seo\/ -->\n<title>Stoleunderlag - PVC-fri og fremstillet af PET<\/title>\n<meta name=\"description\" content=\"Stoleunderlagen beskytter t\u00e6pper mod slitage og snavs. Vores t\u00e6ppebeskyttere er helt PVC-fri. Beskytter gulvt\u00e6ppet mod kontorstolens hjul og f\u00e5r hjulene til at rulle mere j\u00e6vnt. To varianter er fremstillet af genanvendt PET.\" \/>\n<meta name=\"robots\" content=\"index, follow, max-snippet:-1, max-image-preview:large, max-video-preview:-1\" \/>\n<link rel=\"canonical\" href=\"https:\/\/matting.se\/da\/produkt\/stoleunderlag\/\" \/>\n<meta property=\"og:locale\" content=\"da_DK\" \/>\n<meta property=\"og:type\" content=\"article\" \/>\n<meta property=\"og:title\" content=\"Stoleunderlag - PVC-fri og fremstillet af PET\" \/>\n<meta property=\"og:description\" content=\"Stoleunderlagen beskytter t\u00e6pper mod slitage og snavs. Vores t\u00e6ppebeskyttere er helt PVC-fri. Beskytter gulvt\u00e6ppet mod kontorstolens hjul og f\u00e5r hjulene til at rulle mere j\u00e6vnt. To varianter er fremstillet af genanvendt PET.\" \/>\n<meta property=\"og:url\" content=\"https:\/\/matting.se\/da\/produkt\/stoleunderlag\/\" \/>\n<meta property=\"og:site_name\" content=\"Matting\" \/>\n<meta property=\"og:image\" content=\"https:\/\/matting.se\/wp-content\/uploads\/2023\/09\/518215_STANDARD_mattskydd.jpg\" \/>\n\t<meta property=\"og:image:width\" content=\"1000\" \/>\n\t<meta property=\"og:image:height\" content=\"1000\" \/>\n\t<meta property=\"og:image:type\" content=\"image\/jpeg\" \/>\n<meta name=\"twitter:card\" content=\"summary_large_image\" \/>\n<meta name=\"twitter:label1\" content=\"Estimeret l\u00e6setid\" \/>\n\t<meta name=\"twitter:data1\" content=\"1 minut\" \/>\n<script type=\"application\/ld+json\" class=\"yoast-schema-graph\">{\"@context\":\"https:\/\/schema.org\",\"@graph\":[{\"@type\":[\"WebPage\",\"ItemPage\"],\"@id\":\"https:\/\/matting.se\/da\/produkt\/stoleunderlag\/\",\"url\":\"https:\/\/matting.se\/da\/produkt\/stoleunderlag\/\",\"name\":\"Stoleunderlag - PVC-fri og fremstillet af PET\",\"isPartOf\":{\"@id\":\"https:\/\/matting.se\/da\/#website\"},\"primaryImageOfPage\":{\"@id\":\"https:\/\/matting.se\/da\/produkt\/stoleunderlag\/#primaryimage\"},\"image\":{\"@id\":\"https:\/\/matting.se\/da\/produkt\/stoleunderlag\/#primaryimage\"},\"thumbnailUrl\":\"https:\/\/matting.se\/wp-content\/uploads\/2023\/09\/518215_STANDARD_mattskydd.jpg\",\"datePublished\":\"2023-09-19T14:18:41+00:00\",\"description\":\"Stoleunderlagen beskytter t\u00e6pper mod slitage og snavs. Vores t\u00e6ppebeskyttere er helt PVC-fri. Beskytter gulvt\u00e6ppet mod kontorstolens hjul og f\u00e5r hjulene til at rulle mere j\u00e6vnt. To varianter er fremstillet af genanvendt PET.\",\"breadcrumb\":{\"@id\":\"https:\/\/matting.se\/da\/produkt\/stoleunderlag\/#breadcrumb\"},\"inLanguage\":\"da-DK\",\"potentialAction\":[{\"@type\":\"ReadAction\",\"target\":[\"https:\/\/matting.se\/da\/produkt\/stoleunderlag\/\"]}]},{\"@type\":\"ImageObject\",\"inLanguage\":\"da-DK\",\"@id\":\"https:\/\/matting.se\/da\/produkt\/stoleunderlag\/#primaryimage\",\"url\":\"https:\/\/matting.se\/wp-content\/uploads\/2023\/09\/518215_STANDARD_mattskydd.jpg\",\"contentUrl\":\"https:\/\/matting.se\/wp-content\/uploads\/2023\/09\/518215_STANDARD_mattskydd.jpg\",\"width\":1000,\"height\":1000,\"caption\":\"STANDARD gennemsigtig t\u00e6ppebeskytter med pigge\"},{\"@type\":\"BreadcrumbList\",\"@id\":\"https:\/\/matting.se\/da\/produkt\/stoleunderlag\/#breadcrumb\",\"itemListElement\":[{\"@type\":\"ListItem\",\"position\":1,\"name\":\"Hem\",\"item\":\"https:\/\/matting.se\/da\/\"},{\"@type\":\"ListItem\",\"position\":2,\"name\":\"Shop\",\"item\":\"https:\/\/matting.se\/shop\/\"},{\"@type\":\"ListItem\",\"position\":3,\"name\":\"STOLEUNDERLAG\"}]},{\"@type\":\"WebSite\",\"@id\":\"https:\/\/matting.se\/da\/#website\",\"url\":\"https:\/\/matting.se\/da\/\",\"name\":\"Matting\",\"description\":\"\",\"potentialAction\":[{\"@type\":\"SearchAction\",\"target\":{\"@type\":\"EntryPoint\",\"urlTemplate\":\"https:\/\/matting.se\/da\/?s={search_term_string}\"},\"query-input\":{\"@type\":\"PropertyValueSpecification\",\"valueRequired\":true,\"valueName\":\"search_term_string\"}}],\"inLanguage\":\"da-DK\"}]}<\/script>\n<!-- \/ Yoast SEO plugin. -->","yoast_head_json":{"title":"Stoleunderlag - PVC-fri og fremstillet af PET","description":"Stoleunderlagen beskytter t\u00e6pper mod slitage og snavs. Vores t\u00e6ppebeskyttere er helt PVC-fri. Beskytter gulvt\u00e6ppet mod kontorstolens hjul og f\u00e5r hjulene til at rulle mere j\u00e6vnt. To varianter er fremstillet af genanvendt PET.","robots":{"index":"index","follow":"follow","max-snippet":"max-snippet:-1","max-image-preview":"max-image-preview:large","max-video-preview":"max-video-preview:-1"},"canonical":"https:\/\/matting.se\/da\/produkt\/stoleunderlag\/","og_locale":"da_DK","og_type":"article","og_title":"Stoleunderlag - PVC-fri og fremstillet af PET","og_description":"Stoleunderlagen beskytter t\u00e6pper mod slitage og snavs. Vores t\u00e6ppebeskyttere er helt PVC-fri. Beskytter gulvt\u00e6ppet mod kontorstolens hjul og f\u00e5r hjulene til at rulle mere j\u00e6vnt. To varianter er fremstillet af genanvendt PET.","og_url":"https:\/\/matting.se\/da\/produkt\/stoleunderlag\/","og_site_name":"Matting","og_image":[{"width":1000,"height":1000,"url":"https:\/\/matting.se\/wp-content\/uploads\/2023\/09\/518215_STANDARD_mattskydd.jpg","type":"image\/jpeg"}],"twitter_card":"summary_large_image","twitter_misc":{"Estimeret l\u00e6setid":"1 minut"},"schema":{"@context":"https:\/\/schema.org","@graph":[{"@type":["WebPage","ItemPage"],"@id":"https:\/\/matting.se\/da\/produkt\/stoleunderlag\/","url":"https:\/\/matting.se\/da\/produkt\/stoleunderlag\/","name":"Stoleunderlag - PVC-fri og fremstillet af PET","isPartOf":{"@id":"https:\/\/matting.se\/da\/#website"},"primaryImageOfPage":{"@id":"https:\/\/matting.se\/da\/produkt\/stoleunderlag\/#primaryimage"},"image":{"@id":"https:\/\/matting.se\/da\/produkt\/stoleunderlag\/#primaryimage"},"thumbnailUrl":"https:\/\/matting.se\/wp-content\/uploads\/2023\/09\/518215_STANDARD_mattskydd.jpg","datePublished":"2023-09-19T14:18:41+00:00","description":"Stoleunderlagen beskytter t\u00e6pper mod slitage og snavs. Vores t\u00e6ppebeskyttere er helt PVC-fri. Beskytter gulvt\u00e6ppet mod kontorstolens hjul og f\u00e5r hjulene til at rulle mere j\u00e6vnt. To varianter er fremstillet af genanvendt PET.","breadcrumb":{"@id":"https:\/\/matting.se\/da\/produkt\/stoleunderlag\/#breadcrumb"},"inLanguage":"da-DK","potentialAction":[{"@type":"ReadAction","target":["https:\/\/matting.se\/da\/produkt\/stoleunderlag\/"]}]},{"@type":"ImageObject","inLanguage":"da-DK","@id":"https:\/\/matting.se\/da\/produkt\/stoleunderlag\/#primaryimage","url":"https:\/\/matting.se\/wp-content\/uploads\/2023\/09\/518215_STANDARD_mattskydd.jpg","contentUrl":"https:\/\/matting.se\/wp-content\/uploads\/2023\/09\/518215_STANDARD_mattskydd.jpg","width":1000,"height":1000,"caption":"STANDARD gennemsigtig t\u00e6ppebeskytter med pigge"},{"@type":"BreadcrumbList","@id":"https:\/\/matting.se\/da\/produkt\/stoleunderlag\/#breadcrumb","itemListElement":[{"@type":"ListItem","position":1,"name":"Hem","item":"https:\/\/matting.se\/da\/"},{"@type":"ListItem","position":2,"name":"Shop","item":"https:\/\/matting.se\/shop\/"},{"@type":"ListItem","position":3,"name":"STOLEUNDERLAG"}]},{"@type":"WebSite","@id":"https:\/\/matting.se\/da\/#website","url":"https:\/\/matting.se\/da\/","name":"Matting","description":"","potentialAction":[{"@type":"SearchAction","target":{"@type":"EntryPoint","urlTemplate":"https:\/\/matting.se\/da\/?s={search_term_string}"},"query-input":{"@type":"PropertyValueSpecification","valueRequired":true,"valueName":"search_term_string"}}],"inLanguage":"da-DK"}]}},"_links":{"self":[{"href":"https:\/\/matting.se\/da\/wp-json\/wp\/v2\/product\/249955","targetHints":{"allow":["GET"]}}],"collection":[{"href":"https:\/\/matting.se\/da\/wp-json\/wp\/v2\/product"}],"about":[{"href":"https:\/\/matting.se\/da\/wp-json\/wp\/v2\/types\/product"}],"wp:featuredmedia":[{"embeddable":true,"href":"https:\/\/matting.se\/da\/wp-json\/wp\/v2\/media\/245215"}],"wp:attachment":[{"href":"https:\/\/matting.se\/da\/wp-json\/wp\/v2\/media?parent=249955"}],"wp:term":[{"taxonomy":"product_brand","embeddable":true,"href":"https:\/\/matting.se\/da\/wp-json\/wp\/v2\/product_brand?post=249955"},{"taxonomy":"product_cat","embeddable":true,"href":"https:\/\/matting.se\/da\/wp-json\/wp\/v2\/product_cat?post=249955"},{"taxonomy":"product_tag","embeddable":true,"href":"https:\/\/matting.se\/da\/wp-json\/wp\/v2\/product_tag?post=249955"}],"curies":[{"name":"wp","href":"https:\/\/api.w.org\/{rel}","templated":true}]}}