{"id":249936,"date":"2023-09-28T09:22:05","date_gmt":"2023-09-28T08:22:05","guid":{"rendered":"https:\/\/matting.se\/produkt\/sos-stoleunderlag\/"},"modified":"2023-09-28T09:22:05","modified_gmt":"2023-09-28T08:22:05","slug":"sos-stoleunderlag","status":"publish","type":"product","link":"https:\/\/matting.se\/da\/produkt\/sos-stoleunderlag\/","title":{"rendered":"SOS stoleunderlag"},"content":{"rendered":"<p class=\"p1\">SOS stoleunderlag er en kombination af gulvbeskyttelse og en ergonomisk aflastningsm\u00e5tte til arbejdspladsen. Bruges til h\u00e6ve-s\u00e6nke-borde, hvor man kan variere mellem at st\u00e5 og sidde. Ud over at beskytte gulvet f\u00e5r gulvbeskytteren stolens hjul til at rulle lettere, og arbejdspladsm\u00e5tten giver bedre ergonomi, n\u00e5r man st\u00e5r op.<\/p>\n","protected":false},"excerpt":{"rendered":"<p>SOS stoleunderlag er en kombination af gulvbeskyttelse og en ergonomisk aflastningsm\u00e5tte til arbejdspladsen. Bruges til h\u00e6ve-s\u00e6nke-borde, hvor man kan variere mellem at st\u00e5 og sidde. Ud over at beskytte gulvet f\u00e5r gulvbeskytteren stolens hjul til at rulle lettere, og arbejdspladsm\u00e5tten giver bedre ergonomi, n\u00e5r man st\u00e5r op.<\/p>\n","protected":false},"featured_media":245539,"template":"","meta":{"_et_pb_use_builder":"","_et_pb_old_content":"","_et_gb_content_width":""},"product_brand":[],"product_cat":[186,307,308],"product_tag":[],"class_list":{"0":"post-249936","1":"product","2":"type-product","3":"status-publish","4":"has-post-thumbnail","6":"product_cat-matting-interior-da","7":"product_cat-beskyttelse-af-gulve-og-taepper-mi","8":"product_cat-gulvbeskyttelse-mi","10":"first","11":"instock","12":"taxable","13":"shipping-taxable","14":"purchasable","15":"product-type-variable","16":"has-default-attributes"},"yoast_head":"<!-- This site is optimized with the Yoast SEO plugin v25.6 - https:\/\/yoast.com\/wordpress\/plugins\/seo\/ -->\n<title>SOS stoleunderlag - kombineret beskyttelse og st\u00e5m\u00e5tte<\/title>\n<meta name=\"description\" content=\"SOS stoleunderlag er en kombination af gulvbeskyttelse og en ergonomisk aflastningsm\u00e5tte til arbejdspladsen. Bruges til h\u00e6ve-s\u00e6nke-borde, hvor man kan variere mellem at st\u00e5 og sidde. Ud over at beskytte gulvet f\u00e5r gulvbeskytteren stolens hjul til at rulle lettere, og arbejdspladsm\u00e5tten giver bedre ergonomi, n\u00e5r man st\u00e5r op.\" \/>\n<meta name=\"robots\" content=\"index, follow, max-snippet:-1, max-image-preview:large, max-video-preview:-1\" \/>\n<link rel=\"canonical\" href=\"https:\/\/matting.se\/da\/produkt\/sos-stoleunderlag\/\" \/>\n<meta property=\"og:locale\" content=\"da_DK\" \/>\n<meta property=\"og:type\" content=\"article\" \/>\n<meta property=\"og:title\" content=\"SOS stoleunderlag - kombineret beskyttelse og st\u00e5m\u00e5tte\" \/>\n<meta property=\"og:description\" content=\"SOS stoleunderlag er en kombination af gulvbeskyttelse og en ergonomisk aflastningsm\u00e5tte til arbejdspladsen. Bruges til h\u00e6ve-s\u00e6nke-borde, hvor man kan variere mellem at st\u00e5 og sidde. Ud over at beskytte gulvet f\u00e5r gulvbeskytteren stolens hjul til at rulle lettere, og arbejdspladsm\u00e5tten giver bedre ergonomi, n\u00e5r man st\u00e5r op.\" \/>\n<meta property=\"og:url\" content=\"https:\/\/matting.se\/da\/produkt\/sos-stoleunderlag\/\" \/>\n<meta property=\"og:site_name\" content=\"Matting\" \/>\n<meta property=\"og:image\" content=\"https:\/\/matting.se\/wp-content\/uploads\/2023\/09\/521000_SOS-golvskydd_120x150_closeup.jpg\" \/>\n\t<meta property=\"og:image:width\" content=\"800\" \/>\n\t<meta property=\"og:image:height\" content=\"800\" \/>\n\t<meta property=\"og:image:type\" content=\"image\/jpeg\" \/>\n<meta name=\"twitter:card\" content=\"summary_large_image\" \/>\n<script type=\"application\/ld+json\" class=\"yoast-schema-graph\">{\"@context\":\"https:\/\/schema.org\",\"@graph\":[{\"@type\":[\"WebPage\",\"ItemPage\"],\"@id\":\"https:\/\/matting.se\/da\/produkt\/sos-stoleunderlag\/\",\"url\":\"https:\/\/matting.se\/da\/produkt\/sos-stoleunderlag\/\",\"name\":\"SOS stoleunderlag - kombineret beskyttelse og st\u00e5m\u00e5tte\",\"isPartOf\":{\"@id\":\"https:\/\/matting.se\/da\/#website\"},\"primaryImageOfPage\":{\"@id\":\"https:\/\/matting.se\/da\/produkt\/sos-stoleunderlag\/#primaryimage\"},\"image\":{\"@id\":\"https:\/\/matting.se\/da\/produkt\/sos-stoleunderlag\/#primaryimage\"},\"thumbnailUrl\":\"https:\/\/matting.se\/wp-content\/uploads\/2023\/09\/521000_SOS-golvskydd_120x150_closeup.jpg\",\"datePublished\":\"2023-09-28T08:22:05+00:00\",\"description\":\"SOS stoleunderlag er en kombination af gulvbeskyttelse og en ergonomisk aflastningsm\u00e5tte til arbejdspladsen. Bruges til h\u00e6ve-s\u00e6nke-borde, hvor man kan variere mellem at st\u00e5 og sidde. Ud over at beskytte gulvet f\u00e5r gulvbeskytteren stolens hjul til at rulle lettere, og arbejdspladsm\u00e5tten giver bedre ergonomi, n\u00e5r man st\u00e5r op.\",\"breadcrumb\":{\"@id\":\"https:\/\/matting.se\/da\/produkt\/sos-stoleunderlag\/#breadcrumb\"},\"inLanguage\":\"da-DK\",\"potentialAction\":[{\"@type\":\"ReadAction\",\"target\":[\"https:\/\/matting.se\/da\/produkt\/sos-stoleunderlag\/\"]}]},{\"@type\":\"ImageObject\",\"inLanguage\":\"da-DK\",\"@id\":\"https:\/\/matting.se\/da\/produkt\/sos-stoleunderlag\/#primaryimage\",\"url\":\"https:\/\/matting.se\/wp-content\/uploads\/2023\/09\/521000_SOS-golvskydd_120x150_closeup.jpg\",\"contentUrl\":\"https:\/\/matting.se\/wp-content\/uploads\/2023\/09\/521000_SOS-golvskydd_120x150_closeup.jpg\",\"width\":800,\"height\":800,\"caption\":\"SOS-gulvbeskyttelse en kombineret gulvbeskyttelse og aflastningsm\u00e5tte til arbejdspladsen\"},{\"@type\":\"BreadcrumbList\",\"@id\":\"https:\/\/matting.se\/da\/produkt\/sos-stoleunderlag\/#breadcrumb\",\"itemListElement\":[{\"@type\":\"ListItem\",\"position\":1,\"name\":\"Hem\",\"item\":\"https:\/\/matting.se\/da\/\"},{\"@type\":\"ListItem\",\"position\":2,\"name\":\"Shop\",\"item\":\"https:\/\/matting.se\/shop\/\"},{\"@type\":\"ListItem\",\"position\":3,\"name\":\"SOS stoleunderlag\"}]},{\"@type\":\"WebSite\",\"@id\":\"https:\/\/matting.se\/da\/#website\",\"url\":\"https:\/\/matting.se\/da\/\",\"name\":\"Matting\",\"description\":\"\",\"potentialAction\":[{\"@type\":\"SearchAction\",\"target\":{\"@type\":\"EntryPoint\",\"urlTemplate\":\"https:\/\/matting.se\/da\/?s={search_term_string}\"},\"query-input\":{\"@type\":\"PropertyValueSpecification\",\"valueRequired\":true,\"valueName\":\"search_term_string\"}}],\"inLanguage\":\"da-DK\"}]}<\/script>\n<!-- \/ Yoast SEO plugin. -->","yoast_head_json":{"title":"SOS stoleunderlag - kombineret beskyttelse og st\u00e5m\u00e5tte","description":"SOS stoleunderlag er en kombination af gulvbeskyttelse og en ergonomisk aflastningsm\u00e5tte til arbejdspladsen. Bruges til h\u00e6ve-s\u00e6nke-borde, hvor man kan variere mellem at st\u00e5 og sidde. Ud over at beskytte gulvet f\u00e5r gulvbeskytteren stolens hjul til at rulle lettere, og arbejdspladsm\u00e5tten giver bedre ergonomi, n\u00e5r man st\u00e5r op.","robots":{"index":"index","follow":"follow","max-snippet":"max-snippet:-1","max-image-preview":"max-image-preview:large","max-video-preview":"max-video-preview:-1"},"canonical":"https:\/\/matting.se\/da\/produkt\/sos-stoleunderlag\/","og_locale":"da_DK","og_type":"article","og_title":"SOS stoleunderlag - kombineret beskyttelse og st\u00e5m\u00e5tte","og_description":"SOS stoleunderlag er en kombination af gulvbeskyttelse og en ergonomisk aflastningsm\u00e5tte til arbejdspladsen. Bruges til h\u00e6ve-s\u00e6nke-borde, hvor man kan variere mellem at st\u00e5 og sidde. Ud over at beskytte gulvet f\u00e5r gulvbeskytteren stolens hjul til at rulle lettere, og arbejdspladsm\u00e5tten giver bedre ergonomi, n\u00e5r man st\u00e5r op.","og_url":"https:\/\/matting.se\/da\/produkt\/sos-stoleunderlag\/","og_site_name":"Matting","og_image":[{"width":800,"height":800,"url":"https:\/\/matting.se\/wp-content\/uploads\/2023\/09\/521000_SOS-golvskydd_120x150_closeup.jpg","type":"image\/jpeg"}],"twitter_card":"summary_large_image","schema":{"@context":"https:\/\/schema.org","@graph":[{"@type":["WebPage","ItemPage"],"@id":"https:\/\/matting.se\/da\/produkt\/sos-stoleunderlag\/","url":"https:\/\/matting.se\/da\/produkt\/sos-stoleunderlag\/","name":"SOS stoleunderlag - kombineret beskyttelse og st\u00e5m\u00e5tte","isPartOf":{"@id":"https:\/\/matting.se\/da\/#website"},"primaryImageOfPage":{"@id":"https:\/\/matting.se\/da\/produkt\/sos-stoleunderlag\/#primaryimage"},"image":{"@id":"https:\/\/matting.se\/da\/produkt\/sos-stoleunderlag\/#primaryimage"},"thumbnailUrl":"https:\/\/matting.se\/wp-content\/uploads\/2023\/09\/521000_SOS-golvskydd_120x150_closeup.jpg","datePublished":"2023-09-28T08:22:05+00:00","description":"SOS stoleunderlag er en kombination af gulvbeskyttelse og en ergonomisk aflastningsm\u00e5tte til arbejdspladsen. Bruges til h\u00e6ve-s\u00e6nke-borde, hvor man kan variere mellem at st\u00e5 og sidde. Ud over at beskytte gulvet f\u00e5r gulvbeskytteren stolens hjul til at rulle lettere, og arbejdspladsm\u00e5tten giver bedre ergonomi, n\u00e5r man st\u00e5r op.","breadcrumb":{"@id":"https:\/\/matting.se\/da\/produkt\/sos-stoleunderlag\/#breadcrumb"},"inLanguage":"da-DK","potentialAction":[{"@type":"ReadAction","target":["https:\/\/matting.se\/da\/produkt\/sos-stoleunderlag\/"]}]},{"@type":"ImageObject","inLanguage":"da-DK","@id":"https:\/\/matting.se\/da\/produkt\/sos-stoleunderlag\/#primaryimage","url":"https:\/\/matting.se\/wp-content\/uploads\/2023\/09\/521000_SOS-golvskydd_120x150_closeup.jpg","contentUrl":"https:\/\/matting.se\/wp-content\/uploads\/2023\/09\/521000_SOS-golvskydd_120x150_closeup.jpg","width":800,"height":800,"caption":"SOS-gulvbeskyttelse en kombineret gulvbeskyttelse og aflastningsm\u00e5tte til arbejdspladsen"},{"@type":"BreadcrumbList","@id":"https:\/\/matting.se\/da\/produkt\/sos-stoleunderlag\/#breadcrumb","itemListElement":[{"@type":"ListItem","position":1,"name":"Hem","item":"https:\/\/matting.se\/da\/"},{"@type":"ListItem","position":2,"name":"Shop","item":"https:\/\/matting.se\/shop\/"},{"@type":"ListItem","position":3,"name":"SOS stoleunderlag"}]},{"@type":"WebSite","@id":"https:\/\/matting.se\/da\/#website","url":"https:\/\/matting.se\/da\/","name":"Matting","description":"","potentialAction":[{"@type":"SearchAction","target":{"@type":"EntryPoint","urlTemplate":"https:\/\/matting.se\/da\/?s={search_term_string}"},"query-input":{"@type":"PropertyValueSpecification","valueRequired":true,"valueName":"search_term_string"}}],"inLanguage":"da-DK"}]}},"_links":{"self":[{"href":"https:\/\/matting.se\/da\/wp-json\/wp\/v2\/product\/249936","targetHints":{"allow":["GET"]}}],"collection":[{"href":"https:\/\/matting.se\/da\/wp-json\/wp\/v2\/product"}],"about":[{"href":"https:\/\/matting.se\/da\/wp-json\/wp\/v2\/types\/product"}],"wp:featuredmedia":[{"embeddable":true,"href":"https:\/\/matting.se\/da\/wp-json\/wp\/v2\/media\/245539"}],"wp:attachment":[{"href":"https:\/\/matting.se\/da\/wp-json\/wp\/v2\/media?parent=249936"}],"wp:term":[{"taxonomy":"product_brand","embeddable":true,"href":"https:\/\/matting.se\/da\/wp-json\/wp\/v2\/product_brand?post=249936"},{"taxonomy":"product_cat","embeddable":true,"href":"https:\/\/matting.se\/da\/wp-json\/wp\/v2\/product_cat?post=249936"},{"taxonomy":"product_tag","embeddable":true,"href":"https:\/\/matting.se\/da\/wp-json\/wp\/v2\/product_tag?post=249936"}],"curies":[{"name":"wp","href":"https:\/\/api.w.org\/{rel}","templated":true}]}}