{"id":249864,"date":"2021-05-24T12:26:41","date_gmt":"2021-05-24T11:26:41","guid":{"rendered":"https:\/\/matting.se\/produkt\/balance-siddebold\/"},"modified":"2021-05-24T12:26:41","modified_gmt":"2021-05-24T11:26:41","slug":"balance-siddebold","status":"publish","type":"product","link":"https:\/\/matting.se\/da\/produkt\/balance-siddebold\/","title":{"rendered":"BALANCE siddebold"},"content":{"rendered":"<p>StandUp BALANCE siddekugle i et stilfuldt design til aktivt siddende. At sidde p\u00e5 en balancebold aktiverer dine mave-, side- og rygmuskler og styrker din core. Det bidrager til en bedre kropsholdning og \u00f8ger blodcirkulationen. Vores balancebold bruges som et supplement til din aktive livsstil, hvor du kan variere mellem at balancere, sidde og st\u00e5. Siddekuglen BALANCE f\u00e5s i flere forskellige farver og st\u00f8rrelser. Den indsyede gulvring holder bolden p\u00e5 plads, n\u00e5r den ikke er i brug. Siddekuglen har et h\u00e5ndtag med et \u00f8je, s\u00e5 du nemt kan flytte den og h\u00e6nge den op, n\u00e5r den ikke er i brug. Indvendig oppustelig bold, pumpe medf\u00f8lger.<\/p>\n<p>StandUp BALANCE-s\u00e6debolden er lavet af det bl\u00f8de og slidst\u00e6rke Alcala-stof med 35.000 Martindale- og OEKO-TEX-certificering. Den indvendige kugle er PVC-fri.<\/p>\n<p>Design: Peter Mattisson<\/p>\n","protected":false},"excerpt":{"rendered":"<p>StandUp BALANCE siddekugle i et stilfuldt design til aktivt siddende. At sidde p\u00e5 en balancebold aktiverer dine mave-, side- og rygmuskler og styrker din core. Det bidrager til en bedre kropsholdning og \u00f8ger blodcirkulationen. Vores balancebold bruges som et supplement til din aktive livsstil, hvor du kan variere mellem at balancere, sidde og st\u00e5. Siddekuglen [&hellip;]<\/p>\n","protected":false},"featured_media":236554,"template":"","meta":{"_et_pb_use_builder":"off","_et_pb_old_content":"StandUp BALANCE siddekugle i et stilfuldt design til aktivt siddende. At sidde p\u00e5 en balancebold aktiverer dine mave-, side- og rygmuskler og styrker din core. Det bidrager til en bedre kropsholdning og \u00f8ger blodcirkulationen. Vores balancebold bruges som et supplement til din aktive livsstil, hvor du kan variere mellem at balancere, sidde og st\u00e5.\n\nSiddekuglen BALANCE f\u00e5s i flere forskellige farver og st\u00f8rrelser.\n\nDen indsyede gulvring holder bolden p\u00e5 plads, n\u00e5r den ikke er i brug.\nSiddekuglen har et h\u00e5ndtag med et \u00f8je, s\u00e5 du nemt kan flytte den og h\u00e6nge den op, n\u00e5r den ikke er i brug.\n\nIndvendig oppustelig bold, pumpe medf\u00f8lger.\n\nStandUp BALANCE-s\u00e6debolden er lavet af det bl\u00f8de og slidst\u00e6rke Alcala-stof med 35.000 Martindale- og OEKO-TEX-certificering. Den indvendige kugle er PVC-fri.\n\nDesign: Peter Mattisson","_et_gb_content_width":""},"product_brand":[],"product_cat":[220,186,221,222],"product_tag":[],"class_list":{"0":"post-249864","1":"product","2":"type-product","3":"status-publish","4":"has-post-thumbnail","6":"product_cat-mobler-da","7":"product_cat-matting-interior-da","8":"product_cat-siddemobler-mi","9":"product_cat-siddekugler-mi","11":"first","12":"instock","13":"taxable","14":"shipping-taxable","15":"purchasable","16":"product-type-variable","17":"has-default-attributes"},"yoast_head":"<!-- This site is optimized with the Yoast SEO plugin v25.6 - https:\/\/yoast.com\/wordpress\/plugins\/seo\/ -->\n<title>BALANCE siddebold - Matting<\/title>\n<meta name=\"description\" content=\"BALANCE siddebold - Se Mattings h\u00e5llbara koncept och produkter f\u00f6r publika milj\u00f6er, arbetsplatser och skolor.\" \/>\n<meta name=\"robots\" content=\"index, follow, max-snippet:-1, max-image-preview:large, max-video-preview:-1\" \/>\n<link rel=\"canonical\" href=\"https:\/\/matting.se\/da\/produkt\/balance-siddebold\/\" \/>\n<meta property=\"og:locale\" content=\"da_DK\" \/>\n<meta property=\"og:type\" content=\"article\" \/>\n<meta property=\"og:title\" content=\"BALANCE siddebold - Matting\" \/>\n<meta property=\"og:description\" content=\"BALANCE siddebold - Se Mattings h\u00e5llbara koncept och produkter f\u00f6r publika milj\u00f6er, arbetsplatser och skolor.\" \/>\n<meta property=\"og:url\" content=\"https:\/\/matting.se\/da\/produkt\/balance-siddebold\/\" \/>\n<meta property=\"og:site_name\" content=\"Matting\" \/>\n<meta property=\"og:image\" content=\"https:\/\/matting.se\/wp-content\/uploads\/2021\/01\/551010_BALANCE_balanceball_65cm_Grey_front.jpg\" \/>\n\t<meta property=\"og:image:width\" content=\"800\" \/>\n\t<meta property=\"og:image:height\" content=\"800\" \/>\n\t<meta property=\"og:image:type\" content=\"image\/jpeg\" \/>\n<meta name=\"twitter:card\" content=\"summary_large_image\" \/>\n<meta name=\"twitter:label1\" content=\"Estimeret l\u00e6setid\" \/>\n\t<meta name=\"twitter:data1\" content=\"1 minut\" \/>\n<script type=\"application\/ld+json\" class=\"yoast-schema-graph\">{\"@context\":\"https:\/\/schema.org\",\"@graph\":[{\"@type\":[\"WebPage\",\"ItemPage\"],\"@id\":\"https:\/\/matting.se\/da\/produkt\/balance-siddebold\/\",\"url\":\"https:\/\/matting.se\/da\/produkt\/balance-siddebold\/\",\"name\":\"BALANCE siddebold - Matting\",\"isPartOf\":{\"@id\":\"https:\/\/matting.se\/da\/#website\"},\"primaryImageOfPage\":{\"@id\":\"https:\/\/matting.se\/da\/produkt\/balance-siddebold\/#primaryimage\"},\"image\":{\"@id\":\"https:\/\/matting.se\/da\/produkt\/balance-siddebold\/#primaryimage\"},\"thumbnailUrl\":\"https:\/\/matting.se\/wp-content\/uploads\/2021\/01\/551010_BALANCE_balanceball_65cm_Grey_front.jpg\",\"datePublished\":\"2021-05-24T11:26:41+00:00\",\"description\":\"BALANCE siddebold - Se Mattings h\u00e5llbara koncept och produkter f\u00f6r publika milj\u00f6er, arbetsplatser och skolor.\",\"breadcrumb\":{\"@id\":\"https:\/\/matting.se\/da\/produkt\/balance-siddebold\/#breadcrumb\"},\"inLanguage\":\"da-DK\",\"potentialAction\":[{\"@type\":\"ReadAction\",\"target\":[\"https:\/\/matting.se\/da\/produkt\/balance-siddebold\/\"]}]},{\"@type\":\"ImageObject\",\"inLanguage\":\"da-DK\",\"@id\":\"https:\/\/matting.se\/da\/produkt\/balance-siddebold\/#primaryimage\",\"url\":\"https:\/\/matting.se\/wp-content\/uploads\/2021\/01\/551010_BALANCE_balanceball_65cm_Grey_front.jpg\",\"contentUrl\":\"https:\/\/matting.se\/wp-content\/uploads\/2021\/01\/551010_BALANCE_balanceball_65cm_Grey_front.jpg\",\"width\":800,\"height\":800},{\"@type\":\"BreadcrumbList\",\"@id\":\"https:\/\/matting.se\/da\/produkt\/balance-siddebold\/#breadcrumb\",\"itemListElement\":[{\"@type\":\"ListItem\",\"position\":1,\"name\":\"Hem\",\"item\":\"https:\/\/matting.se\/da\/\"},{\"@type\":\"ListItem\",\"position\":2,\"name\":\"Shop\",\"item\":\"https:\/\/matting.se\/shop\/\"},{\"@type\":\"ListItem\",\"position\":3,\"name\":\"Matting Interior\",\"item\":\"https:\/\/matting.se\/da\/produkt-kategori\/matting-interior-da\/\"},{\"@type\":\"ListItem\",\"position\":4,\"name\":\"Siddem\u00f8bler\",\"item\":\"https:\/\/matting.se\/da\/produkt-kategori\/matting-interior-da\/siddemobler-mi\/\"},{\"@type\":\"ListItem\",\"position\":5,\"name\":\"Siddekugler MI\",\"item\":\"https:\/\/matting.se\/da\/produkt-kategori\/matting-interior-da\/siddemobler-mi\/siddekugler-mi\/\"},{\"@type\":\"ListItem\",\"position\":6,\"name\":\"BALANCE siddebold\"}]},{\"@type\":\"WebSite\",\"@id\":\"https:\/\/matting.se\/da\/#website\",\"url\":\"https:\/\/matting.se\/da\/\",\"name\":\"Matting\",\"description\":\"\",\"potentialAction\":[{\"@type\":\"SearchAction\",\"target\":{\"@type\":\"EntryPoint\",\"urlTemplate\":\"https:\/\/matting.se\/da\/?s={search_term_string}\"},\"query-input\":{\"@type\":\"PropertyValueSpecification\",\"valueRequired\":true,\"valueName\":\"search_term_string\"}}],\"inLanguage\":\"da-DK\"}]}<\/script>\n<!-- \/ Yoast SEO plugin. -->","yoast_head_json":{"title":"BALANCE siddebold - Matting","description":"BALANCE siddebold - Se Mattings h\u00e5llbara koncept och produkter f\u00f6r publika milj\u00f6er, arbetsplatser och skolor.","robots":{"index":"index","follow":"follow","max-snippet":"max-snippet:-1","max-image-preview":"max-image-preview:large","max-video-preview":"max-video-preview:-1"},"canonical":"https:\/\/matting.se\/da\/produkt\/balance-siddebold\/","og_locale":"da_DK","og_type":"article","og_title":"BALANCE siddebold - Matting","og_description":"BALANCE siddebold - Se Mattings h\u00e5llbara koncept och produkter f\u00f6r publika milj\u00f6er, arbetsplatser och skolor.","og_url":"https:\/\/matting.se\/da\/produkt\/balance-siddebold\/","og_site_name":"Matting","og_image":[{"width":800,"height":800,"url":"https:\/\/matting.se\/wp-content\/uploads\/2021\/01\/551010_BALANCE_balanceball_65cm_Grey_front.jpg","type":"image\/jpeg"}],"twitter_card":"summary_large_image","twitter_misc":{"Estimeret l\u00e6setid":"1 minut"},"schema":{"@context":"https:\/\/schema.org","@graph":[{"@type":["WebPage","ItemPage"],"@id":"https:\/\/matting.se\/da\/produkt\/balance-siddebold\/","url":"https:\/\/matting.se\/da\/produkt\/balance-siddebold\/","name":"BALANCE siddebold - Matting","isPartOf":{"@id":"https:\/\/matting.se\/da\/#website"},"primaryImageOfPage":{"@id":"https:\/\/matting.se\/da\/produkt\/balance-siddebold\/#primaryimage"},"image":{"@id":"https:\/\/matting.se\/da\/produkt\/balance-siddebold\/#primaryimage"},"thumbnailUrl":"https:\/\/matting.se\/wp-content\/uploads\/2021\/01\/551010_BALANCE_balanceball_65cm_Grey_front.jpg","datePublished":"2021-05-24T11:26:41+00:00","description":"BALANCE siddebold - Se Mattings h\u00e5llbara koncept och produkter f\u00f6r publika milj\u00f6er, arbetsplatser och skolor.","breadcrumb":{"@id":"https:\/\/matting.se\/da\/produkt\/balance-siddebold\/#breadcrumb"},"inLanguage":"da-DK","potentialAction":[{"@type":"ReadAction","target":["https:\/\/matting.se\/da\/produkt\/balance-siddebold\/"]}]},{"@type":"ImageObject","inLanguage":"da-DK","@id":"https:\/\/matting.se\/da\/produkt\/balance-siddebold\/#primaryimage","url":"https:\/\/matting.se\/wp-content\/uploads\/2021\/01\/551010_BALANCE_balanceball_65cm_Grey_front.jpg","contentUrl":"https:\/\/matting.se\/wp-content\/uploads\/2021\/01\/551010_BALANCE_balanceball_65cm_Grey_front.jpg","width":800,"height":800},{"@type":"BreadcrumbList","@id":"https:\/\/matting.se\/da\/produkt\/balance-siddebold\/#breadcrumb","itemListElement":[{"@type":"ListItem","position":1,"name":"Hem","item":"https:\/\/matting.se\/da\/"},{"@type":"ListItem","position":2,"name":"Shop","item":"https:\/\/matting.se\/shop\/"},{"@type":"ListItem","position":3,"name":"Matting Interior","item":"https:\/\/matting.se\/da\/produkt-kategori\/matting-interior-da\/"},{"@type":"ListItem","position":4,"name":"Siddem\u00f8bler","item":"https:\/\/matting.se\/da\/produkt-kategori\/matting-interior-da\/siddemobler-mi\/"},{"@type":"ListItem","position":5,"name":"Siddekugler MI","item":"https:\/\/matting.se\/da\/produkt-kategori\/matting-interior-da\/siddemobler-mi\/siddekugler-mi\/"},{"@type":"ListItem","position":6,"name":"BALANCE siddebold"}]},{"@type":"WebSite","@id":"https:\/\/matting.se\/da\/#website","url":"https:\/\/matting.se\/da\/","name":"Matting","description":"","potentialAction":[{"@type":"SearchAction","target":{"@type":"EntryPoint","urlTemplate":"https:\/\/matting.se\/da\/?s={search_term_string}"},"query-input":{"@type":"PropertyValueSpecification","valueRequired":true,"valueName":"search_term_string"}}],"inLanguage":"da-DK"}]}},"_links":{"self":[{"href":"https:\/\/matting.se\/da\/wp-json\/wp\/v2\/product\/249864","targetHints":{"allow":["GET"]}}],"collection":[{"href":"https:\/\/matting.se\/da\/wp-json\/wp\/v2\/product"}],"about":[{"href":"https:\/\/matting.se\/da\/wp-json\/wp\/v2\/types\/product"}],"wp:featuredmedia":[{"embeddable":true,"href":"https:\/\/matting.se\/da\/wp-json\/wp\/v2\/media\/236554"}],"wp:attachment":[{"href":"https:\/\/matting.se\/da\/wp-json\/wp\/v2\/media?parent=249864"}],"wp:term":[{"taxonomy":"product_brand","embeddable":true,"href":"https:\/\/matting.se\/da\/wp-json\/wp\/v2\/product_brand?post=249864"},{"taxonomy":"product_cat","embeddable":true,"href":"https:\/\/matting.se\/da\/wp-json\/wp\/v2\/product_cat?post=249864"},{"taxonomy":"product_tag","embeddable":true,"href":"https:\/\/matting.se\/da\/wp-json\/wp\/v2\/product_tag?post=249864"}],"curies":[{"name":"wp","href":"https:\/\/api.w.org\/{rel}","templated":true}]}}