{"id":249823,"date":"2021-05-24T12:47:31","date_gmt":"2021-05-24T11:47:31","guid":{"rendered":"https:\/\/matting.se\/produkt\/active-storage-skabe\/"},"modified":"2024-02-16T09:59:10","modified_gmt":"2024-02-16T08:59:10","slug":"active-storage-skabe","status":"publish","type":"product","link":"https:\/\/matting.se\/da\/produkt\/active-storage-skabe\/","title":{"rendered":"ACTIVE STORAGE skabe"},"content":{"rendered":"<p>StandUp ACTIVE STORAGE er en opbevaringsl\u00f8sning til den aktive arbejdsplads, kontorf\u00e6llesskaber, studiemilj\u00f8er eller andre offentlige rum.<\/p>\n<p>G\u00f8r StandUp-produkterne let tilg\u00e6ngelige, samtidig med at de opbevares smart.<\/p>\n<p>Det \u00e5bne design er bevidst designet til at g\u00f8re produkterne synlige p\u00e5 afstand og derved stimulere og motivere til brug, reducere stillesiddende adf\u00e6rd p\u00e5 arbejdspladsen og fremme trivsel. StandUp ACTIVE STORAGE er formonteret med hjul, der er nemme at rulle, s\u00e5 den er fleksibel, n\u00e5r du vil flytte opbevaringen, og nem at reng\u00f8re. Opbevaringen f\u00e5s i forskellige versioner, basisversionen er med to hylder, stang til oph\u00e6ngning og siderum. En udtr\u00e6kkelig opbevaringsskuffe i midterhylden f\u00e5s ogs\u00e5, med eller uden l\u00e5s.<\/p>\n<p>StandUp ACTIVE STORAGE har plads til ca. 6 StandUp-m\u00e5tter.<\/p>\n<p>StandUp ACTIVE balancebr\u00e6ttet kan h\u00e6nges op p\u00e5 en stang, opbevares p\u00e5 hylder eller i sidelommer.<br \/>\nStandUp ACTIVE-balancem\u00e5tten kan opbevares p\u00e5 hylder eller i sidelommer.<br \/>\nStandUp EXERCISE-tr\u00e6ningsm\u00e5tten kan opbevares p\u00e5 hylder eller i siderum.<\/p>\n<p>Fremstillet i Sverige af b\u00e6redygtige materialer.<\/p>\n<p>Design: Dan Ihreborn.<\/p>\n","protected":false},"excerpt":{"rendered":"<p>StandUp ACTIVE STORAGE er en opbevaringsl\u00f8sning til den aktive arbejdsplads, kontorf\u00e6llesskaber, studiemilj\u00f8er eller andre offentlige rum. G\u00f8r StandUp-produkterne let tilg\u00e6ngelige, samtidig med at de opbevares smart. Det \u00e5bne design er bevidst designet til at g\u00f8re produkterne synlige p\u00e5 afstand og derved stimulere og motivere til brug, reducere stillesiddende adf\u00e6rd p\u00e5 arbejdspladsen og fremme trivsel. StandUp [&hellip;]<\/p>\n","protected":false},"featured_media":238702,"template":"","meta":{"_et_pb_use_builder":"","_et_pb_old_content":"","_et_gb_content_width":""},"product_brand":[],"product_cat":[186,228],"product_tag":[],"class_list":{"0":"post-249823","1":"product","2":"type-product","3":"status-publish","4":"has-post-thumbnail","6":"product_cat-matting-interior-da","7":"product_cat-opbevaringsmobler-mi","9":"first","10":"outofstock","11":"taxable","12":"shipping-taxable","13":"purchasable","14":"product-type-variable","15":"has-default-attributes"},"yoast_head":"<!-- This site is optimized with the Yoast SEO plugin v25.6 - https:\/\/yoast.com\/wordpress\/plugins\/seo\/ -->\n<title>ACTIVE STORAGE skabe - Matting<\/title>\n<meta name=\"description\" content=\"ACTIVE STORAGE skabe - Se Mattings h\u00e5llbara koncept och produkter f\u00f6r publika milj\u00f6er, arbetsplatser och skolor.\" \/>\n<meta name=\"robots\" content=\"index, follow, max-snippet:-1, max-image-preview:large, max-video-preview:-1\" \/>\n<link rel=\"canonical\" href=\"https:\/\/matting.se\/da\/produkt\/active-storage-skabe\/\" \/>\n<meta property=\"og:locale\" content=\"da_DK\" \/>\n<meta property=\"og:type\" content=\"article\" \/>\n<meta property=\"og:title\" content=\"ACTIVE STORAGE skabe - Matting\" \/>\n<meta property=\"og:description\" content=\"ACTIVE STORAGE skabe - Se Mattings h\u00e5llbara koncept och produkter f\u00f6r publika milj\u00f6er, arbetsplatser och skolor.\" \/>\n<meta property=\"og:url\" content=\"https:\/\/matting.se\/da\/produkt\/active-storage-skabe\/\" \/>\n<meta property=\"og:site_name\" content=\"Matting\" \/>\n<meta property=\"article:modified_time\" content=\"2024-02-16T08:59:10+00:00\" \/>\n<meta property=\"og:image\" content=\"https:\/\/matting.se\/wp-content\/uploads\/2021\/05\/811000_ACTIVE-STORAGE_white_side.jpg\" \/>\n\t<meta property=\"og:image:width\" content=\"800\" \/>\n\t<meta property=\"og:image:height\" content=\"800\" \/>\n\t<meta property=\"og:image:type\" content=\"image\/jpeg\" \/>\n<meta name=\"twitter:card\" content=\"summary_large_image\" \/>\n<meta name=\"twitter:label1\" content=\"Estimeret l\u00e6setid\" \/>\n\t<meta name=\"twitter:data1\" content=\"1 minut\" \/>\n<script type=\"application\/ld+json\" class=\"yoast-schema-graph\">{\"@context\":\"https:\/\/schema.org\",\"@graph\":[{\"@type\":[\"WebPage\",\"ItemPage\"],\"@id\":\"https:\/\/matting.se\/da\/produkt\/active-storage-skabe\/\",\"url\":\"https:\/\/matting.se\/da\/produkt\/active-storage-skabe\/\",\"name\":\"ACTIVE STORAGE skabe - Matting\",\"isPartOf\":{\"@id\":\"https:\/\/matting.se\/da\/#website\"},\"primaryImageOfPage\":{\"@id\":\"https:\/\/matting.se\/da\/produkt\/active-storage-skabe\/#primaryimage\"},\"image\":{\"@id\":\"https:\/\/matting.se\/da\/produkt\/active-storage-skabe\/#primaryimage\"},\"thumbnailUrl\":\"https:\/\/matting.se\/wp-content\/uploads\/2021\/05\/811000_ACTIVE-STORAGE_white_side.jpg\",\"datePublished\":\"2021-05-24T11:47:31+00:00\",\"dateModified\":\"2024-02-16T08:59:10+00:00\",\"description\":\"ACTIVE STORAGE skabe - Se Mattings h\u00e5llbara koncept och produkter f\u00f6r publika milj\u00f6er, arbetsplatser och skolor.\",\"breadcrumb\":{\"@id\":\"https:\/\/matting.se\/da\/produkt\/active-storage-skabe\/#breadcrumb\"},\"inLanguage\":\"da-DK\",\"potentialAction\":[{\"@type\":\"ReadAction\",\"target\":[\"https:\/\/matting.se\/da\/produkt\/active-storage-skabe\/\"]}]},{\"@type\":\"ImageObject\",\"inLanguage\":\"da-DK\",\"@id\":\"https:\/\/matting.se\/da\/produkt\/active-storage-skabe\/#primaryimage\",\"url\":\"https:\/\/matting.se\/wp-content\/uploads\/2021\/05\/811000_ACTIVE-STORAGE_white_side.jpg\",\"contentUrl\":\"https:\/\/matting.se\/wp-content\/uploads\/2021\/05\/811000_ACTIVE-STORAGE_white_side.jpg\",\"width\":800,\"height\":800},{\"@type\":\"BreadcrumbList\",\"@id\":\"https:\/\/matting.se\/da\/produkt\/active-storage-skabe\/#breadcrumb\",\"itemListElement\":[{\"@type\":\"ListItem\",\"position\":1,\"name\":\"Hem\",\"item\":\"https:\/\/matting.se\/da\/\"},{\"@type\":\"ListItem\",\"position\":2,\"name\":\"Shop\",\"item\":\"https:\/\/matting.se\/shop\/\"},{\"@type\":\"ListItem\",\"position\":3,\"name\":\"Matting Interior\",\"item\":\"https:\/\/matting.se\/da\/produkt-kategori\/matting-interior-da\/\"},{\"@type\":\"ListItem\",\"position\":4,\"name\":\"F\u00f6rvaring\",\"item\":\"https:\/\/matting.se\/produkt-kategori\/matting-interior\/forvaring-mi\/\"},{\"@type\":\"ListItem\",\"position\":5,\"name\":\"Opbevaringsm\u00f8bler\",\"item\":\"https:\/\/matting.se\/da\/produkt-kategori\/opbevaringsmobler-mi\/\"},{\"@type\":\"ListItem\",\"position\":6,\"name\":\"ACTIVE STORAGE skabe\"}]},{\"@type\":\"WebSite\",\"@id\":\"https:\/\/matting.se\/da\/#website\",\"url\":\"https:\/\/matting.se\/da\/\",\"name\":\"Matting\",\"description\":\"\",\"potentialAction\":[{\"@type\":\"SearchAction\",\"target\":{\"@type\":\"EntryPoint\",\"urlTemplate\":\"https:\/\/matting.se\/da\/?s={search_term_string}\"},\"query-input\":{\"@type\":\"PropertyValueSpecification\",\"valueRequired\":true,\"valueName\":\"search_term_string\"}}],\"inLanguage\":\"da-DK\"}]}<\/script>\n<!-- \/ Yoast SEO plugin. -->","yoast_head_json":{"title":"ACTIVE STORAGE skabe - Matting","description":"ACTIVE STORAGE skabe - Se Mattings h\u00e5llbara koncept och produkter f\u00f6r publika milj\u00f6er, arbetsplatser och skolor.","robots":{"index":"index","follow":"follow","max-snippet":"max-snippet:-1","max-image-preview":"max-image-preview:large","max-video-preview":"max-video-preview:-1"},"canonical":"https:\/\/matting.se\/da\/produkt\/active-storage-skabe\/","og_locale":"da_DK","og_type":"article","og_title":"ACTIVE STORAGE skabe - Matting","og_description":"ACTIVE STORAGE skabe - Se Mattings h\u00e5llbara koncept och produkter f\u00f6r publika milj\u00f6er, arbetsplatser och skolor.","og_url":"https:\/\/matting.se\/da\/produkt\/active-storage-skabe\/","og_site_name":"Matting","article_modified_time":"2024-02-16T08:59:10+00:00","og_image":[{"width":800,"height":800,"url":"https:\/\/matting.se\/wp-content\/uploads\/2021\/05\/811000_ACTIVE-STORAGE_white_side.jpg","type":"image\/jpeg"}],"twitter_card":"summary_large_image","twitter_misc":{"Estimeret l\u00e6setid":"1 minut"},"schema":{"@context":"https:\/\/schema.org","@graph":[{"@type":["WebPage","ItemPage"],"@id":"https:\/\/matting.se\/da\/produkt\/active-storage-skabe\/","url":"https:\/\/matting.se\/da\/produkt\/active-storage-skabe\/","name":"ACTIVE STORAGE skabe - Matting","isPartOf":{"@id":"https:\/\/matting.se\/da\/#website"},"primaryImageOfPage":{"@id":"https:\/\/matting.se\/da\/produkt\/active-storage-skabe\/#primaryimage"},"image":{"@id":"https:\/\/matting.se\/da\/produkt\/active-storage-skabe\/#primaryimage"},"thumbnailUrl":"https:\/\/matting.se\/wp-content\/uploads\/2021\/05\/811000_ACTIVE-STORAGE_white_side.jpg","datePublished":"2021-05-24T11:47:31+00:00","dateModified":"2024-02-16T08:59:10+00:00","description":"ACTIVE STORAGE skabe - Se Mattings h\u00e5llbara koncept och produkter f\u00f6r publika milj\u00f6er, arbetsplatser och skolor.","breadcrumb":{"@id":"https:\/\/matting.se\/da\/produkt\/active-storage-skabe\/#breadcrumb"},"inLanguage":"da-DK","potentialAction":[{"@type":"ReadAction","target":["https:\/\/matting.se\/da\/produkt\/active-storage-skabe\/"]}]},{"@type":"ImageObject","inLanguage":"da-DK","@id":"https:\/\/matting.se\/da\/produkt\/active-storage-skabe\/#primaryimage","url":"https:\/\/matting.se\/wp-content\/uploads\/2021\/05\/811000_ACTIVE-STORAGE_white_side.jpg","contentUrl":"https:\/\/matting.se\/wp-content\/uploads\/2021\/05\/811000_ACTIVE-STORAGE_white_side.jpg","width":800,"height":800},{"@type":"BreadcrumbList","@id":"https:\/\/matting.se\/da\/produkt\/active-storage-skabe\/#breadcrumb","itemListElement":[{"@type":"ListItem","position":1,"name":"Hem","item":"https:\/\/matting.se\/da\/"},{"@type":"ListItem","position":2,"name":"Shop","item":"https:\/\/matting.se\/shop\/"},{"@type":"ListItem","position":3,"name":"Matting Interior","item":"https:\/\/matting.se\/da\/produkt-kategori\/matting-interior-da\/"},{"@type":"ListItem","position":4,"name":"F\u00f6rvaring","item":"https:\/\/matting.se\/produkt-kategori\/matting-interior\/forvaring-mi\/"},{"@type":"ListItem","position":5,"name":"Opbevaringsm\u00f8bler","item":"https:\/\/matting.se\/da\/produkt-kategori\/opbevaringsmobler-mi\/"},{"@type":"ListItem","position":6,"name":"ACTIVE STORAGE skabe"}]},{"@type":"WebSite","@id":"https:\/\/matting.se\/da\/#website","url":"https:\/\/matting.se\/da\/","name":"Matting","description":"","potentialAction":[{"@type":"SearchAction","target":{"@type":"EntryPoint","urlTemplate":"https:\/\/matting.se\/da\/?s={search_term_string}"},"query-input":{"@type":"PropertyValueSpecification","valueRequired":true,"valueName":"search_term_string"}}],"inLanguage":"da-DK"}]}},"_links":{"self":[{"href":"https:\/\/matting.se\/da\/wp-json\/wp\/v2\/product\/249823","targetHints":{"allow":["GET"]}}],"collection":[{"href":"https:\/\/matting.se\/da\/wp-json\/wp\/v2\/product"}],"about":[{"href":"https:\/\/matting.se\/da\/wp-json\/wp\/v2\/types\/product"}],"wp:featuredmedia":[{"embeddable":true,"href":"https:\/\/matting.se\/da\/wp-json\/wp\/v2\/media\/238702"}],"wp:attachment":[{"href":"https:\/\/matting.se\/da\/wp-json\/wp\/v2\/media?parent=249823"}],"wp:term":[{"taxonomy":"product_brand","embeddable":true,"href":"https:\/\/matting.se\/da\/wp-json\/wp\/v2\/product_brand?post=249823"},{"taxonomy":"product_cat","embeddable":true,"href":"https:\/\/matting.se\/da\/wp-json\/wp\/v2\/product_cat?post=249823"},{"taxonomy":"product_tag","embeddable":true,"href":"https:\/\/matting.se\/da\/wp-json\/wp\/v2\/product_tag?post=249823"}],"curies":[{"name":"wp","href":"https:\/\/api.w.org\/{rel}","templated":true}]}}