{"id":249792,"date":"2021-11-18T16:03:56","date_gmt":"2021-11-18T15:03:56","guid":{"rendered":"https:\/\/matting.se\/produkt\/desk-converter\/"},"modified":"2024-02-16T09:00:03","modified_gmt":"2024-02-16T08:00:03","slug":"desk-converter","status":"publish","type":"product","link":"https:\/\/matting.se\/da\/produkt\/desk-converter\/","title":{"rendered":"DESK CONVERTER"},"content":{"rendered":"<p>DESK CONVERTER er et sammenklappeligt h\u00e6ve-s\u00e6nke-bord, der f\u00e5s i to forskellige st\u00f8rrelser og to farver. Arbejdsh\u00f8jden kan justeres trinl\u00f8st med en gasfjeder og er let at indstille til den korrekte arbejdsh\u00f8jde. Kan nemt foldes sammen og gemmes v\u00e6k.<\/p>\n<p>Bordet passer ind i b\u00e5de studie- og hjemmemilj\u00f8er og g\u00f8r det muligt at justere arbejdsh\u00f8jden selv p\u00e5 en fast overflade som et k\u00f8kkenbord, fast skrivebord eller lignende.<\/p>\n<p>Med DESK CONVERTER kan bordpladen h\u00e6ves og s\u00e6nkes trinl\u00f8st, s\u00e5 arbejdsstillingen nemt kan tilpasses.<\/p>\n","protected":false},"excerpt":{"rendered":"<p>DESK CONVERTER er et sammenklappeligt h\u00e6ve-s\u00e6nke-bord, der f\u00e5s i to forskellige st\u00f8rrelser og to farver. Arbejdsh\u00f8jden kan justeres trinl\u00f8st med en gasfjeder og er let at indstille til den korrekte arbejdsh\u00f8jde. Kan nemt foldes sammen og gemmes v\u00e6k. Bordet passer ind i b\u00e5de studie- og hjemmemilj\u00f8er og g\u00f8r det muligt at justere arbejdsh\u00f8jden selv p\u00e5 [&hellip;]<\/p>\n","protected":false},"featured_media":239743,"template":"","meta":{"_et_pb_use_builder":"","_et_pb_old_content":"","_et_gb_content_width":""},"product_brand":[],"product_cat":[268,186,269],"product_tag":[],"class_list":{"0":"post-249792","1":"product","2":"type-product","3":"status-publish","4":"has-post-thumbnail","6":"product_cat-baerbare-mini-borde","7":"product_cat-matting-interior-da","8":"product_cat-baerbart-mini-bord-mi","9":"product_shipping_class-stor","11":"first","12":"instock","13":"taxable","14":"shipping-taxable","15":"purchasable","16":"product-type-variable","17":"has-default-attributes"},"yoast_head":"<!-- This site is optimized with the Yoast SEO plugin v25.6 - https:\/\/yoast.com\/wordpress\/plugins\/seo\/ -->\n<title>DESK CONVERTER - Matting<\/title>\n<meta name=\"description\" content=\"DESK CONVERTER - Se Mattings h\u00e5llbara koncept och produkter f\u00f6r publika milj\u00f6er, arbetsplatser och skolor.\" \/>\n<meta name=\"robots\" content=\"index, follow, max-snippet:-1, max-image-preview:large, max-video-preview:-1\" \/>\n<link rel=\"canonical\" href=\"https:\/\/matting.se\/da\/produkt\/desk-converter\/\" \/>\n<meta property=\"og:locale\" content=\"da_DK\" \/>\n<meta property=\"og:type\" content=\"article\" \/>\n<meta property=\"og:title\" content=\"DESK CONVERTER - Matting\" \/>\n<meta property=\"og:description\" content=\"DESK CONVERTER - Se Mattings h\u00e5llbara koncept och produkter f\u00f6r publika milj\u00f6er, arbetsplatser och skolor.\" \/>\n<meta property=\"og:url\" content=\"https:\/\/matting.se\/da\/produkt\/desk-converter\/\" \/>\n<meta property=\"og:site_name\" content=\"Matting\" \/>\n<meta property=\"article:modified_time\" content=\"2024-02-16T08:00:03+00:00\" \/>\n<meta property=\"og:image\" content=\"https:\/\/matting.se\/wp-content\/uploads\/2021\/09\/809782_DESK_CONVERTER_small_black_front.jpg\" \/>\n\t<meta property=\"og:image:width\" content=\"800\" \/>\n\t<meta property=\"og:image:height\" content=\"800\" \/>\n\t<meta property=\"og:image:type\" content=\"image\/jpeg\" \/>\n<meta name=\"twitter:card\" content=\"summary_large_image\" \/>\n<meta name=\"twitter:label1\" content=\"Estimeret l\u00e6setid\" \/>\n\t<meta name=\"twitter:data1\" content=\"1 minut\" \/>\n<script type=\"application\/ld+json\" class=\"yoast-schema-graph\">{\"@context\":\"https:\/\/schema.org\",\"@graph\":[{\"@type\":[\"WebPage\",\"ItemPage\"],\"@id\":\"https:\/\/matting.se\/da\/produkt\/desk-converter\/\",\"url\":\"https:\/\/matting.se\/da\/produkt\/desk-converter\/\",\"name\":\"DESK CONVERTER - Matting\",\"isPartOf\":{\"@id\":\"https:\/\/matting.se\/da\/#website\"},\"primaryImageOfPage\":{\"@id\":\"https:\/\/matting.se\/da\/produkt\/desk-converter\/#primaryimage\"},\"image\":{\"@id\":\"https:\/\/matting.se\/da\/produkt\/desk-converter\/#primaryimage\"},\"thumbnailUrl\":\"https:\/\/matting.se\/wp-content\/uploads\/2021\/09\/809782_DESK_CONVERTER_small_black_front.jpg\",\"datePublished\":\"2021-11-18T15:03:56+00:00\",\"dateModified\":\"2024-02-16T08:00:03+00:00\",\"description\":\"DESK CONVERTER - Se Mattings h\u00e5llbara koncept och produkter f\u00f6r publika milj\u00f6er, arbetsplatser och skolor.\",\"breadcrumb\":{\"@id\":\"https:\/\/matting.se\/da\/produkt\/desk-converter\/#breadcrumb\"},\"inLanguage\":\"da-DK\",\"potentialAction\":[{\"@type\":\"ReadAction\",\"target\":[\"https:\/\/matting.se\/da\/produkt\/desk-converter\/\"]}]},{\"@type\":\"ImageObject\",\"inLanguage\":\"da-DK\",\"@id\":\"https:\/\/matting.se\/da\/produkt\/desk-converter\/#primaryimage\",\"url\":\"https:\/\/matting.se\/wp-content\/uploads\/2021\/09\/809782_DESK_CONVERTER_small_black_front.jpg\",\"contentUrl\":\"https:\/\/matting.se\/wp-content\/uploads\/2021\/09\/809782_DESK_CONVERTER_small_black_front.jpg\",\"width\":800,\"height\":800},{\"@type\":\"BreadcrumbList\",\"@id\":\"https:\/\/matting.se\/da\/produkt\/desk-converter\/#breadcrumb\",\"itemListElement\":[{\"@type\":\"ListItem\",\"position\":1,\"name\":\"Hem\",\"item\":\"https:\/\/matting.se\/da\/\"},{\"@type\":\"ListItem\",\"position\":2,\"name\":\"Shop\",\"item\":\"https:\/\/matting.se\/shop\/\"},{\"@type\":\"ListItem\",\"position\":3,\"name\":\"Matting Interior\",\"item\":\"https:\/\/matting.se\/da\/produkt-kategori\/matting-interior-da\/\"},{\"@type\":\"ListItem\",\"position\":4,\"name\":\"Borde og tilbeh\u00f8r\",\"item\":\"https:\/\/matting.se\/da\/produkt-kategori\/matting-interior-da\/borde-og-tilbehor-mi\/\"},{\"@type\":\"ListItem\",\"position\":5,\"name\":\"B\u00e6rbart mini-bord MI\",\"item\":\"https:\/\/matting.se\/da\/produkt-kategori\/matting-interior-da\/borde-og-tilbehor-mi\/baerbart-mini-bord-mi\/\"},{\"@type\":\"ListItem\",\"position\":6,\"name\":\"DESK CONVERTER\"}]},{\"@type\":\"WebSite\",\"@id\":\"https:\/\/matting.se\/da\/#website\",\"url\":\"https:\/\/matting.se\/da\/\",\"name\":\"Matting\",\"description\":\"\",\"potentialAction\":[{\"@type\":\"SearchAction\",\"target\":{\"@type\":\"EntryPoint\",\"urlTemplate\":\"https:\/\/matting.se\/da\/?s={search_term_string}\"},\"query-input\":{\"@type\":\"PropertyValueSpecification\",\"valueRequired\":true,\"valueName\":\"search_term_string\"}}],\"inLanguage\":\"da-DK\"}]}<\/script>\n<!-- \/ Yoast SEO plugin. -->","yoast_head_json":{"title":"DESK CONVERTER - Matting","description":"DESK CONVERTER - Se Mattings h\u00e5llbara koncept och produkter f\u00f6r publika milj\u00f6er, arbetsplatser och skolor.","robots":{"index":"index","follow":"follow","max-snippet":"max-snippet:-1","max-image-preview":"max-image-preview:large","max-video-preview":"max-video-preview:-1"},"canonical":"https:\/\/matting.se\/da\/produkt\/desk-converter\/","og_locale":"da_DK","og_type":"article","og_title":"DESK CONVERTER - Matting","og_description":"DESK CONVERTER - Se Mattings h\u00e5llbara koncept och produkter f\u00f6r publika milj\u00f6er, arbetsplatser och skolor.","og_url":"https:\/\/matting.se\/da\/produkt\/desk-converter\/","og_site_name":"Matting","article_modified_time":"2024-02-16T08:00:03+00:00","og_image":[{"width":800,"height":800,"url":"https:\/\/matting.se\/wp-content\/uploads\/2021\/09\/809782_DESK_CONVERTER_small_black_front.jpg","type":"image\/jpeg"}],"twitter_card":"summary_large_image","twitter_misc":{"Estimeret l\u00e6setid":"1 minut"},"schema":{"@context":"https:\/\/schema.org","@graph":[{"@type":["WebPage","ItemPage"],"@id":"https:\/\/matting.se\/da\/produkt\/desk-converter\/","url":"https:\/\/matting.se\/da\/produkt\/desk-converter\/","name":"DESK CONVERTER - Matting","isPartOf":{"@id":"https:\/\/matting.se\/da\/#website"},"primaryImageOfPage":{"@id":"https:\/\/matting.se\/da\/produkt\/desk-converter\/#primaryimage"},"image":{"@id":"https:\/\/matting.se\/da\/produkt\/desk-converter\/#primaryimage"},"thumbnailUrl":"https:\/\/matting.se\/wp-content\/uploads\/2021\/09\/809782_DESK_CONVERTER_small_black_front.jpg","datePublished":"2021-11-18T15:03:56+00:00","dateModified":"2024-02-16T08:00:03+00:00","description":"DESK CONVERTER - Se Mattings h\u00e5llbara koncept och produkter f\u00f6r publika milj\u00f6er, arbetsplatser och skolor.","breadcrumb":{"@id":"https:\/\/matting.se\/da\/produkt\/desk-converter\/#breadcrumb"},"inLanguage":"da-DK","potentialAction":[{"@type":"ReadAction","target":["https:\/\/matting.se\/da\/produkt\/desk-converter\/"]}]},{"@type":"ImageObject","inLanguage":"da-DK","@id":"https:\/\/matting.se\/da\/produkt\/desk-converter\/#primaryimage","url":"https:\/\/matting.se\/wp-content\/uploads\/2021\/09\/809782_DESK_CONVERTER_small_black_front.jpg","contentUrl":"https:\/\/matting.se\/wp-content\/uploads\/2021\/09\/809782_DESK_CONVERTER_small_black_front.jpg","width":800,"height":800},{"@type":"BreadcrumbList","@id":"https:\/\/matting.se\/da\/produkt\/desk-converter\/#breadcrumb","itemListElement":[{"@type":"ListItem","position":1,"name":"Hem","item":"https:\/\/matting.se\/da\/"},{"@type":"ListItem","position":2,"name":"Shop","item":"https:\/\/matting.se\/shop\/"},{"@type":"ListItem","position":3,"name":"Matting Interior","item":"https:\/\/matting.se\/da\/produkt-kategori\/matting-interior-da\/"},{"@type":"ListItem","position":4,"name":"Borde og tilbeh\u00f8r","item":"https:\/\/matting.se\/da\/produkt-kategori\/matting-interior-da\/borde-og-tilbehor-mi\/"},{"@type":"ListItem","position":5,"name":"B\u00e6rbart mini-bord MI","item":"https:\/\/matting.se\/da\/produkt-kategori\/matting-interior-da\/borde-og-tilbehor-mi\/baerbart-mini-bord-mi\/"},{"@type":"ListItem","position":6,"name":"DESK CONVERTER"}]},{"@type":"WebSite","@id":"https:\/\/matting.se\/da\/#website","url":"https:\/\/matting.se\/da\/","name":"Matting","description":"","potentialAction":[{"@type":"SearchAction","target":{"@type":"EntryPoint","urlTemplate":"https:\/\/matting.se\/da\/?s={search_term_string}"},"query-input":{"@type":"PropertyValueSpecification","valueRequired":true,"valueName":"search_term_string"}}],"inLanguage":"da-DK"}]}},"_links":{"self":[{"href":"https:\/\/matting.se\/da\/wp-json\/wp\/v2\/product\/249792","targetHints":{"allow":["GET"]}}],"collection":[{"href":"https:\/\/matting.se\/da\/wp-json\/wp\/v2\/product"}],"about":[{"href":"https:\/\/matting.se\/da\/wp-json\/wp\/v2\/types\/product"}],"wp:featuredmedia":[{"embeddable":true,"href":"https:\/\/matting.se\/da\/wp-json\/wp\/v2\/media\/239743"}],"wp:attachment":[{"href":"https:\/\/matting.se\/da\/wp-json\/wp\/v2\/media?parent=249792"}],"wp:term":[{"taxonomy":"product_brand","embeddable":true,"href":"https:\/\/matting.se\/da\/wp-json\/wp\/v2\/product_brand?post=249792"},{"taxonomy":"product_cat","embeddable":true,"href":"https:\/\/matting.se\/da\/wp-json\/wp\/v2\/product_cat?post=249792"},{"taxonomy":"product_tag","embeddable":true,"href":"https:\/\/matting.se\/da\/wp-json\/wp\/v2\/product_tag?post=249792"}],"curies":[{"name":"wp","href":"https:\/\/api.w.org\/{rel}","templated":true}]}}